{"id":9651,"date":"2024-05-05T21:31:55","date_gmt":"2024-05-05T13:31:55","guid":{"rendered":"https:\/\/acenoxkitchenequipment.com\/?post_type=product&#038;p=9651"},"modified":"2024-05-10T15:51:51","modified_gmt":"2024-05-10T07:51:51","slug":"bakery-display-case-manufacturers","status":"publish","type":"product","link":"https:\/\/acenoxkitchenequipment.com\/vi\/san-pham\/bakery-display-case-manufacturers\/","title":{"rendered":"H\u1ed9p tr\u01b0ng b\u00e0y b\u00e1nh"},"content":{"rendered":"<h3>C\u00e1c t\u00ednh n\u0103ng quan tr\u1ecdng khi b\u1ea1n xem x\u00e9t H\u1ed9p tr\u01b0ng b\u00e0y b\u00e1nh<\/h3>\n<ul>\n<li><strong>T\u1ee7 tr\u01b0ng b\u00e0y l\u00e0m l\u1ea1nh\/Ambinet\/H\u00e2m n\u00f3ng<\/strong><\/li>\n<\/ul>\n<p>Nh\u1eefng m\u1eb7t h\u00e0ng d\u1ec5 h\u01b0 h\u1ecfng nh\u01b0 nh\u00e2n kem c\u1ea7n ph\u1ea3i t\u01b0\u01a1i v\u00e0 ngon. trong khi m\u1ed9t s\u1ed1 lo\u1ea1i b\u00e1nh ng\u1ecdt c\u00f3 b\u01a1 \u0111\u01b0\u1ee3c th\u01b0\u1edfng th\u1ee9c t\u1ed1t nh\u1ea5t khi c\u00f2n \u1ea5m v\u00e0 t\u1ee7 tr\u01b0ng b\u00e0y h\u00e2m n\u00f3ng gi\u00fap duy tr\u00ec \u0111\u1ed9 t\u01b0\u01a1i v\u00e0 nhi\u1ec7t \u0111\u1ed9 c\u1ee7a ch\u00fang. H\u1ed9p tr\u01b0ng b\u00e0y b\u00e1nh n\u00e0y l\u00e0 m\u1ed9t<strong> l\u1ea1nh l\u1ebdo<\/strong> h\u1ed9p tr\u01b0ng b\u00e0y, gi\u1eef nhi\u1ec7t \u0111\u1ed9 \u1ed5n \u0111\u1ecbnh \u1edf 2oC ~ 8oC<\/p>\n<ul>\n<li><strong>M\u00e0u s\u1eafc c\u1ee7a k\u1ec7<\/strong><\/li>\n<\/ul>\n<p>M\u00e0u s\u1eafc \u1ea3nh h\u01b0\u1edfng \u0111\u1ebfn s\u1ee9c h\u1ea5p d\u1eabn th\u1ecb gi\u00e1c c\u1ee7a ti\u1ec7m b\u00e1nh v\u00e0 l\u00e0m s\u00e1ng nh\u1eefng chi\u1ebfc b\u00e1nh th\u01a1m ngon c\u1ee7a b\u1ea1n m\u1ed9t c\u00e1ch ho\u00e0n h\u1ea3o. C\u00e1c m\u00e0u trung t\u00ednh nh\u01b0 m\u00e0u tr\u1eafng ho\u1eb7c g\u1ed7 s\u00e1ng m\u00e0u mang \u0111\u1ebfn v\u1ebb ngo\u00e0i s\u1ea1ch s\u1ebd v\u00e0 hi\u1ec7n \u0111\u1ea1i, khi\u1ebfn chi\u1ebfc b\u00e1nh c\u1ee7a b\u1ea1n tr\u1edf n\u00ean n\u1ed5i b\u1eadt. C\u00e1c m\u00e0u \u0111\u1eadm nh\u01b0 \u0111en ho\u1eb7c \u0111\u1ecf mang l\u1ea1i m\u00e0n h\u00ecnh b\u1eaft m\u1eaft. H\u00e3y nh\u1edb r\u1eb1ng, m\u00e0u s\u1eafc k\u1ec7 ph\u00f9 h\u1ee3p c\u00f3 th\u1ec3 t\u1ea1o n\u00ean s\u1ef1 xu\u1ea5t s\u1eafc c\u1ee7a nh\u1eefng chi\u1ebfc b\u00e1nh v\u00e0 khi\u1ebfn kh\u00e1ch h\u00e0ng c\u1ee7a b\u1ea1n mua ch\u00fang.<\/p>\n<p>T\u1ee7 tr\u01b0ng b\u00e0y b\u00e1nh n\u00e0y s\u1eed d\u1ee5ng \u0111\u00e8n LED ch\u1ea5t l\u01b0\u1ee3ng t\u1ed1t, kh\u00f4ng g\u00e2y n\u00f3ng nh\u01b0ng \u0111\u1ee7 s\u00e1ng<\/p>\n<ul>\n<li><strong>B\u00e1nh xe\/B\u00e1nh xe <\/strong><\/li>\n<\/ul>\n<p>C\u00f3 gi\u00e1 tr\u1ecb cho vi\u1ec7c di chuy\u1ec3n v\u00e0 l\u00e0m s\u1ea1ch kh\u00f4ng gian k\u00edn ph\u00eda sau qu\u1ea7y l\u1edbn.<\/p>\n<ul>\n<li><strong>K\u00ednh c\u00f3 h\u1ec7 th\u1ed1ng ch\u1ed1ng s\u01b0\u01a1ng m\u00f9<\/strong><\/li>\n<\/ul>\n<p>Khi ch\u1ecdn t\u1ee7 tr\u01b0ng b\u00e0y t\u1ee7 l\u1ea1nh, c\u1ea7n c\u00e2n nh\u1eafc xem k\u00ednh c\u00f3 \u0111\u01b0\u1ee3c trang b\u1ecb h\u1ec7 th\u1ed1ng ch\u1ed1ng s\u01b0\u01a1ng m\u00f9 hay kh\u00f4ng. H\u1ec7 th\u1ed1ng ch\u1ed1ng s\u01b0\u01a1ng m\u00f9 \u0111\u1ea3m b\u1ea3o tr\u01b0ng b\u00e0y s\u1ea3n ph\u1ea9m \u0111\u1eb9p m\u1eaft cho kh\u00e1ch h\u00e0ng m\u00e0 kh\u00f4ng g\u1eb7p b\u1ea5t k\u1ef3 tr\u1edf ng\u1ea1i n\u00e0o. N\u00f3 duy tr\u00ec kh\u1ea3 n\u0103ng hi\u1ec3n th\u1ecb v\u00e0 t\u0103ng kh\u1ea3 n\u0103ng hi\u1ec3n th\u1ecb cho b\u00e1nh c\u1ee7a b\u1ea1n, l\u00f4i k\u00e9o kh\u00e1ch h\u00e0ng c\u1ee7a b\u1ea1n th\u01b0\u1edfng th\u1ee9c m\u1ed9t m\u00f3n ng\u1ecdt.<\/p>\n<h3>Th\u00f4ng s\u1ed1 k\u1ef9 thu\u1eadt c\u1ee7a h\u1ed9p tr\u01b0ng b\u00e0y b\u00e1nh:<\/h3>\n<div class=\"wptb-table-container wptb-table-9650\"><div class=\"wptb-table-container-matrix\" id=\"wptb-table-id-9650\" data-wptb-version=\"1.4.14\" data-wptb-pro-status=\"false\"><table class=\"wptb-preview-table wptb-element-main-table_setting-5987\" data-wptb-adaptive-table=\"0\" data-wptb-cells-width-auto-count=\"4\" data-wptb-table-tds-sum-max-width=\"716.6666600000001\" style=\"border-style: solid; border-width: 1px;\" data-table-columns=\"5\" data-reconstraction=\"1\" data-wptb-horizontal-scroll-status=\"false\" data-wptb-extra-styles=\"LyogRW50ZXIgeW91ciBjdXN0b20gQ1NTIHJ1bGVzIGhlcmUgKi8=\" role=\"table\"><tbody><tr class=\"wptb-row\"><td class=\"wptb-cell\" data-wptb-css-td-auto-width=\"true\" data-x-index=\"0\" data-y-index=\"0\" style=\"padding: 15px; border-style: solid; border-width: 1px;\"><div class=\"wptb-text-container wptb-ph-element wptb-element-text-1\"><div><p>NG\u01af\u1edcI M\u1eaaU<\/p><\/div><\/div><\/td><td class=\"wptb-cell\" data-x-index=\"1\" data-y-index=\"0\" style=\"padding: 15px; border-style: solid; border-width: 1px; width: 160px;\"><div class=\"wptb-text-container wptb-ph-element wptb-element-text-2\"><div class=\"\" style=\"position: relative;\"><p>K\u00cdCH TH\u01af\u1edaC (mm)<\/p><\/div><\/div><\/td><td class=\"wptb-cell\" data-wptb-css-td-auto-width=\"true\" data-x-index=\"2\" data-y-index=\"0\" style=\"padding: 15px; border-style: solid; border-width: 1px;\"><div class=\"wptb-text-container wptb-ph-element wptb-element-text-3\" style=\"color: rgb(74, 85, 104); font-size: 15px;\"><div class=\"\" style=\"position: relative;\"><p>l\u00e0m m\u00e1t<\/p><\/div><\/div><\/td><td class=\"wptb-cell\" data-wptb-css-td-auto-width=\"true\" data-x-index=\"3\" data-y-index=\"0\" style=\"padding: 15px; border-style: solid; border-width: 1px;\"><div class=\"wptb-text-container wptb-ph-element wptb-element-text-4\" style=\"color: rgb(74, 85, 104); font-size: 15px;\"><div class=\"\" style=\"position: relative;\"><p>H\u00ccNH D\u1ea0NG<\/p><p><\/p><\/div><\/div><\/td><td class=\"wptb-cell\" data-wptb-css-td-auto-width=\"true\" data-x-index=\"4\" data-y-index=\"0\" style=\"padding: 15px; border-style: solid; border-width: 1px;\"><div class=\"wptb-text-container wptb-ph-element wptb-element-text-6\"><div class=\"\" style=\"position: relative;\"><p>KH\u00d4NG. K\u1ec6<\/p><\/div><\/div><\/td><\/tr><tr class=\"wptb-row\" style=\"--hover-bg-color: undefined;\"><td class=\"wptb-cell\" data-wptb-css-td-auto-width=\"true\" data-x-index=\"0\" data-y-index=\"1\" style=\"padding: 15px; border-style: solid; border-width: 1px;\"><div class=\"wptb-text-container wptb-ph-element wptb-element-text-7\" style=\"color: rgb(74, 85, 104); font-size: 15px;\"><div class=\"\" style=\"position: relative;\"><p>CCD906F3S<\/p><\/div><\/div><\/td><td class=\"wptb-cell\" data-x-index=\"1\" data-y-index=\"1\" style=\"padding: 15px; border-style: solid; border-width: 1px; width: 160px;\"><div class=\"wptb-text-container wptb-ph-element wptb-element-text-8\" style=\"color: rgb(74, 85, 104); font-size: 15px;\"><div class=\"\" style=\"position: relative;\"><p>906\u00d7683\u00d71212<\/p><\/div><\/div><\/td><td class=\"wptb-cell\" data-wptb-css-td-auto-width=\"true\" data-x-index=\"2\" data-y-index=\"1\" style=\"padding: 15px; border-style: solid; border-width: 1px;\"><div class=\"wptb-text-container wptb-ph-element wptb-element-text-9\" style=\"color: rgb(74, 85, 104); font-size: 15px;\"><div class=\"\" style=\"position: relative;\"><p>th\u00f4ng gi\u00f3<\/p><\/div><\/div><\/td><td class=\"wptb-cell\" data-wptb-css-td-auto-width=\"true\" data-x-index=\"3\" data-y-index=\"1\" style=\"padding: 15px; border-style: solid; border-width: 1px;\"><div class=\"wptb-text-container wptb-ph-element wptb-element-text-10\" style=\"color: rgb(74, 85, 104); font-size: 15px;\"><div class=\"\" style=\"position: relative;\"><p>Thi\u00ean th\u1ea7n<\/p><p><\/p><\/div><\/div><\/td><td class=\"wptb-cell\" data-wptb-css-td-auto-width=\"true\" data-x-index=\"4\" data-y-index=\"1\" style=\"padding: 15px; border-style: solid; border-width: 1px;\"><div class=\"wptb-text-container wptb-ph-element wptb-element-text-12\" style=\"color: rgb(74, 85, 104); font-size: 15px;\"><div class=\"\" style=\"position: relative;\"><p>2<\/p><\/div><\/div><\/td><\/tr><tr class=\"wptb-row\" style=\"--hover-bg-color: undefined;\"><td class=\"wptb-cell\" data-wptb-css-td-auto-width=\"true\" data-x-index=\"0\" data-y-index=\"2\" style=\"padding: 15px; border-style: solid; border-width: 1px;\"><div class=\"wptb-text-container wptb-ph-element wptb-element-text-13\" style=\"color: rgb(74, 85, 104); font-size: 15px;\"><div class=\"\" style=\"position: relative;\"><p>ACD1206F3S<\/p><\/div><\/div><\/td><td class=\"wptb-cell\" data-x-index=\"1\" data-y-index=\"2\" style=\"padding: 15px; border-style: solid; border-width: 1px; width: 160px;\"><div class=\"wptb-text-container wptb-ph-element wptb-element-text-14\" style=\"color: rgb(74, 85, 104); font-size: 15px;\"><div class=\"\" style=\"position: relative;\"><p>1206\u00d7683\u00d71212<\/p><\/div><\/div><\/td><td class=\"wptb-cell\" data-wptb-css-td-auto-width=\"true\" data-x-index=\"2\" data-y-index=\"2\" style=\"padding: 15px; border-style: solid; border-width: 1px;\"><div class=\"wptb-text-container wptb-ph-element wptb-element-text-15\" style=\"color: rgb(74, 85, 104); font-size: 15px;\"><div class=\"\" style=\"position: relative;\"><p>th\u00f4ng gi\u00f3<\/p><\/div><\/div><\/td><td class=\"wptb-cell\" data-wptb-css-td-auto-width=\"true\" data-x-index=\"3\" data-y-index=\"2\" style=\"padding: 15px; border-style: solid; border-width: 1px;\"><div class=\"wptb-text-container wptb-ph-element wptb-element-text-16\" style=\"color: rgb(74, 85, 104); font-size: 15px;\"><div class=\"\" style=\"position: relative;\"><p>Thi\u00ean th\u1ea7n<\/p><\/div><\/div><\/td><td class=\"wptb-cell\" data-wptb-css-td-auto-width=\"true\" data-x-index=\"4\" data-y-index=\"2\" style=\"padding: 15px; border-style: solid; border-width: 1px;\"><div class=\"wptb-text-container wptb-ph-element wptb-element-text-18\" style=\"color: rgb(74, 85, 104); font-size: 15px;\"><div class=\"\" style=\"position: relative;\"><p>2<\/p><\/div><\/div><\/td><\/tr><tr class=\"wptb-row\" style=\"--hover-bg-color: undefined;\"><td class=\"wptb-cell\" data-wptb-css-td-auto-width=\"true\" data-x-index=\"0\" data-y-index=\"3\" style=\"padding: 15px; border-style: solid; border-width: 1px;\"><div class=\"wptb-text-container wptb-ph-element wptb-element-text-19\" style=\"color: rgb(74, 85, 104); font-size: 15px;\"><div class=\"\" style=\"position: relative;\"><p>ACD1506F3S<\/p><\/div><\/div><\/td><td class=\"wptb-cell\" data-x-index=\"1\" data-y-index=\"3\" style=\"padding: 15px; border-style: solid; border-width: 1px; width: 160px;\"><div class=\"wptb-text-container wptb-ph-element wptb-element-text-20\" style=\"color: rgb(74, 85, 104); font-size: 15px;\"><div class=\"\" style=\"position: relative;\"><p>1506\u00d7683\u00d71212<\/p><\/div><\/div><\/td><td class=\"wptb-cell\" data-wptb-css-td-auto-width=\"true\" data-x-index=\"2\" data-y-index=\"3\" style=\"padding: 15px; border-style: solid; border-width: 1px;\"><div class=\"wptb-text-container wptb-ph-element wptb-element-text-21\" style=\"color: rgb(74, 85, 104); font-size: 15px;\"><div class=\"\" style=\"position: relative;\"><p>th\u00f4ng gi\u00f3<\/p><\/div><\/div><\/td><td class=\"wptb-cell\" data-wptb-css-td-auto-width=\"true\" data-x-index=\"3\" data-y-index=\"3\" style=\"padding: 15px; border-style: solid; border-width: 1px;\"><div class=\"wptb-text-container wptb-ph-element wptb-element-text-22\" style=\"color: rgb(74, 85, 104); font-size: 15px;\"><div class=\"\" style=\"position: relative;\"><p>Thi\u00ean th\u1ea7n<\/p><\/div><\/div><\/td><td class=\"wptb-cell\" data-wptb-css-td-auto-width=\"true\" data-x-index=\"4\" data-y-index=\"3\" style=\"padding: 15px; border-style: solid; border-width: 1px;\"><div class=\"wptb-text-container wptb-ph-element wptb-element-text-24\" style=\"color: rgb(74, 85, 104); font-size: 15px;\"><div class=\"\" style=\"position: relative;\"><p>2<\/p><\/div><\/div><\/td><\/tr><tr class=\"wptb-row\" style=\"--hover-bg-color: undefined;\"><td class=\"wptb-cell\" data-wptb-css-td-auto-width=\"true\" data-x-index=\"0\" data-y-index=\"4\" style=\"padding: 15px; border-style: solid; border-width: 1px;\"><div class=\"wptb-text-container wptb-ph-element wptb-element-text-25\" style=\"color: rgb(74, 85, 104); font-size: 15px;\"><div class=\"\" style=\"position: relative;\"><p>ACD1806F3S<\/p><\/div><\/div><\/td><td class=\"wptb-cell\" data-x-index=\"1\" data-y-index=\"4\" style=\"padding: 15px; border-style: solid; border-width: 1px; width: 160px;\"><div class=\"wptb-text-container wptb-ph-element wptb-element-text-26\" style=\"color: rgb(74, 85, 104); font-size: 15px;\"><div class=\"\" style=\"position: relative;\"><p>1806\u00d7683\u00d71212<\/p><\/div><\/div><\/td><td class=\"wptb-cell\" data-wptb-css-td-auto-width=\"true\" data-x-index=\"2\" data-y-index=\"4\" style=\"padding: 15px; border-style: solid; border-width: 1px;\"><div class=\"wptb-text-container wptb-ph-element wptb-element-text-27\" style=\"color: rgb(74, 85, 104); font-size: 15px;\"><div class=\"\" style=\"position: relative;\"><p>th\u00f4ng gi\u00f3<\/p><\/div><\/div><\/td><td class=\"wptb-cell\" data-wptb-css-td-auto-width=\"true\" data-x-index=\"3\" data-y-index=\"4\" style=\"padding: 15px; border-style: solid; border-width: 1px;\"><div class=\"wptb-text-container wptb-ph-element wptb-element-text-28\" style=\"color: rgb(74, 85, 104); font-size: 15px;\"><div class=\"\" style=\"position: relative;\"><p>Thi\u00ean th\u1ea7n<\/p><\/div><\/div><\/td><td class=\"wptb-cell\" data-wptb-css-td-auto-width=\"true\" data-x-index=\"4\" data-y-index=\"4\" style=\"padding: 15px; border-style: solid; border-width: 1px;\"><div class=\"wptb-text-container wptb-ph-element wptb-element-text-30\" style=\"color: rgb(74, 85, 104); font-size: 15px;\"><div class=\"\" style=\"position: relative;\"><p>2<\/p><\/div><\/div><\/td><\/tr><\/tbody><\/table><\/div><\/div>\n\n<p>&nbsp;<\/p>\n<p>&nbsp;<\/p>","protected":false},"excerpt":{"rendered":"<p>T\u1ee7 tr\u01b0ng b\u00e0y b\u00e1nh v\u00e0 t\u1ee7 tr\u01b0ng b\u00e0y b\u00e1nh ng\u1ecdt cho c\u1eeda h\u00e0ng b\u00e1nh ng\u1ecdt, k\u00ednh \u0111\u01b0\u1ee3c l\u00e0m n\u00f3ng \u0111\u1ec3 \u0111\u1ea3m b\u1ea3o hi\u1ec7u \u1ee9ng h\u00ecnh \u1ea3nh r\u00f5 n\u00e9t<\/p>","protected":false},"featured_media":9652,"comment_status":"closed","ping_status":"closed","template":"","meta":{"_seopress_robots_primary_cat":"none","_seopress_titles_title":"Bakery Display Case Manufacturer and Supplier %%sep%%Wholesale From China","_seopress_titles_desc":"Buy bakery display cases for pastry from reliable factory in China, double layers heavy-duty glasses with anti-fog function. Fast shipment by sea to retailing shops worldwide.","_seopress_robots_index":""},"product_cat":[59],"product_tag":[],"_links":{"self":[{"href":"https:\/\/acenoxkitchenequipment.com\/vi\/wp-json\/wp\/v2\/product\/9651"}],"collection":[{"href":"https:\/\/acenoxkitchenequipment.com\/vi\/wp-json\/wp\/v2\/product"}],"about":[{"href":"https:\/\/acenoxkitchenequipment.com\/vi\/wp-json\/wp\/v2\/types\/product"}],"replies":[{"embeddable":true,"href":"https:\/\/acenoxkitchenequipment.com\/vi\/wp-json\/wp\/v2\/comments?post=9651"}],"version-history":[{"count":0,"href":"https:\/\/acenoxkitchenequipment.com\/vi\/wp-json\/wp\/v2\/product\/9651\/revisions"}],"wp:featuredmedia":[{"embeddable":true,"href":"https:\/\/acenoxkitchenequipment.com\/vi\/wp-json\/wp\/v2\/media\/9652"}],"wp:attachment":[{"href":"https:\/\/acenoxkitchenequipment.com\/vi\/wp-json\/wp\/v2\/media?parent=9651"}],"wp:term":[{"taxonomy":"product_cat","embeddable":true,"href":"https:\/\/acenoxkitchenequipment.com\/vi\/wp-json\/wp\/v2\/product_cat?post=9651"},{"taxonomy":"product_tag","embeddable":true,"href":"https:\/\/acenoxkitchenequipment.com\/vi\/wp-json\/wp\/v2\/product_tag?post=9651"}],"curies":[{"name":"wp","href":"https:\/\/api.w.org\/{rel}","templated":true}]}}