{"id":8970,"date":"2024-03-05T22:47:21","date_gmt":"2024-03-05T14:47:21","guid":{"rendered":"https:\/\/acenoxkitchenequipment.com\/?post_type=product&#038;p=8970"},"modified":"2024-04-09T15:21:23","modified_gmt":"2024-04-09T07:21:23","slug":"commercial-upright-freezer","status":"publish","type":"product","link":"https:\/\/acenoxkitchenequipment.com\/vi\/san-pham\/commercial-upright-freezer\/","title":{"rendered":"T\u1ee7 \u0111\u00f4ng th\u1eb3ng \u0111\u1ee9ng th\u01b0\u01a1ng m\u1ea1i"},"content":{"rendered":"<h3>T\u1ee7 \u0111\u00f4ng th\u1eb3ng \u0111\u1ee9ng th\u01b0\u01a1ng m\u1ea1i<\/h3>\n<div class=\"q-click-wrapper qu-display--block qu-tapHighlight--white qu-cursor--pointer qu-hover--textDecoration--underline ClickWrapper___StyledClickWrapperBox-zoqi4f-0 iyYUZT\" tabindex=\"0\">\n<div class=\"q-flex qu-flexDirection--row\">\n<div class=\"q-inline qu-flexWrap--wrap\">\n<div class=\"QuestionTitle___StyledText-exj38m-0 chNUqN puppeteer_test_question_title\"><span class=\"q-box qu-userSelect--text\">Thi\u1ebft b\u1ecb l\u00e0m m\u00e1t n\u00e0o t\u1ed1t h\u01a1n cho nh\u00e0 h\u00e0ng quy m\u00f4 nh\u1ecf? \u0111\u00e2y l\u00e0 s\u1ef1 l\u1ef1a ch\u1ecdn t\u1ed1t nh\u1ea5t!\u00a0<\/span><\/div>\n<\/div>\n<\/div>\n<\/div>\n<p>\u0110\u00e2y l\u00e0 t\u1ee7 l\u1ea1nh th\u01b0\u01a1ng m\u1ea1i m\u1ed9t c\u1eeda d\u00e0nh cho m\u1ee5c \u0111\u00edch th\u01b0\u01a1ng m\u1ea1i, k\u00edch th\u01b0\u1edbc nh\u1ecf khi\u1ebfn n\u00f3 tr\u1edf th\u00e0nh l\u1ef1a ch\u1ecdn l\u00fd t\u01b0\u1edfng cho c\u00e1c nh\u00e0 b\u1ebfp th\u01b0\u01a1ng m\u1ea1i nh\u1ecf<\/p>\n<p><strong>\u0110\u1eb7c tr\u01b0ng:<\/strong><\/p>\n<ul>\n<li><strong>C\u00e1ch nhi\u1ec7t d\u00e0y<\/strong>: n\u00f3 c\u00f3 th\u1ec3 gi\u00fap ng\u0103n ch\u1eb7n s\u1ef1 ng\u01b0ng t\u1ee5 h\u01a1i n\u01b0\u1edbc tr\u00ean c\u1eeda t\u1ee7 l\u1ea1nh, l\u1edbp c\u00e1ch nhi\u1ec7t d\u00e0y cho ph\u00e9p t\u1ee7 \u0111\u00f4ng ho\u1ea1t \u0111\u1ed9ng t\u1ed1t \u1edf nhi\u1ec1u nhi\u1ec7t \u0111\u1ed9 m\u00f4i tr\u01b0\u1eddng xung quanh, ph\u00f9 h\u1ee3p v\u1edbi c\u00e1c v\u00f9ng kh\u00ed h\u1eadu kh\u00e1c nhau, \u0111\u1eb7c bi\u1ec7t l\u00e0 trong m\u00f9a h\u00e8 r\u1ea5t n\u00f3ng.<\/li>\n<li><strong>B\u1ed9 \u0111i\u1ec1u khi\u1ec3n nhi\u1ec7t \u0111\u1ed9 th\u01b0\u01a1ng hi\u1ec7u:<\/strong> B\u1ed9 \u0111i\u1ec1u khi\u1ec3n k\u1ef9 thu\u1eadt s\u1ed1 cung c\u1ea5p c\u00e0i \u0111\u1eb7t nhi\u1ec7t \u0111\u1ed9 ch\u00ednh x\u00e1c, cho ph\u00e9p ki\u1ec3m so\u00e1t nhi\u1ec7t \u0111\u1ed9 b\u00ean trong t\u1ee7 l\u1ea1nh ch\u00ednh x\u00e1c h\u01a1n. \u0110i\u1ec1u n\u00e0y r\u1ea5t quan tr\u1ecdng \u0111\u1ec3 duy tr\u00ec c\u00e1c \u0111i\u1ec1u ki\u1ec7n t\u1ed1i \u01b0u \u0111\u1ec3 b\u1ea3o qu\u1ea3n c\u00e1c lo\u1ea1i th\u1ef1c ph\u1ea9m kh\u00e1c nhau.<\/li>\n<li><strong>C\u1eeda t\u1ef1 \u0111\u00f3ng<\/strong><\/li>\n<li><strong>Nhi\u1ec7t \u0111\u1ed9: -18oC ~ -22oC<\/strong><\/li>\n<li><strong>Gi\u00e1 tr\u1ecb nh\u1ecf, \u1ee9ng d\u1ee5ng l\u1edbn:<\/strong> T\u1ee7 \u0111\u00f4ng th\u01b0\u01a1ng m\u1ea1i m\u1ed9t c\u1eeda n\u00e0y \u0111\u01b0\u1ee3c s\u1eed d\u1ee5ng \u0111\u1ec3 b\u1ea3o qu\u1ea3n b\u1ed9t b\u00e1nh ng\u1ecdt \u0111\u00f4ng l\u1ea1nh, m\u00f3n tr\u00e1ng mi\u1ec7ng l\u00e0m s\u1eb5n v\u00e0 c\u00e1c nguy\u00ean li\u1ec7u \u0111\u00f4ng l\u1ea1nh kh\u00e1c c\u1ea7n thi\u1ebft trong ho\u1ea1t \u0111\u1ed9ng l\u00e0m b\u00e1nh. Ch\u00fang gi\u00fap duy tr\u00ec ch\u1ea5t l\u01b0\u1ee3ng c\u1ee7a c\u00e1c m\u00f3n n\u01b0\u1edbng \u0111\u00f4ng l\u1ea1nh.<\/li>\n<\/ul>\n<h3>Th\u00f4ng s\u1ed1 k\u1ef9 thu\u1eadt c\u1ee7a T\u1ee7 \u0111\u00f4ng \u0111\u1ee9ng th\u01b0\u01a1ng m\u1ea1i<\/h3>\n<div class=\"wptb-table-container wptb-table-8974\"><div class=\"wptb-table-container-matrix\" id=\"wptb-table-id-8974\" data-wptb-version=\"1.4.14\" data-wptb-pro-status=\"false\"><table class=\"wptb-preview-table wptb-element-main-table_setting-5987\" data-wptb-adaptive-table=\"0\" data-wptb-cells-width-auto-count=\"2\" data-wptb-table-tds-sum-max-width=\"262.666667\" style=\"border-style: solid; border-width: 1px;\" data-table-columns=\"2\" data-reconstraction=\"1\" data-wptb-horizontal-scroll-status=\"false\" data-wptb-extra-styles=\"LyogRW50ZXIgeW91ciBjdXN0b20gQ1NTIHJ1bGVzIGhlcmUgKi8=\" role=\"table\" data-wptb-even-row-background-color=\"#FFFFFFFF\" data-wptb-odd-row-background-color=\"#FFFFFFFF\" data-wptb-header-background-color=\"#FFFCFCFF\"><tbody><tr class=\"wptb-row\" style=\"background-color: rgb(255, 252, 252);\"><td class=\"wptb-cell\" data-wptb-css-td-auto-width=\"true\" data-x-index=\"0\" data-y-index=\"0\" style=\"padding: 15px; border-style: solid; border-width: 1px; height: 31px;\"><div class=\"wptb-text-container wptb-ph-element wptb-element-text-1\" style=\"color: rgb(74, 85, 104); font-size: 19px;\"><div class=\"\" style=\"position: relative;\"><p><strong>T\u00ean<\/strong><\/p><\/div><\/div><\/td><td class=\"wptb-cell\" style=\"padding: 15px; border-style: solid; border-width: 1px; height: 31px;\" data-x-index=\"1\" data-y-index=\"0\" data-wptb-css-td-auto-width=\"true\"><div class=\"wptb-text-container wptb-ph-element wptb-element-text-54\" style=\"color: rgb(74, 85, 104); font-size: 19px;\"><div class=\"\" style=\"position: relative;\"><p>T\u1ee7 \u0111\u00f4ng th\u01b0\u01a1ng m\u1ea1i<\/p><\/div><\/div><\/td><\/tr><tr class=\"wptb-row\" style=\"background-color: rgb(255, 255, 255); --hover-bg-color: undefined;\"><td class=\"wptb-cell\" style=\"padding: 15px; border-style: solid; border-width: 1px;\" data-x-index=\"0\" data-y-index=\"1\" data-wptb-css-td-auto-width=\"true\"><div class=\"wptb-text-container wptb-ph-element wptb-element-text-96\" style=\"color: rgb(0, 0, 0); font-size: 15px;\"><div class=\"\" style=\"position: relative;\"><p>Ng\u01b0\u1eddi m\u1eabu<\/p><\/div><\/div><\/td><td class=\"wptb-cell\" style=\"padding: 15px; border-style: solid; border-width: 1px;\" data-x-index=\"1\" data-y-index=\"1\" data-wptb-css-td-auto-width=\"true\"><div class=\"wptb-text-container wptb-ph-element wptb-element-text-97\" style=\"color: rgb(0, 0, 0); font-size: 15px;\"><div class=\"\" style=\"position: relative;\"><p>650BT<\/p><\/div><\/div><\/td><\/tr><tr class=\"wptb-row\" style=\"--hover-bg-color: undefined; background-color: rgb(255, 255, 255);\"><td class=\"wptb-cell\" data-wptb-css-td-auto-width=\"true\" data-x-index=\"0\" data-y-index=\"2\" style=\"padding: 15px; border-style: solid; border-width: 1px;\"><div class=\"wptb-text-container wptb-ph-element wptb-element-text-7\" style=\"color: rgb(74, 85, 104); font-size: 15px;\"><div class=\"\" style=\"position: relative;\"><p>Dung t\u00edch:<\/p><\/div><\/div><\/td><td class=\"wptb-cell\" style=\"padding: 15px; border-style: solid; border-width: 1px;\" data-x-index=\"1\" data-y-index=\"2\" data-wptb-css-td-auto-width=\"true\"><div class=\"wptb-text-container wptb-ph-element wptb-element-text-85\" style=\"color: rgb(0, 0, 0); font-size: 15px;\"><div class=\"\" style=\"position: relative;\"><p>610L<\/p><p><\/p><\/div><\/div><\/td><\/tr><tr class=\"wptb-row\" style=\"background-color: rgb(255, 255, 255); --hover-bg-color: undefined;\"><td class=\"wptb-cell\" style=\"padding: 15px; border-style: solid; border-width: 1px;\" data-x-index=\"0\" data-y-index=\"3\" data-wptb-css-td-auto-width=\"true\"><div class=\"wptb-text-container wptb-ph-element wptb-element-text-86\" style=\"color: rgb(0, 0, 0); font-size: 15px;\"><div class=\"\" style=\"position: relative;\"><p>K\u00edch c\u1ee1<\/p><\/div><\/div><\/td><td class=\"wptb-cell\" style=\"padding: 15px; border-style: solid; border-width: 1px;\" data-x-index=\"1\" data-y-index=\"3\" data-wptb-css-td-auto-width=\"true\"><div class=\"wptb-text-container wptb-ph-element wptb-element-text-87\" style=\"color: rgb(0, 0, 0); font-size: 15px;\"><div class=\"\" style=\"position: relative;\"><p>740\u00d7830\u00d72010<\/p><\/div><\/div><\/td><\/tr><tr class=\"wptb-row\" style=\"--hover-bg-color: undefined; background-color: rgb(255, 255, 255);\"><td class=\"wptb-cell\" data-wptb-css-td-auto-width=\"true\" data-x-index=\"0\" data-y-index=\"4\" style=\"padding: 15px; border-style: solid; border-width: 1px;\"><div class=\"wptb-text-container wptb-ph-element wptb-element-text-13\" style=\"color: rgb(74, 74, 74); font-size: 15px;\"><div class=\"\" style=\"position: relative;\"><p>Nhi\u1ec7t \u0111\u1ed9<\/p><p><\/p><\/div><\/div><\/td><td class=\"wptb-cell\" style=\"padding: 15px; border-style: solid; border-width: 1px;\" data-x-index=\"1\" data-y-index=\"4\" data-wptb-css-td-auto-width=\"true\"><div class=\"wptb-text-container wptb-ph-element wptb-element-text-62\" style=\"color: rgb(74, 85, 104); font-size: 15px;\"><div class=\"\" style=\"position: relative;\"><p>-18&#8451; ~ -22&#8451;<\/p><\/div><\/div><\/td><\/tr><tr class=\"wptb-row\" style=\"background-color: rgb(255, 255, 255); --hover-bg-color: undefined;\"><td class=\"wptb-cell\" style=\"padding: 15px; border-style: solid; border-width: 1px;\" data-x-index=\"0\" data-y-index=\"5\" data-wptb-css-td-auto-width=\"true\"><div class=\"wptb-text-container wptb-ph-element wptb-element-text-92\" style=\"color: rgb(0, 0, 0); font-size: 15px;\"><div class=\"\" style=\"position: relative;\"><p>Quy\u1ec1n l\u1ef1c<\/p><\/div><\/div><\/td><td class=\"wptb-cell\" style=\"padding: 15px; border-style: solid; border-width: 1px;\" data-x-index=\"1\" data-y-index=\"5\" data-wptb-css-td-auto-width=\"true\"><div class=\"wptb-text-container wptb-ph-element wptb-element-text-93\" style=\"color: rgb(0, 0, 0); font-size: 15px;\"><div class=\"\" style=\"position: relative;\"><p>590W<\/p><\/div><\/div><\/td><\/tr><tr class=\"wptb-row\" style=\"background-color: rgb(255, 255, 255); --hover-bg-color: undefined;\"><td class=\"wptb-cell\" style=\"padding: 15px; border-style: solid; border-width: 1px;\" data-x-index=\"0\" data-y-index=\"6\" data-wptb-css-td-auto-width=\"true\"><div class=\"wptb-text-container wptb-ph-element wptb-element-text-90\" style=\"color: rgb(0, 0, 0); font-size: 15px;\"><div class=\"\" style=\"position: relative;\"><p>S\u1ef1 ti\u00eau th\u1ee5<\/p><\/div><\/div><\/td><td class=\"wptb-cell\" style=\"padding: 15px; border-style: solid; border-width: 1px;\" data-x-index=\"1\" data-y-index=\"6\" data-wptb-css-td-auto-width=\"true\"><div class=\"wptb-text-container wptb-ph-element wptb-element-text-91\" style=\"color: rgb(0, 0, 0); font-size: 15px;\"><div class=\"\" style=\"position: relative;\"><p>7,0kWh\/24h<\/p><\/div><\/div><\/td><\/tr><tr class=\"wptb-row\" style=\"background-color: rgb(255, 255, 255); --hover-bg-color: undefined;\"><td class=\"wptb-cell\" style=\"padding: 15px; border-style: solid; border-width: 1px;\" data-x-index=\"0\" data-y-index=\"7\" data-wptb-css-td-auto-width=\"true\"><div class=\"wptb-text-container wptb-ph-element wptb-element-text-94\" style=\"color: rgb(0, 0, 0); font-size: 15px;\"><div class=\"\" style=\"position: relative;\"><p>V\u00f4n<\/p><\/div><\/div><\/td><td class=\"wptb-cell\" style=\"padding: 15px; border-style: solid; border-width: 1px;\" data-x-index=\"1\" data-y-index=\"7\" data-wptb-css-td-auto-width=\"true\"><div class=\"wptb-text-container wptb-ph-element wptb-element-text-95\" style=\"color: rgb(0, 0, 0); font-size: 15px;\"><div class=\"\" style=\"position: relative;\"><p>220V\/50Hz<\/p><\/div><\/div><\/td><\/tr><tr class=\"wptb-row\" style=\"--hover-bg-color: undefined; background-color: rgb(255, 255, 255);\"><td class=\"wptb-cell\" style=\"padding: 15px; border-style: solid; border-width: 1px;\" data-x-index=\"0\" data-y-index=\"8\" data-wptb-css-td-auto-width=\"true\"><div class=\"wptb-text-container wptb-ph-element wptb-element-text-66\" style=\"color: rgb(74, 85, 104); font-size: 15px;\"><div class=\"\" style=\"position: relative;\"><p>Tr\u1ecdng l\u01b0\u1ee3ng t\u1ecbnh \/ kg)<\/p><\/div><\/div><\/td><td class=\"wptb-cell\" style=\"padding: 15px; border-style: solid; border-width: 1px;\" data-x-index=\"1\" data-y-index=\"8\" data-wptb-css-td-auto-width=\"true\"><div class=\"wptb-text-container wptb-ph-element wptb-element-text-68 edit-active\" style=\"color: rgb(74, 85, 104); font-size: 15px;\"><div class=\"\" style=\"position: relative;\"><p>150<\/p><\/div><\/div><\/td><\/tr><tr class=\"wptb-row\" style=\"background-color: rgb(255, 255, 255); --hover-bg-color: undefined;\"><td class=\"wptb-cell\" style=\"padding: 15px; border-style: solid; border-width: 1px;\" data-x-index=\"0\" data-y-index=\"9\" data-wptb-css-td-auto-width=\"true\"><div class=\"wptb-text-container wptb-ph-element wptb-element-text-88\" style=\"color: rgb(0, 0, 0); font-size: 15px;\"><div class=\"\" style=\"position: relative;\"><p>M\u00e1y n\u00e9n<\/p><\/div><\/div><\/td><td class=\"wptb-cell\" style=\"padding: 15px; border-style: solid; border-width: 1px;\" data-x-index=\"1\" data-y-index=\"9\" data-wptb-css-td-auto-width=\"true\"><div class=\"wptb-text-container wptb-ph-element wptb-element-text-89\" style=\"color: rgb(0, 0, 0); font-size: 15px;\"><div class=\"\" style=\"position: relative;\"><p>Th\u01b0\u01a1ng hi\u1ec7u<\/p><\/div><\/div><\/td><\/tr><tr class=\"wptb-row\" style=\"--hover-bg-color: undefined; background-color: rgb(255, 255, 255);\"><td class=\"wptb-cell\" style=\"padding: 15px; border-style: solid; border-width: 1px;\" data-x-index=\"0\" data-y-index=\"10\" data-wptb-css-td-auto-width=\"true\"><div class=\"wptb-text-container wptb-ph-element wptb-element-text-71\" style=\"color: rgb(74, 85, 104); font-size: 15px;\"><div class=\"\" style=\"position: relative;\"><p>R\u00e3 \u0111\u00f4ng<\/p><\/div><\/div><\/td><td class=\"wptb-cell\" style=\"padding: 15px; border-style: solid; border-width: 1px;\" data-x-index=\"1\" data-y-index=\"10\" data-wptb-css-td-auto-width=\"true\"><div class=\"wptb-text-container wptb-ph-element wptb-element-text-73\" style=\"color: rgb(74, 85, 104); font-size: 15px;\"><div class=\"\" style=\"position: relative;\"><p>T\u1ef1 \u0111\u1ed9ng<\/p><p><\/p><\/div><\/div><\/td><\/tr><tr class=\"wptb-row\" style=\"--hover-bg-color: undefined; background-color: rgb(255, 255, 255);\"><td class=\"wptb-cell\" style=\"padding: 15px; border-style: solid; border-width: 1px;\" data-x-index=\"0\" data-y-index=\"11\" data-wptb-css-td-auto-width=\"true\"><div class=\"wptb-text-container wptb-ph-element wptb-element-text-76\" style=\"color: rgb(74, 85, 104); font-size: 15px;\"><div class=\"\" style=\"position: relative;\"><p>M\u00e1y \u0111i\u1ec1u nhi\u1ec7t<\/p><p><\/p><\/div><\/div><\/td><td class=\"wptb-cell\" style=\"padding: 15px; border-style: solid; border-width: 1px;\" data-x-index=\"1\" data-y-index=\"11\" data-wptb-css-td-auto-width=\"true\"><div class=\"wptb-text-container wptb-ph-element wptb-element-text-78\" style=\"color: rgb(74, 85, 104); font-size: 15px;\"><div class=\"\" style=\"position: relative;\"><p>\u0110i\u1ec7n t\u1eed<\/p><\/div><\/div><\/td><\/tr><\/tbody><\/table><\/div><\/div>","protected":false},"excerpt":{"rendered":"<p>L\u00e0m m\u00e1t th\u00f4ng gi\u00f3; M\u1ed9t c\u1eeda, nh\u00e3n hi\u1ec7u m\u00e1y n\u00e9n t\u00f9y ch\u1ec9nh v\u00e0 c\u1ea5u h\u00ecnh t\u00f9y ch\u1ec9nh cho t\u1ee7 \u0111\u00f4ng th\u01b0\u01a1ng m\u1ea1i b\u00e1n bu\u00f4n<\/p>","protected":false},"featured_media":8975,"comment_status":"open","ping_status":"closed","template":"","meta":{"_seopress_robots_primary_cat":"none","_seopress_titles_title":"Commercial Freezer Manufacturers%%sep%%Upright Freezer Supplier","_seopress_titles_desc":"Discover top-quality commercial freezers from a reliable manufacturer in China. Provide aftersales service worldwide and continuous online guides","_seopress_robots_index":""},"product_cat":[242],"product_tag":[253],"_links":{"self":[{"href":"https:\/\/acenoxkitchenequipment.com\/vi\/wp-json\/wp\/v2\/product\/8970"}],"collection":[{"href":"https:\/\/acenoxkitchenequipment.com\/vi\/wp-json\/wp\/v2\/product"}],"about":[{"href":"https:\/\/acenoxkitchenequipment.com\/vi\/wp-json\/wp\/v2\/types\/product"}],"replies":[{"embeddable":true,"href":"https:\/\/acenoxkitchenequipment.com\/vi\/wp-json\/wp\/v2\/comments?post=8970"}],"version-history":[{"count":0,"href":"https:\/\/acenoxkitchenequipment.com\/vi\/wp-json\/wp\/v2\/product\/8970\/revisions"}],"wp:featuredmedia":[{"embeddable":true,"href":"https:\/\/acenoxkitchenequipment.com\/vi\/wp-json\/wp\/v2\/media\/8975"}],"wp:attachment":[{"href":"https:\/\/acenoxkitchenequipment.com\/vi\/wp-json\/wp\/v2\/media?parent=8970"}],"wp:term":[{"taxonomy":"product_cat","embeddable":true,"href":"https:\/\/acenoxkitchenequipment.com\/vi\/wp-json\/wp\/v2\/product_cat?post=8970"},{"taxonomy":"product_tag","embeddable":true,"href":"https:\/\/acenoxkitchenequipment.com\/vi\/wp-json\/wp\/v2\/product_tag?post=8970"}],"curies":[{"name":"wp","href":"https:\/\/api.w.org\/{rel}","templated":true}]}}