{"id":8832,"date":"2024-02-17T12:56:57","date_gmt":"2024-02-17T04:56:57","guid":{"rendered":"https:\/\/acenoxkitchenequipment.com\/?post_type=product&#038;p=8832"},"modified":"2024-03-28T22:58:33","modified_gmt":"2024-03-28T14:58:33","slug":"small-cake-display-fridge","status":"publish","type":"product","link":"https:\/\/acenoxkitchenequipment.com\/vi\/san-pham\/small-cake-display-fridge\/","title":{"rendered":"T\u1ee7 l\u1ea1nh tr\u01b0ng b\u00e0y b\u00e1nh nh\u1ecf"},"content":{"rendered":"<h3>T\u1ee7 l\u1ea1nh tr\u01b0ng b\u00e0y b\u00e1nh nh\u1ecf<\/h3>\n<p>T\u1ee7 l\u1ea1nh tr\u01b0ng b\u00e0y b\u00e1nh nh\u1ecf n\u00e0y l\u00e0 t\u1ee7 l\u1ea1nh tr\u01b0ng b\u00e0y b\u00e1nh nh\u1ecf c\u00f3 m\u1eb7t b\u00e0n, k\u00edch th\u01b0\u1edbc nh\u1ecf cho ph\u00e9p doanh nghi\u1ec7p \u0111\u1ec3 n\u00f3 tr\u00ean m\u1eb7t b\u00e0n ho\u1eb7c b\u00e0n. n\u00f3 \u0111\u01b0\u1ee3c s\u1eed d\u1ee5ng \u0111\u1ec3 tr\u01b0ng b\u00e0y m\u1ed9t s\u1ed1 \u0111\u1ed3 \u0103n nh\u1eb9 ho\u1eb7c \u0111\u1ed3 \u0103n nh\u1eb9 m\u00e1t l\u1ea1nh. \u0110\u1eb7c bi\u1ec7t v\u00e0o m\u00f9a h\u00e8, n\u00f3 gi\u00fap gi\u1eef th\u1ef1c ph\u1ea9m lu\u00f4n t\u01b0\u01a1i ngon, h\u01a1n n\u1eefa, \u0111\u00e8n LED s\u00e1ng r\u1ef1c s\u1ebd thu h\u00fat nhi\u1ec1u \u00e1nh nh\u00ecn h\u01a1n khi \u0111i qua. B\u1eb1ng c\u00e1ch n\u00e0y, n\u00f3 c\u1ea3i thi\u1ec7n tr\u1ea3i nghi\u1ec7m mua s\u1eafm c\u1ee7a t\u1ea5t c\u1ea3 kh\u00e1ch h\u00e0ng.<\/p>\n<h3><strong>C\u00e1c t\u00ednh n\u0103ng c\u1ee7a t\u1ee7 l\u1ea1nh tr\u01b0ng b\u00e0y b\u00e1nh nh\u1ecf:<\/strong><\/h3>\n<ol>\n<li><strong>K\u00edch c\u1ee1: <\/strong>900\u00d7530\u00d7730mm<\/li>\n<li><strong>M\u00e1y n\u00e9n:<\/strong> M\u00e1y n\u00e9n Secop ho\u1eb7c Th\u01b0\u01a1ng hi\u1ec7u Donper \u0111\u1ec3 l\u1ef1a ch\u1ecdn (R134a\/R290)<\/li>\n<li><strong>B\u1ed9 \u0111i\u1ec1u nhi\u1ec7t:<\/strong> Nhi\u1ec7t k\u1ebf k\u1ef9 thu\u1eadt s\u1ed1, nh\u00e3n hi\u1ec7u Dixell ho\u1eb7c Carel c\u1ee7a \u00dd ho\u1eb7c nh\u00e3n hi\u1ec7u Trung Qu\u1ed1c<\/li>\n<li><strong>Nguy\u00ean v\u1eadt li\u1ec7u:<\/strong> T\u1ea7ng h\u1ea7m b\u1eb1ng th\u00e9p kh\u00f4ng g\u1ec9 430 \/ th\u00e9p kh\u00f4ng g\u1ec9 201 c\u00f3 t\u00edch h\u1ee3p b\u1ecdt Cyclopentane b\u00ean trong, m\u00e0u \u0111en<\/li>\n<li><strong>K\u00ednh:<\/strong> k\u00ednh ch\u1ed1ng s\u01b0\u01a1ng m\u00f9<\/li>\n<li>K\u00ednh c\u01b0\u1eddng l\u1ef1c r\u1ed7ng hai l\u1edbp (K\u00ednh Low-E), ch\u1ed1ng ch\u00e1y n\u1ed5<\/li>\n<li><strong>C\u00e1c y\u1ebfu t\u1ed1 kh\u00e1c:<\/strong> Thi\u1ebft b\u1ecb ng\u01b0ng t\u1ee5 v\u00e0 bay h\u01a1i ho\u00e0n to\u00e0n b\u1eb1ng \u0111\u1ed3ng<\/li>\n<li><strong>Nh\u1eefng c\u00e1i k\u1ec7:<\/strong> Hai k\u1ec7 m\u1ea1 cr\u00f4m, t\u1ed5ng c\u1ed9ng ba k\u1ec7 c\u1ed9ng v\u1edbi \u0111\u00e1y<\/li>\n<li><strong>C\u1eeda:<\/strong> Hai c\u1eeda k\u00ednh tr\u01b0\u1ee3t ch\u1ed1ng s\u01b0\u01a1ng m\u00f9 c\u00f3 kh\u1ea3 n\u0103ng b\u1ecbt k\u00edn t\u1ed1t<\/li>\n<li><strong>\u00c1nh s\u00e1ng:<\/strong> \u0110\u00e8n LED tr\u1eafng \u1ea5m ho\u1eb7c l\u1ea1nh cho b\u1ea1n l\u1ef1a ch\u1ecdn<\/li>\n<\/ol>\n<p>Vui l\u00f2ng nh\u1ea5p v\u00e0o th\u00f4ng s\u1ed1 k\u1ef9 thu\u1eadt \u0111\u1ec3 ki\u1ec3m tra c\u00e1c k\u00edch c\u1ee1 kh\u00e1c nhau<\/p>\n<p>M\u00f4i tr\u01b0\u1eddng \u00e1p d\u1ee5ng: Nhi\u1ec7t \u0111\u1ed9 m\u00f4i tr\u01b0\u1eddng xung quanh d\u01b0\u1edbi 35oC ho\u1eb7c d\u01b0\u1edbi 40oC<\/p>\n<h4><strong>K\u00ednh g\u1eedi Qu\u00fd Nh\u00e0 ph\u00e2n ph\u1ed1i t\u1ee7 l\u1ea1nh b\u00e1nh ng\u1ecdt:<\/strong><\/h4>\n<p>M\u00f4 h\u00ecnh n\u00e0y l\u00e0 m\u1ed9t trong nh\u1eefng m\u00f4 h\u00ecnh ph\u1ed5 bi\u1ebfn c\u1ee7a ch\u00fang t\u00f4i. T\u00f9y theo ng\u00e2n s\u00e1ch v\u00e0 m\u00f4i tr\u01b0\u1eddng kh\u00e1c nhau, c\u1ea5u h\u00ecnh c\u00f3 th\u1ec3 kh\u00e1c nhau. Vui l\u00f2ng li\u00ean h\u1ec7 v\u1edbi ch\u00fang t\u00f4i \u0111\u1ec3 th\u1ea3o lu\u1eadn chi ti\u1ebft v\u00e0 ch\u00fang t\u00f4i c\u00f3 th\u1ec3 t\u00f9y ch\u1ec9nh d\u1ef1a tr\u00ean c\u00e1c \u0111i\u1ec1u ki\u1ec7n th\u1ecb tr\u01b0\u1eddng \u0111\u1ecba ph\u01b0\u01a1ng.<\/p>\n<h4>K\u00edch th\u01b0\u1edbc t\u1ee7 l\u1ea1nh tr\u01b0ng b\u00e0y b\u00e1nh nh\u1ecf:<\/h4>\n<p><img fetchpriority=\"high\" decoding=\"async\" class=\"alignnone size-full wp-image-8836\" src=\"https:\/\/acenoxkitchenequipment.com\/wp-content\/uploads\/2024\/02\/small-cake-fridge.png\" alt=\"small cake display fridge\" width=\"520\" height=\"201\" srcset=\"https:\/\/acenoxkitchenequipment.com\/wp-content\/uploads\/2024\/02\/small-cake-fridge.png 520w, https:\/\/acenoxkitchenequipment.com\/wp-content\/uploads\/2024\/02\/small-cake-fridge-300x116.png 300w\" sizes=\"(max-width: 520px) 100vw, 520px\" \/><\/p>\n<p>&nbsp;<\/p>\n<p>&nbsp;<\/p>\n<p>&nbsp;<\/p>\n<p>&nbsp;<\/p>","protected":false},"excerpt":{"rendered":"<p>T\u1ee7 l\u1ea1nh tr\u01b0ng b\u00e0y b\u00e1nh nh\u1ecf, T\u1ee7 l\u1ea1nh tr\u01b0ng b\u00e0y b\u00e1nh mini, nhi\u1ec7t \u0111\u1ed9: 0oC~ 8oC<\/p>","protected":false},"featured_media":8833,"comment_status":"open","ping_status":"closed","template":"","meta":{"_seopress_robots_primary_cat":"none","_seopress_titles_title":"Small Cake Display Fridge %%sep%%Mini Cake Display Fridge Vendor","_seopress_titles_desc":"This mini cake display fridge is small countertop display fridge, the small size allows businesses to keep it on a countertop or table. ","_seopress_robots_index":""},"product_cat":[59],"product_tag":[244],"_links":{"self":[{"href":"https:\/\/acenoxkitchenequipment.com\/vi\/wp-json\/wp\/v2\/product\/8832"}],"collection":[{"href":"https:\/\/acenoxkitchenequipment.com\/vi\/wp-json\/wp\/v2\/product"}],"about":[{"href":"https:\/\/acenoxkitchenequipment.com\/vi\/wp-json\/wp\/v2\/types\/product"}],"replies":[{"embeddable":true,"href":"https:\/\/acenoxkitchenequipment.com\/vi\/wp-json\/wp\/v2\/comments?post=8832"}],"version-history":[{"count":0,"href":"https:\/\/acenoxkitchenequipment.com\/vi\/wp-json\/wp\/v2\/product\/8832\/revisions"}],"wp:featuredmedia":[{"embeddable":true,"href":"https:\/\/acenoxkitchenequipment.com\/vi\/wp-json\/wp\/v2\/media\/8833"}],"wp:attachment":[{"href":"https:\/\/acenoxkitchenequipment.com\/vi\/wp-json\/wp\/v2\/media?parent=8832"}],"wp:term":[{"taxonomy":"product_cat","embeddable":true,"href":"https:\/\/acenoxkitchenequipment.com\/vi\/wp-json\/wp\/v2\/product_cat?post=8832"},{"taxonomy":"product_tag","embeddable":true,"href":"https:\/\/acenoxkitchenequipment.com\/vi\/wp-json\/wp\/v2\/product_tag?post=8832"}],"curies":[{"name":"wp","href":"https:\/\/api.w.org\/{rel}","templated":true}]}}