{"id":8814,"date":"2024-02-10T16:12:50","date_gmt":"2024-02-10T08:12:50","guid":{"rendered":"https:\/\/acenoxkitchenequipment.com\/?post_type=product&#038;p=8814"},"modified":"2024-03-06T06:13:26","modified_gmt":"2024-03-05T22:13:26","slug":"single-door-commerial-fridge","status":"publish","type":"product","link":"https:\/\/acenoxkitchenequipment.com\/vi\/san-pham\/single-door-commerial-fridge\/","title":{"rendered":"T\u1ee7 l\u1ea1nh th\u01b0\u01a1ng m\u1ea1i m\u1ed9t c\u1eeda"},"content":{"rendered":"<h3>T\u1ee7 l\u1ea1nh th\u01b0\u01a1ng m\u1ea1i m\u1ed9t c\u1eeda<\/h3>\n<p>T\u1ee7 \u0111\u00f4ng m\u1ed9t c\u1eeda r\u1ea5t c\u1ea7n thi\u1ebft \u0111\u1ec3 l\u01b0u tr\u1eef nguy\u00ean li\u1ec7u, nhi\u1ec1u h\u01b0\u01a1ng v\u1ecb kem, gelato v\u00e0 \u0111\u1ed3 \u0111\u00f4ng l\u1ea1nh. K\u00edch th\u01b0\u1edbc nh\u1ecf g\u1ecdn c\u1ee7a ch\u00fang ph\u00f9 h\u1ee3p v\u1edbi c\u00e1c c\u01a1 s\u1edf nh\u1ecf h\u01a1n v\u1edbi kh\u00f4ng gian h\u1ea1n ch\u1ebf.<\/p>\n<p><strong>\u0110\u1eb7c tr\u01b0ng:<\/strong><\/p>\n<ul>\n<li>S\u1eed d\u1ee5ng t\u1ea5m inox cao c\u1ea5p, thi\u1ebft k\u1ebf mang t\u00ednh th\u1ea9m m\u1ef9, sang tr\u1ecdng, k\u1ebft h\u1ee3p ki\u1ec3u d\u00e1ng c\u00f4ng nghi\u1ec7p th\u00e2n thi\u1ec7n v\u1edbi m\u00f4i tr\u01b0\u1eddng.<\/li>\n<li>V\u1edbi l\u1edbp l\u00f3t b\u00ean trong \u0111\u01b0\u1ee3c \u0111\u00fac s\u1eb5n, \u0111\u1ea3m b\u1ea3o l\u00e0m s\u1ea1ch d\u1ec5 d\u00e0ng v\u00e0 k\u1ef9 l\u01b0\u1ee1ng.<\/li>\n<li>To\u00e0n b\u1ed9 thi\u1ebft b\u1ecb \u0111\u01b0\u1ee3c l\u00e0m b\u1eb1ng v\u1eadt li\u1ec7u c\u00e1ch nhi\u1ec7t b\u1eb1ng b\u1ecdt cyclopentane m\u1eadt \u0111\u1ed9 cao, c\u00f3 \u0111\u1ed9 d\u00e0y 5-6 cm \u0111\u1ec3 mang l\u1ea1i hi\u1ec7u qu\u1ea3 s\u1eed d\u1ee5ng n\u0103ng l\u01b0\u1ee3ng cao h\u01a1n v\u00e0 th\u00e2n thi\u1ec7n v\u1edbi m\u00f4i tr\u01b0\u1eddng.<\/li>\n<li>\u0110\u01b0\u1ee3c trang b\u1ecb b\u1ed9 \u0111i\u1ec1u khi\u1ec3n nhi\u1ec7t \u0111\u1ed9 k\u1ef9 thu\u1eadt s\u1ed1 elf c\u1ee7a \u00dd v\u00e0 m\u00e1y n\u00e9n c\u00f3 th\u01b0\u01a1ng hi\u1ec7u ch\u1ea5t l\u01b0\u1ee3ng cao.<\/li>\n<li>L\u01b0u th\u00f4ng kh\u00f4ng kh\u00ed ba chi\u1ec1u 360 \u0111\u1ed9, kh\u00f4ng \u0111\u1ec3 l\u1ea1i g\u00f3c ch\u1ebft.<\/li>\n<li>C\u1eeda t\u1ef1 \u0111\u00f3ng t\u1ef1 \u0111\u1ed9ng.<\/li>\n<li>S\u1eed d\u1ee5ng \u1ed1ng th\u00e9p ho\u00e0n to\u00e0n b\u1eb1ng \u0111\u1ed3ng, \u0111\u1ea3m b\u1ea3o kh\u00f4ng r\u00f2 r\u1ec9.<\/li>\n<li>B\u00e1nh xe t\u00edch h\u1ee3p v\u1edbi ch\u00e2n c\u00f3 th\u1ec3 \u0111i\u1ec1u ch\u1ec9nh \u0111\u1ec3 d\u1ec5 d\u00e0ng di chuy\u1ec3n.<\/li>\n<\/ul>\n<h3>Th\u00f4ng s\u1ed1 k\u1ef9 thu\u1eadt c\u1ee7a t\u1ee7 l\u1ea1nh th\u01b0\u01a1ng m\u1ea1i m\u1ed9t c\u1eeda<\/h3>\n<div class=\"wptb-table-container wptb-table-8813\"><div class=\"wptb-table-container-matrix\" id=\"wptb-table-id-8813\" data-wptb-version=\"1.4.14\" data-wptb-pro-status=\"false\"><table class=\"wptb-preview-table wptb-element-main-table_setting-5987\" data-wptb-adaptive-table=\"0\" data-wptb-cells-width-auto-count=\"2\" data-wptb-table-tds-sum-max-width=\"262.666667\" style=\"border-style: solid; border-width: 1px;\" data-table-columns=\"2\" data-reconstraction=\"1\" data-wptb-horizontal-scroll-status=\"false\" data-wptb-extra-styles=\"LyogRW50ZXIgeW91ciBjdXN0b20gQ1NTIHJ1bGVzIGhlcmUgKi8=\" role=\"table\" data-wptb-even-row-background-color=\"#FFFFFFFF\" data-wptb-odd-row-background-color=\"#FFFFFFFF\" data-wptb-header-background-color=\"#FFFCFCFF\"><tbody><tr class=\"wptb-row\" style=\"background-color: rgb(255, 252, 252);\"><td class=\"wptb-cell\" data-wptb-css-td-auto-width=\"true\" data-x-index=\"0\" data-y-index=\"0\" style=\"padding: 15px; border-style: solid; border-width: 1px; height: 31px;\"><div class=\"wptb-text-container wptb-ph-element wptb-element-text-1\" style=\"color: rgb(74, 85, 104); font-size: 19px;\"><div class=\"\" style=\"position: relative;\"><p><strong>T\u00ean<\/strong><\/p><\/div><\/div><\/td><td class=\"wptb-cell\" style=\"padding: 15px; border-style: solid; border-width: 1px; height: 31px;\" data-x-index=\"1\" data-y-index=\"0\" data-wptb-css-td-auto-width=\"true\"><div class=\"wptb-text-container wptb-ph-element wptb-element-text-54\" style=\"color: rgb(74, 85, 104); font-size: 19px;\"><div class=\"\" style=\"position: relative;\"><p>T\u1ee7 l\u1ea1nh m\u1ed9t c\u1eeda<\/p><\/div><\/div><\/td><\/tr><tr class=\"wptb-row\" style=\"--hover-bg-color: undefined; background-color: rgb(255, 255, 255);\"><td class=\"wptb-cell\" data-wptb-css-td-auto-width=\"true\" data-x-index=\"0\" data-y-index=\"1\" style=\"padding: 15px; border-style: solid; border-width: 1px;\"><div class=\"wptb-text-container wptb-ph-element wptb-element-text-7\" style=\"color: rgb(74, 85, 104); font-size: 15px;\"><div class=\"\" style=\"position: relative;\"><p>Dung t\u00edch:<\/p><\/div><\/div><\/td><td class=\"wptb-cell\" style=\"padding: 15px; border-style: solid; border-width: 1px;\" data-x-index=\"1\" data-y-index=\"1\" data-wptb-css-td-auto-width=\"true\"><div class=\"wptb-text-container wptb-ph-element wptb-element-text-85\" style=\"color: rgb(0, 0, 0); font-size: 15px;\"><div class=\"\" style=\"position: relative;\"><p>425L<\/p><p><\/p><\/div><\/div><\/td><\/tr><tr class=\"wptb-row\" style=\"background-color: rgb(255, 255, 255); --hover-bg-color: undefined;\"><td class=\"wptb-cell\" style=\"padding: 15px; border-style: solid; border-width: 1px;\" data-x-index=\"0\" data-y-index=\"2\" data-wptb-css-td-auto-width=\"true\"><div class=\"wptb-text-container wptb-ph-element wptb-element-text-86\" style=\"color: rgb(0, 0, 0); font-size: 15px;\"><div class=\"\" style=\"position: relative;\"><p>K\u00edch c\u1ee1<\/p><\/div><\/div><\/td><td class=\"wptb-cell\" style=\"padding: 15px; border-style: solid; border-width: 1px;\" data-x-index=\"1\" data-y-index=\"2\" data-wptb-css-td-auto-width=\"true\"><div class=\"wptb-text-container wptb-ph-element wptb-element-text-87\" style=\"color: rgb(0, 0, 0); font-size: 15px;\"><div class=\"\" style=\"position: relative;\"><p>610\u00d7760\u00d71950<\/p><\/div><\/div><\/td><\/tr><tr class=\"wptb-row\" style=\"--hover-bg-color: undefined; background-color: rgb(255, 255, 255);\"><td class=\"wptb-cell\" data-wptb-css-td-auto-width=\"true\" data-x-index=\"0\" data-y-index=\"3\" style=\"padding: 15px; border-style: solid; border-width: 1px;\"><div class=\"wptb-text-container wptb-ph-element wptb-element-text-13\" style=\"color: rgb(74, 74, 74); font-size: 15px;\"><div class=\"\" style=\"position: relative;\"><p>Nhi\u1ec7t \u0111\u1ed9<\/p><p><\/p><\/div><\/div><\/td><td class=\"wptb-cell\" style=\"padding: 15px; border-style: solid; border-width: 1px;\" data-x-index=\"1\" data-y-index=\"3\" data-wptb-css-td-auto-width=\"true\"><div class=\"wptb-text-container wptb-ph-element wptb-element-text-62\" style=\"color: rgb(74, 85, 104); font-size: 15px;\"><div class=\"\" style=\"position: relative;\"><p>2&#8451; ~ 8&#8451;<\/p><\/div><\/div><\/td><\/tr><tr class=\"wptb-row\" style=\"background-color: rgb(255, 255, 255); --hover-bg-color: undefined;\"><td class=\"wptb-cell\" style=\"padding: 15px; border-style: solid; border-width: 1px;\" data-x-index=\"0\" data-y-index=\"4\" data-wptb-css-td-auto-width=\"true\"><div class=\"wptb-text-container wptb-ph-element wptb-element-text-92\" style=\"color: rgb(0, 0, 0); font-size: 15px;\"><div class=\"\" style=\"position: relative;\"><p>Quy\u1ec1n l\u1ef1c<\/p><\/div><\/div><\/td><td class=\"wptb-cell\" style=\"padding: 15px; border-style: solid; border-width: 1px;\" data-x-index=\"1\" data-y-index=\"4\" data-wptb-css-td-auto-width=\"true\"><div class=\"wptb-text-container wptb-ph-element wptb-element-text-93\" style=\"color: rgb(0, 0, 0); font-size: 15px;\"><div class=\"\" style=\"position: relative;\"><p>310W<\/p><\/div><\/div><\/td><\/tr><tr class=\"wptb-row\" style=\"background-color: rgb(255, 255, 255); --hover-bg-color: undefined;\"><td class=\"wptb-cell\" style=\"padding: 15px; border-style: solid; border-width: 1px;\" data-x-index=\"0\" data-y-index=\"5\" data-wptb-css-td-auto-width=\"true\"><div class=\"wptb-text-container wptb-ph-element wptb-element-text-90\" style=\"color: rgb(0, 0, 0); font-size: 15px;\"><div class=\"\" style=\"position: relative;\"><p>Hi\u1ec7n h\u00e0nh<\/p><\/div><\/div><\/td><td class=\"wptb-cell\" style=\"padding: 15px; border-style: solid; border-width: 1px;\" data-x-index=\"1\" data-y-index=\"5\" data-wptb-css-td-auto-width=\"true\"><div class=\"wptb-text-container wptb-ph-element wptb-element-text-91\" style=\"color: rgb(0, 0, 0); font-size: 15px;\"><div class=\"\" style=\"position: relative;\"><p>2.6A<\/p><\/div><\/div><\/td><\/tr><tr class=\"wptb-row\" style=\"background-color: rgb(255, 255, 255); --hover-bg-color: undefined;\"><td class=\"wptb-cell\" style=\"padding: 15px; border-style: solid; border-width: 1px;\" data-x-index=\"0\" data-y-index=\"6\" data-wptb-css-td-auto-width=\"true\"><div class=\"wptb-text-container wptb-ph-element wptb-element-text-94\" style=\"color: rgb(0, 0, 0); font-size: 15px;\"><div class=\"\" style=\"position: relative;\"><p>V\u00f4n<\/p><\/div><\/div><\/td><td class=\"wptb-cell\" style=\"padding: 15px; border-style: solid; border-width: 1px;\" data-x-index=\"1\" data-y-index=\"6\" data-wptb-css-td-auto-width=\"true\"><div class=\"wptb-text-container wptb-ph-element wptb-element-text-95\" style=\"color: rgb(0, 0, 0); font-size: 15px;\"><div class=\"\" style=\"position: relative;\"><p>220V\/50Hz<\/p><\/div><\/div><\/td><\/tr><tr class=\"wptb-row\" style=\"--hover-bg-color: undefined; background-color: rgb(255, 255, 255);\"><td class=\"wptb-cell\" style=\"padding: 15px; border-style: solid; border-width: 1px;\" data-x-index=\"0\" data-y-index=\"7\" data-wptb-css-td-auto-width=\"true\"><div class=\"wptb-text-container wptb-ph-element wptb-element-text-66\" style=\"color: rgb(74, 85, 104); font-size: 15px;\"><div class=\"\" style=\"position: relative;\"><p>Tr\u1ecdng l\u01b0\u1ee3ng t\u1ecbnh \/ kg)<\/p><\/div><\/div><\/td><td class=\"wptb-cell\" style=\"padding: 15px; border-style: solid; border-width: 1px;\" data-x-index=\"1\" data-y-index=\"7\" data-wptb-css-td-auto-width=\"true\"><div class=\"wptb-text-container wptb-ph-element wptb-element-text-68\" style=\"color: rgb(74, 85, 104); font-size: 15px;\"><div class=\"\" style=\"position: relative;\"><p>73<\/p><\/div><\/div><\/td><\/tr><tr class=\"wptb-row\" style=\"background-color: rgb(255, 255, 255); --hover-bg-color: undefined;\"><td class=\"wptb-cell\" style=\"padding: 15px; border-style: solid; border-width: 1px;\" data-x-index=\"0\" data-y-index=\"8\" data-wptb-css-td-auto-width=\"true\"><div class=\"wptb-text-container wptb-ph-element wptb-element-text-88\" style=\"color: rgb(0, 0, 0); font-size: 15px;\"><div class=\"\" style=\"position: relative;\"><p>M\u00e1y n\u00e9n<\/p><\/div><\/div><\/td><td class=\"wptb-cell\" style=\"padding: 15px; border-style: solid; border-width: 1px;\" data-x-index=\"1\" data-y-index=\"8\" data-wptb-css-td-auto-width=\"true\"><div class=\"wptb-text-container wptb-ph-element wptb-element-text-89\" style=\"color: rgb(0, 0, 0); font-size: 15px;\"><div class=\"\" style=\"position: relative;\"><p>Th\u01b0\u01a1ng hi\u1ec7u<\/p><\/div><\/div><\/td><\/tr><tr class=\"wptb-row\" style=\"--hover-bg-color: undefined; background-color: rgb(255, 255, 255);\"><td class=\"wptb-cell\" style=\"padding: 15px; border-style: solid; border-width: 1px;\" data-x-index=\"0\" data-y-index=\"9\" data-wptb-css-td-auto-width=\"true\"><div class=\"wptb-text-container wptb-ph-element wptb-element-text-71\" style=\"color: rgb(74, 85, 104); font-size: 15px;\"><div class=\"\" style=\"position: relative;\"><p>R\u00e3 \u0111\u00f4ng<\/p><\/div><\/div><\/td><td class=\"wptb-cell\" style=\"padding: 15px; border-style: solid; border-width: 1px;\" data-x-index=\"1\" data-y-index=\"9\" data-wptb-css-td-auto-width=\"true\"><div class=\"wptb-text-container wptb-ph-element wptb-element-text-73\" style=\"color: rgb(74, 85, 104); font-size: 15px;\"><div class=\"\" style=\"position: relative;\"><p>Th\u1ee7 c\u00f4ng<\/p><p><\/p><\/div><\/div><\/td><\/tr><tr class=\"wptb-row\" style=\"--hover-bg-color: undefined; background-color: rgb(255, 255, 255);\"><td class=\"wptb-cell\" style=\"padding: 15px; border-style: solid; border-width: 1px;\" data-x-index=\"0\" data-y-index=\"10\" data-wptb-css-td-auto-width=\"true\"><div class=\"wptb-text-container wptb-ph-element wptb-element-text-76\" style=\"color: rgb(74, 85, 104); font-size: 15px;\"><div class=\"\" style=\"position: relative;\"><p>M\u00e1y \u0111i\u1ec1u nhi\u1ec7t<\/p><p><\/p><\/div><\/div><\/td><td class=\"wptb-cell\" style=\"padding: 15px; border-style: solid; border-width: 1px;\" data-x-index=\"1\" data-y-index=\"10\" data-wptb-css-td-auto-width=\"true\"><div class=\"wptb-text-container wptb-ph-element wptb-element-text-78\" style=\"color: rgb(74, 85, 104); font-size: 15px;\"><div class=\"\" style=\"position: relative;\"><p>\u0110i\u1ec7n t\u1eed<\/p><\/div><\/div><\/td><\/tr><\/tbody><\/table><\/div><\/div>","protected":false},"excerpt":{"rendered":"<p>L\u00e0m m\u00e1t th\u00f4ng gi\u00f3; M\u1ed9t c\u1eeda, nh\u00e3n hi\u1ec7u m\u00e1y n\u00e9n t\u00f9y ch\u1ec9nh v\u00e0 c\u1ea5u h\u00ecnh t\u00f9y ch\u1ec9nh cho t\u1ee7 l\u1ea1nh th\u01b0\u01a1ng m\u1ea1i b\u00e1n bu\u00f4n<\/p>","protected":false},"featured_media":8978,"comment_status":"open","ping_status":"closed","template":"","meta":{"_seopress_robots_primary_cat":"none","_seopress_titles_title":"Single Door Commerial Fridge %%sep%%Upright Chiller Manufacturer","_seopress_titles_desc":"Explore our range of single door, double door large commercial fridges for restaurants, supermarkets, and more. Supplier from China with Competitive Price","_seopress_robots_index":""},"product_cat":[242],"product_tag":[243],"_links":{"self":[{"href":"https:\/\/acenoxkitchenequipment.com\/vi\/wp-json\/wp\/v2\/product\/8814"}],"collection":[{"href":"https:\/\/acenoxkitchenequipment.com\/vi\/wp-json\/wp\/v2\/product"}],"about":[{"href":"https:\/\/acenoxkitchenequipment.com\/vi\/wp-json\/wp\/v2\/types\/product"}],"replies":[{"embeddable":true,"href":"https:\/\/acenoxkitchenequipment.com\/vi\/wp-json\/wp\/v2\/comments?post=8814"}],"version-history":[{"count":0,"href":"https:\/\/acenoxkitchenequipment.com\/vi\/wp-json\/wp\/v2\/product\/8814\/revisions"}],"wp:featuredmedia":[{"embeddable":true,"href":"https:\/\/acenoxkitchenequipment.com\/vi\/wp-json\/wp\/v2\/media\/8978"}],"wp:attachment":[{"href":"https:\/\/acenoxkitchenequipment.com\/vi\/wp-json\/wp\/v2\/media?parent=8814"}],"wp:term":[{"taxonomy":"product_cat","embeddable":true,"href":"https:\/\/acenoxkitchenequipment.com\/vi\/wp-json\/wp\/v2\/product_cat?post=8814"},{"taxonomy":"product_tag","embeddable":true,"href":"https:\/\/acenoxkitchenequipment.com\/vi\/wp-json\/wp\/v2\/product_tag?post=8814"}],"curies":[{"name":"wp","href":"https:\/\/api.w.org\/{rel}","templated":true}]}}