{"id":8716,"date":"2024-01-19T19:53:02","date_gmt":"2024-01-19T11:53:02","guid":{"rendered":"https:\/\/acenoxkitchenequipment.com\/?post_type=product&#038;p=8716"},"modified":"2024-06-28T20:25:39","modified_gmt":"2024-06-28T12:25:39","slug":"cake-refrigerator","status":"publish","type":"product","link":"https:\/\/acenoxkitchenequipment.com\/vi\/san-pham\/cake-refrigerator\/","title":{"rendered":"T\u1ee7 l\u1ea1nh b\u00e1nh ng\u1ecdt"},"content":{"rendered":"<h3>T\u00ednh n\u0103ng c\u1ee7a T\u1ee7 L\u1ea1nh B\u00e1nh:<\/h3>\n<p>T\u00ednh n\u0103ng quan tr\u1ecdng nh\u1ea5t c\u1ee7a t\u1ee7 l\u1ea1nh \u0111\u1ef1ng b\u00e1nh n\u00e0y l\u00e0 kh\u00f4ng gian l\u01b0u tr\u1eef tuy\u1ec7t v\u1eddi. B\u1eb1ng c\u00e1ch gi\u1ea3m chi\u1ec1u cao c\u1ee7a \u0111\u1ebf, kh\u00f4ng gian l\u01b0u tr\u1eef \u0111\u00e3 \u0111\u01b0\u1ee3c t\u0103ng l\u00ean. V\u00ec v\u1eady, ch\u00fang ta c\u00f3 th\u1ec3 l\u00e0m m\u1ed9t chi\u1ebfc t\u1ee7 l\u1ea1nh \u0111\u1ef1ng b\u00e1nh ba t\u1ea7ng c\u00f3 chi\u1ec1u cao ch\u1ec9 1270mm.<\/p>\n<ul>\n<li>Th\u00e9p kh\u00f4ng g\u1ec9 m\u00e0u \u0111en<\/li>\n<li>Nhi\u1ec1u kh\u00f4ng gian l\u01b0u tr\u1eef l\u1edbn h\u01a1n<\/li>\n<li>T\u1ee7 l\u1ea1nh l\u00fd t\u01b0\u1edfng \u0111\u1ec3 gi\u1eef \u1ea9m cho b\u00e1nh nh\u1edd kh\u1ea3 n\u0103ng b\u1ecbt k\u00edn t\u1ed1t<\/li>\n<li>C\u00e1c m\u1eabu ph\u1ed5 bi\u1ebfn tr\u00ean th\u1ecb tr\u01b0\u1eddng hi\u1ec7n nay<\/li>\n<li>Ch\u1ea5t l\u01b0\u1ee3ng b\u1ec1n b\u1ec9 c\u1ee7a m\u00e1y n\u00e9n v\u00e0 d\u00e0n l\u1ea1nh gi\u00fap gi\u1eef m\u00e1t<\/li>\n<li>\u00cdt b\u1ea3o tr\u00ec h\u01a1n<\/li>\n<li>Nhi\u1ec7t \u0111\u1ed9 \u1ed5n \u0111\u1ecbnh<\/li>\n<li>Khung c\u1eeda s\u01b0\u1edfi \u1ea5m kh\u00f4ng c\u00f3 n\u01b0\u1edbc tr\u00ean \u0111\u00f3<\/li>\n<\/ul>\n<p>&nbsp;<\/p>\n<h3>Th\u00f4ng s\u1ed1 k\u1ef9 thu\u1eadt t\u1ee7 l\u1ea1nh tr\u01b0ng b\u00e0y b\u00e1nh:<\/h3>\n<div class=\"wptb-table-container wptb-table-5987\"><div class=\"wptb-table-container-matrix\" id=\"wptb-table-id-5987\" data-wptb-version=\"1.4.14\" data-wptb-pro-status=\"false\"><table class=\"wptb-preview-table wptb-element-main-table_setting-5987\" data-wptb-adaptive-table=\"0\" data-wptb-cells-width-auto-count=\"5\" data-wptb-table-tds-sum-max-width=\"798.6000000000001\" style=\"border-style: solid; border-width: 1px;\" data-table-columns=\"6\" data-reconstraction=\"1\" data-wptb-horizontal-scroll-status=\"false\" data-wptb-extra-styles=\"LyogRW50ZXIgeW91ciBjdXN0b20gQ1NTIHJ1bGVzIGhlcmUgKi8=\" role=\"table\"><tbody><tr class=\"wptb-row\"><td class=\"wptb-cell\" data-wptb-css-td-auto-width=\"true\" data-x-index=\"0\" data-y-index=\"0\" style=\"padding: 15px; border-style: solid; border-width: 1px;\"><div class=\"wptb-text-container wptb-ph-element wptb-element-text-1\"><div class=\"\" style=\"position: relative;\"><p>NG\u01af\u1edcI M\u1eaaU<\/p><\/div><\/div><\/td><td class=\"wptb-cell\" data-x-index=\"1\" data-y-index=\"0\" style=\"padding: 15px; border-style: solid; border-width: 1px; width: 113px;\"><div class=\"wptb-text-container wptb-ph-element wptb-element-text-2\"><div class=\"\" style=\"position: relative;\"><p>K\u00cdCH TH\u01af\u1edaC (mm)<\/p><\/div><\/div><\/td><td class=\"wptb-cell\" data-wptb-css-td-auto-width=\"true\" data-x-index=\"2\" data-y-index=\"0\" style=\"padding: 15px; border-style: solid; border-width: 1px;\"><div class=\"wptb-text-container wptb-ph-element wptb-element-text-3\" style=\"color: rgb(74, 85, 104); font-size: 15px;\"><div class=\"\" style=\"position: relative;\"><p>l\u00e0m m\u00e1t<\/p><\/div><\/div><\/td><td class=\"wptb-cell\" data-wptb-css-td-auto-width=\"true\" data-x-index=\"3\" data-y-index=\"0\" style=\"padding: 15px; border-style: solid; border-width: 1px;\"><div class=\"wptb-text-container wptb-ph-element wptb-element-text-4\" style=\"color: rgb(74, 85, 104); font-size: 15px;\"><div class=\"\" style=\"position: relative;\"><p>H\u00ccNH D\u1ea0NG<\/p><p><\/p><\/div><\/div><\/td><td class=\"wptb-cell\" data-wptb-css-td-auto-width=\"true\" data-x-index=\"4\" data-y-index=\"0\" style=\"padding: 15px; border-style: solid; border-width: 1px;\"><div class=\"wptb-text-container wptb-ph-element wptb-element-text-5\"><div class=\"\" style=\"position: relative;\"><p>M\u00c0U S\u1eaeC<\/p><\/div><\/div><\/td><td class=\"wptb-cell\" data-wptb-css-td-auto-width=\"true\" data-x-index=\"5\" data-y-index=\"0\" style=\"padding: 15px; border-style: solid; border-width: 1px;\"><div class=\"wptb-text-container wptb-ph-element wptb-element-text-6\"><div class=\"\" style=\"position: relative;\"><p>KH\u00d4NG. K\u1ec6<\/p><\/div><\/div><\/td><\/tr><tr class=\"wptb-row\" style=\"--hover-bg-color: undefined;\"><td class=\"wptb-cell\" data-wptb-css-td-auto-width=\"true\" data-x-index=\"0\" data-y-index=\"1\" style=\"padding: 15px; border-style: solid; border-width: 1px;\"><div class=\"wptb-text-container wptb-ph-element wptb-element-text-7\"><div class=\"\" style=\"position: relative;\"><p>ACD900F3B<\/p><\/div><\/div><\/td><td class=\"wptb-cell\" data-x-index=\"1\" data-y-index=\"1\" style=\"padding: 15px; border-style: solid; border-width: 1px; width: 113px;\"><div class=\"wptb-text-container wptb-ph-element wptb-element-text-8\" style=\"color: rgb(74, 85, 104); font-size: 15px;\"><div class=\"\" style=\"position: relative;\"><p>900\u00d7700\u00d71270<\/p><\/div><\/div><\/td><td class=\"wptb-cell\" data-wptb-css-td-auto-width=\"true\" data-x-index=\"2\" data-y-index=\"1\" style=\"padding: 15px; border-style: solid; border-width: 1px;\"><div class=\"wptb-text-container wptb-ph-element wptb-element-text-9\" style=\"color: rgb(74, 85, 104); font-size: 15px;\"><div class=\"\" style=\"position: relative;\"><p>th\u00f4ng gi\u00f3<\/p><\/div><\/div><\/td><td class=\"wptb-cell\" data-wptb-css-td-auto-width=\"true\" data-x-index=\"3\" data-y-index=\"1\" style=\"padding: 15px; border-style: solid; border-width: 1px;\"><div class=\"wptb-text-container wptb-ph-element wptb-element-text-10\" style=\"color: rgb(74, 85, 104); font-size: 15px;\"><div class=\"\" style=\"position: relative;\"><p>Thi\u00ean th\u1ea7n<\/p><p><\/p><\/div><\/div><\/td><td class=\"wptb-cell\" data-wptb-css-td-auto-width=\"true\" data-x-index=\"4\" data-y-index=\"1\" style=\"padding: 15px; border-style: solid; border-width: 1px;\"><div class=\"wptb-text-container wptb-ph-element wptb-element-text-11\"><div class=\"\" style=\"position: relative;\"><p>\u0110en<\/p><\/div><\/div><\/td><td class=\"wptb-cell\" data-wptb-css-td-auto-width=\"true\" data-x-index=\"5\" data-y-index=\"1\" style=\"padding: 15px; border-style: solid; border-width: 1px;\"><div class=\"wptb-text-container wptb-ph-element wptb-element-text-12\" style=\"color: rgb(74, 85, 104); font-size: 15px;\"><div class=\"\" style=\"position: relative;\"><p>3 ho\u1eb7c 2<\/p><\/div><\/div><\/td><\/tr><tr class=\"wptb-row\" style=\"--hover-bg-color: undefined;\"><td class=\"wptb-cell\" data-wptb-css-td-auto-width=\"true\" data-x-index=\"0\" data-y-index=\"2\" style=\"padding: 15px; border-style: solid; border-width: 1px;\"><div class=\"wptb-text-container wptb-ph-element wptb-element-text-13\"><div><p>ACD1200F3B<\/p><\/div><\/div><\/td><td class=\"wptb-cell\" data-x-index=\"1\" data-y-index=\"2\" style=\"padding: 15px; border-style: solid; border-width: 1px; width: 113px;\"><div class=\"wptb-text-container wptb-ph-element wptb-element-text-14\" style=\"color: rgb(74, 85, 104); font-size: 15px;\"><div class=\"\" style=\"position: relative;\"><p>1200\u00d7700\u00d71270<\/p><\/div><\/div><\/td><td class=\"wptb-cell\" data-wptb-css-td-auto-width=\"true\" data-x-index=\"2\" data-y-index=\"2\" style=\"padding: 15px; border-style: solid; border-width: 1px;\"><div class=\"wptb-text-container wptb-ph-element wptb-element-text-15\" style=\"color: rgb(74, 85, 104); font-size: 15px;\"><div class=\"\" style=\"position: relative;\"><p>th\u00f4ng gi\u00f3<\/p><\/div><\/div><\/td><td class=\"wptb-cell\" data-wptb-css-td-auto-width=\"true\" data-x-index=\"3\" data-y-index=\"2\" style=\"padding: 15px; border-style: solid; border-width: 1px;\"><div class=\"wptb-text-container wptb-ph-element wptb-element-text-16\" style=\"color: rgb(74, 85, 104); font-size: 15px;\"><div class=\"\" style=\"position: relative;\"><p>Thi\u00ean th\u1ea7n<\/p><\/div><\/div><\/td><td class=\"wptb-cell\" data-wptb-css-td-auto-width=\"true\" data-x-index=\"4\" data-y-index=\"2\" style=\"padding: 15px; border-style: solid; border-width: 1px;\"><div class=\"wptb-text-container wptb-ph-element wptb-element-text-17\"><div class=\"\" style=\"position: relative;\"><p>\u0110en<\/p><\/div><\/div><\/td><td class=\"wptb-cell\" data-wptb-css-td-auto-width=\"true\" data-x-index=\"5\" data-y-index=\"2\" style=\"padding: 15px; border-style: solid; border-width: 1px;\"><div class=\"wptb-text-container wptb-ph-element wptb-element-text-18\" style=\"color: rgb(74, 85, 104); font-size: 15px;\"><div class=\"\" style=\"position: relative;\"><p>3 ho\u1eb7c 2<\/p><\/div><\/div><\/td><\/tr><tr class=\"wptb-row\" style=\"--hover-bg-color: undefined;\"><td class=\"wptb-cell\" data-wptb-css-td-auto-width=\"true\" data-x-index=\"0\" data-y-index=\"3\" style=\"padding: 15px; border-style: solid; border-width: 1px;\"><div class=\"wptb-text-container wptb-ph-element wptb-element-text-19\"><div class=\"\" style=\"position: relative;\"><p>ACD1500F3B<\/p><\/div><\/div><\/td><td class=\"wptb-cell\" data-x-index=\"1\" data-y-index=\"3\" style=\"padding: 15px; border-style: solid; border-width: 1px; width: 113px;\"><div class=\"wptb-text-container wptb-ph-element wptb-element-text-20\" style=\"color: rgb(74, 85, 104); font-size: 15px;\"><div class=\"\" style=\"position: relative;\"><p>1500\u00d7700\u00d71270<\/p><\/div><\/div><\/td><td class=\"wptb-cell\" data-wptb-css-td-auto-width=\"true\" data-x-index=\"2\" data-y-index=\"3\" style=\"padding: 15px; border-style: solid; border-width: 1px;\"><div class=\"wptb-text-container wptb-ph-element wptb-element-text-21\" style=\"color: rgb(74, 85, 104); font-size: 15px;\"><div class=\"\" style=\"position: relative;\"><p>th\u00f4ng gi\u00f3<\/p><\/div><\/div><\/td><td class=\"wptb-cell\" data-wptb-css-td-auto-width=\"true\" data-x-index=\"3\" data-y-index=\"3\" style=\"padding: 15px; border-style: solid; border-width: 1px;\"><div class=\"wptb-text-container wptb-ph-element wptb-element-text-22\" style=\"color: rgb(74, 85, 104); font-size: 15px;\"><div class=\"\" style=\"position: relative;\"><p>Thi\u00ean th\u1ea7n<\/p><\/div><\/div><\/td><td class=\"wptb-cell\" data-wptb-css-td-auto-width=\"true\" data-x-index=\"4\" data-y-index=\"3\" style=\"padding: 15px; border-style: solid; border-width: 1px;\"><div class=\"wptb-text-container wptb-ph-element wptb-element-text-23\"><div class=\"\" style=\"position: relative;\"><p>\u0110en<\/p><\/div><\/div><\/td><td class=\"wptb-cell\" data-wptb-css-td-auto-width=\"true\" data-x-index=\"5\" data-y-index=\"3\" style=\"padding: 15px; border-style: solid; border-width: 1px;\"><div class=\"wptb-text-container wptb-ph-element wptb-element-text-24\" style=\"color: rgb(74, 85, 104); font-size: 15px;\"><div class=\"\" style=\"position: relative;\"><p>3 ho\u1eb7c 2<\/p><\/div><\/div><\/td><\/tr><tr class=\"wptb-row\" style=\"--hover-bg-color: undefined;\"><td class=\"wptb-cell\" data-wptb-css-td-auto-width=\"true\" data-x-index=\"0\" data-y-index=\"4\" style=\"padding: 15px; border-style: solid; border-width: 1px;\"><div class=\"wptb-text-container wptb-ph-element wptb-element-text-25\"><div class=\"\" style=\"position: relative;\"><p>ACD1800F3B<\/p><\/div><\/div><\/td><td class=\"wptb-cell\" data-x-index=\"1\" data-y-index=\"4\" style=\"padding: 15px; border-style: solid; border-width: 1px; width: 113px;\"><div class=\"wptb-text-container wptb-ph-element wptb-element-text-26\" style=\"color: rgb(74, 85, 104); font-size: 15px;\"><div class=\"\" style=\"position: relative;\"><p>1800\u00d7700\u00d71270<\/p><\/div><\/div><\/td><td class=\"wptb-cell\" data-wptb-css-td-auto-width=\"true\" data-x-index=\"2\" data-y-index=\"4\" style=\"padding: 15px; border-style: solid; border-width: 1px;\"><div class=\"wptb-text-container wptb-ph-element wptb-element-text-27\" style=\"color: rgb(74, 85, 104); font-size: 15px;\"><div class=\"\" style=\"position: relative;\"><p>th\u00f4ng gi\u00f3<\/p><\/div><\/div><\/td><td class=\"wptb-cell\" data-wptb-css-td-auto-width=\"true\" data-x-index=\"3\" data-y-index=\"4\" style=\"padding: 15px; border-style: solid; border-width: 1px;\"><div class=\"wptb-text-container wptb-ph-element wptb-element-text-28\" style=\"color: rgb(74, 85, 104); font-size: 15px;\"><div class=\"\" style=\"position: relative;\"><p>Thi\u00ean th\u1ea7n<\/p><\/div><\/div><\/td><td class=\"wptb-cell\" data-wptb-css-td-auto-width=\"true\" data-x-index=\"4\" data-y-index=\"4\" style=\"padding: 15px; border-style: solid; border-width: 1px;\"><div class=\"wptb-text-container wptb-ph-element wptb-element-text-29\"><div class=\"\" style=\"position: relative;\"><p>\u0110en<\/p><\/div><\/div><\/td><td class=\"wptb-cell\" data-wptb-css-td-auto-width=\"true\" data-x-index=\"5\" data-y-index=\"4\" style=\"padding: 15px; border-style: solid; border-width: 1px;\"><div class=\"wptb-text-container wptb-ph-element wptb-element-text-30\" style=\"color: rgb(74, 85, 104); font-size: 15px;\"><div class=\"\"><p>3 ho\u1eb7c 2<\/p><\/div><\/div><\/td><\/tr><tr class=\"wptb-row\" style=\"--hover-bg-color: undefined;\"><td class=\"wptb-cell\" data-wptb-css-td-auto-width=\"true\" data-x-index=\"0\" data-y-index=\"5\" style=\"padding: 15px; border-style: solid; border-width: 1px;\"><div class=\"wptb-text-container wptb-ph-element wptb-element-text-31\"><div><p>ACD2000F3B<\/p><\/div><\/div><\/td><td class=\"wptb-cell\" data-x-index=\"1\" data-y-index=\"5\" style=\"padding: 15px; border-style: solid; border-width: 1px; width: 113px;\"><div class=\"wptb-text-container wptb-ph-element wptb-element-text-32 edit-active\" style=\"color: rgb(74, 85, 104); font-size: 15px;\"><div class=\"\" style=\"position: relative;\"><p>2000\u00d7700\u00d71270<\/p><\/div><\/div><\/td><td class=\"wptb-cell\" data-wptb-css-td-auto-width=\"true\" data-x-index=\"2\" data-y-index=\"5\" style=\"padding: 15px; border-style: solid; border-width: 1px;\"><div class=\"wptb-text-container wptb-ph-element wptb-element-text-33\" style=\"color: rgb(74, 85, 104); font-size: 15px;\"><div class=\"\" style=\"position: relative;\"><p>th\u00f4ng gi\u00f3<\/p><\/div><\/div><\/td><td class=\"wptb-cell\" data-wptb-css-td-auto-width=\"true\" data-x-index=\"3\" data-y-index=\"5\" style=\"padding: 15px; border-style: solid; border-width: 1px;\"><div class=\"wptb-text-container wptb-ph-element wptb-element-text-34\"><div class=\"\" style=\"position: relative;\"><p>Thi\u00ean th\u1ea7n<\/p><\/div><\/div><\/td><td class=\"wptb-cell\" data-wptb-css-td-auto-width=\"true\" data-x-index=\"4\" data-y-index=\"5\" style=\"padding: 15px; border-style: solid; border-width: 1px;\"><div class=\"wptb-text-container wptb-ph-element wptb-element-text-35\"><div class=\"\" style=\"position: relative;\"><p>\u0110en<\/p><\/div><\/div><\/td><td class=\"wptb-cell\" data-wptb-css-td-auto-width=\"true\" data-x-index=\"5\" data-y-index=\"5\" style=\"padding: 15px; border-style: solid; border-width: 1px;\"><div class=\"wptb-text-container wptb-ph-element wptb-element-text-36\" style=\"color: rgb(74, 85, 104); font-size: 15px;\"><div class=\"\" style=\"position: relative;\"><p>3 ho\u1eb7c 2<\/p><\/div><\/div><\/td><\/tr><\/tbody><\/table><\/div><\/div>\n\n<h3>C\u00e2u h\u1ecfi th\u01b0\u1eddng g\u1eb7p v\u1ec1 B\u1ed9 \u0111i\u1ec1u ch\u1ec9nh tr\u01b0ng b\u00e0y b\u00e1nh:<\/h3>\n<ul>\n<li>T\u1ee7 l\u1ea1nh tr\u01b0ng b\u00e0y b\u00e1nh l\u00e0 g\u00ec?<\/li>\n<\/ul>\n<p>T\u1ee7 l\u1ea1nh tr\u01b0ng b\u00e0y b\u00e1nh l\u00e0 t\u1ee7 l\u1ea1nh \u0111\u1ef1ng b\u00e1nh ng\u1ecdt th\u01b0\u01a1ng m\u1ea1i, \u0111\u01b0\u1ee3c s\u1eed d\u1ee5ng \u0111\u1ec3 tr\u01b0ng b\u00e0y c\u00e1c lo\u1ea1i b\u00e1nh ng\u1ecdt, k\u1eb9o v\u00e0 c\u00e1c lo\u1ea1i th\u1ef1c ph\u1ea9m n\u01b0\u1edbng.<\/p>\n<ul>\n<li>T\u1ee7 l\u1ea1nh b\u00e1nh ng\u1ecdt l\u00e0 g\u00ec?<\/li>\n<\/ul>\n<p>T\u1ee7 l\u1ea1nh l\u00e0m b\u00e1nh ng\u1ecdt l\u00e0 t\u1ee7 tr\u01b0ng b\u00e0y b\u00e1nh ng\u1ecdt \u0111\u00e3 \u0111\u01b0\u1ee3c l\u00e0m l\u1ea1nh; n\u00f3 th\u01b0\u1eddng \u0111\u01b0\u1ee3c l\u00e0m b\u1eb1ng k\u00ednh, v\u1edbi t\u1ea7m nh\u00ecn tuy\u1ec7t v\u1eddi ra m\u00e0n h\u00ecnh.<\/p>\n<ul>\n<li>B\u1ea1n l\u00e0 Nh\u00e0 s\u1ea3n xu\u1ea5t v\u00e0 cung c\u1ea5p T\u1ee7 l\u1ea1nh l\u00e0m b\u00e1nh<\/li>\n<\/ul>\n<p>V\u00e2ng, ch\u00fang t\u00f4i l\u00e0 nh\u00e0 s\u1ea3n xu\u1ea5t t\u1ee7 l\u1ea1nh \u0111\u1ef1ng b\u00e1nh \u1edf t\u1ec9nh S\u01a1n \u0110\u00f4ng c\u1ee7a Trung Qu\u1ed1c, ch\u00fang t\u00f4i c\u00f3 d\u00e2y chuy\u1ec1n s\u1ea3n xu\u1ea5t t\u1ee7 l\u1ea1nh \u0111\u1ef1ng b\u00e1nh. Thi\u1ebft k\u1ebf t\u00f9y ch\u1ec9nh c\u1ee7a t\u1ee7 l\u1ea1nh b\u00e1nh c\u00f3 s\u1eb5n cho ch\u00fang t\u00f4i.<\/p>\n<p>&nbsp;<\/p>\n<p>&nbsp;<\/p>\n<p>&nbsp;<\/p>\n<p>&nbsp;<\/p>\n<p>&nbsp;<\/p>\n<p>&nbsp;<\/p>\n<p>&nbsp;<\/p>","protected":false},"excerpt":{"rendered":"<p>Thi\u1ebft k\u1ebf b\u00ean ngo\u00e0i b\u00f3ng b\u1ea9y c\u1ee7a t\u1ee7 l\u1ea1nh b\u00e1nh n\u00e0y l\u00e0 ki\u1ec3u d\u00e1ng \u0111\u01b0\u1ee3c \u01b0a chu\u1ed9ng nh\u1ea5t hi\u1ec7n nay, c\u1ea5u h\u00ecnh b\u1ec1n b\u1ec9, \u00e2m l\u01b0\u1ee3ng hi\u1ec3n th\u1ecb cao, nhi\u1ec7t \u0111\u1ed9 \u1ed5n \u0111\u1ecbnh 2oC ~ 8oC<\/p>","protected":false},"featured_media":8717,"comment_status":"closed","ping_status":"closed","template":"","meta":{"_seopress_robots_primary_cat":"none","_seopress_titles_title":"Cake Refrigerator %%sep%%Commercial Cake Refrigerator Supplier%%sep%%Acenox","_seopress_titles_desc":"Reputable Manufacturer and Supplier of Cake Refrigerators in China. Durable Quality but reseaonable price, this is the popular models on market","_seopress_robots_index":""},"product_cat":[59],"product_tag":[237],"_links":{"self":[{"href":"https:\/\/acenoxkitchenequipment.com\/vi\/wp-json\/wp\/v2\/product\/8716"}],"collection":[{"href":"https:\/\/acenoxkitchenequipment.com\/vi\/wp-json\/wp\/v2\/product"}],"about":[{"href":"https:\/\/acenoxkitchenequipment.com\/vi\/wp-json\/wp\/v2\/types\/product"}],"replies":[{"embeddable":true,"href":"https:\/\/acenoxkitchenequipment.com\/vi\/wp-json\/wp\/v2\/comments?post=8716"}],"version-history":[{"count":0,"href":"https:\/\/acenoxkitchenequipment.com\/vi\/wp-json\/wp\/v2\/product\/8716\/revisions"}],"wp:featuredmedia":[{"embeddable":true,"href":"https:\/\/acenoxkitchenequipment.com\/vi\/wp-json\/wp\/v2\/media\/8717"}],"wp:attachment":[{"href":"https:\/\/acenoxkitchenequipment.com\/vi\/wp-json\/wp\/v2\/media?parent=8716"}],"wp:term":[{"taxonomy":"product_cat","embeddable":true,"href":"https:\/\/acenoxkitchenequipment.com\/vi\/wp-json\/wp\/v2\/product_cat?post=8716"},{"taxonomy":"product_tag","embeddable":true,"href":"https:\/\/acenoxkitchenequipment.com\/vi\/wp-json\/wp\/v2\/product_tag?post=8716"}],"curies":[{"name":"wp","href":"https:\/\/api.w.org\/{rel}","templated":true}]}}