{"id":8588,"date":"2023-11-10T17:37:00","date_gmt":"2023-11-10T09:37:00","guid":{"rendered":"https:\/\/acenoxkitchenequipment.com\/?post_type=product&#038;p=8588"},"modified":"2024-09-13T22:39:26","modified_gmt":"2024-09-13T14:39:26","slug":"sweet-counter","status":"publish","type":"product","link":"https:\/\/acenoxkitchenequipment.com\/vi\/san-pham\/sweet-counter\/","title":{"rendered":"Qu\u1ea7y tr\u01b0ng b\u00e0y ng\u1ecdt ng\u00e0o"},"content":{"rendered":"<h3>B\u1ed9 \u0111\u1ebfm m\u00e0n h\u00ecnh ng\u1ecdt ng\u00e0o<\/h3>\n<p>Qu\u1ea7y tr\u01b0ng b\u00e0y ng\u1ecdt ng\u00e0o l\u00e0 qu\u1ea7y tr\u01b0ng b\u00e0y \u0111\u01b0\u1ee3c l\u00e0m l\u1ea1nh.<\/p>\n<p>Qu\u1ea7y tr\u01b0ng b\u00e0y \u0111\u1ed3 ng\u1ecdt d\u00f9ng \u0111\u1ec3 l\u00e0m g\u00ec? N\u00f3 th\u01b0\u1eddng \u0111\u01b0\u1ee3c s\u1eed d\u1ee5ng \u0111\u1ec3 tr\u01b0ng b\u00e0y c\u00e1c m\u00f3n tr\u00e1ng mi\u1ec7ng, \u0111\u1ed3 ng\u1ecdt, s\u00f4c\u00f4la, b\u00e1nh ng\u1ecdt ho\u1eb7c kem.<\/p>\n<p>L\u00e0 nh\u00e0 s\u1ea3n xu\u1ea5t qu\u1ea7y tr\u01b0ng b\u00e0y \u0111\u1ed3 ng\u1ecdt, ch\u00fang t\u00f4i cung c\u1ea5p nhi\u1ec1u m\u1eabu thi\u1ebft k\u1ebf:<\/p>\n<ul>\n<li>M\u00e0u s\u1eafc: m\u00e0u th\u00e9p kh\u00f4ng g\u1ec9\/m\u00e0u \u0111en\/m\u00e0u v\u00e0ng\/m\u00e0u tr\u1eafng<\/li>\n<li>V\u1eadt li\u1ec7u: th\u00e9p tr\u00e1ng\/th\u00e9p kh\u00f4ng g\u1ec9\/\u0111\u00e1 c\u1ea9m th\u1ea1ch<\/li>\n<li>K\u1ec7: 2 l\u1edbp\/3 l\u1edbp<\/li>\n<li>Nhi\u1ec7t \u0111\u1ed9: 0 ~ 8oC<\/li>\n<li>\u0110\u01a1n v\u1ecb l\u00e0m l\u1ea1nh: M\u00e1y n\u00e9n Embraco (th\u01b0\u01a1ng hi\u1ec7u Brazil) \/ Secop (th\u01b0\u01a1ng hi\u1ec7u \u0110\u1ee9c) \/Donper (Trung Qu\u1ed1c) cho c\u00e1c t\u00f9y ch\u1ecdn<\/li>\n<li>B\u1ed9 \u0111i\u1ec1u khi\u1ec3n nhi\u1ec7t \u0111\u1ed9 k\u1ef9 thu\u1eadt s\u1ed1: ch\u00fang t\u00f4i c\u00f3 ba l\u1ef1a ch\u1ecdn: Th\u01b0\u01a1ng hi\u1ec7u Angle (th\u01b0\u01a1ng hi\u1ec7u n\u1ed5i ti\u1ebfng c\u1ee7a Trung Qu\u1ed1c)\/\u00dd Dixell\/\u00dd Carel. T\u1ea5t c\u1ea3 c\u00e1c b\u1ed9 \u0111i\u1ec1u khi\u1ec3n nhi\u1ec7t \u0111\u1ed9 k\u1ef9 thu\u1eadt s\u1ed1 n\u00e0y \u0111\u1ec1u c\u00f3 ch\u1ea5t l\u01b0\u1ee3ng b\u1ec1n b\u1ec9, \u0111\u01b0\u1ee3c s\u1ea3n xu\u1ea5t t\u1eeb c\u00e1c nh\u00e0 cung c\u1ea5p c\u00f3 uy t\u00edn, nh\u1eefng ng\u01b0\u1eddi s\u1ebd cung c\u1ea5p h\u01b0\u1edbng d\u1eabn r\u00f5 r\u00e0ng v\u00e0 chi ti\u1ebft c\u0169ng nh\u01b0 d\u1ecbch v\u1ee5 h\u1eadu m\u00e3i.<\/li>\n<li>Chi\u1ec1u d\u00e0i: 900mm\/1000mm\/1200mm\/1500mm\/1800mm\/2000mm<\/li>\n<li>\u0110\u1ed9 s\u00e2u: 700mm<\/li>\n<li>Chi\u1ec1u cao: 1270mm<\/li>\n<\/ul>\n<p>Ngo\u00e0i c\u00e1c thi\u1ebft k\u1ebf tr\u00ean, ch\u00fang t\u00f4i c\u00f2n cung c\u1ea5p nhi\u1ec1u thi\u1ebft k\u1ebf v\u1ec1 ch\u1ee9c n\u0103ng c\u1ee7a qu\u1ea7y tr\u01b0ng b\u00e0y \u0111\u1ed3 ng\u1ecdt. Thi\u1ebft k\u1ebf t\u00f9y ch\u1ec9nh kh\u00e1c nhau c\u00f3 s\u1eb5n \u1edf \u0111\u00e2y.<\/p>\n<h3>H\u00ecnh \u1ea3nh qu\u1ea7y tr\u01b0ng b\u00e0y Sweet:<\/h3>\n<p><img fetchpriority=\"high\" decoding=\"async\" class=\"alignnone wp-image-9995\" src=\"https:\/\/acenoxkitchenequipment.com\/wp-content\/uploads\/2023\/11\/sweet-display-counter-supplier.webp\" alt=\"sweet display counter\" width=\"710\" height=\"532\" srcset=\"https:\/\/acenoxkitchenequipment.com\/wp-content\/uploads\/2023\/11\/sweet-display-counter-supplier.webp 1000w, https:\/\/acenoxkitchenequipment.com\/wp-content\/uploads\/2023\/11\/sweet-display-counter-supplier-300x225.webp 300w, https:\/\/acenoxkitchenequipment.com\/wp-content\/uploads\/2023\/11\/sweet-display-counter-supplier-768x576.webp 768w, https:\/\/acenoxkitchenequipment.com\/wp-content\/uploads\/2023\/11\/sweet-display-counter-supplier-16x12.webp 16w, https:\/\/acenoxkitchenequipment.com\/wp-content\/uploads\/2023\/11\/sweet-display-counter-supplier-600x450.webp 600w\" sizes=\"(max-width: 710px) 100vw, 710px\" \/><\/p>\n<p><img decoding=\"async\" class=\"alignnone wp-image-9996\" src=\"https:\/\/acenoxkitchenequipment.com\/wp-content\/uploads\/2023\/11\/display-counter-fridges.webp\" alt=\"sweet display counter\" width=\"706\" height=\"529\" srcset=\"https:\/\/acenoxkitchenequipment.com\/wp-content\/uploads\/2023\/11\/display-counter-fridges.webp 1000w, https:\/\/acenoxkitchenequipment.com\/wp-content\/uploads\/2023\/11\/display-counter-fridges-300x225.webp 300w, https:\/\/acenoxkitchenequipment.com\/wp-content\/uploads\/2023\/11\/display-counter-fridges-768x576.webp 768w, https:\/\/acenoxkitchenequipment.com\/wp-content\/uploads\/2023\/11\/display-counter-fridges-16x12.webp 16w, https:\/\/acenoxkitchenequipment.com\/wp-content\/uploads\/2023\/11\/display-counter-fridges-600x450.webp 600w\" sizes=\"(max-width: 706px) 100vw, 706px\" \/><\/p>\n<p><img decoding=\"async\" class=\"alignnone wp-image-9997\" src=\"https:\/\/acenoxkitchenequipment.com\/wp-content\/uploads\/2023\/11\/sweet-display-counter-design.webp\" alt=\"sweet display counter\" width=\"707\" height=\"610\" srcset=\"https:\/\/acenoxkitchenequipment.com\/wp-content\/uploads\/2023\/11\/sweet-display-counter-design.webp 1000w, https:\/\/acenoxkitchenequipment.com\/wp-content\/uploads\/2023\/11\/sweet-display-counter-design-300x259.webp 300w, https:\/\/acenoxkitchenequipment.com\/wp-content\/uploads\/2023\/11\/sweet-display-counter-design-768x663.webp 768w, https:\/\/acenoxkitchenequipment.com\/wp-content\/uploads\/2023\/11\/sweet-display-counter-design-14x12.webp 14w, https:\/\/acenoxkitchenequipment.com\/wp-content\/uploads\/2023\/11\/sweet-display-counter-design-600x518.webp 600w\" sizes=\"(max-width: 707px) 100vw, 707px\" \/><\/p>\n<p>&nbsp;<\/p>\n<p>&nbsp;<\/p>\n<p>&nbsp;<\/p>\n<p>&nbsp;<\/p>\n<p>&nbsp;<\/p>","protected":false},"excerpt":{"rendered":"<p>\u0110\u00e2y l\u00e0 m\u1ed9t qu\u1ea7y tr\u01b0ng b\u00e0y \u0111\u1ed3 ng\u1ecdt c\u00f3 h\u00ecnh d\u1ea1ng v\u00e1t. K\u00ednh v\u00e1t ph\u00eda tr\u01b0\u1edbc mang l\u1ea1i c\u00e1i nh\u00ecn m\u1edbi v\u00e0 t\u1ed1t h\u01a1n cho kh\u00e1ch h\u00e0ng, gi\u00fap thu h\u00fat nhi\u1ec1u l\u01b0\u1ee3t xem h\u01a1n v\u00e0 kh\u1ea3 n\u0103ng hi\u1ec3n th\u1ecb t\u1ed1i \u0111a c\u1ee7a m\u00e0n h\u00ecnh<\/p>","protected":false},"featured_media":10520,"comment_status":"closed","ping_status":"closed","template":"","meta":{"_seopress_robots_primary_cat":"none","_seopress_titles_title":"Sweet Display Counter Manufacturer %%sep%%Wholesale Price","_seopress_titles_desc":"Chhose Acenox As your Supplier of Sweet Display counter, We are the manufacturer for large distributors in India and South Asia,etc. Very Competitive Price Durable Quality","_seopress_robots_index":""},"product_cat":[59],"product_tag":[],"_links":{"self":[{"href":"https:\/\/acenoxkitchenequipment.com\/vi\/wp-json\/wp\/v2\/product\/8588"}],"collection":[{"href":"https:\/\/acenoxkitchenequipment.com\/vi\/wp-json\/wp\/v2\/product"}],"about":[{"href":"https:\/\/acenoxkitchenequipment.com\/vi\/wp-json\/wp\/v2\/types\/product"}],"replies":[{"embeddable":true,"href":"https:\/\/acenoxkitchenequipment.com\/vi\/wp-json\/wp\/v2\/comments?post=8588"}],"version-history":[{"count":0,"href":"https:\/\/acenoxkitchenequipment.com\/vi\/wp-json\/wp\/v2\/product\/8588\/revisions"}],"wp:featuredmedia":[{"embeddable":true,"href":"https:\/\/acenoxkitchenequipment.com\/vi\/wp-json\/wp\/v2\/media\/10520"}],"wp:attachment":[{"href":"https:\/\/acenoxkitchenequipment.com\/vi\/wp-json\/wp\/v2\/media?parent=8588"}],"wp:term":[{"taxonomy":"product_cat","embeddable":true,"href":"https:\/\/acenoxkitchenequipment.com\/vi\/wp-json\/wp\/v2\/product_cat?post=8588"},{"taxonomy":"product_tag","embeddable":true,"href":"https:\/\/acenoxkitchenequipment.com\/vi\/wp-json\/wp\/v2\/product_tag?post=8588"}],"curies":[{"name":"wp","href":"https:\/\/api.w.org\/{rel}","templated":true}]}}