{"id":8567,"date":"2023-10-24T21:45:09","date_gmt":"2023-10-24T13:45:09","guid":{"rendered":"https:\/\/acenoxkitchenequipment.com\/?post_type=product&#038;p=8567"},"modified":"2024-07-14T16:01:40","modified_gmt":"2024-07-14T08:01:40","slug":"bakery-display-counter","status":"publish","type":"product","link":"https:\/\/acenoxkitchenequipment.com\/vi\/san-pham\/bakery-display-counter\/","title":{"rendered":"Qu\u1ea7y tr\u01b0ng b\u00e0y b\u00e1nh"},"content":{"rendered":"<h3><strong>C\u00e1c t\u00ednh n\u0103ng c\u1ee7a qu\u1ea7y tr\u01b0ng b\u00e0y b\u00e1nh:<\/strong><\/h3>\n<p>V\u1edbi t\u01b0 c\u00e1ch l\u00e0 nh\u00e0 s\u1ea3n xu\u1ea5t Qu\u1ea7y b\u00e1nh chuy\u00ean nghi\u1ec7p, ch\u00fang t\u00f4i \u0111\u00e3 thi\u1ebft k\u1ebf \u0111\u01a1n gi\u1ea3n m\u00f4 h\u00ecnh n\u00e0y.<\/p>\n<p>\u0110\u00e2y l\u00e0 qu\u1ea7y b\u00e1n b\u00e1nh \u0111\u1ec3 tr\u01b0ng b\u00e0y c\u00e1c lo\u1ea1i b\u00e1nh ng\u1ecdt \u1edf nhi\u1ec1u c\u01a1 s\u1edf kh\u00e1c nhau.<\/p>\n<p>Qu\u1ea7y tr\u01b0ng b\u00e0y b\u00e1nh n\u00e0y c\u00f3 c\u00e1c m\u1eb7t m\u00e0u \u0111en l\u00e0m b\u1eb1ng k\u00ednh c\u01b0\u1eddng l\u1ef1c, nh\u00ecn t\u1eeb b\u00ean c\u1ea1nh tr\u00f4ng r\u1ea5t \u0111\u1eb9p v\u00e0 \u0111\u1ed3ng \u0111\u1ec1u.<\/p>\n<ul>\n<li>K\u00edch th\u01b0\u1edbc qu\u1ea7y tr\u01b0ng b\u00e0y b\u00e1nh m\u00ec<\/li>\n<li>Th\u00f4ng th\u01b0\u1eddng, \u0111\u1ed9 s\u00e2u c\u1ee7a qu\u1ea7y tr\u01b0ng b\u00e0y b\u00e1nh dao \u0111\u1ed9ng t\u1eeb 600mm \u0111\u1ebfn 750mm v\u00e0 chi\u1ec1u d\u00e0i t\u1eeb 900mm \u0111\u1ebfn 2200mm.<\/li>\n<li>T\u1ea7ng h\u1ea7m c\u1ee7a qu\u1ea7y tr\u01b0ng b\u00e0y b\u00e1nh m\u00ec \u0111\u01b0\u1ee3c l\u00e0m b\u1eb1ng khu\u00f4n, t\u1ea1o b\u1ecdt b\u1eb1ng m\u00e1y t\u1ef1 \u0111\u1ed9ng.<\/li>\n<li>L\u1ee3i \u00edch c\u1ee7a qu\u1ea7y tr\u01b0ng b\u00e0y n\u00e0y l\u00e0 kh\u1ea3 n\u0103ng b\u1ecbt k\u00edn t\u1ed1t, c\u00f3 th\u1ec3 duy tr\u00ec nhi\u1ec7t \u0111\u1ed9 th\u1ea5p b\u00ean trong v\u00e0 ng\u0103n kh\u00f4ng kh\u00ed l\u1ea1nh tho\u00e1t ra ngo\u00e0i, nh\u1edd \u0111\u00f3 \u0111\u1ea1t \u0111\u01b0\u1ee3c hi\u1ec7u qu\u1ea3 ti\u1ebft ki\u1ec7m n\u0103ng l\u01b0\u1ee3ng tuy\u1ec7t v\u1eddi.<\/li>\n<li>Gi\u00e1 c\u1ee7a qu\u1ea7y tr\u01b0ng b\u00e0y b\u00e1nh m\u00ec r\u1ea5t kh\u00e1c nhau, ch\u1ee7 y\u1ebfu l\u00e0 do s\u1ef1 kh\u00e1c bi\u1ec7t v\u1ec1 v\u1eadt li\u1ec7u \u0111\u01b0\u1ee3c s\u1eed d\u1ee5ng v\u00e0 c\u00e1c b\u1ed9 ph\u1eadn \u0111i\u1ec7n. V\u00ed d\u1ee5, c\u00e1c y\u1ebfu t\u1ed1 nh\u01b0 \u0111\u1ed9 d\u00e0y v\u1eadt li\u1ec7u, c\u00f4ng su\u1ea5t l\u00e0m l\u1ea1nh v\u00e0 th\u01b0\u01a1ng hi\u1ec7u c\u1ee7a h\u1ec7 th\u1ed1ng l\u1ea1nh \u0111\u1ec1u \u0111\u00f3ng vai tr\u00f2 quan tr\u1ecdng trong vi\u1ec7c x\u00e1c \u0111\u1ecbnh gi\u00e1.<\/li>\n<li>Qu\u1ea7y tr\u01b0ng b\u00e0y b\u00e1nh n\u00e0y do ch\u00fang t\u00f4i s\u1ea3n xu\u1ea5t, t\u1eadp trung v\u00e0o vi\u1ec7c ti\u1ebft ki\u1ec7m n\u0103ng l\u01b0\u1ee3ng trong qu\u00e1 tr\u00ecnh s\u1eed d\u1ee5ng trong nhi\u1ec1u n\u0103m.<\/li>\n<\/ul>\n<h3>Th\u00f4ng s\u1ed1 k\u1ef9 thu\u1eadt c\u1ee7a qu\u1ea7y tr\u01b0ng b\u00e0y b\u00e1nh:<\/h3>\n<p><img fetchpriority=\"high\" decoding=\"async\" class=\"alignnone size-full wp-image-9130\" src=\"https:\/\/acenoxkitchenequipment.com\/wp-content\/uploads\/2023\/10\/specifications-of-bakery-display-counter.png\" alt=\"bakery display counter\" width=\"815\" height=\"279\" srcset=\"https:\/\/acenoxkitchenequipment.com\/wp-content\/uploads\/2023\/10\/specifications-of-bakery-display-counter.png 815w, https:\/\/acenoxkitchenequipment.com\/wp-content\/uploads\/2023\/10\/specifications-of-bakery-display-counter-300x103.png 300w, https:\/\/acenoxkitchenequipment.com\/wp-content\/uploads\/2023\/10\/specifications-of-bakery-display-counter-768x263.png 768w, https:\/\/acenoxkitchenequipment.com\/wp-content\/uploads\/2023\/10\/specifications-of-bakery-display-counter-600x205.png 600w\" sizes=\"(max-width: 815px) 100vw, 815px\" \/><\/p>\n<h3>H\u00ecnh \u1ea3nh qu\u1ea7y tr\u01b0ng b\u00e0y b\u00e1nh:<\/h3>\n<p><img decoding=\"async\" class=\"alignnone  wp-image-4720\" src=\"https:\/\/acenoxkitchenequipment.com\/wp-content\/uploads\/2022\/04\/Commercial-Bakery-Cabinet-1024x768.jpg\" alt=\"refrigerated cake display right angel\" width=\"611\" height=\"458\" srcset=\"https:\/\/acenoxkitchenequipment.com\/wp-content\/uploads\/2022\/04\/Commercial-Bakery-Cabinet-1024x768.jpg 1024w, https:\/\/acenoxkitchenequipment.com\/wp-content\/uploads\/2022\/04\/Commercial-Bakery-Cabinet-300x225.jpg 300w, https:\/\/acenoxkitchenequipment.com\/wp-content\/uploads\/2022\/04\/Commercial-Bakery-Cabinet-768x576.jpg 768w, https:\/\/acenoxkitchenequipment.com\/wp-content\/uploads\/2022\/04\/Commercial-Bakery-Cabinet-1536x1152.jpg 1536w, https:\/\/acenoxkitchenequipment.com\/wp-content\/uploads\/2022\/04\/Commercial-Bakery-Cabinet-600x450.jpg 600w, https:\/\/acenoxkitchenequipment.com\/wp-content\/uploads\/2022\/04\/Commercial-Bakery-Cabinet.jpg 2000w\" sizes=\"(max-width: 611px) 100vw, 611px\" \/><\/p>\n<p><img decoding=\"async\" class=\"alignnone wp-image-6569\" src=\"https:\/\/acenoxkitchenequipment.com\/wp-content\/uploads\/2023\/05\/cake-display-refrigerator03-e1692243841962-300x200.jpg\" alt=\"cake display refrigerator03\" width=\"608\" height=\"406\" srcset=\"https:\/\/acenoxkitchenequipment.com\/wp-content\/uploads\/2023\/05\/cake-display-refrigerator03-e1692243841962-300x200.jpg 300w, https:\/\/acenoxkitchenequipment.com\/wp-content\/uploads\/2023\/05\/cake-display-refrigerator03-e1692243841962-768x512.jpg 768w, https:\/\/acenoxkitchenequipment.com\/wp-content\/uploads\/2023\/05\/cake-display-refrigerator03-e1692243841962-600x400.jpg 600w, https:\/\/acenoxkitchenequipment.com\/wp-content\/uploads\/2023\/05\/cake-display-refrigerator03-e1692243841962.jpg 800w\" sizes=\"(max-width: 608px) 100vw, 608px\" \/><\/p>\n<p>&nbsp;<\/p>\n<p>&nbsp;<\/p>","protected":false},"excerpt":{"rendered":"<p>Qu\u1ea7y tr\u01b0ng b\u00e0y b\u00e1nh n\u00e0y l\u00e0 thi\u1ebft b\u1ecb l\u00e0m b\u00e1nh thi\u1ebft y\u1ebfu m\u00e0 c\u00e1c c\u1eeda h\u00e0ng b\u00e1nh m\u00ec c\u1ea7n c\u00f3. N\u00f3 c\u00f3 c\u00e1c m\u1eb7t m\u00e0u \u0111en l\u00e0m b\u1eb1ng k\u00ednh c\u01b0\u1eddng l\u1ef1c, nh\u00ecn t\u1eeb b\u00ean c\u1ea1nh tr\u00f4ng r\u1ea5t \u0111\u1eb9p v\u00e0 \u0111\u1ed3ng \u0111\u1ec1u. C\u1ea5u h\u00ecnh b\u1ec1n b\u1ec9, \u00e2m l\u01b0\u1ee3ng hi\u1ec3n th\u1ecb cao, nhi\u1ec7t \u0111\u1ed9 \u1ed5n \u0111\u1ecbnh 2oC ~ 8oC<\/p>","protected":false},"featured_media":8568,"comment_status":"closed","ping_status":"closed","template":"","meta":{"_seopress_robots_primary_cat":"none","_seopress_titles_title":"Bakery Display Counter Manufacturer %%sep%%Affordable Price","_seopress_titles_desc":"Bakery display counter price and specifications: made of premium Stainless Steel, black color, tempered glasses, three shelves, competitive price from manufacturer","_seopress_robots_index":""},"product_cat":[59],"product_tag":[235],"_links":{"self":[{"href":"https:\/\/acenoxkitchenequipment.com\/vi\/wp-json\/wp\/v2\/product\/8567"}],"collection":[{"href":"https:\/\/acenoxkitchenequipment.com\/vi\/wp-json\/wp\/v2\/product"}],"about":[{"href":"https:\/\/acenoxkitchenequipment.com\/vi\/wp-json\/wp\/v2\/types\/product"}],"replies":[{"embeddable":true,"href":"https:\/\/acenoxkitchenequipment.com\/vi\/wp-json\/wp\/v2\/comments?post=8567"}],"version-history":[{"count":0,"href":"https:\/\/acenoxkitchenequipment.com\/vi\/wp-json\/wp\/v2\/product\/8567\/revisions"}],"wp:featuredmedia":[{"embeddable":true,"href":"https:\/\/acenoxkitchenequipment.com\/vi\/wp-json\/wp\/v2\/media\/8568"}],"wp:attachment":[{"href":"https:\/\/acenoxkitchenequipment.com\/vi\/wp-json\/wp\/v2\/media?parent=8567"}],"wp:term":[{"taxonomy":"product_cat","embeddable":true,"href":"https:\/\/acenoxkitchenequipment.com\/vi\/wp-json\/wp\/v2\/product_cat?post=8567"},{"taxonomy":"product_tag","embeddable":true,"href":"https:\/\/acenoxkitchenequipment.com\/vi\/wp-json\/wp\/v2\/product_tag?post=8567"}],"curies":[{"name":"wp","href":"https:\/\/api.w.org\/{rel}","templated":true}]}}