{"id":8463,"date":"2023-10-08T14:38:20","date_gmt":"2023-10-08T06:38:20","guid":{"rendered":"https:\/\/acenoxkitchenequipment.com\/?post_type=product&#038;p=8463"},"modified":"2023-10-08T15:20:56","modified_gmt":"2023-10-08T07:20:56","slug":"countertop-ice-cream-freezer","status":"publish","type":"product","link":"https:\/\/acenoxkitchenequipment.com\/vi\/san-pham\/countertop-ice-cream-freezer\/","title":{"rendered":"T\u1ee7 \u0111\u00f4ng kem \u0111\u1ec3 b\u00e0n"},"content":{"rendered":"<h2>T\u1ee7 \u0111\u00f4ng kem \u0111\u1ec3 b\u00e0n<\/h2>\n<p>T\u1ee7 \u0111\u00f4ng kem \u0111\u1ec3 b\u00e0n c\u00f3 k\u00edch th\u01b0\u1edbc nh\u1ecf g\u1ecdn v\u1edbi chi ph\u00ed th\u1ea5p h\u01a1n so v\u1edbi t\u1ee7 \u0111\u00f4ng kem th\u01b0\u01a1ng m\u1ea1i c\u1ee1 l\u1edbn.<\/p>\n<p>N\u00f3 l\u00fd t\u01b0\u1edfng cho doanh nghi\u1ec7p nh\u1ecf h\u01a1n v\u00e0 n\u00f3 c\u00f3 th\u1ec3 \u0111\u01b0\u1ee3c s\u1eed d\u1ee5ng trong m\u1ed9t s\u1ed1 s\u1ef1 ki\u1ec7n nh\u1eb1m th\u00fac \u0111\u1ea9y ho\u1ea1t \u0111\u1ed9ng kinh doanh c\u1ee7a b\u1ea1n.<\/p>\n<p>Nhi\u1ec1u \u1ee9ng d\u1ee5ng nh\u01b0 s\u1eefa chua \u0111\u00f4ng l\u1ea1nh, kem que, gelato ho\u1eb7c m\u1ed9t s\u1ed1 m\u00f3n tr\u00e1ng mi\u1ec7ng v\u1edbi s\u00f4 c\u00f4 la.<\/p>\n<p>C\u00f3 th\u1ec3 d\u1ec5 d\u00e0ng ti\u1ebfp c\u1eadn \u0111\u1ec3 ph\u1ee5c v\u1ee5 nhi\u1ec1u kh\u00e1ch h\u00e0ng<\/p>\n<p><strong>\u0110\u1eb7c tr\u01b0ng:<\/strong><\/p>\n<p>\u25a0<strong> K\u00edch c\u1ee1:<\/strong> 670mm(L)\u00d7750mm(D)\u00d7360mm(H)<\/p>\n<p>\u25a0<strong> K\u00ednh:<\/strong> C\u1eeda k\u00ednh l\u00f9a, d\u00e2y \u0111i\u1ec7n s\u01b0\u1edfi \u1ea5m, kh\u00f4ng \u0111\u1ecdng s\u01b0\u01a1ng<\/p>\n<p>\u25a0<strong> \u0110\u1eb7c t\u00ednh c\u00e1ch nhi\u1ec7t t\u1ed1t: <\/strong>t\u1ea1o b\u1ecdt cyclopentane, th\u00e2n thi\u1ec7n v\u1edbi m\u00f4i tr\u01b0\u1eddng.<\/p>\n<p>\u25a0<strong> \u0110i\u1ec7n l\u1ea1nh:<\/strong> T\u0129nh, ch\u1ea5t l\u00e0m l\u1ea1nh R290, thi\u1ebft b\u1ecb bay h\u01a1i v\u00e0 ng\u01b0ng t\u1ee5 ho\u00e0n to\u00e0n b\u1eb1ng \u0111\u1ed3ng.<\/p>\n<p>\u25a0<strong>Nhi\u1ec7t \u0111\u1ed9:<\/strong> -22oC ~ -16oC<\/p>\n<p>\u25a0<strong> R\u00e3 \u0111\u00f4ng t\u1ef1 \u0111\u1ed9ng: <\/strong>R\u00e3 \u0111\u00f4ng theo chu k\u1ef3 ng\u01b0\u1ee3c<\/p>\n<p>\u25a0 <strong>Ch\u1ea3o:<\/strong> \u0111i k\u00e8m v\u1edbi 3 chi\u1ebfc ch\u1ea3o GN 1\/3 ho\u1eb7c h\u1ed9p acrylic \u0111\u1ec3 l\u1ef1a ch\u1ecdn<\/p>\n<p>\u25a0 <strong>\u0110\u00e8n LED:<\/strong> D\u1ea3i \u0111\u00e8n LED ch\u1ea5t l\u01b0\u1ee3ng t\u1ed1t gi\u00fap chi\u1ebfu s\u00e1ng Gelato m\u1ed9t c\u00e1ch xu\u1ea5t s\u1eafc<\/p>\n<p>Ch\u00fang t\u00f4i ch\u1ea5p nh\u1eadn thi\u1ebft k\u1ebf h\u00ecnh \u1ea3nh xu\u1ea5t hi\u1ec7n t\u00f9y ch\u1ec9nh<\/p>\n<figure id=\"attachment_8465\" aria-describedby=\"caption-attachment-8465\" style=\"width: 638px\" class=\"wp-caption alignnone\"><img fetchpriority=\"high\" decoding=\"async\" class=\"wp-image-8465\" src=\"https:\/\/acenoxkitchenequipment.com\/wp-content\/uploads\/2023\/10\/countertop-ice-cream-freezer-for-sale.jpg\" alt=\"countertop ice cream freezer\" width=\"638\" height=\"478\" srcset=\"https:\/\/acenoxkitchenequipment.com\/wp-content\/uploads\/2023\/10\/countertop-ice-cream-freezer-for-sale.jpg 900w, https:\/\/acenoxkitchenequipment.com\/wp-content\/uploads\/2023\/10\/countertop-ice-cream-freezer-for-sale-300x225.jpg 300w, https:\/\/acenoxkitchenequipment.com\/wp-content\/uploads\/2023\/10\/countertop-ice-cream-freezer-for-sale-768x576.jpg 768w, https:\/\/acenoxkitchenequipment.com\/wp-content\/uploads\/2023\/10\/countertop-ice-cream-freezer-for-sale-600x450.jpg 600w\" sizes=\"(max-width: 638px) 100vw, 638px\" \/><figcaption id=\"caption-attachment-8465\" class=\"wp-caption-text\">C\u1ea7n b\u00e1n t\u1ee7 \u0111\u00f4ng kem<\/figcaption><\/figure>\n<p>&nbsp;<\/p>\n<p>&nbsp;<\/p>\n<p>&nbsp;<\/p>","protected":false},"excerpt":{"rendered":"<p>K\u00edch th\u01b0\u1edbc: 670mm(L)\u00d7750mm(D)\u00d7360mm(H); T\u1ee7 \u0111\u00f4ng tr\u01b0ng b\u00e0y kem bao g\u1ed3m m\u1ed9t s\u1ed1 b\u1ed9 ph\u1eadn, ch\u1eb3ng h\u1ea1n nh\u01b0 k\u00ednh, v\u1eadt li\u1ec7u c\u00e1ch nhi\u1ec7t, h\u1ec7 th\u1ed1ng l\u00e0m l\u1ea1nh, b\u1ed9 \u0111i\u1ec1u khi\u1ec3n nhi\u1ec7t \u0111\u1ed9, \u0111\u00e8n, v.v. MOQ: 2 chi\u1ebfc; Gi\u00e1 s\u1ec9: 550usd~650usd, li\u00ean h\u1ec7 v\u1edbi ch\u00fang t\u00f4i \u0111\u1ec3 c\u00f3 gi\u00e1 \u01b0u \u0111\u00e3i!<\/p>","protected":false},"featured_media":8464,"comment_status":"open","ping_status":"closed","template":"","meta":{"_seopress_robots_primary_cat":"none","_seopress_titles_title":"Countertop Ice Cream Freezer%%sep%%ice cream freezer","_seopress_titles_desc":"Countertop ice cream freezer comes in a compact size with less cost than a large commercial stand ice cream freezer.temperature: -22\u2103 ~ -16\u2103","_seopress_robots_index":""},"product_cat":[142],"product_tag":[233],"_links":{"self":[{"href":"https:\/\/acenoxkitchenequipment.com\/vi\/wp-json\/wp\/v2\/product\/8463"}],"collection":[{"href":"https:\/\/acenoxkitchenequipment.com\/vi\/wp-json\/wp\/v2\/product"}],"about":[{"href":"https:\/\/acenoxkitchenequipment.com\/vi\/wp-json\/wp\/v2\/types\/product"}],"replies":[{"embeddable":true,"href":"https:\/\/acenoxkitchenequipment.com\/vi\/wp-json\/wp\/v2\/comments?post=8463"}],"version-history":[{"count":0,"href":"https:\/\/acenoxkitchenequipment.com\/vi\/wp-json\/wp\/v2\/product\/8463\/revisions"}],"wp:featuredmedia":[{"embeddable":true,"href":"https:\/\/acenoxkitchenequipment.com\/vi\/wp-json\/wp\/v2\/media\/8464"}],"wp:attachment":[{"href":"https:\/\/acenoxkitchenequipment.com\/vi\/wp-json\/wp\/v2\/media?parent=8463"}],"wp:term":[{"taxonomy":"product_cat","embeddable":true,"href":"https:\/\/acenoxkitchenequipment.com\/vi\/wp-json\/wp\/v2\/product_cat?post=8463"},{"taxonomy":"product_tag","embeddable":true,"href":"https:\/\/acenoxkitchenequipment.com\/vi\/wp-json\/wp\/v2\/product_tag?post=8463"}],"curies":[{"name":"wp","href":"https:\/\/api.w.org\/{rel}","templated":true}]}}