{"id":8440,"date":"2023-10-06T16:17:25","date_gmt":"2023-10-06T08:17:25","guid":{"rendered":"https:\/\/acenoxkitchenequipment.com\/?post_type=product&#038;p=8440"},"modified":"2023-12-04T17:09:28","modified_gmt":"2023-12-04T09:09:28","slug":"ice-pop-freezer","status":"publish","type":"product","link":"https:\/\/acenoxkitchenequipment.com\/vi\/san-pham\/ice-pop-freezer\/","title":{"rendered":"T\u1ee7 \u0111\u00f4ng \u0111\u00e1 Pop"},"content":{"rendered":"<h2>T\u1ee7 \u0111\u00f4ng \u0111\u00e1 Pop<\/h2>\n<ul>\n<li>M\u1ed9t t\u1ee7 \u0111\u00f4ng kem kinh t\u1ebf<\/li>\n<li>T\u1ee7 \u0111\u00f4ng n\u00e0y c\u00f3 c\u1eeda k\u00ednh ch\u1ed1ng s\u01b0\u01a1ng m\u00f9, k\u00ednh d\u00e2y s\u01b0\u1edfi s\u1ebd kh\u00f4ng c\u00f3 s\u01b0\u01a1ng m\u00f9 \u0111\u1ec3 t\u1ea1o ra t\u1ea7m nh\u00ecn r\u00f5 r\u00e0ng v\u1ec1 c\u00e1c kh\u1ed1i b\u0103ng<\/li>\n<li>T\u1ee7 \u0111\u00f4ng kem do nh\u00e0 s\u1ea3n xu\u1ea5t s\u1ea3n xu\u1ea5t<\/li>\n<li>N\u00f3 c\u00f3 c\u00e1c h\u1ed9p h\u1ed3 quang ho\u1eb7c ch\u1ea3o th\u00e9p kh\u00f4ng g\u1ec9 cho c\u00e1c m\u00e0n h\u00ecnh kh\u00e1c nhau.<\/li>\n<li>Gi\u00e1 c\u1ee7a t\u1ee7 tr\u01b0ng b\u00e0y kem n\u00e0y l\u00e0 kho\u1ea3ng 600USD ~ 980USD, gi\u00e1 b\u00e1n bu\u00f4n, S\u1ed1 l\u01b0\u1ee3ng \u0111\u1eb7t h\u00e0ng t\u1ed1i thi\u1ec3u l\u00e0 2 chi\u1ebfc.<\/li>\n<li>V\u1edbi t\u01b0 c\u00e1ch l\u00e0 nh\u00e0 s\u1ea3n xu\u1ea5t, ch\u00fang t\u00f4i ch\u1ea5p nh\u1eadn thi\u1ebft k\u1ebf t\u00f9y ch\u1ec9nh c\u1ea5u h\u00ecnh c\u1ee7a t\u1ee7 tr\u01b0ng b\u00e0y n\u00e0y<\/li>\n<li>C\u00e1ch l\u00e0m m\u00e1t t\u0129nh gi\u00fap gi\u1ea3m chi ph\u00ed cho t\u1ee7 tr\u01b0ng b\u00e0y n\u00e0y, nhi\u1ec7t \u0111\u1ed9 l\u00e0 -22oC ~ -16oC<\/li>\n<li>L\u00e0m m\u00e1t t\u0129nh, l\u00e0m m\u00e1t kh\u00f4ng th\u00f4ng gi\u00f3, nhi\u1ec7t \u0111\u1ed9 -22oC ~ -16oC, b\u1ea1n c\u00f3 th\u1ec3 \u0111\u1eb7t nhi\u1ec7t \u0111\u1ed9 theo nhi\u1ec7t \u0111\u1ed9 m\u00f4i tr\u01b0\u1eddng xung quanh \u0111\u1ec3 \u0111\u1ea1t \u0111\u01b0\u1ee3c kem ho\u1eb7c kem \u0111\u00f4ng l\u1ea1nh ho\u00e0n h\u1ea3o<\/li>\n<li>Showcase n\u00e0y l\u00e0 m\u1ed9t l\u1ef1a ch\u1ecdn t\u1ed1t \u0111\u1ec3 gi\u1edbi thi\u1ec7u Ice Pops<\/li>\n<li>C\u00e1c c\u1eeda k\u00ednh l\u1edbn mang l\u1ea1i t\u1ea7m nh\u00ecn tuy\u1ec7t v\u1eddi ra kem que v\u00e0 kem c\u1ee7a b\u1ea1n.<\/li>\n<li>G\u00f3i th\u00f9ng g\u1ed7 r\u1ea5t ch\u1eafc ch\u1eafn<\/li>\n<li>Ch\u00fang t\u00f4i c\u00f3 b\u1ed1n k\u00edch c\u1ee1 kh\u00e1c nhau v\u1edbi c\u00e1c lo\u1ea1i ch\u1ea3o kh\u00e1c nhau \u0111\u1ec3 b\u1ea1n l\u1ef1a ch\u1ecdn trong bi\u1ec3u \u0111\u1ed3 b\u00ean d\u01b0\u1edbi:<\/li>\n<\/ul>\n<p>Ch\u00fang t\u00f4i c\u00f3 th\u1ec3 g\u1eedi h\u00e0ng \u0111\u1ebfn c\u1ea3ng bi\u1ec3n g\u1ea7n nh\u1ea5t \u1edf n\u01b0\u1edbc b\u1ea1n v\u00e0 gi\u00fap l\u00e0m th\u1ee7 t\u1ee5c h\u1ea3i quan n\u1ebfu c\u1ea7n<\/p>\n<p>S\u1ed1 l\u01b0\u1ee3ng \u0111\u1eb7t h\u00e0ng t\u1ed1i thi\u1ec3u l\u00e0 2 chi\u1ebfc<\/p>\n<h3>Th\u00f4ng tin k\u0129 thu\u1eadt<\/h3>\n<div class=\"clr6_P f13_p\"><div class=\"wptb-table-container wptb-table-8439\"><div class=\"wptb-table-container-matrix\" id=\"wptb-table-id-8439\" data-wptb-version=\"1.4.14\" data-wptb-pro-status=\"false\"><table class=\"wptb-preview-table wptb-element-main-table_setting-5987\" data-wptb-adaptive-table=\"0\" data-wptb-cells-width-auto-count=\"5\" data-wptb-table-tds-sum-max-width=\"654.8000000000001\" style=\"border-style: solid; border-width: 1px;\" data-table-columns=\"5\" data-reconstraction=\"1\" data-wptb-horizontal-scroll-status=\"false\" data-wptb-extra-styles=\"LyogRW50ZXIgeW91ciBjdXN0b20gQ1NTIHJ1bGVzIGhlcmUgKi8=\" role=\"table\" data-wptb-even-row-background-color=\"#FFFFFFFF\" data-wptb-odd-row-background-color=\"#FFFFFFFF\" data-wptb-header-background-color=\"\"><tbody><tr class=\"wptb-row\" style=\"\"><td class=\"wptb-cell\" data-wptb-css-td-auto-width=\"true\" data-x-index=\"0\" data-y-index=\"0\" style=\"padding: 15px; border-style: solid; border-width: 1px;\"><div class=\"wptb-text-container wptb-ph-element wptb-element-text-1\" style=\"color: rgb(74, 85, 104); font-size: 19px;\"><div class=\"\" style=\"position: relative;\"><p><strong>NG\u01af\u1edcI M\u1eaaU<\/strong><\/p><\/div><\/div><\/td><td class=\"wptb-cell\" style=\"padding: 15px; border-style: solid; border-width: 1px;\" data-x-index=\"1\" data-y-index=\"0\" data-wptb-css-td-auto-width=\"true\"><div class=\"wptb-text-container wptb-ph-element wptb-element-text-100\" style=\"color: rgb(74, 85, 104); font-size: 19px;\"><div class=\"\" style=\"position: relative;\"><p>IPF-6<\/p><\/div><\/div><\/td><td class=\"wptb-cell\" style=\"padding: 15px; border-style: solid; border-width: 1px;\" data-x-index=\"2\" data-y-index=\"0\" data-wptb-css-td-auto-width=\"true\"><div class=\"wptb-text-container wptb-ph-element wptb-element-text-54\" style=\"color: rgb(74, 85, 104); font-size: 19px;\"><div class=\"\" style=\"position: relative;\"><p>ICP-10<\/p><\/div><\/div><\/td><td class=\"wptb-cell\" data-wptb-css-td-auto-width=\"true\" data-x-index=\"3\" data-y-index=\"0\" style=\"padding: 15px; border-style: solid; border-width: 1px;\"><div class=\"wptb-text-container wptb-ph-element wptb-element-text-3\" style=\"color: rgb(74, 85, 104); font-size: 19px;\"><div class=\"\" style=\"position: relative;\"><p>ICP-12<\/p><\/div><\/div><\/td><td class=\"wptb-cell\" style=\"padding: 15px; border-style: solid; border-width: 1px;\" data-x-index=\"4\" data-y-index=\"0\" data-wptb-css-td-auto-width=\"true\"><div class=\"wptb-text-container wptb-ph-element wptb-element-text-107\" style=\"color: rgb(0, 0, 0); font-size: 15px;\"><div class=\"\" style=\"position: relative;\"><p>ICP-14<\/p><\/div><\/div><\/td><\/tr><tr class=\"wptb-row\" style=\"--hover-bg-color: undefined; background-color: rgb(255, 255, 255);\"><td class=\"wptb-cell\" data-wptb-css-td-auto-width=\"true\" data-x-index=\"0\" data-y-index=\"1\" style=\"padding: 15px; border-style: solid; border-width: 1px;\"><div class=\"wptb-text-container wptb-ph-element wptb-element-text-7\" style=\"color: rgb(74, 85, 104); font-size: 15px;\"><div class=\"\" style=\"position: relative;\"><p>K\u00edch th\u01b0\u1edbc b\u00ean ngo\u00e0i (mm)<br>W\u00d7D\u00d7H<\/p><\/div><\/div><\/td><td class=\"wptb-cell\" style=\"padding: 15px; border-style: solid; border-width: 1px;\" data-x-index=\"1\" data-y-index=\"1\" data-wptb-css-td-auto-width=\"true\"><div class=\"wptb-text-container wptb-ph-element wptb-element-text-101\" style=\"color: rgb(74, 85, 104); font-size: 15px;\"><div class=\"\" style=\"position: relative;\"><p>640\u00d7810\u00d7900<\/p><\/div><\/div><\/td><td class=\"wptb-cell\" style=\"padding: 15px; border-style: solid; border-width: 1px;\" data-x-index=\"2\" data-y-index=\"1\" data-wptb-css-td-auto-width=\"true\"><div class=\"wptb-text-container wptb-ph-element wptb-element-text-58\" style=\"color: rgb(74, 85, 104); font-size: 15px;\"><div class=\"\" style=\"position: relative;\"><p>970\u00d7810\u00d7970<\/p><\/div><\/div><\/td><td class=\"wptb-cell\" data-wptb-css-td-auto-width=\"true\" data-x-index=\"3\" data-y-index=\"1\" style=\"padding: 15px; border-style: solid; border-width: 1px;\"><div class=\"wptb-text-container wptb-ph-element wptb-element-text-9\" style=\"color: rgb(74, 85, 104); font-size: 15px;\"><div class=\"\" style=\"position: relative;\"><p>1140\u00d7810\u00d7900<\/p><\/div><\/div><\/td><td class=\"wptb-cell\" style=\"padding: 15px; border-style: solid; border-width: 1px;\" data-x-index=\"4\" data-y-index=\"1\" data-wptb-css-td-auto-width=\"true\"><div class=\"wptb-text-container wptb-ph-element wptb-element-text-114\" style=\"color: rgb(74, 85, 104); font-size: 15px;\"><div class=\"\" style=\"position: relative;\"><p>1390\u00d7810\u00d7900<\/p><\/div><\/div><\/td><\/tr><tr class=\"wptb-row\" style=\"--hover-bg-color: undefined; background-color: rgb(255, 255, 255);\"><td class=\"wptb-cell\" data-wptb-css-td-auto-width=\"true\" data-x-index=\"0\" data-y-index=\"2\" style=\"padding: 15px; border-style: solid; border-width: 1px;\"><div class=\"wptb-text-container wptb-ph-element wptb-element-text-13\" style=\"color: rgb(74, 74, 74); font-size: 15px;\"><div class=\"\" style=\"position: relative;\"><p>Nhi\u1ec7t \u0111\u1ed9(\u00b0C)<\/p><\/div><\/div><\/td><td class=\"wptb-cell\" style=\"padding: 15px; border-style: solid; border-width: 1px;\" data-x-index=\"1\" data-y-index=\"2\" data-wptb-css-td-auto-width=\"true\"><div class=\"wptb-text-container wptb-ph-element wptb-element-text-102\" style=\"color: rgb(74, 85, 104); font-size: 15px;\"><div class=\"\" style=\"position: relative;\"><p>-16~-20<\/p><\/div><\/div><\/td><td class=\"wptb-cell\" style=\"padding: 15px; border-style: solid; border-width: 1px;\" data-x-index=\"2\" data-y-index=\"2\" data-wptb-css-td-auto-width=\"true\"><div class=\"wptb-text-container wptb-ph-element wptb-element-text-62\" style=\"color: rgb(74, 85, 104); font-size: 15px;\"><div class=\"\" style=\"position: relative;\"><p>-16~-20<\/p><\/div><\/div><\/td><td class=\"wptb-cell\" data-wptb-css-td-auto-width=\"true\" data-x-index=\"3\" data-y-index=\"2\" style=\"padding: 15px; border-style: solid; border-width: 1px;\"><div class=\"wptb-text-container wptb-ph-element wptb-element-text-64\" style=\"color: rgb(74, 85, 104); font-size: 15px;\"><div class=\"mce-edit-focus\" style=\"position: relative;\"><p>-16~-20<\/p><\/div><\/div><\/td><td class=\"wptb-cell\" style=\"padding: 15px; border-style: solid; border-width: 1px;\" data-x-index=\"4\" data-y-index=\"2\" data-wptb-css-td-auto-width=\"true\"><div class=\"wptb-text-container wptb-ph-element wptb-element-text-115\" style=\"color: rgb(74, 85, 104); font-size: 15px;\"><div class=\"\" style=\"position: relative;\"><p>-16~-20<\/p><\/div><\/div><\/td><\/tr><tr class=\"wptb-row\" style=\"--hover-bg-color: undefined; background-color: rgb(255, 255, 255);\"><td class=\"wptb-cell\" data-wptb-css-td-auto-width=\"true\" data-x-index=\"0\" data-y-index=\"3\" style=\"padding: 15px; border-style: solid; border-width: 1px;\"><div class=\"wptb-text-container wptb-ph-element wptb-element-text-19\" style=\"color: rgb(74, 85, 104); font-size: 15px;\"><div class=\"\" style=\"position: relative;\"><p>C\u00f4ng su\u1ea5t \u0111\u1ea7u v\u00e0o (W)<\/p><\/div><\/div><\/td><td class=\"wptb-cell\" style=\"padding: 15px; border-style: solid; border-width: 1px;\" data-x-index=\"1\" data-y-index=\"3\" data-wptb-css-td-auto-width=\"true\"><div class=\"wptb-text-container wptb-ph-element wptb-element-text-97\" style=\"color: rgb(0, 0, 0); font-size: 15px;\"><div class=\"\" style=\"position: relative;\"><p>200W<\/p><\/div><\/div><\/td><td class=\"wptb-cell\" style=\"padding: 15px; border-style: solid; border-width: 1px;\" data-x-index=\"2\" data-y-index=\"3\" data-wptb-css-td-auto-width=\"true\"><div class=\"wptb-text-container wptb-ph-element wptb-element-text-60\" style=\"color: rgb(74, 85, 104); font-size: 15px;\"><div class=\"\" style=\"position: relative;\"><p>260W<\/p><\/div><\/div><\/td><td class=\"wptb-cell\" data-wptb-css-td-auto-width=\"true\" data-x-index=\"3\" data-y-index=\"3\" style=\"padding: 15px; border-style: solid; border-width: 1px;\"><div class=\"wptb-text-container wptb-ph-element wptb-element-text-21\" style=\"color: rgb(74, 85, 104); font-size: 15px;\"><div class=\"\" style=\"position: relative;\"><p>300W<\/p><\/div><\/div><\/td><td class=\"wptb-cell\" style=\"padding: 15px; border-style: solid; border-width: 1px;\" data-x-index=\"4\" data-y-index=\"3\" data-wptb-css-td-auto-width=\"true\"><div class=\"wptb-text-container wptb-ph-element wptb-element-text-110\" style=\"color: rgb(0, 0, 0); font-size: 15px;\"><div class=\"\" style=\"position: relative;\"><p>350W<\/p><p><\/p><\/div><\/div><\/td><\/tr><tr class=\"wptb-row\" style=\"--hover-bg-color: undefined; background-color: rgb(255, 255, 255);\"><td class=\"wptb-cell\" style=\"padding: 15px; border-style: solid; border-width: 1px;\" data-x-index=\"0\" data-y-index=\"4\" data-wptb-css-td-auto-width=\"true\"><div class=\"wptb-text-container wptb-ph-element wptb-element-text-76\" style=\"color: rgb(74, 85, 104); font-size: 15px;\"><div class=\"\" style=\"position: relative;\"><p>R\u00e3 \u0111\u00f4ng<\/p><\/div><\/div><\/td><td class=\"wptb-cell\" style=\"padding: 15px; border-style: solid; border-width: 1px;\" data-x-index=\"1\" data-y-index=\"4\" data-wptb-css-td-auto-width=\"true\"><div class=\"wptb-text-container wptb-ph-element wptb-element-text-98\" style=\"color: rgb(0, 0, 0); font-size: 15px;\"><div class=\"\" style=\"position: relative;\"><p>T\u1ef1 \u0111\u1ed9ng<\/p><\/div><\/div><\/td><td class=\"wptb-cell\" style=\"padding: 15px; border-style: solid; border-width: 1px;\" data-x-index=\"2\" data-y-index=\"4\" data-wptb-css-td-auto-width=\"true\"><div class=\"wptb-text-container wptb-ph-element wptb-element-text-78\" style=\"color: rgb(74, 85, 104); font-size: 15px;\"><div class=\"\" style=\"position: relative;\"><p>T\u1ef1 \u0111\u1ed9ng<\/p><\/div><\/div><\/td><td class=\"wptb-cell\" style=\"padding: 15px; border-style: solid; border-width: 1px;\" data-x-index=\"3\" data-y-index=\"4\" data-wptb-css-td-auto-width=\"true\"><div class=\"wptb-text-container wptb-ph-element wptb-element-text-79\" style=\"color: rgb(74, 85, 104); font-size: 15px;\"><div class=\"\" style=\"position: relative;\"><p>T\u1ef1 \u0111\u1ed9ng<\/p><\/div><\/div><\/td><td class=\"wptb-cell\" style=\"padding: 15px; border-style: solid; border-width: 1px;\" data-x-index=\"4\" data-y-index=\"4\" data-wptb-css-td-auto-width=\"true\"><div class=\"wptb-text-container wptb-ph-element wptb-element-text-116\" style=\"color: rgb(74, 85, 104); font-size: 15px;\"><div class=\"\" style=\"position: relative;\"><p>T\u1ef1 \u0111\u1ed9ng<\/p><\/div><\/div><\/td><\/tr><tr class=\"wptb-row\" style=\"--hover-bg-color: undefined; background-color: rgb(255, 255, 255);\"><td class=\"wptb-cell\" style=\"padding: 15px; border-style: solid; border-width: 1px;\" data-x-index=\"0\" data-y-index=\"5\" data-wptb-css-td-auto-width=\"true\"><div class=\"wptb-text-container wptb-ph-element wptb-element-text-81\" style=\"color: rgb(74, 85, 104); font-size: 15px;\"><div class=\"\" style=\"position: relative;\"><p>S\u1ed1 l\u01b0\u1ee3ng ch\u1ea3o GN<br>(260\u00d7160\u00d7100cm)<\/p><\/div><\/div><\/td><td class=\"wptb-cell\" style=\"padding: 15px; border-style: solid; border-width: 1px;\" data-x-index=\"1\" data-y-index=\"5\" data-wptb-css-td-auto-width=\"true\"><div class=\"wptb-text-container wptb-ph-element wptb-element-text-99\" style=\"color: rgb(0, 0, 0); font-size: 15px;\"><div class=\"\" style=\"position: relative;\"><p>6<\/p><\/div><\/div><\/td><td class=\"wptb-cell\" style=\"padding: 15px; border-style: solid; border-width: 1px;\" data-x-index=\"2\" data-y-index=\"5\" data-wptb-css-td-auto-width=\"true\"><div class=\"wptb-text-container wptb-ph-element wptb-element-text-83\" style=\"color: rgb(74, 85, 104); font-size: 15px;\"><div class=\"\" style=\"position: relative;\"><p>10<\/p><p><\/p><\/div><\/div><\/td><td class=\"wptb-cell\" style=\"padding: 15px; border-style: solid; border-width: 1px;\" data-x-index=\"3\" data-y-index=\"5\" data-wptb-css-td-auto-width=\"true\"><div class=\"wptb-text-container wptb-ph-element wptb-element-text-84\" style=\"color: rgb(74, 85, 104); font-size: 15px;\"><div class=\"\" style=\"position: relative;\"><p>12<\/p><p><\/p><\/div><\/div><\/td><td class=\"wptb-cell\" style=\"padding: 15px; border-style: solid; border-width: 1px;\" data-x-index=\"4\" data-y-index=\"5\" data-wptb-css-td-auto-width=\"true\"><div class=\"wptb-text-container wptb-ph-element wptb-element-text-112\" style=\"color: rgb(0, 0, 0); font-size: 15px;\"><div class=\"\" style=\"position: relative;\"><p>14<\/p><p><\/p><\/div><\/div><\/td><\/tr><tr class=\"wptb-row\" style=\"background-color: rgb(255, 255, 255); --hover-bg-color: undefined;\"><td class=\"wptb-cell\" style=\"padding: 15px; border-style: solid; border-width: 1px;\" data-x-index=\"0\" data-y-index=\"6\" data-wptb-css-td-auto-width=\"true\"><div class=\"wptb-text-container wptb-ph-element wptb-element-text-103\" style=\"color: rgb(0, 0, 0); font-size: 15px;\"><div class=\"\" style=\"position: relative;\"><p>C\u00e1ch l\u00e0m m\u00e1t<\/p><\/div><\/div><\/td><td class=\"wptb-cell\" style=\"padding: 15px; border-style: solid; border-width: 1px;\" data-x-index=\"1\" data-y-index=\"6\" data-wptb-css-td-auto-width=\"true\"><div class=\"wptb-text-container wptb-ph-element wptb-element-text-104\" style=\"color: rgb(0, 0, 0); font-size: 15px;\"><div class=\"\" style=\"position: relative;\"><p>T\u0129nh<\/p><\/div><\/div><\/td><td class=\"wptb-cell\" style=\"padding: 15px; border-style: solid; border-width: 1px;\" data-x-index=\"2\" data-y-index=\"6\" data-wptb-css-td-auto-width=\"true\"><div class=\"wptb-text-container wptb-ph-element wptb-element-text-105\" style=\"color: rgb(0, 0, 0); font-size: 15px;\"><div class=\"\" style=\"position: relative;\"><p>T\u0129nh<\/p><\/div><\/div><\/td><td class=\"wptb-cell\" style=\"padding: 15px; border-style: solid; border-width: 1px;\" data-x-index=\"3\" data-y-index=\"6\" data-wptb-css-td-auto-width=\"true\"><div class=\"wptb-text-container wptb-ph-element wptb-element-text-106\" style=\"color: rgb(0, 0, 0); font-size: 15px;\"><div class=\"\" style=\"position: relative;\"><p>T\u0129nh<\/p><\/div><\/div><\/td><td class=\"wptb-cell\" style=\"padding: 15px; border-style: solid; border-width: 1px;\" data-x-index=\"4\" data-y-index=\"6\" data-wptb-css-td-auto-width=\"true\"><div class=\"wptb-text-container wptb-ph-element wptb-element-text-113\" style=\"color: rgb(0, 0, 0); font-size: 15px;\"><div class=\"\" style=\"position: relative;\"><p>T\u0129nh<\/p><p><\/p><\/div><\/div><\/td><\/tr><\/tbody><\/table><\/div><\/div>\n<\/div>\n<div><\/div>\n<div><img fetchpriority=\"high\" decoding=\"async\" class=\"alignnone wp-image-8442\" src=\"https:\/\/acenoxkitchenequipment.com\/wp-content\/uploads\/2023\/10\/Ice-pop-freezer-manufacturer.jpg\" alt=\"ice pop freezer\" width=\"579\" height=\"434\" srcset=\"https:\/\/acenoxkitchenequipment.com\/wp-content\/uploads\/2023\/10\/Ice-pop-freezer-manufacturer.jpg 900w, https:\/\/acenoxkitchenequipment.com\/wp-content\/uploads\/2023\/10\/Ice-pop-freezer-manufacturer-300x225.jpg 300w, https:\/\/acenoxkitchenequipment.com\/wp-content\/uploads\/2023\/10\/Ice-pop-freezer-manufacturer-768x576.jpg 768w, https:\/\/acenoxkitchenequipment.com\/wp-content\/uploads\/2023\/10\/Ice-pop-freezer-manufacturer-600x450.jpg 600w\" sizes=\"(max-width: 579px) 100vw, 579px\" \/><\/div>\n<div><\/div>\n<div><img decoding=\"async\" class=\"alignnone wp-image-8443\" src=\"https:\/\/acenoxkitchenequipment.com\/wp-content\/uploads\/2023\/10\/Ice-pops.jpg\" alt=\"ice pop freezer\" width=\"578\" height=\"433\" srcset=\"https:\/\/acenoxkitchenequipment.com\/wp-content\/uploads\/2023\/10\/Ice-pops.jpg 900w, https:\/\/acenoxkitchenequipment.com\/wp-content\/uploads\/2023\/10\/Ice-pops-300x225.jpg 300w, https:\/\/acenoxkitchenequipment.com\/wp-content\/uploads\/2023\/10\/Ice-pops-768x576.jpg 768w, https:\/\/acenoxkitchenequipment.com\/wp-content\/uploads\/2023\/10\/Ice-pops-600x450.jpg 600w\" sizes=\"(max-width: 578px) 100vw, 578px\" \/><\/div>\n<div><\/div>\n<div><\/div>\n<p>&nbsp;<\/p>\n<p>&nbsp;<\/p>\n<p>&nbsp;<\/p>\n<p>&nbsp;<\/p>","protected":false},"excerpt":{"rendered":"<p>T\u1ee7 \u0111\u00f4ng \u0111\u00e1 Popsicle, t\u1ee7 \u0111\u00f4ng Popsicle<\/p>","protected":false},"featured_media":8441,"comment_status":"open","ping_status":"closed","template":"","meta":{"_seopress_robots_primary_cat":"none"},"product_cat":[142],"product_tag":[230],"_links":{"self":[{"href":"https:\/\/acenoxkitchenequipment.com\/vi\/wp-json\/wp\/v2\/product\/8440"}],"collection":[{"href":"https:\/\/acenoxkitchenequipment.com\/vi\/wp-json\/wp\/v2\/product"}],"about":[{"href":"https:\/\/acenoxkitchenequipment.com\/vi\/wp-json\/wp\/v2\/types\/product"}],"replies":[{"embeddable":true,"href":"https:\/\/acenoxkitchenequipment.com\/vi\/wp-json\/wp\/v2\/comments?post=8440"}],"version-history":[{"count":0,"href":"https:\/\/acenoxkitchenequipment.com\/vi\/wp-json\/wp\/v2\/product\/8440\/revisions"}],"wp:featuredmedia":[{"embeddable":true,"href":"https:\/\/acenoxkitchenequipment.com\/vi\/wp-json\/wp\/v2\/media\/8441"}],"wp:attachment":[{"href":"https:\/\/acenoxkitchenequipment.com\/vi\/wp-json\/wp\/v2\/media?parent=8440"}],"wp:term":[{"taxonomy":"product_cat","embeddable":true,"href":"https:\/\/acenoxkitchenequipment.com\/vi\/wp-json\/wp\/v2\/product_cat?post=8440"},{"taxonomy":"product_tag","embeddable":true,"href":"https:\/\/acenoxkitchenequipment.com\/vi\/wp-json\/wp\/v2\/product_tag?post=8440"}],"curies":[{"name":"wp","href":"https:\/\/api.w.org\/{rel}","templated":true}]}}