{"id":8362,"date":"2023-09-23T19:27:38","date_gmt":"2023-09-23T11:27:38","guid":{"rendered":"https:\/\/acenoxkitchenequipment.com\/?post_type=product&#038;p=8362"},"modified":"2023-09-29T22:38:54","modified_gmt":"2023-09-29T14:38:54","slug":"cake-display-cabinets","status":"publish","type":"product","link":"https:\/\/acenoxkitchenequipment.com\/vi\/san-pham\/cake-display-cabinets\/","title":{"rendered":"T\u1ee7 tr\u01b0ng b\u00e0y b\u00e1nh inox"},"content":{"rendered":"<p><strong>\u0110\u1eb7c tr\u01b0ng:<\/strong><\/p>\n<ul>\n<li>T\u1ee7 tr\u01b0ng b\u00e0y b\u00e1nh c\u00f3 th\u1ec3 \u0111\u01b0\u1ee3c l\u00e0m b\u1eb1ng c\u00e1c v\u1eadt li\u1ec7u kh\u00e1c nhau, ch\u1eb3ng h\u1ea1n nh\u01b0 th\u1ee7y tinh, g\u1ed7 ho\u1eb7c acrylic<\/li>\n<li>L\u00e0 nh\u00e0 s\u1ea3n xu\u1ea5t, ch\u00fang t\u00f4i c\u00f3 h\u01a1n 5 n\u0103m kinh nghi\u1ec7m s\u1ea3n xu\u1ea5t t\u1ee7 tr\u01b0ng b\u00e0y b\u00e1nh.<\/li>\n<li>t\u1ee7 tr\u01b0ng b\u00e0y b\u00e1nh l\u1ea1nh v\u00e0 t\u1ee7 tr\u01b0ng b\u00e0y b\u00e1nh xung quanh.<\/li>\n<li>K\u00edch th\u01b0\u1edbc, m\u00e0u s\u1eafc v\u00e0 v\u1eadt li\u1ec7u c\u1ee7a t\u1ee7 \u0111\u01b0\u1ee3c thi\u1ebft k\u1ebf ri\u00eang \u0111\u1ec3 ph\u00f9 h\u1ee3p v\u1edbi th\u1ecb tr\u01b0\u1eddng \u0111\u1ecba ph\u01b0\u01a1ng c\u1ee7a b\u1ea1n.<\/li>\n<\/ul>\n<p><strong>L\u1ef1a ch\u1ecdn t\u1ee7 tr\u01b0ng b\u00e0y b\u00e1nh ng\u1ecdt nh\u01b0 th\u1ebf n\u00e0o?<\/strong><\/p>\n<ol>\n<li><span data-preserver-spaces=\"true\">\u0110\u1ea7u ti\u00ean h\u00e3y ch\u1ecdn \u0111\u00fang ch\u1ee9c n\u0103ng cho m\u00f3n \u0103n b\u1ea1n \u0111ang tr\u01b0ng b\u00e0y. B\u00e1nh m\u00ec, Kem, Sushi, B\u00e1nh ng\u1ecdt, B\u00e1nh m\u00ec k\u1eb9p hay m\u00f3n tr\u00e1ng mi\u1ec7ng?<\/span><\/li>\n<\/ol>\n<p><span data-preserver-spaces=\"true\">\u00a0 \u00a0 \u00a0 2. C\u1ea5u t\u1ea1o \u0111\u01a1n gi\u1ea3n, t\u1ee7 tr\u01b0ng b\u00e0y b\u00e1nh c\u00f3 hai lo\u1ea1i: l\u00e0m m\u00e1t t\u0129nh v\u00e0 l\u00e0m m\u00e1t th\u00f4ng gi\u00f3. Ch\u00fang t\u00f4i kh\u00f4ng \u0111\u1ec1 xu\u1ea5t c\u00e1ch l\u00e0m m\u00e1t t\u0129nh. Tuy gi\u00e1 r\u1ebb nh\u01b0ng kh\u1ea3 n\u0103ng l\u00e0m m\u00e1t kh\u00f4ng \u0111\u1ed3ng \u0111\u1ec1u. Nh\u1eefng n\u01a1i ti\u1ebfp x\u00fac v\u1edbi \u1ed1ng l\u00e0m m\u00e1t s\u1ebd l\u1ea1nh h\u01a1n, trong khi nh\u1eefng khu v\u1ef1c kh\u00e1c c\u00f3 nhi\u1ec7t \u0111\u1ed9 cao. V\u00ec v\u1eady, vi\u1ec7c l\u00e0m m\u00e1t th\u00f4ng gi\u00f3 l\u00e0 c\u1ea7n thi\u1ebft.<\/span><\/p>\n<p><span data-preserver-spaces=\"true\">\u00a0 \u00a0 3. B\u1ed9 ph\u1eadn l\u00e0m l\u1ea1nh l\u00e0 b\u1ed9 ph\u1eadn quan tr\u1ecdng. N\u00f3 kh\u00f4ng ch\u1ec9 l\u00e0 v\u1ec1 th\u01b0\u01a1ng hi\u1ec7u; c\u00f4ng su\u1ea5t c\u1ee7a m\u00e1y n\u00e9n l\u00e0 r\u1ea5t quan tr\u1ecdng.<\/span><\/p>\n<p>&nbsp;<\/p>\n<p>&nbsp;<\/p>\n<p>&nbsp;<\/p>\n<p>&nbsp;<\/p>\n<p>&nbsp;<\/p>\n<p>&nbsp;<\/p>\n<p>&nbsp;<\/p>","protected":false},"excerpt":{"rendered":"<p>Thi\u1ebft k\u1ebf b\u00ean ngo\u00e0i \u0111\u1eb9p m\u1eaft c\u1ee7a T\u1ee7 tr\u01b0ng b\u00e0y b\u00e1nh n\u00e0y hi\u1ec7n l\u00e0 ki\u1ec3u d\u00e1ng \u0111\u01b0\u1ee3c \u01b0a chu\u1ed9ng nh\u1ea5t, c\u1ea5u h\u00ecnh b\u1ec1n b\u1ec9, \u00e2m l\u01b0\u1ee3ng hi\u1ec3n th\u1ecb cao, nhi\u1ec7t \u0111\u1ed9 \u1ed5n \u0111\u1ecbnh 2oC ~ 8oC<\/p>","protected":false},"featured_media":8375,"comment_status":"closed","ping_status":"closed","template":"","meta":{"_seopress_robots_primary_cat":"none","_seopress_titles_title":"Cake Display Cabinet %%sep%%Custom Design and Orders %%sep%%Acenox","_seopress_titles_desc":"Cake Display Cabinets can be made of different materials, such as glass, wooden or acrylic. As a manufacturer, we have 5+ years producing experiences of cake display cabinets.","_seopress_robots_index":""},"product_cat":[59],"product_tag":[215],"_links":{"self":[{"href":"https:\/\/acenoxkitchenequipment.com\/vi\/wp-json\/wp\/v2\/product\/8362"}],"collection":[{"href":"https:\/\/acenoxkitchenequipment.com\/vi\/wp-json\/wp\/v2\/product"}],"about":[{"href":"https:\/\/acenoxkitchenequipment.com\/vi\/wp-json\/wp\/v2\/types\/product"}],"replies":[{"embeddable":true,"href":"https:\/\/acenoxkitchenequipment.com\/vi\/wp-json\/wp\/v2\/comments?post=8362"}],"version-history":[{"count":0,"href":"https:\/\/acenoxkitchenequipment.com\/vi\/wp-json\/wp\/v2\/product\/8362\/revisions"}],"wp:featuredmedia":[{"embeddable":true,"href":"https:\/\/acenoxkitchenequipment.com\/vi\/wp-json\/wp\/v2\/media\/8375"}],"wp:attachment":[{"href":"https:\/\/acenoxkitchenequipment.com\/vi\/wp-json\/wp\/v2\/media?parent=8362"}],"wp:term":[{"taxonomy":"product_cat","embeddable":true,"href":"https:\/\/acenoxkitchenequipment.com\/vi\/wp-json\/wp\/v2\/product_cat?post=8362"},{"taxonomy":"product_tag","embeddable":true,"href":"https:\/\/acenoxkitchenequipment.com\/vi\/wp-json\/wp\/v2\/product_tag?post=8362"}],"curies":[{"name":"wp","href":"https:\/\/api.w.org\/{rel}","templated":true}]}}