{"id":8357,"date":"2023-09-07T21:50:11","date_gmt":"2023-09-07T13:50:11","guid":{"rendered":"https:\/\/acenoxkitchenequipment.com\/?post_type=product&#038;p=8357"},"modified":"2023-09-29T21:53:30","modified_gmt":"2023-09-29T13:53:30","slug":"small-cake-display-counter","status":"publish","type":"product","link":"https:\/\/acenoxkitchenequipment.com\/vi\/san-pham\/small-cake-display-counter\/","title":{"rendered":"Qu\u1ea7y tr\u01b0ng b\u00e0y b\u00e1nh nh\u1ecf"},"content":{"rendered":"<h4>qu\u1ea7y tr\u01b0ng b\u00e0y b\u00e1nh nh\u1ecf<\/h4>\n<p><strong>\u0110\u1eb7c tr\u01b0ng:<\/strong><\/p>\n<p>Gi\u00e1 qu\u1ea7y tr\u01b0ng b\u00e0y b\u00e1nh nh\u1ecf s\u1ebd r\u1ebb h\u01a1n r\u1ea5t nhi\u1ec1u so v\u1edbi qu\u1ea7y tr\u01b0ng b\u00e0y b\u00e1nh \u0111\u1ee9ng.<\/p>\n<p>N\u00f3 c\u00f3 k\u00edch th\u01b0\u1edbc nh\u1ecf g\u1ecdn, c\u00e1ch s\u1eed d\u1ee5ng linh ho\u1ea1t, c\u00e1c nh\u00e0 h\u00e0ng, kh\u00e1ch s\u1ea1n, c\u1eeda h\u00e0ng t\u1ea1p h\u00f3a, qu\u00e1n c\u00e0 ph\u00ea, ti\u1ec7m b\u00e1nh, v.v., nh\u1eefng ng\u01b0\u1eddi s\u1eed d\u1ee5ng qu\u1ea7y tr\u01b0ng b\u00e0y b\u00e1nh nh\u1ecf n\u00e0y \u0111\u1ec3 tr\u01b0ng b\u00e0y m\u1ed9t s\u1ed1 \u0111\u1ed3 \u0103n nh\u1eb9 ho\u1eb7c m\u00f3n tr\u00e1ng mi\u1ec7ng.<\/p>\n<p>V\u00ec n\u00f3 nh\u1ecf n\u00ean b\u1ea1n c\u00f3 th\u1ec3 di chuy\u1ec3n n\u00f3 b\u1ea5t c\u1ee9 khi n\u00e0o b\u1ea1n mu\u1ed1n v\u00e0 \u0111\u1eb7t n\u00f3 l\u00ean qu\u1ea7y, v\u1ecb tr\u00ed d\u1ec5 th\u1ea5y \u0111\u1ec3 thu h\u00fat s\u1ef1 ch\u00fa \u00fd h\u01a1n.<\/p>\n<p>M\u1ee9c gi\u00e1 \u01b0u \u0111\u00e3i c\u1ee7a n\u00f3 gi\u00fap m\u1ecdi ch\u1ee7 s\u1edf h\u1eefu c\u01a1 s\u1edf c\u00f3 th\u1ec3 th\u1ef1c hi\u1ec7n \u0111\u01b0\u1ee3c vi\u1ec7c mua h\u00e0ng.<\/p>\n<p>H\u00e3y li\u00ean h\u1ec7 v\u1edbi ch\u00fang t\u00f4i \u0111\u1ec3 nh\u1eadn \u0111\u01b0\u1ee3c b\u1ea3ng b\u00e1o gi\u00e1 v\u00e0 b\u1ea3ng th\u00f4ng s\u1ed1 k\u1ef9 thu\u1eadt \u01b0u \u0111\u00e3i c\u1ee7a qu\u1ea7y tr\u01b0ng b\u00e0y b\u00e1n ch\u1ea1y n\u00e0y.<\/p>\n<p>&nbsp;<\/p>\n<p>&nbsp;<\/p>\n<p>&nbsp;<\/p>\n<p>&nbsp;<\/p>\n<p>&nbsp;<\/p>\n<p>&nbsp;<\/p>","protected":false},"excerpt":{"rendered":"<p>Gi\u00e1 qu\u1ea7y tr\u01b0ng b\u00e0y b\u00e1nh nh\u1ecf s\u1ebd r\u1ebb h\u01a1n r\u1ea5t nhi\u1ec1u so v\u1edbi qu\u1ea7y tr\u01b0ng b\u00e0y b\u00e1nh \u0111\u1ee9ng.<\/p>\n<p>N\u00f3 c\u00f3 k\u00edch th\u01b0\u1edbc nh\u1ecf g\u1ecdn, c\u00e1ch s\u1eed d\u1ee5ng linh ho\u1ea1t, c\u00e1c nh\u00e0 h\u00e0ng, kh\u00e1ch s\u1ea1n, c\u1eeda h\u00e0ng t\u1ea1p h\u00f3a, qu\u00e1n c\u00e0 ph\u00ea, ti\u1ec7m b\u00e1nh, v.v., nh\u1eefng ng\u01b0\u1eddi s\u1eed d\u1ee5ng qu\u1ea7y tr\u01b0ng b\u00e0y b\u00e1nh nh\u1ecf n\u00e0y \u0111\u1ec3 tr\u01b0ng b\u00e0y m\u1ed9t s\u1ed1 \u0111\u1ed3 \u0103n nh\u1eb9 ho\u1eb7c m\u00f3n tr\u00e1ng mi\u1ec7ng.<\/p>","protected":false},"featured_media":8348,"comment_status":"open","ping_status":"closed","template":"","meta":{"_seopress_robots_primary_cat":"none","_seopress_titles_title":"Small Cake Display Counter %%sep%% Make Bulk Orders With Acenox","_seopress_titles_desc":"","_seopress_robots_index":""},"product_cat":[59],"product_tag":[219],"_links":{"self":[{"href":"https:\/\/acenoxkitchenequipment.com\/vi\/wp-json\/wp\/v2\/product\/8357"}],"collection":[{"href":"https:\/\/acenoxkitchenequipment.com\/vi\/wp-json\/wp\/v2\/product"}],"about":[{"href":"https:\/\/acenoxkitchenequipment.com\/vi\/wp-json\/wp\/v2\/types\/product"}],"replies":[{"embeddable":true,"href":"https:\/\/acenoxkitchenequipment.com\/vi\/wp-json\/wp\/v2\/comments?post=8357"}],"version-history":[{"count":0,"href":"https:\/\/acenoxkitchenequipment.com\/vi\/wp-json\/wp\/v2\/product\/8357\/revisions"}],"wp:featuredmedia":[{"embeddable":true,"href":"https:\/\/acenoxkitchenequipment.com\/vi\/wp-json\/wp\/v2\/media\/8348"}],"wp:attachment":[{"href":"https:\/\/acenoxkitchenequipment.com\/vi\/wp-json\/wp\/v2\/media?parent=8357"}],"wp:term":[{"taxonomy":"product_cat","embeddable":true,"href":"https:\/\/acenoxkitchenequipment.com\/vi\/wp-json\/wp\/v2\/product_cat?post=8357"},{"taxonomy":"product_tag","embeddable":true,"href":"https:\/\/acenoxkitchenequipment.com\/vi\/wp-json\/wp\/v2\/product_tag?post=8357"}],"curies":[{"name":"wp","href":"https:\/\/api.w.org\/{rel}","templated":true}]}}