{"id":8347,"date":"2023-09-07T15:57:35","date_gmt":"2023-09-07T07:57:35","guid":{"rendered":"https:\/\/acenoxkitchenequipment.com\/?post_type=product&#038;p=8347"},"modified":"2023-09-29T22:40:09","modified_gmt":"2023-09-29T14:40:09","slug":"refrigerated-countertop-display","status":"publish","type":"product","link":"https:\/\/acenoxkitchenequipment.com\/vi\/san-pham\/refrigerated-countertop-display\/","title":{"rendered":"M\u00e0n h\u00ecnh b\u00e0n l\u1ea1nh"},"content":{"rendered":"<h3>M\u00e0n h\u00ecnh qu\u1ea7y l\u1ea1nh<\/h3>\n<p><strong>\u0110\u1eb7c tr\u01b0ng:<\/strong><\/p>\n<p>T\u1ee7 l\u1ea1nh tr\u01b0ng b\u00e0y tr\u00ean m\u1eb7t b\u00e0n l\u00e0 lo\u1ea1i t\u1ee7 tr\u01b0ng b\u00e0y \u0111\u01b0\u1ee3c l\u00e0m l\u1ea1nh \u0111\u1ec3 b\u00e0n.<\/p>\n<p>Ch\u00fang ta th\u01b0\u1eddng g\u1ecdi n\u00f3 l\u00e0 t\u1ee7 tr\u01b0ng b\u00e0y \u0111\u1ed3 ngu\u1ed9i, l\u00e0 t\u1ee7 l\u1ea1nh ho\u1eb7c t\u1ee7 \u0111\u1ed3 ngu\u1ed9i \u1ea5m. N\u00f3 \u0111\u01b0\u1ee3c s\u1eed d\u1ee5ng \u0111\u1ec3 tr\u01b0ng b\u00e0y nhi\u1ec1u lo\u1ea1i th\u1ef1c ph\u1ea9m t\u01b0\u01a1i s\u1ed1ng, ch\u1ee7 y\u1ebfu l\u00e0 th\u1ef1c ph\u1ea9m \u0111\u00e3 n\u1ea5u s\u1eb5n, nh\u1eefng lo\u1ea1i kh\u00e1c nh\u01b0 b\u00e1nh m\u00ec sandwich, pho m\u00e1t, salad, th\u1ecbt, v.v.<\/p>\n<p>R\u00f5 r\u00e0ng, n\u00f3 c\u00f3 k\u00edch th\u01b0\u1edbc nh\u1ecf. Th\u00f4ng th\u01b0\u1eddng, n\u00f3 \u0111\u01b0\u1ee3c \u0111\u1eb7t tr\u00ean m\u1ed9t qu\u1ea7y ngang t\u1ea7m v\u1edbi t\u1ea7m nh\u00ecn c\u1ee7a m\u1ecdi ng\u01b0\u1eddi. M\u1ecdi ng\u01b0\u1eddi c\u00f3 th\u1ec3 nh\u00ecn th\u1ea5y n\u00f3 tr\u1ef1c ti\u1ebfp khi h\u1ecd b\u01b0\u1edbc v\u00e0o c\u00e1c c\u01a1 s\u1edf nh\u01b0 Qu\u00e1n c\u00e0 ph\u00ea, C\u1eeda h\u00e0ng tr\u00e1ng mi\u1ec7ng, C\u1eeda h\u00e0ng b\u00e1nh ng\u1ecdt, v.v.<\/p>\n<ul>\n<li>Lo\u1ea1i n\u00e0y c\u00f3 gi\u00e1 c\u1ea1nh tranh h\u01a1n<\/li>\n<li>T\u1ea7ng h\u1ea7m \u0111\u01b0\u1ee3c l\u00e0m b\u1eb1ng nh\u1ef1a Master Batch, l\u00e0 lo\u1ea1i v\u1eadt li\u1ec7u c\u00f3 m\u1eadt \u0111\u1ed9 v\u00e0 \u0111\u1ed9 b\u1ec1n cao nh\u01b0ng gi\u00e1 th\u00e0nh th\u1ea5p.<\/li>\n<li>K\u00ednh hai l\u1edbp c\u00e1ch nhi\u1ec7t b\u00ean ngo\u00e0i<\/li>\n<li>\u0110\u01a1n v\u1ecb l\u00e0m l\u1ea1nh m\u1ea1nh m\u1ebd, th\u01b0\u01a1ng hi\u1ec7u m\u00e1y n\u00e9n c\u00f3 th\u1ec3 \u0111\u01b0\u1ee3c t\u00f9y ch\u1ec9nh. Theo ti\u00eau chu\u1ea9n c\u1ee7a ch\u00fang t\u00f4i, ch\u00fang t\u00f4i th\u01b0\u1eddng s\u1eed d\u1ee5ng secop\/Embraco\/Donper<\/li>\n<li>Ki\u1ec3m so\u00e1t nhi\u1ec7t \u0111\u1ed9 k\u1ef9 thu\u1eadt s\u1ed1<\/li>\n<\/ul>\n<p>&nbsp;<\/p>\n<p>&nbsp;<\/p>\n<p>&nbsp;<\/p>\n<p>&nbsp;<\/p>\n<p>&nbsp;<\/p>\n<p>&nbsp;<\/p>","protected":false},"excerpt":{"rendered":"<p>T\u1ee7 l\u1ea1nh tr\u01b0ng b\u00e0y tr\u00ean m\u1eb7t b\u00e0n l\u00e0 lo\u1ea1i t\u1ee7 tr\u01b0ng b\u00e0y \u0111\u01b0\u1ee3c l\u00e0m l\u1ea1nh \u0111\u1ec3 b\u00e0n. Lo\u1ea1i n\u00e0y c\u00f3 gi\u00e1 c\u1ea1nh tranh h\u01a1n; T\u1ea7ng h\u1ea7m \u0111\u01b0\u1ee3c l\u00e0m b\u1eb1ng Plastic Master Batch, l\u00e0 lo\u1ea1i v\u1eadt li\u1ec7u c\u00f3 m\u1eadt \u0111\u1ed9 v\u00e0 \u0111\u1ed9 b\u1ec1n cao nh\u01b0ng gi\u00e1 th\u00e0nh th\u1ea5p.<\/p>","protected":false},"featured_media":8353,"comment_status":"open","ping_status":"closed","template":"","meta":{"_seopress_robots_primary_cat":"none","_seopress_titles_title":"Refrigerated Countertop Display %%sep%% Manufacturer &amp; Supplier","_seopress_titles_desc":"It has a compact size, and the usage is flexible; restaurants, hotels, grocery stores, cafes, bakery shops, etc. use this small cake display counter to display some snacks or desserts.","_seopress_robots_index":""},"product_cat":[59],"product_tag":[222],"_links":{"self":[{"href":"https:\/\/acenoxkitchenequipment.com\/vi\/wp-json\/wp\/v2\/product\/8347"}],"collection":[{"href":"https:\/\/acenoxkitchenequipment.com\/vi\/wp-json\/wp\/v2\/product"}],"about":[{"href":"https:\/\/acenoxkitchenequipment.com\/vi\/wp-json\/wp\/v2\/types\/product"}],"replies":[{"embeddable":true,"href":"https:\/\/acenoxkitchenequipment.com\/vi\/wp-json\/wp\/v2\/comments?post=8347"}],"version-history":[{"count":0,"href":"https:\/\/acenoxkitchenequipment.com\/vi\/wp-json\/wp\/v2\/product\/8347\/revisions"}],"wp:featuredmedia":[{"embeddable":true,"href":"https:\/\/acenoxkitchenequipment.com\/vi\/wp-json\/wp\/v2\/media\/8353"}],"wp:attachment":[{"href":"https:\/\/acenoxkitchenequipment.com\/vi\/wp-json\/wp\/v2\/media?parent=8347"}],"wp:term":[{"taxonomy":"product_cat","embeddable":true,"href":"https:\/\/acenoxkitchenequipment.com\/vi\/wp-json\/wp\/v2\/product_cat?post=8347"},{"taxonomy":"product_tag","embeddable":true,"href":"https:\/\/acenoxkitchenequipment.com\/vi\/wp-json\/wp\/v2\/product_tag?post=8347"}],"curies":[{"name":"wp","href":"https:\/\/api.w.org\/{rel}","templated":true}]}}