{"id":8312,"date":"2023-08-30T09:56:15","date_gmt":"2023-08-30T01:56:15","guid":{"rendered":"https:\/\/acenoxkitchenequipment.com\/?post_type=product&#038;p=8312"},"modified":"2023-09-30T12:02:29","modified_gmt":"2023-09-30T04:02:29","slug":"commercial-drinks-fridge","status":"publish","type":"product","link":"https:\/\/acenoxkitchenequipment.com\/vi\/san-pham\/commercial-drinks-fridge\/","title":{"rendered":"\u0110\u1ed3 u\u1ed1ng th\u01b0\u01a1ng m\u1ea1i"},"content":{"rendered":"<h3>T\u1ee7 l\u1ea1nh \u0111\u1ed3 u\u1ed1ng th\u01b0\u01a1ng m\u1ea1i<\/h3>\n<p>\u0110\u00e2y l\u00e0 t\u1ee7 l\u1ea1nh \u0111\u1ef1ng \u0111\u1ed3 u\u1ed1ng m\u1ed9t c\u1eeda d\u00e0nh cho m\u1ee5c \u0111\u00edch th\u01b0\u01a1ng m\u1ea1i, c\u1eeda b\u1ea3n l\u1ec1 b\u1eb1ng k\u00ednh v\u1edbi k\u00ednh hai l\u1edbp kh\u00f4ng m\u1edd s\u01b0\u01a1ng.<\/p>\n<p><strong>\u0110\u1eb7c tr\u01b0ng:<\/strong><\/p>\n<ul>\n<li>K\u00edch th\u01b0\u1edbc: 745mm\u00d7700mm\u00d72100mm<\/li>\n<li>V\u1eadt li\u1ec7u: th\u00e9p tr\u00e1ng<\/li>\n<li>C\u1eeda: h\u1ee3p kim nh\u00f4m s\u01a1n m\u00e0i<\/li>\n<li>\u0110\u1ed9 d\u00e0y t\u1ea1o b\u1ecdt: 45mm<\/li>\n<li>H\u00e0ng \u0111\u1ea7u: h\u1ed9p \u0111\u00e8n<\/li>\n<li>Ph\u00eda d\u01b0\u1edbi: \u0111\u1eb7t c\u00e1c b\u1ed9 ph\u1eadn l\u00e0m l\u1ea1nh nh\u01b0 m\u00e1y n\u00e9n v\u00e0 n\u01b0\u1edbc ng\u01b0ng<\/li>\n<li>B\u00ean trong: k\u1ec7 th\u00e9p b\u1ecdc nh\u1ef1a, ch\u1ecbu l\u1ef1c cao, b\u1ec1n v\u00e0 c\u00f3 th\u1ec3 \u0111i\u1ec1u ch\u1ec9nh chi\u1ec1u cao; Bao g\u1ed3m d\u1ea3i \u0111\u00e8n LED ch\u1ea5t l\u01b0\u1ee3ng cao<\/li>\n<li>K\u00ednh: k\u00ednh c\u01b0\u1eddng l\u1ef1c cao c\u1ea5p<\/li>\n<li>L\u01b0u \u00fd: M\u00f4i tr\u01b0\u1eddng \u00e1p d\u1ee5ng: Nhi\u1ec7t \u0111\u1ed9 m\u00f4i tr\u01b0\u1eddng xung quanh d\u01b0\u1edbi 32oC<\/li>\n<\/ul>\n<p>&nbsp;<\/p>","protected":false},"excerpt":{"rendered":"<p>L\u00e0m m\u00e1t th\u00f4ng gi\u00f3; C\u1eeda k\u00ednh \u0111\u01a1n, nh\u00e3n hi\u1ec7u m\u00e1y n\u00e9n t\u00f9y ch\u1ec9nh v\u00e0 thi\u1ebft k\u1ebf ngo\u1ea1i h\u00ecnh t\u00f9y ch\u1ec9nh cho t\u1ee7 l\u1ea1nh \u0111\u1ed3 u\u1ed1ng th\u01b0\u01a1ng m\u1ea1i b\u00e1n bu\u00f4n<\/p>","protected":false},"featured_media":8313,"comment_status":"open","ping_status":"closed","template":"","meta":{"_seopress_robots_primary_cat":"none","_seopress_titles_title":"Commercial Drinks Fridge%%sep%%beverage fridge%%sep%%Acenox Manufacturing","_seopress_titles_desc":"single door Commercial Drinks Fridge, glass hinged door with two layer non-fogging glasses.Size: 745mm\u00d7700mm\u00d72100mm","_seopress_robots_index":""},"product_cat":[60],"product_tag":[214],"_links":{"self":[{"href":"https:\/\/acenoxkitchenequipment.com\/vi\/wp-json\/wp\/v2\/product\/8312"}],"collection":[{"href":"https:\/\/acenoxkitchenequipment.com\/vi\/wp-json\/wp\/v2\/product"}],"about":[{"href":"https:\/\/acenoxkitchenequipment.com\/vi\/wp-json\/wp\/v2\/types\/product"}],"replies":[{"embeddable":true,"href":"https:\/\/acenoxkitchenequipment.com\/vi\/wp-json\/wp\/v2\/comments?post=8312"}],"version-history":[{"count":0,"href":"https:\/\/acenoxkitchenequipment.com\/vi\/wp-json\/wp\/v2\/product\/8312\/revisions"}],"wp:featuredmedia":[{"embeddable":true,"href":"https:\/\/acenoxkitchenequipment.com\/vi\/wp-json\/wp\/v2\/media\/8313"}],"wp:attachment":[{"href":"https:\/\/acenoxkitchenequipment.com\/vi\/wp-json\/wp\/v2\/media?parent=8312"}],"wp:term":[{"taxonomy":"product_cat","embeddable":true,"href":"https:\/\/acenoxkitchenequipment.com\/vi\/wp-json\/wp\/v2\/product_cat?post=8312"},{"taxonomy":"product_tag","embeddable":true,"href":"https:\/\/acenoxkitchenequipment.com\/vi\/wp-json\/wp\/v2\/product_tag?post=8312"}],"curies":[{"name":"wp","href":"https:\/\/api.w.org\/{rel}","templated":true}]}}