{"id":8248,"date":"2023-08-24T20:21:10","date_gmt":"2023-08-24T12:21:10","guid":{"rendered":"https:\/\/acenoxkitchenequipment.com\/?post_type=product&#038;p=8248"},"modified":"2024-02-29T21:02:00","modified_gmt":"2024-02-29T13:02:00","slug":"mini-ice-cream-freezer","status":"publish","type":"product","link":"https:\/\/acenoxkitchenequipment.com\/vi\/san-pham\/mini-ice-cream-freezer\/","title":{"rendered":"T\u1ee7 \u0111\u00f4ng kem mini"},"content":{"rendered":"<h2>T\u1ee7 \u0111\u00f4ng kem mini<\/h2>\n<p>M\u1ed9t t\u1ee7 \u0111\u00f4ng kem l\u00fd t\u01b0\u1edfng cho c\u00e1c c\u1eeda h\u00e0ng nh\u1ecf ho\u1eb7c c\u1eeda h\u00e0ng ti\u1ec7n l\u1ee3i, c\u00f3 th\u1ec3 \u0111\u1eb7t tr\u00ean qu\u1ea7y tr\u01b0\u1edbc khi kh\u00e1ch h\u00e0ng thanh to\u00e1n, \u0111i\u1ec1u n\u00e0y s\u1ebd thu h\u00fat kh\u00e1ch h\u00e0ng mua h\u00e0ng \u0111\u1eb7c bi\u1ec7t l\u00e0 trong m\u00f9a h\u00e8.<\/p>\n<p>\u0110\u00f3 l\u00e0 m\u1ed9t t\u1ee7 \u0111\u00f4ng kem c\u00f3 th\u1ec3 t\u00edch nh\u1ecf, d\u1ec5 d\u00e0ng di chuy\u1ec3n v\u00e0 \u0111\u1eb7t \u1edf nh\u1eefng n\u01a1i kh\u00e1c nhau.<\/p>\n<p><strong>\u0110\u1eb7c tr\u01b0ng:<\/strong><\/p>\n<p>\u25a0<strong> K\u00edch c\u1ee1:<\/strong> 670mm(L)\u00d7750mm(D)\u00d7360mm(H)<\/p>\n<p>\u25a0<strong> K\u00ednh:<\/strong> C\u1eeda k\u00ednh l\u00f9a, d\u00e2y \u0111i\u1ec7n s\u01b0\u1edfi \u1ea5m, kh\u00f4ng \u0111\u1ecdng s\u01b0\u01a1ng<\/p>\n<p>\u25a0<strong> \u0110\u1eb7c t\u00ednh c\u00e1ch nhi\u1ec7t t\u1ed1t: <\/strong>t\u1ea1o b\u1ecdt cyclopentane, th\u00e2n thi\u1ec7n v\u1edbi m\u00f4i tr\u01b0\u1eddng.<\/p>\n<p>\u25a0<strong> \u0110i\u1ec7n l\u1ea1nh:<\/strong> T\u0129nh, ch\u1ea5t l\u00e0m l\u1ea1nh R290, thi\u1ebft b\u1ecb bay h\u01a1i v\u00e0 ng\u01b0ng t\u1ee5 ho\u00e0n to\u00e0n b\u1eb1ng \u0111\u1ed3ng.<\/p>\n<p>\u25a0<strong>Nhi\u1ec7t \u0111\u1ed9:<\/strong> -22oC ~ -16oC<\/p>\n<p>\u25a0<strong> R\u00e3 \u0111\u00f4ng t\u1ef1 \u0111\u1ed9ng: <\/strong>R\u00e3 \u0111\u00f4ng theo chu k\u1ef3 ng\u01b0\u1ee3c<\/p>\n<p>\u25a0 <strong>Ch\u1ea3o:<\/strong> \u0111i k\u00e8m v\u1edbi 3 chi\u1ebfc ch\u1ea3o GN 1\/3 ho\u1eb7c h\u1ed9p acrylic \u0111\u1ec3 l\u1ef1a ch\u1ecdn<\/p>\n<p>\u25a0 <strong>\u0110\u00e8n LED:<\/strong> D\u1ea3i \u0111\u00e8n LED ch\u1ea5t l\u01b0\u1ee3ng t\u1ed1t gi\u00fap chi\u1ebfu s\u00e1ng Gelato m\u1ed9t c\u00e1ch xu\u1ea5t s\u1eafc<\/p>\n<p><span class=\"___SText_t9cd5-ko_\" data-ui-name=\"Link.Text\">\u25a0 <strong>Gi\u00e1 t\u1ee7 \u0111\u00f4ng kem mini: 600usd~700usd\/chi\u1ebfc<\/strong><\/span><\/p>\n<p>Ch\u00fang t\u00f4i ch\u1ea5p nh\u1eadn thi\u1ebft k\u1ebf h\u00ecnh \u1ea3nh xu\u1ea5t hi\u1ec7n t\u00f9y ch\u1ec9nh<\/p>\n<figure id=\"attachment_8461\" aria-describedby=\"caption-attachment-8461\" style=\"width: 590px\" class=\"wp-caption alignnone\"><img fetchpriority=\"high\" decoding=\"async\" class=\"wp-image-8461\" src=\"https:\/\/acenoxkitchenequipment.com\/wp-content\/uploads\/2023\/08\/ice-cream-freezer-manufacturer.jpg\" alt=\"mini ice cream freezer\" width=\"590\" height=\"458\" srcset=\"https:\/\/acenoxkitchenequipment.com\/wp-content\/uploads\/2023\/08\/ice-cream-freezer-manufacturer.jpg 900w, https:\/\/acenoxkitchenequipment.com\/wp-content\/uploads\/2023\/08\/ice-cream-freezer-manufacturer-300x233.jpg 300w, https:\/\/acenoxkitchenequipment.com\/wp-content\/uploads\/2023\/08\/ice-cream-freezer-manufacturer-768x596.jpg 768w, https:\/\/acenoxkitchenequipment.com\/wp-content\/uploads\/2023\/08\/ice-cream-freezer-manufacturer-600x466.jpg 600w\" sizes=\"(max-width: 590px) 100vw, 590px\" \/><figcaption id=\"caption-attachment-8461\" class=\"wp-caption-text\">nh\u00e0 s\u1ea3n xu\u1ea5t t\u1ee7 \u0111\u00f4ng kem<\/figcaption><\/figure>\n<figure id=\"attachment_8460\" aria-describedby=\"caption-attachment-8460\" style=\"width: 591px\" class=\"wp-caption alignnone\"><img decoding=\"async\" class=\"wp-image-8460\" src=\"https:\/\/acenoxkitchenequipment.com\/wp-content\/uploads\/2023\/08\/mini-ice-cream-freezer-supplier.jpg\" alt=\"mini ice cream freezer\" width=\"591\" height=\"789\" srcset=\"https:\/\/acenoxkitchenequipment.com\/wp-content\/uploads\/2023\/08\/mini-ice-cream-freezer-supplier.jpg 800w, https:\/\/acenoxkitchenequipment.com\/wp-content\/uploads\/2023\/08\/mini-ice-cream-freezer-supplier-225x300.jpg 225w, https:\/\/acenoxkitchenequipment.com\/wp-content\/uploads\/2023\/08\/mini-ice-cream-freezer-supplier-768x1024.jpg 768w, https:\/\/acenoxkitchenequipment.com\/wp-content\/uploads\/2023\/08\/mini-ice-cream-freezer-supplier-600x800.jpg 600w\" sizes=\"(max-width: 591px) 100vw, 591px\" \/><figcaption id=\"caption-attachment-8460\" class=\"wp-caption-text\">nh\u00e0 cung c\u1ea5p t\u1ee7 \u0111\u00f4ng kem mini<\/figcaption><\/figure>\n<p>&nbsp;<\/p>\n<p>&nbsp;<\/p>\n<p>&nbsp;<\/p>\n<p>&nbsp;<\/p>","protected":false},"excerpt":{"rendered":"<p>Kem \u0111\u00f4ng l\u1ea1nh mini, t\u1ee7 \u0111\u00f4ng tr\u01b0ng b\u00e0y kem bao g\u1ed3m m\u1ed9t s\u1ed1 b\u1ed9 ph\u1eadn: k\u00ednh, v\u1eadt li\u1ec7u c\u00e1ch nhi\u1ec7t, h\u1ec7 th\u1ed1ng l\u00e0m l\u1ea1nh, b\u1ed9 \u0111i\u1ec1u khi\u1ec3n nhi\u1ec7t \u0111\u1ed9, \u0111\u00e8n, v.v. <span class=\"___SText_t9cd5-ko_\" data-ui-name=\"Link.Text\">t\u1ee7 \u0111\u00f4ng kem mini gi\u00e1 kho\u1ea3ng 600usd~650usd<\/span><\/p>","protected":false},"featured_media":8249,"comment_status":"open","ping_status":"closed","template":"","meta":{"_seopress_robots_primary_cat":"none","_seopress_titles_title":"Mini Ice Cream Freezer%%sep%%Mini Freezer Ice Cream Supplies","_seopress_titles_desc":"An Ideal mini ice cream display freezer for convenience stores, it could be placed on the counter before customers check out, temperature: -22\u2103 ~ -16\u2103","_seopress_robots_index":""},"product_cat":[142],"product_tag":[232],"_links":{"self":[{"href":"https:\/\/acenoxkitchenequipment.com\/vi\/wp-json\/wp\/v2\/product\/8248"}],"collection":[{"href":"https:\/\/acenoxkitchenequipment.com\/vi\/wp-json\/wp\/v2\/product"}],"about":[{"href":"https:\/\/acenoxkitchenequipment.com\/vi\/wp-json\/wp\/v2\/types\/product"}],"replies":[{"embeddable":true,"href":"https:\/\/acenoxkitchenequipment.com\/vi\/wp-json\/wp\/v2\/comments?post=8248"}],"version-history":[{"count":0,"href":"https:\/\/acenoxkitchenequipment.com\/vi\/wp-json\/wp\/v2\/product\/8248\/revisions"}],"wp:featuredmedia":[{"embeddable":true,"href":"https:\/\/acenoxkitchenequipment.com\/vi\/wp-json\/wp\/v2\/media\/8249"}],"wp:attachment":[{"href":"https:\/\/acenoxkitchenequipment.com\/vi\/wp-json\/wp\/v2\/media?parent=8248"}],"wp:term":[{"taxonomy":"product_cat","embeddable":true,"href":"https:\/\/acenoxkitchenequipment.com\/vi\/wp-json\/wp\/v2\/product_cat?post=8248"},{"taxonomy":"product_tag","embeddable":true,"href":"https:\/\/acenoxkitchenequipment.com\/vi\/wp-json\/wp\/v2\/product_tag?post=8248"}],"curies":[{"name":"wp","href":"https:\/\/api.w.org\/{rel}","templated":true}]}}