{"id":8245,"date":"2023-08-24T20:16:42","date_gmt":"2023-08-24T12:16:42","guid":{"rendered":"https:\/\/acenoxkitchenequipment.com\/?post_type=product&#038;p=8245"},"modified":"2024-02-29T20:18:21","modified_gmt":"2024-02-29T12:18:21","slug":"small-ice-cream-freezer","status":"publish","type":"product","link":"https:\/\/acenoxkitchenequipment.com\/vi\/san-pham\/small-ice-cream-freezer\/","title":{"rendered":"T\u1ee7 \u0111\u00f4ng kem nh\u1ecf"},"content":{"rendered":"<h2>T\u1ee7 \u0111\u00f4ng kem nh\u1ecf<\/h2>\n<p>T\u1ee7 \u0111\u00f4ng kem nh\u1ecf n\u00e0y c\u00f2n \u0111\u01b0\u1ee3c g\u1ecdi l\u00e0 t\u1ee7 \u0111\u00f4ng gelato \u0111\u1ec3 b\u00e0n. N\u00f3 c\u00f3 kh\u1ed1i l\u01b0\u1ee3ng nh\u1ecf nh\u01b0ng kh\u00f4ng gian tr\u01b0ng b\u00e0y l\u1edbn. 6~7 chi\u1ebfc Ch\u1ea3o GN 1\/3 \u0111\u1ec3 \u0111\u1ef1ng Gelato; v\u00ec c\u00f3 th\u1ec3 t\u00edch nh\u1ecf n\u00ean gi\u00e1 th\u00e0nh s\u1ebd th\u1ea5p h\u01a1n nhi\u1ec1u so v\u1edbi t\u1ee7 \u0111\u00f4ng Gelato lo\u1ea1i \u0111\u1ee9ng \u0111\u1ed9c l\u1eadp.<\/p>\n<p>N\u00f3 \u0111\u01b0\u1ee3c trang b\u1ecb 3 l\u1edbp k\u00ednh, gi\u00fap ti\u1ebft ki\u1ec7m n\u0103ng l\u01b0\u1ee3ng hi\u1ec7u qu\u1ea3. N\u00f3 c\u00f3 m\u1ed9t h\u1ec7 th\u1ed1ng l\u00e0m l\u1ea1nh m\u1ea1nh m\u1ebd \u0111\u1ec3 cung c\u1ea5p nhi\u1ec7t \u0111\u1ed9 th\u1ea5p \u1ed5n \u0111\u1ecbnh v\u00ec Gelato c\u00f3 y\u00eau c\u1ea7u nh\u1ea1y c\u1ea3m v\u1ec1 nhi\u1ec7t \u0111\u1ed9.<\/p>\n<ol>\n<li>\n<h3><strong>\u0110\u1eb7c tr\u01b0ng:<\/strong><\/h3>\n<p>\u25a0<strong><b>\u00a0<\/b><\/strong><strong><b>K\u00ednh:<\/b><\/strong>\u00a0k\u00ednh ba l\u1edbp c\u00f3 d\u00e2y s\u01b0\u1edfi \u0111i\u1ec7n, kh\u00f4ng b\u1ecb m\u1edd<\/p>\n<p>\u25a0<strong><b>\u00a0\u0110\u1eb7c t\u00ednh c\u00e1ch nhi\u1ec7t t\u1ed1t: <\/b><\/strong>t\u1ea1o b\u1ecdt cyclopentane, th\u00e2n thi\u1ec7n v\u1edbi m\u00f4i tr\u01b0\u1eddng.<\/p>\n<p>\u25a0<strong><b>\u00a0<\/b><\/strong><strong><b>\u0110i\u1ec7n l\u1ea1nh:<\/b><\/strong>\u00a0l\u00e0m m\u00e1t th\u00f4ng gi\u00f3, ng\u01b0ng t\u1ee5 v\u00e0 bay h\u01a1i ho\u00e0n to\u00e0n b\u1eb1ng \u0111\u1ed3ng.<\/p>\n<p>\u25a0<strong><b>\u00a0<\/b><\/strong><strong><b>R\u00e3 \u0111\u00f4ng t\u1ef1 \u0111\u1ed9ng<\/b><\/strong><\/p>\n<p>\u25a0 <strong><b>Ch\u1ea3o<\/b><\/strong><strong><b>:<\/b><\/strong>\u00a0nhi\u1ec1u lo\u1ea1i ch\u1ea3o GN b\u1eb1ng th\u00e9p kh\u00f4ng g\u1ec9 cho c\u00e1c t\u00f9y ch\u1ecdn.<\/p>\n<p>\u25a0 <strong><b>\u0110\u00e8n LED:<\/b><\/strong>\u00a0D\u1ea3i \u0111\u00e8n LED ch\u1ea5t l\u01b0\u1ee3ng t\u1ed1t gi\u00fap chi\u1ebfu s\u00e1ng Gelato m\u1ed9t c\u00e1ch xu\u1ea5t s\u1eafc<\/p>\n<p>\u25a0<strong><b>\u00a0<\/b><\/strong><strong><b>B\u00e1nh xe:<\/b><\/strong>\u00a0B\u00e1nh xe TPR ph\u1ed5 th\u00f4ng, hai b\u00e1nh c\u00f3 phanh.<\/li>\n<li>\n<h3>Th\u00f4ng tin k\u1ef9 thu\u1eadt c\u1ee7a t\u1ee7 \u0111\u00f4ng kem nh\u1ecf<\/h3>\n<\/li>\n<\/ol>\n<div class=\"wptb-table-container wptb-table-7488\"><div class=\"wptb-table-container-matrix\" id=\"wptb-table-id-7488\" data-wptb-version=\"1.4.14\" data-wptb-pro-status=\"false\"><table class=\"wptb-preview-table wptb-element-main-table_setting-5987\" data-wptb-adaptive-table=\"0\" data-wptb-cells-width-auto-count=\"3\" data-wptb-table-tds-sum-max-width=\"537\" style=\"border-style: solid; border-width: 1px;\" data-table-columns=\"4\" data-reconstraction=\"1\" data-wptb-horizontal-scroll-status=\"false\" data-wptb-extra-styles=\"LyogRW50ZXIgeW91ciBjdXN0b20gQ1NTIHJ1bGVzIGhlcmUgKi8=\" role=\"table\" data-wptb-even-row-background-color=\"#FFFFFFFF\" data-wptb-odd-row-background-color=\"#FFFFFFFF\" data-wptb-header-background-color=\"\"><tbody><tr class=\"wptb-row\" style=\"\"><td class=\"wptb-cell\" data-wptb-css-td-auto-width=\"true\" data-x-index=\"0\" data-y-index=\"0\" style=\"padding: 15px; border-style: solid; border-width: 1px;\"><div class=\"wptb-text-container wptb-ph-element wptb-element-text-1\" style=\"color: rgb(74, 85, 104); font-size: 19px;\"><div class=\"\" style=\"position: relative;\"><p><strong>NG\u01af\u1edcI M\u1eaaU<\/strong><\/p><\/div><\/div><\/td><td class=\"wptb-cell\" data-x-index=\"1\" data-y-index=\"0\" style=\"padding: 15px; border-style: solid; border-width: 1px; width: 113px;\"><div class=\"wptb-text-container wptb-ph-element wptb-element-text-2\" style=\"color: rgb(74, 85, 104); font-size: 19px;\"><div class=\"\" style=\"position: relative;\"><p>CTF-117<\/p><\/div><\/div><\/td><td class=\"wptb-cell\" style=\"padding: 15px; border-style: solid; border-width: 1px;\" data-x-index=\"2\" data-y-index=\"0\" data-wptb-css-td-auto-width=\"true\"><div class=\"wptb-text-container wptb-ph-element wptb-element-text-54\" style=\"color: rgb(74, 85, 104); font-size: 19px;\"><div class=\"\" style=\"position: relative;\"><p>CTF-122<\/p><\/div><\/div><\/td><td class=\"wptb-cell\" data-wptb-css-td-auto-width=\"true\" data-x-index=\"3\" data-y-index=\"0\" style=\"padding: 15px; border-style: solid; border-width: 1px;\"><div class=\"wptb-text-container wptb-ph-element wptb-element-text-3\" style=\"color: rgb(74, 85, 104); font-size: 19px;\"><div class=\"\" style=\"position: relative;\"><p>CTF-140<\/p><\/div><\/div><\/td><\/tr><tr class=\"wptb-row\" style=\"--hover-bg-color: undefined; background-color: rgb(255, 255, 255);\"><td class=\"wptb-cell\" data-wptb-css-td-auto-width=\"true\" data-x-index=\"0\" data-y-index=\"1\" style=\"padding: 15px; border-style: solid; border-width: 1px;\"><div class=\"wptb-text-container wptb-ph-element wptb-element-text-7\" style=\"color: rgb(74, 85, 104); font-size: 15px;\"><div class=\"\" style=\"position: relative;\"><p>K\u00edch th\u01b0\u1edbc b\u00ean ngo\u00e0i (mm)<br>W\u00d7D\u00d7H<\/p><\/div><\/div><\/td><td class=\"wptb-cell wptb-ondragenter\" data-x-index=\"1\" data-y-index=\"1\" style=\"padding: 15px; border-style: solid; border-width: 1px; width: 113px;\"><div class=\"wptb-text-container wptb-ph-element wptb-element-text-8\" style=\"color: rgb(74, 85, 104); font-size: 15px;\"><div class=\"\" style=\"position: relative;\"><p>1170\u00d7850\u00d7550<\/p><\/div><\/div><\/td><td class=\"wptb-cell\" style=\"padding: 15px; border-style: solid; border-width: 1px;\" data-x-index=\"2\" data-y-index=\"1\" data-wptb-css-td-auto-width=\"true\"><div class=\"wptb-text-container wptb-ph-element wptb-element-text-58\" style=\"color: rgb(74, 85, 104); font-size: 15px;\"><div class=\"\" style=\"position: relative;\"><p>1220\u00d7680\u00d7740<\/p><\/div><\/div><\/td><td class=\"wptb-cell\" data-wptb-css-td-auto-width=\"true\" data-x-index=\"3\" data-y-index=\"1\" style=\"padding: 15px; border-style: solid; border-width: 1px;\"><div class=\"wptb-text-container wptb-ph-element wptb-element-text-9\" style=\"color: rgb(74, 85, 104); font-size: 15px;\"><div class=\"\" style=\"position: relative;\"><p>1400\u00d7680\u00d7740<\/p><\/div><\/div><\/td><\/tr><tr class=\"wptb-row\" style=\"background-color: rgb(255, 255, 255); --hover-bg-color: undefined;\"><td class=\"wptb-cell\" style=\"padding: 15px; border-style: solid; border-width: 1px;\" data-x-index=\"0\" data-y-index=\"2\" data-wptb-css-td-auto-width=\"true\"><div class=\"wptb-text-container wptb-ph-element wptb-element-text-94\" style=\"color: rgb(0, 0, 0); font-size: 15px;\"><div class=\"\" style=\"position: relative;\"><p>K\u00edch th\u01b0\u1edbc \u0111\u00f3ng g\u00f3i (mm)<br>W\u00d7D\u00d7H<\/p><\/div><\/div><\/td><td class=\"wptb-cell\" style=\"padding: 15px; border-style: solid; border-width: 1px; width: 113px;\" data-x-index=\"1\" data-y-index=\"2\"><div class=\"wptb-text-container wptb-ph-element wptb-element-text-98\" style=\"color: rgb(74, 85, 104); font-size: 15px;\"><div class=\"\" style=\"position: relative;\"><p>1240\u00d7934\u00d7715<\/p><\/div><\/div><\/td><td class=\"wptb-cell\" style=\"padding: 15px; border-style: solid; border-width: 1px;\" data-x-index=\"2\" data-y-index=\"2\" data-wptb-css-td-auto-width=\"true\"><div class=\"wptb-text-container wptb-ph-element wptb-element-text-96\" style=\"color: rgb(0, 0, 0); font-size: 15px;\"><div class=\"\" style=\"position: relative;\"><p>1277\u00d7786\u00d7950<\/p><\/div><\/div><\/td><td class=\"wptb-cell\" style=\"padding: 15px; border-style: solid; border-width: 1px;\" data-x-index=\"3\" data-y-index=\"2\" data-wptb-css-td-auto-width=\"true\"><div class=\"wptb-text-container wptb-ph-element wptb-element-text-97\" style=\"color: rgb(0, 0, 0); font-size: 15px;\"><div class=\"\"><p>1457\u00d7786\u00d7950<\/p><\/div><\/div><\/td><\/tr><tr class=\"wptb-row\" style=\"--hover-bg-color: undefined; background-color: rgb(255, 255, 255);\"><td class=\"wptb-cell\" data-wptb-css-td-auto-width=\"true\" data-x-index=\"0\" data-y-index=\"3\" style=\"padding: 15px; border-style: solid; border-width: 1px;\"><div class=\"wptb-text-container wptb-ph-element wptb-element-text-13\" style=\"color: rgb(74, 74, 74); font-size: 15px;\"><div class=\"\" style=\"position: relative;\"><p>Nhi\u1ec7t \u0111\u1ed9(\u00b0C)<\/p><\/div><\/div><\/td><td class=\"wptb-cell\" data-x-index=\"1\" data-y-index=\"3\" style=\"padding: 15px; border-style: solid; border-width: 1px; width: 113px;\"><div class=\"wptb-text-container wptb-ph-element wptb-element-text-63\" style=\"color: rgb(74, 85, 104); font-size: 15px;\"><div class=\"\" style=\"position: relative;\"><p>-13~-22<\/p><\/div><\/div><\/td><td class=\"wptb-cell\" style=\"padding: 15px; border-style: solid; border-width: 1px;\" data-x-index=\"2\" data-y-index=\"3\" data-wptb-css-td-auto-width=\"true\"><div class=\"wptb-text-container wptb-ph-element wptb-element-text-62\" style=\"color: rgb(74, 85, 104); font-size: 15px;\"><div class=\"\" style=\"position: relative;\"><p>-13~-22<\/p><\/div><\/div><\/td><td class=\"wptb-cell\" data-wptb-css-td-auto-width=\"true\" data-x-index=\"3\" data-y-index=\"3\" style=\"padding: 15px; border-style: solid; border-width: 1px;\"><div class=\"wptb-text-container wptb-ph-element wptb-element-text-64\" style=\"color: rgb(74, 85, 104); font-size: 15px;\"><div class=\"\" style=\"position: relative;\"><p>-13~-22<\/p><\/div><\/div><\/td><\/tr><tr class=\"wptb-row\" style=\"--hover-bg-color: undefined; background-color: rgb(255, 255, 255);\"><td class=\"wptb-cell\" data-wptb-css-td-auto-width=\"true\" data-x-index=\"0\" data-y-index=\"4\" style=\"padding: 15px; border-style: solid; border-width: 1px;\"><div class=\"wptb-text-container wptb-ph-element wptb-element-text-19\" style=\"color: rgb(74, 85, 104); font-size: 15px;\"><div class=\"\" style=\"position: relative;\"><p>C\u00f4ng su\u1ea5t \u0111\u1ea7u v\u00e0o (W)<\/p><\/div><\/div><\/td><td class=\"wptb-cell\" data-x-index=\"1\" data-y-index=\"4\" style=\"padding: 15px; border-style: solid; border-width: 1px; width: 113px;\"><div class=\"wptb-text-container wptb-ph-element wptb-element-text-20\" style=\"color: rgb(74, 85, 104); font-size: 15px;\"><div class=\"\" style=\"position: relative;\"><p>780<\/p><\/div><\/div><\/td><td class=\"wptb-cell\" style=\"padding: 15px; border-style: solid; border-width: 1px;\" data-x-index=\"2\" data-y-index=\"4\" data-wptb-css-td-auto-width=\"true\"><div class=\"wptb-text-container wptb-ph-element wptb-element-text-60\" style=\"color: rgb(74, 85, 104); font-size: 15px;\"><div class=\"\" style=\"position: relative;\"><p>780<\/p><\/div><\/div><\/td><td class=\"wptb-cell\" data-wptb-css-td-auto-width=\"true\" data-x-index=\"3\" data-y-index=\"4\" style=\"padding: 15px; border-style: solid; border-width: 1px;\"><div class=\"wptb-text-container wptb-ph-element wptb-element-text-21\" style=\"color: rgb(74, 85, 104); font-size: 15px;\"><div class=\"\" style=\"position: relative;\"><p>860<\/p><\/div><\/div><\/td><\/tr><tr class=\"wptb-row\" style=\"--hover-bg-color: undefined; background-color: rgb(255, 255, 255);\"><td class=\"wptb-cell\" style=\"padding: 15px; border-style: solid; border-width: 1px;\" data-x-index=\"0\" data-y-index=\"5\" data-wptb-css-td-auto-width=\"true\"><div class=\"wptb-text-container wptb-ph-element wptb-element-text-66\" style=\"color: rgb(74, 85, 104); font-size: 15px;\"><div class=\"\" style=\"position: relative;\"><p>T\u1ed5ng tr\u1ecdng l\u01b0\u1ee3ng (kg)<\/p><\/div><\/div><\/td><td class=\"wptb-cell\" style=\"padding: 15px; border-style: solid; border-width: 1px; width: 113px;\" data-x-index=\"1\" data-y-index=\"5\"><div class=\"wptb-text-container wptb-ph-element wptb-element-text-86\" style=\"color: rgb(74, 85, 104); font-size: 15px;\"><div class=\"\" style=\"position: relative;\"><p>132<\/p><\/div><\/div><\/td><td class=\"wptb-cell\" style=\"padding: 15px; border-style: solid; border-width: 1px;\" data-x-index=\"2\" data-y-index=\"5\" data-wptb-css-td-auto-width=\"true\"><div class=\"wptb-text-container wptb-ph-element wptb-element-text-68\" style=\"color: rgb(74, 85, 104); font-size: 15px;\"><div class=\"\" style=\"position: relative;\"><p>140<\/p><\/div><\/div><\/td><td class=\"wptb-cell\" style=\"padding: 15px; border-style: solid; border-width: 1px;\" data-x-index=\"3\" data-y-index=\"5\" data-wptb-css-td-auto-width=\"true\"><div class=\"wptb-text-container wptb-ph-element wptb-element-text-69\" style=\"color: rgb(74, 85, 104); font-size: 15px;\"><div class=\"\" style=\"position: relative;\"><p>164<\/p><\/div><\/div><\/td><\/tr><tr class=\"wptb-row\" style=\"--hover-bg-color: undefined; background-color: rgb(255, 255, 255);\"><td class=\"wptb-cell\" style=\"padding: 15px; border-style: solid; border-width: 1px;\" data-x-index=\"0\" data-y-index=\"6\" data-wptb-css-td-auto-width=\"true\"><div class=\"wptb-text-container wptb-ph-element wptb-element-text-71\" style=\"color: rgb(74, 85, 104); font-size: 15px;\"><div class=\"\" style=\"position: relative;\"><p>S\u1ed1 l\u01b0\u1ee3ng 1\/3 ch\u1ea3o<br>(325\u00d7176\u00d7100h)<\/p><\/div><\/div><\/td><td class=\"wptb-cell\" style=\"padding: 15px; border-style: solid; border-width: 1px; width: 113px;\" data-x-index=\"1\" data-y-index=\"6\"><div class=\"wptb-text-container wptb-ph-element wptb-element-text-72\" style=\"color: rgb(74, 85, 104); font-size: 15px;\"><div class=\"\" style=\"position: relative;\"><p>6<\/p><p><\/p><\/div><\/div><\/td><td class=\"wptb-cell\" style=\"padding: 15px; border-style: solid; border-width: 1px;\" data-x-index=\"2\" data-y-index=\"6\" data-wptb-css-td-auto-width=\"true\"><div class=\"wptb-text-container wptb-ph-element wptb-element-text-73\" style=\"color: rgb(74, 85, 104); font-size: 15px;\"><div class=\"\" style=\"position: relative;\"><p>6<\/p><\/div><\/div><\/td><td class=\"wptb-cell\" style=\"padding: 15px; border-style: solid; border-width: 1px;\" data-x-index=\"3\" data-y-index=\"6\" data-wptb-css-td-auto-width=\"true\"><div class=\"wptb-text-container wptb-ph-element wptb-element-text-74\" style=\"color: rgb(74, 85, 104); font-size: 15px;\"><div class=\"\" style=\"position: relative;\"><p>7<\/p><p><\/p><\/div><\/div><\/td><\/tr><tr class=\"wptb-row\" style=\"--hover-bg-color: undefined; background-color: rgb(255, 255, 255);\"><td class=\"wptb-cell\" style=\"padding: 15px; border-style: solid; border-width: 1px;\" data-x-index=\"0\" data-y-index=\"7\" data-wptb-css-td-auto-width=\"true\"><div class=\"wptb-text-container wptb-ph-element wptb-element-text-76\" style=\"color: rgb(74, 85, 104); font-size: 15px;\"><div class=\"\" style=\"position: relative;\"><p>C\u00f4ng su\u1ea5t (L)<\/p><\/div><\/div><\/td><td class=\"wptb-cell\" style=\"padding: 15px; border-style: solid; border-width: 1px; width: 113px;\" data-x-index=\"1\" data-y-index=\"7\"><div class=\"wptb-text-container wptb-ph-element wptb-element-text-77\" style=\"color: rgb(74, 85, 104); font-size: 15px;\"><div class=\"\" style=\"position: relative;\"><p>122<\/p><p><\/p><\/div><\/div><\/td><td class=\"wptb-cell\" style=\"padding: 15px; border-style: solid; border-width: 1px;\" data-x-index=\"2\" data-y-index=\"7\" data-wptb-css-td-auto-width=\"true\"><div class=\"wptb-text-container wptb-ph-element wptb-element-text-78\" style=\"color: rgb(74, 85, 104); font-size: 15px;\"><div class=\"\" style=\"position: relative;\"><p>122<\/p><\/div><\/div><\/td><td class=\"wptb-cell\" style=\"padding: 15px; border-style: solid; border-width: 1px;\" data-x-index=\"3\" data-y-index=\"7\" data-wptb-css-td-auto-width=\"true\"><div class=\"wptb-text-container wptb-ph-element wptb-element-text-79\" style=\"color: rgb(74, 85, 104); font-size: 15px;\"><div class=\"\" style=\"position: relative;\"><p>142<\/p><\/div><\/div><\/td><\/tr><\/tbody><\/table><\/div><\/div>\n\n<h3>\u00a0 \u00a0 3. H\u00ecnh \u1ea3nh T\u1ee7 \u0111\u00f4ng kem nh\u1ecf<\/h3>\n<p><img fetchpriority=\"high\" decoding=\"async\" class=\"alignnone wp-image-8828\" src=\"https:\/\/acenoxkitchenequipment.com\/wp-content\/uploads\/2023\/08\/small-ice-cream-display-freezer.webp\" alt=\"small ice cream freezer\" width=\"756\" height=\"567\" srcset=\"https:\/\/acenoxkitchenequipment.com\/wp-content\/uploads\/2023\/08\/small-ice-cream-display-freezer.webp 1000w, https:\/\/acenoxkitchenequipment.com\/wp-content\/uploads\/2023\/08\/small-ice-cream-display-freezer-300x225.webp 300w, https:\/\/acenoxkitchenequipment.com\/wp-content\/uploads\/2023\/08\/small-ice-cream-display-freezer-768x576.webp 768w, https:\/\/acenoxkitchenequipment.com\/wp-content\/uploads\/2023\/08\/small-ice-cream-display-freezer-600x450.webp 600w\" sizes=\"(max-width: 756px) 100vw, 756px\" \/><\/p>\n<p><img decoding=\"async\" class=\"alignnone wp-image-8829\" src=\"https:\/\/acenoxkitchenequipment.com\/wp-content\/uploads\/2023\/08\/small-ice-cream-display.webp\" alt=\"small ice cream freezer\" width=\"756\" height=\"567\" srcset=\"https:\/\/acenoxkitchenequipment.com\/wp-content\/uploads\/2023\/08\/small-ice-cream-display.webp 1000w, https:\/\/acenoxkitchenequipment.com\/wp-content\/uploads\/2023\/08\/small-ice-cream-display-300x225.webp 300w, https:\/\/acenoxkitchenequipment.com\/wp-content\/uploads\/2023\/08\/small-ice-cream-display-768x576.webp 768w, https:\/\/acenoxkitchenequipment.com\/wp-content\/uploads\/2023\/08\/small-ice-cream-display-600x450.webp 600w\" sizes=\"(max-width: 756px) 100vw, 756px\" \/><\/p>\n<p>&nbsp;<\/p>\n<p>&nbsp;<\/p>","protected":false},"excerpt":{"rendered":"<p>T\u1ee7 \u0111\u00f4ng kem nh\u1ecf n\u00e0y l\u00e0 lo\u1ea1i t\u1ee7 \u0111\u00f4ng kem c\u00f3 m\u1eb7t b\u00e0n. N\u00f3 c\u00f3 kh\u1ed1i l\u01b0\u1ee3ng nh\u1ecf nh\u01b0ng kh\u00f4ng gian tr\u01b0ng b\u00e0y l\u1edbn. 6~7 chi\u1ebfc Ch\u1ea3o GN 1\/3 \u0111\u1ec3 \u0111\u1ef1ng Gelato; Nhi\u1ec7t \u0111\u1ed9: -16oC~-20oC<\/p>","protected":false},"featured_media":8270,"comment_status":"open","ping_status":"closed","template":"","meta":{"_seopress_robots_primary_cat":"none","_seopress_titles_title":"Small Ice Cream Display Freezer %%sep%%Mini Freezer For Ice Cream","_seopress_titles_desc":"This small ice cream freezer is called countertop gelato freezer as well. It has a small volume but large displaying spaces. GN 1\/3 Pans to keep the Gelato","_seopress_robots_index":""},"product_cat":[142],"product_tag":[209],"_links":{"self":[{"href":"https:\/\/acenoxkitchenequipment.com\/vi\/wp-json\/wp\/v2\/product\/8245"}],"collection":[{"href":"https:\/\/acenoxkitchenequipment.com\/vi\/wp-json\/wp\/v2\/product"}],"about":[{"href":"https:\/\/acenoxkitchenequipment.com\/vi\/wp-json\/wp\/v2\/types\/product"}],"replies":[{"embeddable":true,"href":"https:\/\/acenoxkitchenequipment.com\/vi\/wp-json\/wp\/v2\/comments?post=8245"}],"version-history":[{"count":0,"href":"https:\/\/acenoxkitchenequipment.com\/vi\/wp-json\/wp\/v2\/product\/8245\/revisions"}],"wp:featuredmedia":[{"embeddable":true,"href":"https:\/\/acenoxkitchenequipment.com\/vi\/wp-json\/wp\/v2\/media\/8270"}],"wp:attachment":[{"href":"https:\/\/acenoxkitchenequipment.com\/vi\/wp-json\/wp\/v2\/media?parent=8245"}],"wp:term":[{"taxonomy":"product_cat","embeddable":true,"href":"https:\/\/acenoxkitchenequipment.com\/vi\/wp-json\/wp\/v2\/product_cat?post=8245"},{"taxonomy":"product_tag","embeddable":true,"href":"https:\/\/acenoxkitchenequipment.com\/vi\/wp-json\/wp\/v2\/product_tag?post=8245"}],"curies":[{"name":"wp","href":"https:\/\/api.w.org\/{rel}","templated":true}]}}