{"id":8185,"date":"2023-08-20T14:17:17","date_gmt":"2023-08-20T06:17:17","guid":{"rendered":"https:\/\/acenoxkitchenequipment.com\/?post_type=product&#038;p=8185"},"modified":"2023-09-30T12:14:02","modified_gmt":"2023-09-30T04:14:02","slug":"open-display-fridge","status":"publish","type":"product","link":"https:\/\/acenoxkitchenequipment.com\/vi\/san-pham\/open-display-fridge\/","title":{"rendered":"M\u1edf t\u1ee7 l\u1ea1nh tr\u01b0ng b\u00e0y"},"content":{"rendered":"<h3>T\u1ee7 l\u1ea1nh tr\u01b0ng b\u00e0y m\u1edf th\u01b0\u01a1ng m\u1ea1i<\/h3>\n<p>T\u1ee7 l\u1ea1nh tr\u01b0ng b\u00e0y m\u1edf th\u01b0\u01a1ng m\u1ea1i \u0111\u01b0\u1ee3c g\u1ecdi l\u00e0 m\u00e1y l\u00e0m l\u1ea1nh m\u1edf ho\u1eb7c m\u00e1y l\u00e0m m\u00e1t kh\u00f4ng kh\u00ed m\u1edf. N\u00f3 c\u00f3 h\u1ec7 th\u1ed1ng l\u00e0m m\u00e1t kh\u00f4ng c\u00f3 c\u1eeda tr\u01b0\u1edbc. N\u00f3 c\u00f3 r\u00e8m l\u00e0m m\u00e1t \u1edf ph\u00eda tr\u00ean t\u1ee7 l\u1ea1nh \u0111\u1ec3 gi\u1eef kh\u00f4ng kh\u00ed m\u00e1t m\u1ebb b\u00ean trong.<\/p>\n<ol>\n<li>V\u1eadt li\u1ec7u th\u00e9p kh\u00f4ng g\u1ec9<\/li>\n<li>R\u00e8m kh\u00ed l\u1ea1nh t\u1eeb ph\u00eda tr\u00ean, ch\u1eb7n kh\u00f4ng kh\u00ed b\u00ean ngo\u00e0i hi\u1ec7u qu\u1ea3<\/li>\n<li>R\u00e8m trong su\u1ed1t s\u1eed d\u1ee5ng v\u00e0o ban \u0111\u00eam, ti\u1ebft ki\u1ec7m n\u0103ng l\u01b0\u1ee3ng v\u00e0 gi\u1eef nhi\u1ec7t \u0111\u1ed9<\/li>\n<li>L\u00e0m m\u00e1t th\u00f4ng gi\u00f3<\/li>\n<li>B\u1ed1n b\u00e1nh xe h\u1ea1ng n\u1eb7ng, hai b\u00e1nh c\u00f3 phanh<\/li>\n<li>\u0110\u00e8n LED d\u01b0\u1edbi m\u1ed7i k\u1ec7 \u0111\u1ec3 chi\u1ebfu s\u00e1ng m\u00e0n h\u00ecnh<\/li>\n<li>M\u00e1y n\u00e9n, m\u00f4i ch\u1ea5t l\u1ea1nh R290 c\u00f3 th\u01b0\u01a1ng hi\u1ec7u<\/li>\n<li>Thi\u1ebft b\u1ecb ng\u01b0ng t\u1ee5 v\u00e0 bay h\u01a1i Cupreous, b\u1ec1n h\u01a1n<\/li>\n<\/ol>\n<h3>Th\u00f4ng tin k\u0129 thu\u1eadt<\/h3>\n<div class=\"wptb-table-container wptb-table-7543\"><div class=\"wptb-table-container-matrix\" id=\"wptb-table-id-7543\" data-wptb-version=\"1.4.14\" data-wptb-pro-status=\"false\"><table class=\"wptb-preview-table wptb-element-main-table_setting-5987\" data-wptb-adaptive-table=\"0\" data-wptb-cells-width-auto-count=\"3\" data-wptb-table-tds-sum-max-width=\"327.2\" style=\"border-style: solid; border-width: 1px;\" data-table-columns=\"3\" data-reconstraction=\"1\" data-wptb-horizontal-scroll-status=\"false\" data-wptb-extra-styles=\"LyogRW50ZXIgeW91ciBjdXN0b20gQ1NTIHJ1bGVzIGhlcmUgKi8=\" role=\"table\" data-wptb-even-row-background-color=\"#FFFFFFFF\" data-wptb-odd-row-background-color=\"#FFFFFFFF\" data-wptb-header-background-color=\"\" data-wptb-td-width-auto=\"78\"><tbody><tr class=\"wptb-row\" style=\"\"><td class=\"wptb-cell\" data-wptb-css-td-auto-width=\"true\" data-x-index=\"0\" data-y-index=\"0\" style=\"padding: 15px; border-style: solid; border-width: 1px;\" data-sorted-vertical=\"ask-disabled\"><div class=\"wptb-text-container wptb-ph-element wptb-element-text-1\" style=\"color: rgb(74, 85, 104); font-size: 19px;\"><div class=\"\" style=\"position: relative;\"><p><strong>NG\u01af\u1edcI M\u1eaaU<\/strong><\/p><\/div><\/div><\/td><td class=\"wptb-cell\" style=\"padding: 15px; border-style: solid; border-width: 1px;\" data-x-index=\"1\" data-y-index=\"0\" data-wptb-css-td-auto-width=\"true\"><div class=\"wptb-text-container wptb-ph-element wptb-element-text-2\" style=\"color: rgb(74, 85, 104); font-size: 19px;\"><div class=\"\" style=\"position: relative;\"><p>ODF-180L&nbsp; &nbsp; &nbsp;<\/p><\/div><\/div><\/td><td class=\"wptb-cell\" style=\"padding: 15px; border-style: solid; border-width: 1px;\" data-x-index=\"2\" data-y-index=\"0\" data-wptb-css-td-auto-width=\"true\" data-sorted-vertical=\"ask-disabled\"><div class=\"wptb-text-container wptb-ph-element wptb-element-text-54\" style=\"color: rgb(74, 85, 104); font-size: 19px;\"><div class=\"\" style=\"position: relative;\"><p>ODF-220L<\/p><\/div><\/div><\/td><\/tr><tr class=\"wptb-row\" style=\"--hover-bg-color: undefined; background-color: rgb(255, 255, 255);\"><td class=\"wptb-cell\" data-wptb-css-td-auto-width=\"true\" data-x-index=\"0\" data-y-index=\"1\" style=\"padding: 15px; border-style: solid; border-width: 1px;\"><div class=\"wptb-text-container wptb-ph-element wptb-element-text-7\" style=\"color: rgb(74, 85, 104); font-size: 15px;\"><div class=\"\" style=\"position: relative;\"><p>K\u00edch th\u01b0\u1edbc b\u00ean ngo\u00e0i (mm)<br>W\u00d7D\u00d7H<\/p><\/div><\/div><\/td><td class=\"wptb-cell\" style=\"padding: 15px; border-style: solid; border-width: 1px;\" data-x-index=\"1\" data-y-index=\"1\" data-wptb-css-td-auto-width=\"true\"><div class=\"wptb-text-container wptb-ph-element wptb-element-text-8\" style=\"color: rgb(74, 85, 104); font-size: 15px;\"><div class=\"\" style=\"position: relative;\"><p>494\u00d7677\u00d71455<\/p><\/div><\/div><\/td><td class=\"wptb-cell\" style=\"padding: 15px; border-style: solid; border-width: 1px;\" data-x-index=\"2\" data-y-index=\"1\" data-wptb-css-td-auto-width=\"true\"><div class=\"wptb-text-container wptb-ph-element wptb-element-text-58\" style=\"color: rgb(74, 85, 104); font-size: 15px;\"><div class=\"\" style=\"position: relative;\"><p>494\u00d7677\u00d71744<\/p><\/div><\/div><\/td><\/tr><tr class=\"wptb-row\" style=\"background-color: rgb(255, 255, 255); --hover-bg-color: undefined;\"><td class=\"wptb-cell\" style=\"padding: 15px; border-style: solid; border-width: 1px;\" data-x-index=\"0\" data-y-index=\"2\" data-wptb-css-td-auto-width=\"true\"><div class=\"wptb-text-container wptb-ph-element wptb-element-text-94\" style=\"color: rgb(0, 0, 0); font-size: 15px;\"><div class=\"\" style=\"position: relative;\"><p>K\u00edch th\u01b0\u1edbc \u0111\u00f3ng g\u00f3i (mm)<br>W\u00d7D\u00d7H<\/p><\/div><\/div><\/td><td class=\"wptb-cell\" style=\"padding: 15px; border-style: solid; border-width: 1px;\" data-x-index=\"1\" data-y-index=\"2\" data-wptb-css-td-auto-width=\"true\"><div class=\"wptb-text-container wptb-ph-element wptb-element-text-108\" style=\"color: rgb(74, 85, 104); font-size: 15px;\"><div class=\"\" style=\"position: relative;\"><p>565\u00d7720\u00d71630<\/p><\/div><\/div><\/td><td class=\"wptb-cell\" style=\"padding: 15px; border-style: solid; border-width: 1px;\" data-x-index=\"2\" data-y-index=\"2\" data-wptb-css-td-auto-width=\"true\"><div class=\"wptb-text-container wptb-ph-element wptb-element-text-96\" style=\"color: rgb(0, 0, 0); font-size: 15px;\"><div class=\"\" style=\"position: relative;\"><p>565\u00d7720\u00d71920<\/p><\/div><\/div><\/td><\/tr><tr class=\"wptb-row\" style=\"--hover-bg-color: undefined; background-color: rgb(255, 255, 255);\"><td class=\"wptb-cell\" data-wptb-css-td-auto-width=\"true\" data-x-index=\"0\" data-y-index=\"3\" style=\"padding: 15px; border-style: solid; border-width: 1px;\"><div class=\"wptb-text-container wptb-ph-element wptb-element-text-13\" style=\"color: rgb(74, 74, 74); font-size: 15px;\"><div class=\"\" style=\"position: relative;\"><p>Nhi\u1ec7t \u0111\u1ed9(\u00b0C)<\/p><\/div><\/div><\/td><td class=\"wptb-cell\" style=\"padding: 15px; border-style: solid; border-width: 1px;\" data-x-index=\"1\" data-y-index=\"3\" data-wptb-css-td-auto-width=\"true\"><div class=\"wptb-text-container wptb-ph-element wptb-element-text-63\" style=\"color: rgb(74, 85, 104); font-size: 15px;\"><div class=\"\" style=\"position: relative;\"><p>+1~+8<\/p><\/div><\/div><\/td><td class=\"wptb-cell\" style=\"padding: 15px; border-style: solid; border-width: 1px;\" data-x-index=\"2\" data-y-index=\"3\" data-wptb-css-td-auto-width=\"true\"><div class=\"wptb-text-container wptb-ph-element wptb-element-text-62\" style=\"color: rgb(74, 85, 104); font-size: 15px;\"><div class=\"\" style=\"position: relative;\"><p>+1~+8<\/p><\/div><\/div><\/td><\/tr><tr class=\"wptb-row\" style=\"--hover-bg-color: undefined; background-color: rgb(255, 255, 255);\"><td class=\"wptb-cell\" data-wptb-css-td-auto-width=\"true\" data-x-index=\"0\" data-y-index=\"4\" style=\"padding: 15px; border-style: solid; border-width: 1px;\"><div class=\"wptb-text-container wptb-ph-element wptb-element-text-19\" style=\"color: rgb(74, 85, 104); font-size: 15px;\"><div class=\"\" style=\"position: relative;\"><p>C\u00f4ng su\u1ea5t \u0111\u1ea7u v\u00e0o (W)<\/p><\/div><\/div><\/td><td class=\"wptb-cell\" style=\"padding: 15px; border-style: solid; border-width: 1px;\" data-x-index=\"1\" data-y-index=\"4\" data-wptb-css-td-auto-width=\"true\"><div class=\"wptb-text-container wptb-ph-element wptb-element-text-104\" style=\"color: rgb(0, 0, 0); font-size: 15px;\"><div class=\"\"><p>1340W<\/p><p><\/p><\/div><\/div><\/td><td class=\"wptb-cell\" style=\"padding: 15px; border-style: solid; border-width: 1px;\" data-x-index=\"2\" data-y-index=\"4\" data-wptb-css-td-auto-width=\"true\"><div class=\"wptb-text-container wptb-ph-element wptb-element-text-60\" style=\"color: rgb(74, 85, 104); font-size: 15px;\"><div class=\"\" style=\"position: relative;\"><p>1340W<\/p><\/div><\/div><\/td><\/tr><tr class=\"wptb-row\" style=\"--hover-bg-color: undefined; background-color: rgb(255, 255, 255);\"><td class=\"wptb-cell\" style=\"padding: 15px; border-style: solid; border-width: 1px;\" data-x-index=\"0\" data-y-index=\"5\" data-wptb-css-td-auto-width=\"true\"><div class=\"wptb-text-container wptb-ph-element wptb-element-text-66\" style=\"color: rgb(74, 85, 104); font-size: 15px;\"><div class=\"\" style=\"position: relative;\"><p>T\u1ed5ng tr\u1ecdng l\u01b0\u1ee3ng (kg)<\/p><\/div><\/div><\/td><td class=\"wptb-cell\" style=\"padding: 15px; border-style: solid; border-width: 1px;\" data-x-index=\"1\" data-y-index=\"5\" data-wptb-css-td-auto-width=\"true\"><div class=\"wptb-text-container wptb-ph-element wptb-element-text-105\" style=\"color: rgb(0, 0, 0); font-size: 15px;\"><div class=\"\" style=\"position: relative;\"><p>90kg<\/p><p><\/p><\/div><\/div><\/td><td class=\"wptb-cell\" style=\"padding: 15px; border-style: solid; border-width: 1px;\" data-x-index=\"2\" data-y-index=\"5\" data-wptb-css-td-auto-width=\"true\"><div class=\"wptb-text-container wptb-ph-element wptb-element-text-68\" style=\"color: rgb(74, 85, 104); font-size: 15px;\"><div class=\"\" style=\"position: relative;\"><p>106kg<\/p><\/div><\/div><\/td><\/tr><tr class=\"wptb-row\" style=\"--hover-bg-color: undefined; background-color: rgb(255, 255, 255);\"><td class=\"wptb-cell\" style=\"padding: 15px; border-style: solid; border-width: 1px;\" data-x-index=\"0\" data-y-index=\"6\" data-wptb-css-td-auto-width=\"true\"><div class=\"wptb-text-container wptb-ph-element wptb-element-text-71\" style=\"color: rgb(74, 85, 104); font-size: 15px;\"><div class=\"\" style=\"position: relative;\"><p>S\u1ed1 l\u01b0\u1ee3ng k\u1ec7<\/p><\/div><\/div><\/td><td class=\"wptb-cell\" style=\"padding: 15px; border-style: solid; border-width: 1px;\" data-x-index=\"1\" data-y-index=\"6\" data-wptb-css-td-auto-width=\"true\"><div class=\"wptb-text-container wptb-ph-element wptb-element-text-106\" style=\"color: rgb(0, 0, 0); font-size: 15px;\"><div class=\"\" style=\"position: relative;\"><p>3<\/p><\/div><\/div><\/td><td class=\"wptb-cell\" style=\"padding: 15px; border-style: solid; border-width: 1px;\" data-x-index=\"2\" data-y-index=\"6\" data-wptb-css-td-auto-width=\"true\"><div class=\"wptb-text-container wptb-ph-element wptb-element-text-73\" style=\"color: rgb(74, 85, 104); font-size: 15px;\"><div class=\"\" style=\"position: relative;\"><p>4<\/p><\/div><\/div><\/td><\/tr><tr class=\"wptb-row\" style=\"--hover-bg-color: undefined; background-color: rgb(255, 255, 255);\"><td class=\"wptb-cell\" style=\"padding: 15px; border-style: solid; border-width: 1px;\" data-x-index=\"0\" data-y-index=\"7\" data-wptb-css-td-auto-width=\"true\"><div class=\"wptb-text-container wptb-ph-element wptb-element-text-76\" style=\"color: rgb(74, 85, 104); font-size: 15px;\"><div class=\"\" style=\"position: relative;\"><p>C\u00f4ng su\u1ea5t (L)<\/p><\/div><\/div><\/td><td class=\"wptb-cell\" style=\"padding: 15px; border-style: solid; border-width: 1px;\" data-x-index=\"1\" data-y-index=\"7\" data-wptb-css-td-auto-width=\"true\"><div class=\"wptb-text-container wptb-ph-element wptb-element-text-107\" style=\"color: rgb(0, 0, 0); font-size: 15px;\"><div class=\"\" style=\"position: relative;\"><p>180<\/p><p><\/p><\/div><\/div><\/td><td class=\"wptb-cell\" style=\"padding: 15px; border-style: solid; border-width: 1px;\" data-x-index=\"2\" data-y-index=\"7\" data-wptb-css-td-auto-width=\"true\"><div class=\"wptb-text-container wptb-ph-element wptb-element-text-78\" style=\"color: rgb(74, 85, 104); font-size: 15px;\"><div class=\"\" style=\"position: relative;\"><p>220<\/p><p><\/p><\/div><\/div><\/td><\/tr><\/tbody><\/table><\/div><\/div>","protected":false},"excerpt":{"rendered":"<p>T\u1ee7 l\u1ea1nh tr\u01b0ng b\u00e0y m\u1edf th\u01b0\u01a1ng m\u1ea1i \u0111\u01b0\u1ee3c g\u1ecdi l\u00e0 m\u00e1y l\u00e0m l\u1ea1nh m\u1edf ho\u1eb7c m\u00e1y l\u00e0m m\u00e1t kh\u00f4ng kh\u00ed m\u1edf. N\u00f3 c\u00f3 h\u1ec7 th\u1ed1ng l\u00e0m m\u00e1t kh\u00f4ng c\u00f3 c\u1eeda tr\u01b0\u1edbc. N\u00f3 c\u00f3 r\u00e8m l\u00e0m m\u00e1t \u1edf ph\u00eda tr\u00ean t\u1ee7 l\u1ea1nh \u0111\u1ec3 gi\u1eef kh\u00f4ng kh\u00ed m\u00e1t m\u1ebb b\u00ean trong.<\/p>","protected":false},"featured_media":8186,"comment_status":"open","ping_status":"closed","template":"","meta":{"_seopress_robots_primary_cat":"none","_seopress_titles_title":"Open Display Fridge Manufacturer%%sep%%Open Air Cooler %%sep%%Acenox","_seopress_titles_desc":"Commercial Open display fridge is called open chiller or open air cooler. It features cooling air curtain on the top of the fridge to keep the cool air inside.","_seopress_robots_index":""},"product_cat":[60],"product_tag":[208],"_links":{"self":[{"href":"https:\/\/acenoxkitchenequipment.com\/vi\/wp-json\/wp\/v2\/product\/8185"}],"collection":[{"href":"https:\/\/acenoxkitchenequipment.com\/vi\/wp-json\/wp\/v2\/product"}],"about":[{"href":"https:\/\/acenoxkitchenequipment.com\/vi\/wp-json\/wp\/v2\/types\/product"}],"replies":[{"embeddable":true,"href":"https:\/\/acenoxkitchenequipment.com\/vi\/wp-json\/wp\/v2\/comments?post=8185"}],"version-history":[{"count":0,"href":"https:\/\/acenoxkitchenequipment.com\/vi\/wp-json\/wp\/v2\/product\/8185\/revisions"}],"wp:featuredmedia":[{"embeddable":true,"href":"https:\/\/acenoxkitchenequipment.com\/vi\/wp-json\/wp\/v2\/media\/8186"}],"wp:attachment":[{"href":"https:\/\/acenoxkitchenequipment.com\/vi\/wp-json\/wp\/v2\/media?parent=8185"}],"wp:term":[{"taxonomy":"product_cat","embeddable":true,"href":"https:\/\/acenoxkitchenequipment.com\/vi\/wp-json\/wp\/v2\/product_cat?post=8185"},{"taxonomy":"product_tag","embeddable":true,"href":"https:\/\/acenoxkitchenequipment.com\/vi\/wp-json\/wp\/v2\/product_tag?post=8185"}],"curies":[{"name":"wp","href":"https:\/\/api.w.org\/{rel}","templated":true}]}}