{"id":7664,"date":"2023-08-11T09:41:56","date_gmt":"2023-08-11T01:41:56","guid":{"rendered":"https:\/\/acenoxkitchenequipment.com\/?post_type=product&#038;p=7664"},"modified":"2023-10-03T15:59:35","modified_gmt":"2023-10-03T07:59:35","slug":"multideck-display-fridge-remote","status":"publish","type":"product","link":"https:\/\/acenoxkitchenequipment.com\/vi\/san-pham\/multideck-display-fridge-remote\/","title":{"rendered":"T\u1ee7 l\u1ea1nh hi\u1ec3n th\u1ecb Multideck-\u0110i\u1ec1u khi\u1ec3n t\u1eeb xa"},"content":{"rendered":"<h3>T\u1ee7 l\u1ea1nh hi\u1ec3n th\u1ecb nhi\u1ec1u t\u1ea7ng t\u1eeb xa<\/h3>\n<p>T\u1ee7 l\u1ea1nh tr\u01b0ng b\u00e0y nhi\u1ec1u t\u1ea7ng t\u1eeb xa l\u00e0 m\u1ed9t m\u00e1y l\u00e0m l\u1ea1nh c\u00f3 m\u00e1y n\u00e9n v\u00e0 b\u00ecnh ng\u01b0ng ri\u00eang bi\u1ec7t \u0111\u01b0\u1ee3c l\u1eafp \u0111\u1eb7t \u1edf m\u1ed9t n\u01a1i xa.<\/p>\n<p>B\u1eb1ng c\u00e1ch n\u00e0y, di\u1ec7n t\u00edch hi\u1ec3n th\u1ecb \u0111\u01b0\u1ee3c t\u0103ng l\u00ean \u0111\u00e1ng k\u1ec3, c\u0169ng kh\u00f4ng c\u00f3 v\u1ea5n \u0111\u1ec1 v\u1ec1 ti\u1ebfng \u1ed3n. Ch\u1ec9 c\u1ea7n m\u1ed9t ng\u01b0\u1eddi ho\u1eb7c m\u1ed9t nh\u00f3m chuy\u00ean nghi\u1ec7p \u0111\u1ec3 c\u00e0i \u0111\u1eb7t to\u00e0n b\u1ed9.<\/p>\n<ol>\n<li>220V\/50Hz ho\u1eb7c 110V\/60Hz<\/li>\n<li>M\u00e0n gi\u00f3 l\u1ea1nh th\u1ed5i t\u1eeb ph\u00eda tr\u00ean t\u1ee7 l\u1ea1nh<\/li>\n<li><strong>Nguy\u00ean v\u1eadt li\u1ec7u:<\/strong>Th\u00e9p kh\u00f4ng g\u1ec9 ch\u1ecbu l\u1ef1c 201<\/li>\n<li>M\u00e1y n\u00e9n ch\u1ea5t l\u01b0\u1ee3ng b\u1ec1n b\u1ec9: Boyard Compressor, th\u01b0\u01a1ng hi\u1ec7u m\u00e1y n\u00e9n n\u1ed5i ti\u1ebfng t\u1ea1i Trung Qu\u1ed1c, ch\u1ea5t l\u00e0m l\u1ea1nh R404.<\/li>\n<li><strong>T\u1ea5t c\u1ea3 c\u00e1c b\u00ecnh ng\u01b0ng v\u00e0 thi\u1ebft b\u1ecb bay h\u01a1i b\u1eb1ng \u0111\u1ed3ng<\/strong><\/li>\n<li><strong>Qu\u1ea1t EBM<\/strong><\/li>\n<li><strong>Van ti\u1ebft l\u01b0u Danfoss<\/strong><\/li>\n<li><strong>Hi\u1ec7u su\u1ea5t c\u00e1ch nhi\u1ec7t cao:\u00a0<\/strong>L\u1edbp c\u00e1ch nhi\u1ec7t si\u00eau d\u00e0y 7,5cm \u0111\u1ea3m b\u1ea3o nhi\u1ec7t \u0111\u1ed9 \u1ed5n \u0111\u1ecbnh v\u00e0 ti\u1ebft ki\u1ec7m n\u0103ng l\u01b0\u1ee3ng<\/li>\n<li>K\u1ec7 h\u1ea1ng n\u1eb7ng, c\u00f3 th\u1ec3 \u0111i\u1ec1u ch\u1ec9nh \u0111\u1ed9 cao<\/li>\n<li>\u0110\u00e8n LED ch\u1ea5t l\u01b0\u1ee3ng t\u1ed1t cho t\u1eebng k\u1ec7<\/li>\n<\/ol>\n<h3>Th\u00f4ng tin k\u0129 thu\u1eadt<\/h3>\n<div class=\"wptb-table-container wptb-table-6937\"><div class=\"wptb-table-container-matrix\" id=\"wptb-table-id-6937\" data-wptb-version=\"1.4.14\" data-wptb-pro-status=\"false\"><table class=\"wptb-preview-table wptb-element-main-table_setting-5987 edit-active\" data-wptb-adaptive-table=\"0\" data-wptb-cells-width-auto-count=\"4\" data-wptb-table-tds-sum-max-width=\"667.8\" style=\"border-style: solid; border-width: 1px;\" data-table-columns=\"5\" data-reconstraction=\"1\" data-wptb-horizontal-scroll-status=\"false\" data-wptb-extra-styles=\"LyogRW50ZXIgeW91ciBjdXN0b20gQ1NTIHJ1bGVzIGhlcmUgKi8=\" role=\"table\" data-wptb-even-row-background-color=\"#FFFFFFFF\" data-wptb-odd-row-background-color=\"#FFFFFFFF\" data-wptb-header-background-color=\"\"><tbody><tr class=\"wptb-row\" style=\"\"><td class=\"wptb-cell\" data-wptb-css-td-auto-width=\"true\" data-x-index=\"0\" data-y-index=\"0\" style=\"padding: 15px; border-style: solid; border-width: 1px;\"><div class=\"wptb-text-container wptb-ph-element wptb-element-text-1\" style=\"color: rgb(74, 85, 104); font-size: 19px;\"><div class=\"\" style=\"position: relative;\"><p><strong>NG\u01af\u1edcI M\u1eaaU<\/strong><\/p><\/div><\/div><\/td><td class=\"wptb-cell\" data-x-index=\"1\" data-y-index=\"0\" style=\"padding: 15px; border-style: solid; border-width: 1px; width: 113px;\"><div class=\"wptb-text-container wptb-ph-element wptb-element-text-2\" style=\"color: rgb(74, 85, 104); font-size: 19px;\"><div class=\"\" style=\"position: relative;\"><p><strong>MC-1875S<\/strong><\/p><\/div><\/div><\/td><td class=\"wptb-cell\" style=\"padding: 15px; border-style: solid; border-width: 1px;\" data-x-index=\"2\" data-y-index=\"0\" data-wptb-css-td-auto-width=\"true\"><div class=\"wptb-text-container wptb-ph-element wptb-element-text-54\" style=\"color: rgb(74, 85, 104); font-size: 19px;\"><div class=\"\" style=\"position: relative;\"><p><strong>MC-2500S<\/strong><\/p><\/div><\/div><\/td><td class=\"wptb-cell\" data-wptb-css-td-auto-width=\"true\" data-x-index=\"3\" data-y-index=\"0\" style=\"padding: 15px; border-style: solid; border-width: 1px;\"><div class=\"wptb-text-container wptb-ph-element wptb-element-text-3\" style=\"color: rgb(74, 85, 104); font-size: 19px;\"><div class=\"\" style=\"position: relative;\"><p><strong>MC-2900S<\/strong><\/p><\/div><\/div><\/td><td class=\"wptb-cell\" style=\"padding: 15px; border-style: solid; border-width: 1px;\" data-x-index=\"4\" data-y-index=\"0\" data-wptb-css-td-auto-width=\"true\"><div class=\"wptb-text-container wptb-ph-element wptb-element-text-42\" style=\"color: rgb(74, 85, 104); font-size: 19px;\"><div class=\"\" style=\"position: relative;\"><p><strong>MC-3750S<\/strong><\/p><\/div><\/div><\/td><\/tr><tr class=\"wptb-row\" style=\"--hover-bg-color: undefined; background-color: rgb(255, 255, 255);\"><td class=\"wptb-cell\" data-wptb-css-td-auto-width=\"true\" data-x-index=\"0\" data-y-index=\"1\" style=\"padding: 15px; border-style: solid; border-width: 1px;\"><div class=\"wptb-text-container wptb-ph-element wptb-element-text-7\" style=\"color: rgb(74, 85, 104); font-size: 15px;\"><div class=\"\" style=\"position: relative;\"><p>K\u00edch th\u01b0\u1edbc b\u00ean ngo\u00e0i (mm)<br>W\u00d7D\u00d7H<\/p><\/div><\/div><\/td><td class=\"wptb-cell\" data-x-index=\"1\" data-y-index=\"1\" style=\"padding: 15px; border-style: solid; border-width: 1px; width: 113px;\"><div class=\"wptb-text-container wptb-ph-element wptb-element-text-8\" style=\"color: rgb(74, 85, 104); font-size: 15px;\"><div class=\"\" style=\"position: relative;\"><p>1875\u00d7900\u00d72050<\/p><\/div><\/div><\/td><td class=\"wptb-cell\" style=\"padding: 15px; border-style: solid; border-width: 1px;\" data-x-index=\"2\" data-y-index=\"1\" data-wptb-css-td-auto-width=\"true\"><div class=\"wptb-text-container wptb-ph-element wptb-element-text-58\" style=\"color: rgb(74, 85, 104); font-size: 15px;\"><div class=\"\" style=\"position: relative;\"><p>2500\u00d7900\u00d72050<\/p><\/div><\/div><\/td><td class=\"wptb-cell\" data-wptb-css-td-auto-width=\"true\" data-x-index=\"3\" data-y-index=\"1\" style=\"padding: 15px; border-style: solid; border-width: 1px;\"><div class=\"wptb-text-container wptb-ph-element wptb-element-text-9\" style=\"color: rgb(74, 85, 104); font-size: 15px;\"><div class=\"\" style=\"position: relative;\"><p>2900\u00d7900\u00d72050<\/p><\/div><\/div><\/td><td class=\"wptb-cell\" style=\"padding: 15px; border-style: solid; border-width: 1px;\" data-x-index=\"4\" data-y-index=\"1\" data-wptb-css-td-auto-width=\"true\"><div class=\"wptb-text-container wptb-ph-element wptb-element-text-43\" style=\"color: rgb(74, 85, 104); font-size: 15px;\"><div class=\"\" style=\"position: relative;\"><p>3750\u00d7900\u00d72050<\/p><\/div><\/div><\/td><\/tr><tr class=\"wptb-row\" style=\"--hover-bg-color: undefined; background-color: rgb(255, 255, 255);\"><td class=\"wptb-cell\" data-wptb-css-td-auto-width=\"true\" data-x-index=\"0\" data-y-index=\"2\" style=\"padding: 15px; border-style: solid; border-width: 1px;\"><div class=\"wptb-text-container wptb-ph-element wptb-element-text-13\" style=\"color: rgb(74, 74, 74); font-size: 15px;\"><div class=\"\" style=\"position: relative;\"><p>Nhi\u1ec7t \u0111\u1ed9(\u00b0C)<\/p><\/div><\/div><\/td><td class=\"wptb-cell\" data-x-index=\"1\" data-y-index=\"2\" style=\"padding: 15px; border-style: solid; border-width: 1px; width: 113px;\"><div class=\"wptb-text-container wptb-ph-element wptb-element-text-63\" style=\"color: rgb(74, 85, 104); font-size: 15px;\"><div class=\"\" style=\"position: relative;\"><p>+2~+8&#8451;<\/p><\/div><\/div><\/td><td class=\"wptb-cell\" style=\"padding: 15px; border-style: solid; border-width: 1px;\" data-x-index=\"2\" data-y-index=\"2\" data-wptb-css-td-auto-width=\"true\"><div class=\"wptb-text-container wptb-ph-element wptb-element-text-68\" style=\"color: rgb(74, 85, 104); font-size: 15px;\"><div class=\"\" style=\"position: relative;\"><p>+2~+8&#8451;<\/p><\/div><\/div><\/td><td class=\"wptb-cell\" data-wptb-css-td-auto-width=\"true\" data-x-index=\"3\" data-y-index=\"2\" style=\"padding: 15px; border-style: solid; border-width: 1px;\"><div class=\"wptb-text-container wptb-ph-element wptb-element-text-67\" style=\"color: rgb(74, 85, 104); font-size: 15px;\"><div class=\"\" style=\"position: relative;\"><p>+2~+8&#8451;<\/p><\/div><\/div><\/td><td class=\"wptb-cell\" style=\"padding: 15px; border-style: solid; border-width: 1px;\" data-x-index=\"4\" data-y-index=\"2\" data-wptb-css-td-auto-width=\"true\"><div class=\"wptb-text-container wptb-ph-element wptb-element-text-69\" style=\"color: rgb(74, 85, 104); font-size: 15px;\"><div class=\"\" style=\"position: relative;\"><p>+2~+8&#8451;<\/p><\/div><\/div><\/td><\/tr><tr class=\"wptb-row\" style=\"--hover-bg-color: undefined; background-color: rgb(255, 255, 255);\"><td class=\"wptb-cell\" data-wptb-css-td-auto-width=\"true\" data-x-index=\"0\" data-y-index=\"3\" style=\"padding: 15px; border-style: solid; border-width: 1px;\"><div class=\"wptb-text-container wptb-ph-element wptb-element-text-19\" style=\"color: rgb(74, 85, 104); font-size: 15px;\"><div class=\"\" style=\"position: relative;\"><p>Di\u1ec7n t\u00edch tr\u01b0ng b\u00e0y(m2)<\/p><\/div><\/div><\/td><td class=\"wptb-cell\" data-x-index=\"1\" data-y-index=\"3\" style=\"padding: 15px; border-style: solid; border-width: 1px; width: 113px;\"><div class=\"wptb-text-container wptb-ph-element wptb-element-text-20\" style=\"color: rgb(74, 85, 104); font-size: 15px;\"><div class=\"\" style=\"position: relative;\"><p>5<\/p><\/div><\/div><\/td><td class=\"wptb-cell\" style=\"padding: 15px; border-style: solid; border-width: 1px;\" data-x-index=\"2\" data-y-index=\"3\" data-wptb-css-td-auto-width=\"true\"><div class=\"wptb-text-container wptb-ph-element wptb-element-text-60\" style=\"color: rgb(74, 85, 104); font-size: 15px;\"><div class=\"\" style=\"position: relative;\"><p>6<\/p><\/div><\/div><\/td><td class=\"wptb-cell\" data-wptb-css-td-auto-width=\"true\" data-x-index=\"3\" data-y-index=\"3\" style=\"padding: 15px; border-style: solid; border-width: 1px;\"><div class=\"wptb-text-container wptb-ph-element wptb-element-text-21\" style=\"color: rgb(74, 85, 104); font-size: 15px;\"><div class=\"\" style=\"position: relative;\"><p>7.4<\/p><\/div><\/div><\/td><td class=\"wptb-cell\" style=\"padding: 15px; border-style: solid; border-width: 1px;\" data-x-index=\"4\" data-y-index=\"3\" data-wptb-css-td-auto-width=\"true\"><div class=\"wptb-text-container wptb-ph-element wptb-element-text-49\" style=\"color: rgb(74, 85, 104); font-size: 15px;\"><div class=\"\" style=\"position: relative;\"><p>9.5<\/p><p><\/p><\/div><\/div><\/td><\/tr><\/tbody><\/table><\/div><\/div>","protected":false},"excerpt":{"rendered":"<p>T\u1ee7 l\u1ea1nh tr\u01b0ng b\u00e0y nhi\u1ec1u t\u1ea7ng t\u1eeb xa l\u00e0 m\u1ed9t m\u00e1y l\u00e0m l\u1ea1nh c\u00f3 m\u00e1y n\u00e9n v\u00e0 b\u00ecnh ng\u01b0ng ri\u00eang bi\u1ec7t \u0111\u01b0\u1ee3c l\u1eafp \u0111\u1eb7t \u1edf m\u1ed9t n\u01a1i xa.<\/p>","protected":false},"featured_media":7665,"comment_status":"open","ping_status":"closed","template":"","meta":{"_seopress_robots_primary_cat":"none","_seopress_titles_title":"Multideck Display Fridge-Remote %%sep%%Front Open %%sep%%Acenox","_seopress_titles_desc":"A remote multideck display fridge is a chiller with separated compressors and condensers installed in a remote place.","_seopress_robots_index":""},"product_cat":[60],"product_tag":[207],"_links":{"self":[{"href":"https:\/\/acenoxkitchenequipment.com\/vi\/wp-json\/wp\/v2\/product\/7664"}],"collection":[{"href":"https:\/\/acenoxkitchenequipment.com\/vi\/wp-json\/wp\/v2\/product"}],"about":[{"href":"https:\/\/acenoxkitchenequipment.com\/vi\/wp-json\/wp\/v2\/types\/product"}],"replies":[{"embeddable":true,"href":"https:\/\/acenoxkitchenequipment.com\/vi\/wp-json\/wp\/v2\/comments?post=7664"}],"version-history":[{"count":0,"href":"https:\/\/acenoxkitchenequipment.com\/vi\/wp-json\/wp\/v2\/product\/7664\/revisions"}],"wp:featuredmedia":[{"embeddable":true,"href":"https:\/\/acenoxkitchenequipment.com\/vi\/wp-json\/wp\/v2\/media\/7665"}],"wp:attachment":[{"href":"https:\/\/acenoxkitchenequipment.com\/vi\/wp-json\/wp\/v2\/media?parent=7664"}],"wp:term":[{"taxonomy":"product_cat","embeddable":true,"href":"https:\/\/acenoxkitchenequipment.com\/vi\/wp-json\/wp\/v2\/product_cat?post=7664"},{"taxonomy":"product_tag","embeddable":true,"href":"https:\/\/acenoxkitchenequipment.com\/vi\/wp-json\/wp\/v2\/product_tag?post=7664"}],"curies":[{"name":"wp","href":"https:\/\/api.w.org\/{rel}","templated":true}]}}