{"id":7490,"date":"2023-08-03T20:06:29","date_gmt":"2023-08-03T12:06:29","guid":{"rendered":"https:\/\/acenoxkitchenequipment.com\/?post_type=product&#038;p=7490"},"modified":"2023-10-16T16:02:07","modified_gmt":"2023-10-16T08:02:07","slug":"4-side-glass-chiller","status":"publish","type":"product","link":"https:\/\/acenoxkitchenequipment.com\/vi\/san-pham\/4-side-glass-chiller\/","title":{"rendered":"M\u00e1y l\u00e0m l\u1ea1nh k\u00ednh 4 m\u1eb7t"},"content":{"rendered":"<h3>M\u00e1y l\u00e0m l\u1ea1nh k\u00ednh 4 m\u1eb7t<\/h3>\n<p>N\u00f3 c\u00f3 k\u00ednh 4 m\u1eb7t, hai l\u1edbp v\u00e0 kh\u00f4ng b\u1ecb m\u1edd<br \/>\nM\u00e1y l\u00e0m l\u1ea1nh tr\u01b0ng b\u00e0y b\u1eb1ng k\u00ednh c\u00f3 v\u1ebb ngo\u00e0i h\u1ea5p d\u1eabn h\u01a1n \u0111\u1ec3 tr\u01b0ng b\u00e0y \u0111\u1ed3 u\u1ed1ng, bia, coco cola v\u00e0 t\u1ea5t c\u1ea3 c\u00e1c lo\u1ea1i \u0111\u1ed3 u\u1ed1ng.<\/p>\n<p><strong>\u0110\u1eb7c tr\u01b0ng:<\/strong><\/p>\n<ul>\n<li>220V\/50Hz, +2oC~+8oC<\/li>\n<li>2 ho\u1eb7c 4 \u0111\u00e8n LED d\u1ecdc \u0111\u1ec3 chi\u1ebfu s\u00e1ng qu\u1ea7y h\u00e0ng<\/li>\n<li>K\u00ednh ch\u1ed1ng s\u01b0\u01a1ng m\u00f9 trong su\u1ed1t, k\u00ednh c\u01b0\u1eddng l\u1ef1c<\/li>\n<li>L\u00e0m m\u00e1t th\u00f4ng gi\u00f3<\/li>\n<li>T\u1ef1 \u0111\u1ed9ng r\u00e3 \u0111\u00f4ng<\/li>\n<li>M\u00e0n h\u00ecnh hi\u1ec3n th\u1ecb nhi\u1ec7t \u0111\u1ed9 k\u1ef9 thu\u1eadt s\u1ed1<\/li>\n<li>C\u1eeda t\u1ef1 \u0111\u00f3ng<\/li>\n<li>K\u1ec7 m\u1ea1 cr\u00f4m ho\u1eb7c k\u1ec7 nh\u1ef1a cho c\u00e1c t\u00f9y ch\u1ecdn<\/li>\n<\/ul>\n<p>\u1ee8ng d\u1ee5ng: nhi\u1ec7t \u0111\u1ed9&lt;32oC, \u0110\u1ed9 \u1ea9m d\u01b0\u1edbi 65%<\/p>\n<h3>Th\u00f4ng tin k\u0129 thu\u1eadt<\/h3>\n<p>&nbsp;<\/p>","protected":false},"excerpt":{"rendered":"<p>N\u00f3 c\u00f3 k\u00ednh 4 m\u1eb7t, hai l\u1edbp v\u00e0 kh\u00f4ng b\u1ecb m\u1edd<br \/>\nM\u00e1y l\u00e0m l\u1ea1nh tr\u01b0ng b\u00e0y b\u1eb1ng k\u00ednh c\u00f3 v\u1ebb ngo\u00e0i h\u1ea5p d\u1eabn h\u01a1n \u0111\u1ec3 tr\u01b0ng b\u00e0y \u0111\u1ed3 u\u1ed1ng, bia, coco cola v\u00e0 t\u1ea5t c\u1ea3 c\u00e1c lo\u1ea1i \u0111\u1ed3 u\u1ed1ng.<\/p>","protected":false},"featured_media":7667,"comment_status":"open","ping_status":"closed","template":"","meta":{"_seopress_robots_primary_cat":"none","_seopress_titles_title":"4 Side Glass Chiller %%sep%%Glass Door Display Chiller %%sep%%Acenox","_seopress_titles_desc":"","_seopress_robots_index":""},"product_cat":[60],"product_tag":[135],"_links":{"self":[{"href":"https:\/\/acenoxkitchenequipment.com\/vi\/wp-json\/wp\/v2\/product\/7490"}],"collection":[{"href":"https:\/\/acenoxkitchenequipment.com\/vi\/wp-json\/wp\/v2\/product"}],"about":[{"href":"https:\/\/acenoxkitchenequipment.com\/vi\/wp-json\/wp\/v2\/types\/product"}],"replies":[{"embeddable":true,"href":"https:\/\/acenoxkitchenequipment.com\/vi\/wp-json\/wp\/v2\/comments?post=7490"}],"version-history":[{"count":0,"href":"https:\/\/acenoxkitchenequipment.com\/vi\/wp-json\/wp\/v2\/product\/7490\/revisions"}],"wp:featuredmedia":[{"embeddable":true,"href":"https:\/\/acenoxkitchenequipment.com\/vi\/wp-json\/wp\/v2\/media\/7667"}],"wp:attachment":[{"href":"https:\/\/acenoxkitchenequipment.com\/vi\/wp-json\/wp\/v2\/media?parent=7490"}],"wp:term":[{"taxonomy":"product_cat","embeddable":true,"href":"https:\/\/acenoxkitchenequipment.com\/vi\/wp-json\/wp\/v2\/product_cat?post=7490"},{"taxonomy":"product_tag","embeddable":true,"href":"https:\/\/acenoxkitchenequipment.com\/vi\/wp-json\/wp\/v2\/product_tag?post=7490"}],"curies":[{"name":"wp","href":"https:\/\/api.w.org\/{rel}","templated":true}]}}