{"id":6855,"date":"2023-07-10T16:44:30","date_gmt":"2023-07-10T08:44:30","guid":{"rendered":"https:\/\/acenoxkitchenequipment.com\/?post_type=product&#038;p=6855"},"modified":"2024-03-10T00:05:01","modified_gmt":"2024-03-09T16:05:01","slug":"glass-display-freezer","status":"publish","type":"product","link":"https:\/\/acenoxkitchenequipment.com\/vi\/san-pham\/glass-display-freezer\/","title":{"rendered":"T\u1ee7 \u0110\u00f4ng Tr\u01b0ng B\u00e0y 2 C\u1eeda"},"content":{"rendered":"<h3>T\u1ee7 \u0111\u00f4ng tr\u01b0ng b\u00e0y<\/h3>\n<p>T\u1ee7 \u0111\u00f4ng tr\u01b0ng b\u00e0y \u0111\u01b0\u1ee3c s\u1eed d\u1ee5ng \u0111\u1ec3 tr\u01b0ng b\u00e0y nhi\u1ec1u lo\u1ea1i h\u00e0ng h\u00f3a \u0111\u00f4ng l\u1ea1nh nh\u01b0 b\u00e1nh ng\u1ecdt, th\u1ecbt, h\u1ea3i s\u1ea3n v\u00e0 c\u00e1c th\u1ef1c ph\u1ea9m kh\u00e1c c\u1ea7n \u0111\u01b0\u1ee3c b\u1ea3o qu\u1ea3n \u1edf nhi\u1ec7t \u0111\u1ed9 th\u1ea5p.<\/p>\n<p>T\u1ee7 \u0111\u00f4ng tr\u01b0ng b\u00e0y c\u1eeda k\u00ednh th\u1eb3ng \u0111\u1ee9ng l\u00e0 m\u1ed9t lo\u1ea1i thi\u1ebft b\u1ecb l\u00e0m l\u1ea1nh th\u01b0\u01a1ng m\u1ea1i th\u01b0\u1eddng \u0111\u01b0\u1ee3c s\u1eed d\u1ee5ng trong c\u00e1c c\u1eeda h\u00e0ng t\u1ea1p h\u00f3a, c\u1eeda h\u00e0ng ti\u1ec7n l\u1ee3i, si\u00eau th\u1ecb v\u00e0 c\u00e1c m\u00f4i tr\u01b0\u1eddng b\u00e1n l\u1ebb kh\u00e1c.<\/p>\n<p>\u25a0 K\u00ednh: K\u00ednh c\u01b0\u1eddng l\u1ef1c 3 l\u1edbp, d\u00e2y s\u01b0\u1edfi ch\u1ed1ng s\u01b0\u01a1ng m\u00f9, C\u1eeda t\u1ef1 \u0111\u00f3ng<\/p>\n<p>\u25a0 Kh\u1ea3 n\u0103ng c\u00e1ch nhi\u1ec7t t\u1ed1t: t\u1ea1o b\u1ecdt cyclopentane, th\u00e2n thi\u1ec7n v\u1edbi m\u00f4i tr\u01b0\u1eddng.<\/p>\n<p>Ch\u00fang t\u00f4i s\u1eed d\u1ee5ng khu\u00f4n \u0111\u1ec3 t\u1ea1o b\u1ecdt, vi\u1ec7c n\u00e0y \u0111\u01b0\u1ee3c th\u1ef1c hi\u1ec7n t\u1ef1 \u0111\u1ed9ng trong quy tr\u00ecnh m\u1ed9t l\u1ea7n m\u00e0 kh\u00f4ng c\u1ea7n thao t\u00e1c th\u1ee7 c\u00f4ng. \u0110i\u1ec1u n\u00e0y \u0111\u1ea3m b\u1ea3o hi\u1ec7u su\u1ea5t c\u00e1ch nhi\u1ec7t t\u1ed1t h\u01a1n.<\/p>\n<p>\u25a0 220V\/50Hz; 110V\/60Hz<\/p>\n<p>\u25a0 M\u00e1y n\u00e9n th\u00f4ng gi\u00f3, Donper ho\u1eb7c ph\u1ea1m vi, R290\/R404a<\/p>\n<p>\u25a0 R\u00e3 \u0111\u00f4ng t\u1ef1 \u0111\u1ed9ng<\/p>\n<p>\u25a0 Thi\u1ebft b\u1ecb ng\u01b0ng t\u1ee5 v\u00e0 bay h\u01a1i ho\u00e0n to\u00e0n b\u1eb1ng \u0111\u1ed3ng<\/p>\n<p>\u25a0 B\u1ed9 \u0111i\u1ec1u khi\u1ec3n nhi\u1ec7t \u0111\u1ed9 nh\u00e3n hi\u1ec7u ho\u1eb7c nh\u00e3n hi\u1ec7u \u00dd, -18oC~-22oC.<\/p>\n<p>\u25a0 Khung v\u00e0 c\u1eeda h\u1ee3p kim nh\u00f4m<\/p>\n<p>\u25a0 B\u00ean trong c\u00f3 k\u1ec7 ph\u1ee7 PVC b\u1ed1n l\u1edbp<\/p>\n<p>\u25a0 B\u00e1nh xe TPR ph\u1ed5 th\u00f4ng, hai b\u00e1nh c\u00f3 phanh.<\/p>\n<p>\u25a0 M\u1ed7i c\u1eeda \u0111\u1ec1u c\u00f3 d\u1ea3i \u0111\u00e8n LED d\u1ecdc ch\u1ea5t l\u01b0\u1ee3ng t\u1ed1t gi\u00fap chi\u1ebfu s\u00e1ng h\u00e0ng h\u00f3a m\u1ed9t c\u00e1ch xu\u1ea5t s\u1eafc<\/p>\n<p>\u25a0 T\u1ea7ng h\u1ea7m th\u00e9p s\u01a1n t\u0129nh \u0111i\u1ec7n, gi\u00e1 th\u00e0nh kinh t\u1ebf nh\u01b0ng ch\u1ea5t l\u01b0\u1ee3ng b\u1ec1n b\u1ec9.<\/p>\n<p>T\u00f9y ch\u1ecdn c\u00f3 th\u1ec3 t\u00f9y ch\u1ec9nh: 1. M\u00e0u s\u1eafc 2. Th\u01b0\u01a1ng hi\u1ec7u m\u00e1y n\u00e9n 3. k\u00ednh d\u00e2y s\u01b0\u1edfi<\/p>\n<h3>Th\u00f4ng tin k\u0129 thu\u1eadt<\/h3>\n<p>&nbsp;<\/p>","protected":false},"excerpt":{"rendered":"<p>T\u1ee7 \u0111\u00f4ng tr\u01b0ng b\u00e0y \u0111\u01b0\u1ee3c s\u1eed d\u1ee5ng \u0111\u1ec3 tr\u01b0ng b\u00e0y nhi\u1ec1u lo\u1ea1i h\u00e0ng h\u00f3a \u0111\u00f4ng l\u1ea1nh nh\u01b0 b\u00e1nh ng\u1ecdt, th\u1ecbt, h\u1ea3i s\u1ea3n v\u00e0 c\u00e1c th\u1ef1c ph\u1ea9m kh\u00e1c c\u1ea7n \u0111\u01b0\u1ee3c b\u1ea3o qu\u1ea3n \u1edf nhi\u1ec7t \u0111\u1ed9 th\u1ea5p.<\/p>","protected":false},"featured_media":9056,"comment_status":"open","ping_status":"closed","template":"","meta":{"_seopress_robots_primary_cat":"none","_seopress_titles_title":"Display Freezer Manufacturer %%sep%%2 Doors and 3 Doors","_seopress_titles_desc":"The display freezer is used to showcase a variety of frozen goods such as pastries, meat, seafood, and other food that need to be stored at low temperatures -18\u2103~-22\u2103.","_seopress_robots_index":""},"product_cat":[60],"product_tag":[271],"_links":{"self":[{"href":"https:\/\/acenoxkitchenequipment.com\/vi\/wp-json\/wp\/v2\/product\/6855"}],"collection":[{"href":"https:\/\/acenoxkitchenequipment.com\/vi\/wp-json\/wp\/v2\/product"}],"about":[{"href":"https:\/\/acenoxkitchenequipment.com\/vi\/wp-json\/wp\/v2\/types\/product"}],"replies":[{"embeddable":true,"href":"https:\/\/acenoxkitchenequipment.com\/vi\/wp-json\/wp\/v2\/comments?post=6855"}],"version-history":[{"count":0,"href":"https:\/\/acenoxkitchenequipment.com\/vi\/wp-json\/wp\/v2\/product\/6855\/revisions"}],"wp:featuredmedia":[{"embeddable":true,"href":"https:\/\/acenoxkitchenequipment.com\/vi\/wp-json\/wp\/v2\/media\/9056"}],"wp:attachment":[{"href":"https:\/\/acenoxkitchenequipment.com\/vi\/wp-json\/wp\/v2\/media?parent=6855"}],"wp:term":[{"taxonomy":"product_cat","embeddable":true,"href":"https:\/\/acenoxkitchenequipment.com\/vi\/wp-json\/wp\/v2\/product_cat?post=6855"},{"taxonomy":"product_tag","embeddable":true,"href":"https:\/\/acenoxkitchenequipment.com\/vi\/wp-json\/wp\/v2\/product_tag?post=6855"}],"curies":[{"name":"wp","href":"https:\/\/api.w.org\/{rel}","templated":true}]}}