{"id":6844,"date":"2023-07-05T18:58:02","date_gmt":"2023-07-05T10:58:02","guid":{"rendered":"https:\/\/acenoxkitchenequipment.com\/?post_type=product&#038;p=6844"},"modified":"2023-10-16T16:30:31","modified_gmt":"2023-10-16T08:30:31","slug":"cake-display-cabinet","status":"publish","type":"product","link":"https:\/\/acenoxkitchenequipment.com\/vi\/san-pham\/cake-display-cabinet\/","title":{"rendered":"T\u1ee7 tr\u01b0ng b\u00e0y b\u00e1nh k\u00ednh cong"},"content":{"rendered":"<p><strong>\u0110\u1eb7c tr\u01b0ng:<\/strong><\/p>\n<ul>\n<li>L\u00e0 nh\u00e0 s\u1ea3n xu\u1ea5t, ch\u00fang t\u00f4i c\u00f3 th\u1ec3 s\u1ea3n xu\u1ea5t t\u1ee7 tr\u01b0ng b\u00e0y b\u00e1nh l\u1ea1nh v\u00e0 t\u1ee7 tr\u01b0ng b\u00e0y b\u00e1nh xung quanh.<\/li>\n<li>K\u00edch th\u01b0\u1edbc, m\u00e0u s\u1eafc v\u00e0 v\u1eadt li\u1ec7u c\u1ee7a t\u1ee7 \u0111\u01b0\u1ee3c thi\u1ebft k\u1ebf ri\u00eang \u0111\u1ec3 ph\u00f9 h\u1ee3p v\u1edbi th\u1ecb tr\u01b0\u1eddng \u0111\u1ecba ph\u01b0\u01a1ng c\u1ee7a b\u1ea1n.<\/li>\n<li>V\u00ed d\u1ee5: ch\u00fang ta c\u00f3 th\u1ec3 s\u1eed d\u1ee5ng th\u00e9p 201 m\u00e0u v\u00e0ng, th\u00e9p 304 m\u00e0u v\u00e0ng \u0111\u1ec3 l\u00e0m th\u00e2n t\u1ee7 tr\u01b0ng b\u00e0y b\u00e1nh. M\u1ed7i ph\u1ea7n c\u00f3 th\u1ec3 \u0111\u01b0\u1ee3c t\u00f9y ch\u1ec9nh. Ch\u00fang t\u00f4i c\u0169ng s\u1ebd cung c\u1ea5p l\u1eddi khuy\u00ean chuy\u00ean nghi\u1ec7p theo kinh nghi\u1ec7m \u0111\u00e3 qua c\u1ee7a ch\u00fang t\u00f4i.<\/li>\n<li>T\u1ee7 tr\u01b0ng b\u00e0y b\u00e1nh acrylic l\u00e0 m\u1ed9t lo\u1ea1i ph\u1ed5 bi\u1ebfn kh\u00e1c.<\/li>\n<li>T\u1ee7 tr\u01b0ng b\u00e0y b\u00e1nh b\u1eb1ng th\u00e9p tr\u00e1ng l\u00e0 m\u1ed9t l\u1ef1a ch\u1ecdn kinh t\u1ebf kh\u00e1c.<\/li>\n<\/ul>\n<ol>\n<li><strong>M\u00e1y n\u00e9n:<\/strong> M\u00e1y n\u00e9n Embraco ho\u1eb7c m\u00e1y n\u00e9n Donper \u0111\u1ec3 l\u1ef1a ch\u1ecdn<\/li>\n<li><strong>Ch\u1ea5t l\u00e0m l\u1ea1nh:<\/strong> R134a\/R290<\/li>\n<li><strong>Ki\u1ec3m so\u00e1t nhi\u1ec7t \u0111\u1ed9:<\/strong> Th\u01b0\u01a1ng hi\u1ec7u Dixell ho\u1eb7c Carel c\u1ee7a \u00dd<\/li>\n<li><strong>T\u1ea7ng h\u1ea7m:<\/strong> T\u1ea7ng h\u1ea7m b\u1eb1ng th\u00e9p kh\u00f4ng g\u1ec9 430 c\u00f3 t\u00edch h\u1ee3p b\u1ecdt Cyclopentane b\u00ean trong t\u1ea7ng h\u1ea7m, c\u00f3 kh\u1ea3 n\u0103ng b\u1ecbt k\u00edn t\u1ed1t n\u00ean c\u00f3 th\u1ec3 gi\u1eef kh\u00f4ng kh\u00ed l\u1ea1nh b\u00ean trong cabin, gi\u1ea3m th\u1ea5t tho\u00e1t n\u0103ng l\u01b0\u1ee3ng.<\/li>\n<li><strong>K\u00ednh:<\/strong> T\u1ef1 \u0111\u1ed9ng kh\u1eed s\u01b0\u01a1ng ti\u00ean ti\u1ebfn K\u00ednh c\u00f3 \u0111\u1ed9 ph\u00e1t x\u1ea1 th\u1ea5p, hai l\u1edbp K\u00ednh c\u01b0\u1eddng l\u1ef1c r\u1ed7ng<\/li>\n<li><strong>Ng\u01b0\u1eddi kh\u00e1c:<\/strong> Thi\u1ebft b\u1ecb ng\u01b0ng t\u1ee5 v\u00e0 bay h\u01a1i ho\u00e0n to\u00e0n b\u1eb1ng \u0111\u1ed3ng<\/li>\n<li><strong>Nh\u1eefng c\u00e1i k\u1ec7:<\/strong> Ba l\u1edbp k\u1ec7 ho\u00e0n to\u00e0n b\u1eb1ng th\u00e9p kh\u00f4ng g\u1ec9 + nh\u00f4m, t\u1ea3i tr\u1ecdng tr\u00ean 30kg\/l\u1edbp<\/li>\n<li><strong>C\u1eeda:<\/strong> Hai c\u1eeda k\u00ednh tr\u01b0\u1ee3t ch\u1ed1ng s\u01b0\u01a1ng m\u00f9 c\u00f3 kh\u1ea3 n\u0103ng b\u1ecbt k\u00edn t\u1ed1t, d\u00e2y s\u01b0\u1edfi<\/li>\n<li><strong>\u0110\u00e8n:<\/strong> \u0110\u00e8n LED tr\u1eafng \u1ea5m ho\u1eb7c l\u1ea1nh cho b\u1ea1n l\u1ef1a ch\u1ecdn<\/li>\n<li><strong>B\u00e1nh xe: <\/strong>Bao g\u1ed3m b\u00e1nh xe 4\u00d7<\/li>\n<\/ol>\n<p>&nbsp;<\/p>\n<p>L\u01b0u \u00fd: M\u00f4i tr\u01b0\u1eddng \u00e1p d\u1ee5ng: Nhi\u1ec7t \u0111\u1ed9 m\u00f4i tr\u01b0\u1eddng xung quanh d\u01b0\u1edbi 32oC<\/p>\n<p>&nbsp;<\/p>\n<p>&nbsp;<\/p>\n<p>&nbsp;<\/p>\n<p>&nbsp;<\/p>\n<p>&nbsp;<\/p>\n<p>&nbsp;<\/p>","protected":false},"excerpt":{"rendered":"<p>Thi\u1ebft k\u1ebf b\u00ean ngo\u00e0i \u0111\u1eb9p m\u1eaft c\u1ee7a T\u1ee7 tr\u01b0ng b\u00e0y b\u00e1nh l\u1ea1nh n\u00e0y hi\u1ec7n l\u00e0 ki\u1ec3u d\u00e1ng \u0111\u01b0\u1ee3c \u01b0a chu\u1ed9ng nh\u1ea5t, c\u1ea5u h\u00ecnh b\u1ec1n b\u1ec9, \u00e2m l\u01b0\u1ee3ng hi\u1ec3n th\u1ecb cao, nhi\u1ec7t \u0111\u1ed9 \u1ed5n \u0111\u1ecbnh 2oC ~ 8oC<\/p>","protected":false},"featured_media":8342,"comment_status":"closed","ping_status":"closed","template":"","meta":{"_seopress_robots_primary_cat":"none","_seopress_titles_title":"Cake Display Cabinet %%sep%%Bulk Orders From Factory %%sep%%Acenox","_seopress_titles_desc":"we can use golden color 201 steel\uff0cgolden color 304 steel to make the body of the cake display cabinet. Every part could be customized. ","_seopress_robots_index":""},"product_cat":[59],"product_tag":[215],"_links":{"self":[{"href":"https:\/\/acenoxkitchenequipment.com\/vi\/wp-json\/wp\/v2\/product\/6844"}],"collection":[{"href":"https:\/\/acenoxkitchenequipment.com\/vi\/wp-json\/wp\/v2\/product"}],"about":[{"href":"https:\/\/acenoxkitchenequipment.com\/vi\/wp-json\/wp\/v2\/types\/product"}],"replies":[{"embeddable":true,"href":"https:\/\/acenoxkitchenequipment.com\/vi\/wp-json\/wp\/v2\/comments?post=6844"}],"version-history":[{"count":0,"href":"https:\/\/acenoxkitchenequipment.com\/vi\/wp-json\/wp\/v2\/product\/6844\/revisions"}],"wp:featuredmedia":[{"embeddable":true,"href":"https:\/\/acenoxkitchenequipment.com\/vi\/wp-json\/wp\/v2\/media\/8342"}],"wp:attachment":[{"href":"https:\/\/acenoxkitchenequipment.com\/vi\/wp-json\/wp\/v2\/media?parent=6844"}],"wp:term":[{"taxonomy":"product_cat","embeddable":true,"href":"https:\/\/acenoxkitchenequipment.com\/vi\/wp-json\/wp\/v2\/product_cat?post=6844"},{"taxonomy":"product_tag","embeddable":true,"href":"https:\/\/acenoxkitchenequipment.com\/vi\/wp-json\/wp\/v2\/product_tag?post=6844"}],"curies":[{"name":"wp","href":"https:\/\/api.w.org\/{rel}","templated":true}]}}