{"id":6785,"date":"2023-07-04T10:34:14","date_gmt":"2023-07-04T02:34:14","guid":{"rendered":"https:\/\/acenoxkitchenequipment.com\/?post_type=product&#038;p=6785"},"modified":"2024-03-08T17:49:05","modified_gmt":"2024-03-08T09:49:05","slug":"commercial-glass-door-refrigerator","status":"publish","type":"product","link":"https:\/\/acenoxkitchenequipment.com\/vi\/san-pham\/commercial-glass-door-refrigerator\/","title":{"rendered":"T\u1ee7 l\u1ea1nh c\u1eeda k\u00ednh th\u01b0\u01a1ng m\u1ea1i"},"content":{"rendered":"<h3>\u0110\u1eb7c \u0111i\u1ec3m c\u1ee7a t\u1ee7 l\u1ea1nh c\u1eeda k\u00ednh th\u01b0\u01a1ng m\u1ea1i:<\/h3>\n<p>T\u1ee7 l\u1ea1nh th\u01b0\u01a1ng m\u1ea1i 3 c\u1eeda k\u00ednh c\u00f3 dung t\u00edch ch\u1ee9a \u0111\u1ed3 l\u1edbn. N\u00f3 \u0111\u01b0\u1ee3c s\u1eed d\u1ee5ng r\u1ed9ng r\u00e3i trong c\u00e1c c\u1eeda h\u00e0ng r\u01b0\u1ee3u, qu\u00e1n bia, si\u00eau th\u1ecb, v.v.<\/p>\n<p>C\u00f9ng t\u00ecm hi\u1ec3u \u01b0u \u0111i\u1ec3m c\u1ee7a t\u1ee7 l\u1ea1nh th\u01b0\u01a1ng m\u1ea1i c\u1eeda k\u00ednh 3 c\u00e1nh n\u00e0y:<\/p>\n<ul>\n<li><strong>Dung l\u01b0\u1ee3ng l\u1edbn:\u00a0<\/strong><\/li>\n<\/ul>\n<p>1450L, n\u0103m l\u1edbp k\u1ec7 m\u1ea1 crom, c\u00f3 t\u1ea3i tr\u1ecdng n\u1eb7ng v\u00e0 c\u00f3 th\u1ec3 ch\u1ee9a m\u1ed9t l\u01b0\u1ee3ng l\u1edbn bia, \u0111\u1ed3 u\u1ed1ng v\u00e0 n\u01b0\u1edbc.<\/p>\n<ul>\n<li><strong>K\u00ednh trong su\u1ed1t d\u00e0y v\u00e0 cao:\u00a0<\/strong><\/li>\n<\/ul>\n<p>Ch\u00fang t\u00f4i s\u1eed d\u1ee5ng k\u00ednh r\u1ea5t d\u00e0y v\u00e0 n\u1eb7ng, c\u0169ng c\u00f3 t\u1ea7m nh\u00ecn r\u00f5 r\u00e0ng cao. K\u00ednh hai l\u1edbp mang l\u1ea1i hi\u1ec7u qu\u1ea3 c\u00e1ch nhi\u1ec7t cao, ti\u1ebft ki\u1ec7m n\u0103ng l\u01b0\u1ee3ng hi\u1ec7u qu\u1ea3.<\/p>\n<ul>\n<li><strong>M\u00e1y n\u00e9n n\u1ed5i ti\u1ebfng:\u00a0<\/strong><\/li>\n<\/ul>\n<p>Donper Compressor, th\u01b0\u01a1ng hi\u1ec7u m\u00e1y n\u00e9n n\u1ed5i ti\u1ebfng v\u1edbi ch\u1ea5t l\u01b0\u1ee3ng b\u1ec1n b\u1ec9, m\u00f4i ch\u1ea5t l\u1ea1nh R290 th\u00e2n thi\u1ec7n v\u1edbi m\u00f4i tr\u01b0\u1eddng<\/p>\n<ul>\n<li><strong>L\u00e0m m\u00e1t th\u00f4ng gi\u00f3<\/strong><\/li>\n<\/ul>\n<p>S\u1ef1 tu\u1ea7n ho\u00e0n t\u00edch c\u1ef1c gi\u00fap duy tr\u00ec nhi\u1ec7t \u0111\u1ed9 \u1ed5n \u0111\u1ecbnh trong to\u00e0n b\u1ed9 kh\u00f4ng gian l\u00e0m m\u00e1t, \u0111\u1ea3m b\u1ea3o l\u00e0m m\u00e1t \u0111\u1ec1u v\u00e0 gi\u1ea3m thi\u1ec3u s\u1ef1 ch\u00eanh l\u1ec7ch nhi\u1ec7t \u0111\u1ed9.<\/p>\n<ul>\n<li><strong>H\u1ed9p \u0111\u00e8n h\u1ea5p d\u1eabn ph\u00eda tr\u00ean:<\/strong><\/li>\n<\/ul>\n<p>Ch\u00fang t\u00f4i cung c\u1ea5p qu\u1ea3ng c\u00e1o t\u00f9y ch\u1ec9nh \u0111\u01b0\u1ee3c in tr\u00ean h\u1ed9p \u0111\u00e8n ph\u00eda tr\u00ean, r\u1ea5t \u1ea5n t\u01b0\u1ee3ng v\u00e0 h\u1ea5p d\u1eabn. B\u1ed9 ph\u1eadn l\u00e0m l\u1ea1nh n\u1eb1m \u1edf ph\u00eda tr\u00ean ph\u00eda sau h\u1ed9p \u0111\u00e8n.<\/p>\n<ul>\n<li><strong>C\u00e1ch nhi\u1ec7t si\u00eau d\u00e0y:<\/strong><\/li>\n<\/ul>\n<p>T\u1ee7 l\u1ea1nh c\u00f3 l\u1edbp x\u1ed1p c\u00e1ch nhi\u1ec7t d\u00e0y 7,5 cm, c\u00f3 th\u1ec3 mang l\u1ea1i \u0111\u1eb7c t\u00ednh c\u00e1ch nhi\u1ec7t t\u1ed1t.<\/p>\n<ul>\n<li><strong>B\u1ed9 \u0111i\u1ec1u khi\u1ec3n nhi\u1ec7t \u0111\u1ed9 k\u1ef9 thu\u1eadt s\u1ed1:\u00a0<\/strong><\/li>\n<\/ul>\n<p>D\u1ec5 d\u00e0ng \u0111i\u1ec1u ch\u1ec9nh nhi\u1ec7t \u0111\u1ed9<\/p>\n<ul>\n<li><strong>B\u00e1nh xe h\u1ea1ng n\u1eb7ng:\u00a0<\/strong><\/li>\n<\/ul>\n<p>B\u00e1nh xe \u0111a n\u0103ng c\u00f3 phanh, b\u1ea1n c\u00f3 th\u1ec3 \u0111\u1eb7t t\u1ee7 l\u1ea1nh \u1edf \u0111\u00fang v\u1ecb tr\u00ed m\u00e0 kh\u00f4ng g\u1eb7p b\u1ea5t k\u1ef3 tr\u1edf ng\u1ea1i n\u00e0o.<\/p>\n<p>&nbsp;<\/p>\n<p>Ch\u00fang t\u00f4i c\u00f3 h\u01a1n ch\u1ee5c n\u0103m kinh nghi\u1ec7m s\u1ea3n xu\u1ea5t t\u1ee7 l\u1ea1nh k\u00ednh th\u01b0\u01a1ng m\u1ea1i. C\u00e1c t\u00ednh n\u0103ng tuy\u1ec7t v\u1eddi n\u00eau tr\u00ean \u0111\u1ea3m b\u1ea3o ch\u1ea5t l\u01b0\u1ee3ng t\u1ee7 l\u1ea1nh c\u1ee7a ch\u00fang t\u00f4i. Tuy nhi\u00ean, \u0111\u1ec3 th\u00e2m nh\u1eadp th\u1ecb tr\u01b0\u1eddng qu\u1ed1c t\u1ebf, ch\u00fang t\u00f4i \u0111\u01b0a ra m\u1ee9c gi\u00e1 c\u1ea1nh tranh cao. Xin vui l\u00f2ng li\u00ean h\u1ec7 v\u1edbi ch\u00fang t\u00f4i \u0111\u1ec3 bi\u1ebft th\u00f4ng tin gi\u00e1 m\u1edbi nh\u1ea5t.<\/p>\n<p>&nbsp;<\/p>\n<p>&nbsp;<\/p>","protected":false},"excerpt":{"rendered":"<p>Thi\u1ebft k\u1ebf \u0111\u01a1n gi\u1ea3n nh\u01b0ng \u0111\u1ea7y phong c\u00e1ch c\u1ee7a chi\u1ebfc t\u1ee7 l\u1ea1nh c\u1eeda k\u00ednh \u0111\u01a1n n\u00e0y \u0111\u01b0\u1ee3c \u01b0a chu\u1ed9ng \u1edf nhi\u1ec1u qu\u1ed1c gia nh\u01b0 Ch\u00e2u \u00c2u, \u00dac v\u00e0 Malaysia, v.v. N\u00f3 \u0111\u01b0\u1ee3c s\u1eed d\u1ee5ng \u0111\u1ec3 tr\u01b0ng b\u00e0y \u0110\u1ed3 u\u1ed1ng L\u1ea1nh, Bia, v.v. Xin l\u01b0u \u00fd, k\u00edch th\u01b0\u1edbc v\u00e0 h\u00ecnh d\u1ea1ng c\u00f3 th\u1ec3 \u0111\u01b0\u1ee3c t\u00f9y ch\u1ec9nh, c\u00f4ng ty c\u1ee7a b\u1ea1n C\u00f3 th\u1ec3 in nh\u00e3n d\u00e1n logo qu\u1ea3ng c\u00e1o \u0111\u1ec3 d\u00e1n tr\u00ean n\u00f3c t\u1ee7 l\u1ea1nh<\/p>","protected":false},"featured_media":9022,"comment_status":"open","ping_status":"closed","template":"","meta":{"_seopress_robots_primary_cat":"none","_seopress_titles_title":"Commercial Glass Door Refrigerators From Reliable Factory","_seopress_titles_desc":"We are offering highly competitive prices of 2 doors and 3 doors Commercial Glass Door Refrigerators, digital temperature control: +2\u2103~+8\u2103\uff1bVentilated cooling","_seopress_robots_index":""},"product_cat":[60],"product_tag":[179],"_links":{"self":[{"href":"https:\/\/acenoxkitchenequipment.com\/vi\/wp-json\/wp\/v2\/product\/6785"}],"collection":[{"href":"https:\/\/acenoxkitchenequipment.com\/vi\/wp-json\/wp\/v2\/product"}],"about":[{"href":"https:\/\/acenoxkitchenequipment.com\/vi\/wp-json\/wp\/v2\/types\/product"}],"replies":[{"embeddable":true,"href":"https:\/\/acenoxkitchenequipment.com\/vi\/wp-json\/wp\/v2\/comments?post=6785"}],"version-history":[{"count":0,"href":"https:\/\/acenoxkitchenequipment.com\/vi\/wp-json\/wp\/v2\/product\/6785\/revisions"}],"wp:featuredmedia":[{"embeddable":true,"href":"https:\/\/acenoxkitchenequipment.com\/vi\/wp-json\/wp\/v2\/media\/9022"}],"wp:attachment":[{"href":"https:\/\/acenoxkitchenequipment.com\/vi\/wp-json\/wp\/v2\/media?parent=6785"}],"wp:term":[{"taxonomy":"product_cat","embeddable":true,"href":"https:\/\/acenoxkitchenequipment.com\/vi\/wp-json\/wp\/v2\/product_cat?post=6785"},{"taxonomy":"product_tag","embeddable":true,"href":"https:\/\/acenoxkitchenequipment.com\/vi\/wp-json\/wp\/v2\/product_tag?post=6785"}],"curies":[{"name":"wp","href":"https:\/\/api.w.org\/{rel}","templated":true}]}}