{"id":6671,"date":"2023-06-14T12:57:00","date_gmt":"2023-06-14T04:57:00","guid":{"rendered":"https:\/\/acenoxkitchenequipment.com\/?post_type=product&#038;p=6671"},"modified":"2023-10-18T20:34:58","modified_gmt":"2023-10-18T12:34:58","slug":"ice-cream-chest-freezer-curved-glass","status":"publish","type":"product","link":"https:\/\/acenoxkitchenequipment.com\/vi\/san-pham\/ice-cream-chest-freezer-curved-glass\/","title":{"rendered":"T\u1ee7 \u0111\u00f4ng kem k\u00ednh cong"},"content":{"rendered":"<h3>T\u1ee7 \u0111\u00f4ng kem k\u00ednh cong<\/h3>\n<p><strong>\u0110\u1eb7c tr\u01b0ng:<\/strong><\/p>\n<p>V\u1edbi \u0111\u1ed9 s\u00e2u 815mm, t\u1ee7 \u0111\u00f4ng kem n\u00e0y c\u00f3 s\u1ee9c ch\u1ee9a l\u1edbn v\u00e0 c\u1eeda s\u1ed5 tr\u1ef1c quan, khi\u1ebfn n\u00f3 tr\u1edf th\u00e0nh s\u1ef1 l\u1ef1a ch\u1ecdn tuy\u1ec7t v\u1eddi cho c\u00e1c c\u1eeda h\u00e0ng v\u00e0 trung t\u00e2m mua s\u1eafm l\u1edbn. N\u00f3 c\u00f3 l\u1edbp c\u00e1ch nhi\u1ec7t c\u1ef1c d\u00e0y, mang l\u1ea1i hi\u1ec7u qu\u1ea3 n\u0103ng l\u01b0\u1ee3ng, c\u00e1ch nhi\u1ec7t t\u1ed1t v\u00e0 hi\u1ec7u \u1ee9ng b\u1ecbt k\u00edn. M\u1eb7t k\u00ednh cong c\u1ee7a n\u00f3 mang l\u1ea1i v\u1ebb ngo\u00e0i trang nh\u00e3 v\u00e0 d\u1ec5 d\u00e0ng ti\u1ebfp c\u1eadn c\u00e1c m\u00e0n h\u00ecnh b\u00ean trong. T\u1ee7 \u0111\u00f4ng kem n\u00e0y c\u00f3 \u0111\u1ed9 b\u1ec1n cao v\u00e0 t\u00ednh th\u1ea9m m\u1ef9 cao. Ch\u00fang t\u00f4i cung c\u1ea5p c\u00e1c t\u00f9y ch\u1ecdn in \u1ea5n b\u00ean ngo\u00e0i t\u00f9y ch\u1ec9nh.<\/p>\n<ol>\n<li>M\u00e1y n\u00e9n Donper n\u1ed5i ti\u1ebfng ho\u1eb7c m\u00e1y n\u00e9n GMCC<\/li>\n<li>Ch\u1ea5t l\u00e0m l\u1ea1nh: R290<\/li>\n<li>T\u1ea5t c\u1ea3 c\u00e1c v\u1eadt li\u1ec7u \u0111\u1ed3ng c\u1ee7a thi\u1ebft b\u1ecb bay h\u01a1i v\u00e0 ng\u01b0ng t\u1ee5<\/li>\n<li>N\u1ed9i th\u1ea5t nh\u00f4m s\u01a1n t\u0129nh \u0111i\u1ec7n m\u00e0u tr\u1eafng.<\/li>\n<li>K\u00ednh c\u01b0\u1eddng l\u1ef1c Low-E.<\/li>\n<li>\u0110\u00e8n LED ch\u1ea5t l\u01b0\u1ee3ng cao b\u00ean trong<\/li>\n<li>B\u1ed9 \u0111i\u1ec1u khi\u1ec3n nhi\u1ec7t \u0111\u1ed9 k\u1ef9 thu\u1eadt s\u1ed1 -22oC~-18oC<\/li>\n<li>Tay c\u1ea7m b\u1eb1ng h\u1ee3p kim nh\u00f4m<\/li>\n<li>L\u1edbp c\u00e1ch nhi\u1ec7t si\u00eau d\u00e0y 7,5 cm mang l\u1ea1i kh\u1ea3 n\u0103ng c\u00e1ch nhi\u1ec7t cao, t\u1ea1o b\u1ecdt-cyclopentane th\u00e2n thi\u1ec7n v\u1edbi m\u00f4i tr\u01b0\u1eddng<\/li>\n<li>B\u00e1nh xe h\u1ea1ng n\u1eb7ng<\/li>\n<li>Bao g\u1ed3m gi\u1ecf th\u00e9p tr\u00e1ng<\/li>\n<li>\u0110\u01b0\u1ee3c trang b\u1ecb d\u1ea3i ch\u1ed1ng va ch\u1ea1m<\/li>\n<\/ol>\n<div class=\"wptb-table-container wptb-table-6670\"><div class=\"wptb-table-container-matrix\" id=\"wptb-table-id-6670\" data-wptb-version=\"1.4.14\" data-wptb-pro-status=\"false\"><table class=\"wptb-preview-table wptb-element-main-table_setting-5987\" data-wptb-adaptive-table=\"0\" data-wptb-cells-width-auto-count=\"5\" data-wptb-table-tds-sum-max-width=\"798.6000000000001\" style=\"border-style: solid; border-width: 1px;\" data-table-columns=\"6\" data-reconstraction=\"1\" data-wptb-horizontal-scroll-status=\"false\" data-wptb-extra-styles=\"LyogRW50ZXIgeW91ciBjdXN0b20gQ1NTIHJ1bGVzIGhlcmUgKi8=\" role=\"table\"><tbody><tr class=\"wptb-row\"><td class=\"wptb-cell\" data-wptb-css-td-auto-width=\"true\" data-x-index=\"0\" data-y-index=\"0\" style=\"padding: 15px; border-style: solid; border-width: 1px;\"><div class=\"wptb-text-container wptb-ph-element wptb-element-text-1\"><div class=\"\" style=\"position: relative;\"><p>NG\u01af\u1edcI M\u1eaaU<\/p><\/div><\/div><\/td><td class=\"wptb-cell\" data-x-index=\"1\" data-y-index=\"0\" style=\"padding: 15px; border-style: solid; border-width: 1px; width: 113px;\"><div class=\"wptb-text-container wptb-ph-element wptb-element-text-2\"><div class=\"\" style=\"position: relative;\"><p>K\u00cdCH TH\u01af\u1edaC (mm)<\/p><\/div><\/div><\/td><td class=\"wptb-cell\" data-wptb-css-td-auto-width=\"true\" data-x-index=\"2\" data-y-index=\"0\" style=\"padding: 15px; border-style: solid; border-width: 1px;\"><div class=\"wptb-text-container wptb-ph-element wptb-element-text-3\" style=\"color: rgb(74, 85, 104); font-size: 15px;\"><div class=\"\" style=\"position: relative;\"><p>l\u00e0m m\u00e1t<\/p><\/div><\/div><\/td><td class=\"wptb-cell\" data-wptb-css-td-auto-width=\"true\" data-x-index=\"3\" data-y-index=\"0\" style=\"padding: 15px; border-style: solid; border-width: 1px;\"><div class=\"wptb-text-container wptb-ph-element wptb-element-text-4\" style=\"color: rgb(74, 85, 104); font-size: 15px;\"><div class=\"\" style=\"position: relative;\"><p>H\u00ccNH D\u1ea0NG<\/p><p><\/p><\/div><\/div><\/td><td class=\"wptb-cell\" data-wptb-css-td-auto-width=\"true\" data-x-index=\"4\" data-y-index=\"0\" style=\"padding: 15px; border-style: solid; border-width: 1px;\"><div class=\"wptb-text-container wptb-ph-element wptb-element-text-5\"><div class=\"\" style=\"position: relative;\"><p>M\u00c0U S\u1eaeC<\/p><\/div><\/div><\/td><td class=\"wptb-cell\" data-wptb-css-td-auto-width=\"true\" data-x-index=\"5\" data-y-index=\"0\" style=\"padding: 15px; border-style: solid; border-width: 1px;\"><div class=\"wptb-text-container wptb-ph-element wptb-element-text-6\" style=\"color: rgb(74, 85, 104); font-size: 15px;\"><div class=\"\" style=\"position: relative;\"><p>Nhi\u1ec7t \u0111\u1ed9<\/p><\/div><\/div><\/td><\/tr><tr class=\"wptb-row\" style=\"--hover-bg-color: undefined;\"><td class=\"wptb-cell\" data-wptb-css-td-auto-width=\"true\" data-x-index=\"0\" data-y-index=\"1\" style=\"padding: 15px; border-style: solid; border-width: 1px;\"><div class=\"wptb-text-container wptb-ph-element wptb-element-text-7\" style=\"color: rgb(74, 85, 104); font-size: 15px;\"><div class=\"\" style=\"position: relative;\"><p>IC-1260<\/p><\/div><\/div><\/td><td class=\"wptb-cell\" data-x-index=\"1\" data-y-index=\"1\" style=\"padding: 15px; border-style: solid; border-width: 1px; width: 113px;\"><div class=\"wptb-text-container wptb-ph-element wptb-element-text-8\" style=\"color: rgb(74, 85, 104); font-size: 15px;\"><div class=\"\" style=\"position: relative;\"><p>1260\u00d7815\u00d7835<\/p><\/div><\/div><\/td><td class=\"wptb-cell\" data-wptb-css-td-auto-width=\"true\" data-x-index=\"2\" data-y-index=\"1\" style=\"padding: 15px; border-style: solid; border-width: 1px;\"><div class=\"wptb-text-container wptb-ph-element wptb-element-text-9\" style=\"color: rgb(74, 85, 104); font-size: 15px;\"><div class=\"\" style=\"position: relative;\"><p>L\u00e0m m\u00e1t t\u0129nh<\/p><\/div><\/div><\/td><td class=\"wptb-cell\" data-wptb-css-td-auto-width=\"true\" data-x-index=\"3\" data-y-index=\"1\" style=\"padding: 15px; border-style: solid; border-width: 1px;\"><div class=\"wptb-text-container wptb-ph-element wptb-element-text-10\" style=\"color: rgb(74, 85, 104); font-size: 15px;\"><div class=\"\" style=\"position: relative;\"><p>cong<\/p><p><\/p><\/div><\/div><\/td><td class=\"wptb-cell\" data-wptb-css-td-auto-width=\"true\" data-x-index=\"4\" data-y-index=\"1\" style=\"padding: 15px; border-style: solid; border-width: 1px;\"><div class=\"wptb-text-container wptb-ph-element wptb-element-text-11\" style=\"color: rgb(74, 85, 104); font-size: 15px;\"><div class=\"\" style=\"position: relative;\"><p>t\u00f9y ch\u1ec9nh<\/p><\/div><\/div><\/td><td class=\"wptb-cell\" data-wptb-css-td-auto-width=\"true\" data-x-index=\"5\" data-y-index=\"1\" style=\"padding: 15px; border-style: solid; border-width: 1px;\"><div class=\"wptb-text-container wptb-ph-element wptb-element-text-12\" style=\"color: rgb(74, 85, 104); font-size: 15px;\"><div class=\"\" style=\"position: relative;\"><p>-22&#8451;~-18&#8451;<\/p><\/div><\/div><\/td><\/tr><tr class=\"wptb-row\" style=\"--hover-bg-color: undefined;\"><td class=\"wptb-cell\" data-wptb-css-td-auto-width=\"true\" data-x-index=\"0\" data-y-index=\"2\" style=\"padding: 15px; border-style: solid; border-width: 1px;\"><div class=\"wptb-text-container wptb-ph-element wptb-element-text-13\" style=\"color: rgb(74, 85, 104); font-size: 15px;\"><div class=\"\" style=\"position: relative;\"><p>IC-1865L<\/p><\/div><\/div><\/td><td class=\"wptb-cell\" data-x-index=\"1\" data-y-index=\"2\" style=\"padding: 15px; border-style: solid; border-width: 1px; width: 113px;\"><div class=\"wptb-text-container wptb-ph-element wptb-element-text-14\" style=\"color: rgb(74, 85, 104); font-size: 15px;\"><div class=\"\" style=\"position: relative;\"><p>1865\u00d7815\u00d7770<\/p><\/div><\/div><\/td><td class=\"wptb-cell\" data-wptb-css-td-auto-width=\"true\" data-x-index=\"2\" data-y-index=\"2\" style=\"padding: 15px; border-style: solid; border-width: 1px;\"><div class=\"wptb-text-container wptb-ph-element wptb-element-text-15\" style=\"color: rgb(74, 85, 104); font-size: 15px;\"><div class=\"\" style=\"position: relative;\"><p>L\u00e0m m\u00e1t t\u0129nh<\/p><\/div><\/div><\/td><td class=\"wptb-cell\" data-wptb-css-td-auto-width=\"true\" data-x-index=\"3\" data-y-index=\"2\" style=\"padding: 15px; border-style: solid; border-width: 1px;\"><div class=\"wptb-text-container wptb-ph-element wptb-element-text-16\" style=\"color: rgb(74, 85, 104); font-size: 15px;\"><div class=\"\" style=\"position: relative;\"><p>cong<\/p><\/div><\/div><\/td><td class=\"wptb-cell\" data-wptb-css-td-auto-width=\"true\" data-x-index=\"4\" data-y-index=\"2\" style=\"padding: 15px; border-style: solid; border-width: 1px;\"><div class=\"wptb-text-container wptb-ph-element wptb-element-text-39\" style=\"color: rgb(74, 85, 104); font-size: 15px;\"><div class=\"\" style=\"position: relative;\"><p>t\u00f9y ch\u1ec9nh<\/p><\/div><\/div><\/td><td class=\"wptb-cell\" data-wptb-css-td-auto-width=\"true\" data-x-index=\"5\" data-y-index=\"2\" style=\"padding: 15px; border-style: solid; border-width: 1px;\"><div class=\"wptb-text-container wptb-ph-element wptb-element-text-42\" style=\"color: rgb(74, 85, 104); font-size: 15px;\"><div class=\"\" style=\"position: relative;\"><p>-22&#8451;~-18&#8451;<\/p><\/div><\/div><\/td><\/tr><tr class=\"wptb-row\" style=\"--hover-bg-color: undefined;\"><td class=\"wptb-cell\" data-wptb-css-td-auto-width=\"true\" data-x-index=\"0\" data-y-index=\"3\" style=\"padding: 15px; border-style: solid; border-width: 1px;\"><div class=\"wptb-text-container wptb-ph-element wptb-element-text-19\" style=\"color: rgb(74, 85, 104); font-size: 15px;\"><div class=\"\" style=\"position: relative;\"><p>IC-1865<\/p><\/div><\/div><\/td><td class=\"wptb-cell\" data-x-index=\"1\" data-y-index=\"3\" style=\"padding: 15px; border-style: solid; border-width: 1px; width: 113px;\"><div class=\"wptb-text-container wptb-ph-element wptb-element-text-20\" style=\"color: rgb(74, 85, 104); font-size: 15px;\"><div class=\"\" style=\"position: relative;\"><p>1865\u00d7815\u00d7835<\/p><\/div><\/div><\/td><td class=\"wptb-cell\" data-wptb-css-td-auto-width=\"true\" data-x-index=\"2\" data-y-index=\"3\" style=\"padding: 15px; border-style: solid; border-width: 1px;\"><div class=\"wptb-text-container wptb-ph-element wptb-element-text-21\" style=\"color: rgb(74, 85, 104); font-size: 15px;\"><div class=\"\" style=\"position: relative;\"><p>L\u00e0m m\u00e1t t\u0129nh<\/p><\/div><\/div><\/td><td class=\"wptb-cell\" data-wptb-css-td-auto-width=\"true\" data-x-index=\"3\" data-y-index=\"3\" style=\"padding: 15px; border-style: solid; border-width: 1px;\"><div class=\"wptb-text-container wptb-ph-element wptb-element-text-22\" style=\"color: rgb(74, 85, 104); font-size: 15px;\"><div class=\"\" style=\"position: relative;\"><p>cong<\/p><\/div><\/div><\/td><td class=\"wptb-cell\" data-wptb-css-td-auto-width=\"true\" data-x-index=\"4\" data-y-index=\"3\" style=\"padding: 15px; border-style: solid; border-width: 1px;\"><div class=\"wptb-text-container wptb-ph-element wptb-element-text-41\" style=\"color: rgb(74, 85, 104); font-size: 15px;\"><div class=\"\" style=\"position: relative;\"><p>t\u00f9y ch\u1ec9nh<\/p><\/div><\/div><\/td><td class=\"wptb-cell\" data-wptb-css-td-auto-width=\"true\" data-x-index=\"5\" data-y-index=\"3\" style=\"padding: 15px; border-style: solid; border-width: 1px;\"><div class=\"wptb-text-container wptb-ph-element wptb-element-text-44\" style=\"color: rgb(74, 85, 104); font-size: 15px;\"><div class=\"\" style=\"position: relative;\"><p>-22&#8451;~-18&#8451;<\/p><\/div><\/div><\/td><\/tr><tr class=\"wptb-row\" style=\"--hover-bg-color: undefined;\"><td class=\"wptb-cell\" data-wptb-css-td-auto-width=\"true\" data-x-index=\"0\" data-y-index=\"4\" style=\"padding: 15px; border-style: solid; border-width: 1px;\"><div class=\"wptb-text-container wptb-ph-element wptb-element-text-25\" style=\"color: rgb(74, 85, 104); font-size: 15px;\"><div class=\"\" style=\"position: relative;\"><p>IC-2104<\/p><\/div><\/div><\/td><td class=\"wptb-cell\" data-x-index=\"1\" data-y-index=\"4\" style=\"padding: 15px; border-style: solid; border-width: 1px; width: 113px;\"><div class=\"wptb-text-container wptb-ph-element wptb-element-text-26\" style=\"color: rgb(74, 85, 104); font-size: 15px;\"><div class=\"\" style=\"position: relative;\"><p>2140\u00d7815\u00d7835<\/p><\/div><\/div><\/td><td class=\"wptb-cell\" data-wptb-css-td-auto-width=\"true\" data-x-index=\"2\" data-y-index=\"4\" style=\"padding: 15px; border-style: solid; border-width: 1px;\"><div class=\"wptb-text-container wptb-ph-element wptb-element-text-27\" style=\"color: rgb(74, 85, 104); font-size: 15px;\"><div class=\"\" style=\"position: relative;\"><p>L\u00e0m m\u00e1t t\u0129nh<\/p><\/div><\/div><\/td><td class=\"wptb-cell\" data-wptb-css-td-auto-width=\"true\" data-x-index=\"3\" data-y-index=\"4\" style=\"padding: 15px; border-style: solid; border-width: 1px;\"><div class=\"wptb-text-container wptb-ph-element wptb-element-text-28\" style=\"color: rgb(74, 85, 104); font-size: 15px;\"><div class=\"\" style=\"position: relative;\"><p>cong<\/p><\/div><\/div><\/td><td class=\"wptb-cell\" data-wptb-css-td-auto-width=\"true\" data-x-index=\"4\" data-y-index=\"4\" style=\"padding: 15px; border-style: solid; border-width: 1px;\"><div class=\"wptb-text-container wptb-ph-element wptb-element-text-40\" style=\"color: rgb(74, 85, 104); font-size: 15px;\"><div class=\"\" style=\"position: relative;\"><p>t\u00f9y ch\u1ec9nh<\/p><\/div><\/div><\/td><td class=\"wptb-cell\" data-wptb-css-td-auto-width=\"true\" data-x-index=\"5\" data-y-index=\"4\" style=\"padding: 15px; border-style: solid; border-width: 1px;\"><div class=\"wptb-text-container wptb-ph-element wptb-element-text-43\" style=\"color: rgb(74, 85, 104); font-size: 15px;\"><div class=\"\" style=\"position: relative;\"><p>-22&#8451;~-18&#8451;<\/p><\/div><\/div><\/td><\/tr><\/tbody><\/table><\/div><\/div>\n\n<p>&nbsp;<\/p>\n<p>&nbsp;<\/p>\n<p>&nbsp;<\/p>\n<p>&nbsp;<\/p>\n<p>&nbsp;<\/p>\n<p>&nbsp;<\/p>","protected":false},"excerpt":{"rendered":"<p>Ch\u00fang t\u00f4i cung c\u1ea5p c\u00e1c t\u00f9y ch\u1ecdn in \u1ea5n b\u00ean ngo\u00e0i t\u00f9y ch\u1ec9nh. \u1ee8ng d\u1ee5ng: Si\u00eau th\u1ecb, ti\u1ec7m kem, qu\u00e1n c\u00e0 ph\u00ea v\u00e0 ti\u1ec7m b\u00e1nh, v.v.<\/p>","protected":false},"featured_media":6672,"comment_status":"open","ping_status":"closed","template":"","meta":{"_seopress_robots_primary_cat":"none","_seopress_titles_title":"Ice Cream Chest Freezer %%sep%%China Manufacturer %%sep%%OEM Service","_seopress_titles_desc":"We offer customized exterior printing options, durable quality, steady temperature control -22\u2103~-18\u2103, over 10 years&#039; manufacturing experience. Sample is available","_seopress_robots_index":""},"product_cat":[142],"product_tag":[160],"_links":{"self":[{"href":"https:\/\/acenoxkitchenequipment.com\/vi\/wp-json\/wp\/v2\/product\/6671"}],"collection":[{"href":"https:\/\/acenoxkitchenequipment.com\/vi\/wp-json\/wp\/v2\/product"}],"about":[{"href":"https:\/\/acenoxkitchenequipment.com\/vi\/wp-json\/wp\/v2\/types\/product"}],"replies":[{"embeddable":true,"href":"https:\/\/acenoxkitchenequipment.com\/vi\/wp-json\/wp\/v2\/comments?post=6671"}],"version-history":[{"count":0,"href":"https:\/\/acenoxkitchenequipment.com\/vi\/wp-json\/wp\/v2\/product\/6671\/revisions"}],"wp:featuredmedia":[{"embeddable":true,"href":"https:\/\/acenoxkitchenequipment.com\/vi\/wp-json\/wp\/v2\/media\/6672"}],"wp:attachment":[{"href":"https:\/\/acenoxkitchenequipment.com\/vi\/wp-json\/wp\/v2\/media?parent=6671"}],"wp:term":[{"taxonomy":"product_cat","embeddable":true,"href":"https:\/\/acenoxkitchenequipment.com\/vi\/wp-json\/wp\/v2\/product_cat?post=6671"},{"taxonomy":"product_tag","embeddable":true,"href":"https:\/\/acenoxkitchenequipment.com\/vi\/wp-json\/wp\/v2\/product_tag?post=6671"}],"curies":[{"name":"wp","href":"https:\/\/api.w.org\/{rel}","templated":true}]}}