{"id":4727,"date":"2023-04-12T10:08:25","date_gmt":"2023-04-12T02:08:25","guid":{"rendered":"https:\/\/acenoxkitchenequipment.com\/?post_type=product&#038;p=4727"},"modified":"2023-10-18T20:35:40","modified_gmt":"2023-10-18T12:35:40","slug":"refrigerated-display-counter-white-color","status":"publish","type":"product","link":"https:\/\/acenoxkitchenequipment.com\/vi\/san-pham\/refrigerated-display-counter-white-color\/","title":{"rendered":"Qu\u1ea7y tr\u01b0ng b\u00e0y t\u1ee7 l\u1ea1nh m\u00e0u tr\u1eafng"},"content":{"rendered":"<h3>Qu\u1ea7y tr\u01b0ng b\u00e0y t\u1ee7 l\u1ea1nh m\u00e0u tr\u1eafng<\/h3>\n<p><strong>\u0110\u1eb7c tr\u01b0ng:<\/strong><\/p>\n<p>Qu\u1ea7y tr\u01b0ng b\u00e0y t\u1ee7 l\u1ea1nh \u0111\u01b0\u1ee3c s\u1eed d\u1ee5ng r\u1ed9ng r\u00e3i cho c\u00e1c qu\u00e1n c\u00e0 ph\u00ea, c\u1eeda h\u00e0ng th\u1ef1c ph\u1ea9m, ti\u1ec7m b\u00e1nh \u0111\u1ec3 tr\u01b0ng b\u00e0y b\u00e1nh m\u00ec sandwich v\u00e0 b\u00e1nh ng\u1ecdt, v.v. h\u00ecnh d\u1ea1ng v\u00e0 m\u00e0u s\u1eafc c\u00f3 th\u1ec3 \u0111\u01b0\u1ee3c ch\u00fang t\u00f4i t\u00f9y ch\u1ec9nh.<\/p>\n<p>K\u00ednh cong tr\u00f4ng \u0111\u1eb9p v\u00e0 phong c\u00e1ch. m\u00e0u th\u00e9p kh\u00f4ng g\u1ec9 c\u00f3 th\u1ec3 \u0111\u01b0\u1ee3c t\u00f9y ch\u1ec9nh, ch\u1eb3ng h\u1ea1n nh\u01b0 m\u00e0u v\u00e0ng, m\u00e0u \u0111en, m\u00e0u v\u00e0ng h\u1ed3ng, v.v.<\/p>\n<ol>\n<li><strong>M\u00e1y n\u00e9n:<\/strong> M\u00e1y n\u00e9n Embraco ho\u1eb7c Th\u01b0\u01a1ng hi\u1ec7u Donper \u0111\u1ec3 l\u1ef1a ch\u1ecdn (R134a\/R290)<\/li>\n<li><strong>B\u1ed9 \u0111i\u1ec1u khi\u1ec3n nhi\u1ec7t \u0111\u1ed9:<\/strong> Th\u01b0\u01a1ng hi\u1ec7u Dixell ho\u1eb7c Carel c\u1ee7a \u00dd<\/li>\n<li><strong>T\u1ea7ng h\u1ea7m:<\/strong> Th\u00e9p s\u01a1n t\u0129nh \u0111i\u1ec7n, m\u00e0u tr\u1eafng<\/li>\n<li><strong>K\u00ednh:<\/strong> K\u00ednh ph\u00e1t x\u1ea1 th\u1ea5p t\u1ef1 \u0111\u1ed9ng n\u00e2ng cao<\/li>\n<li>K\u00ednh c\u01b0\u1eddng l\u1ef1c r\u1ed7ng hai l\u1edbp (K\u00ednh Low-E), ch\u1ed1ng ch\u00e1y n\u1ed5<\/li>\n<li><strong>C\u00e1c y\u1ebfu t\u1ed1 kh\u00e1c:<\/strong> Thi\u1ebft b\u1ecb ng\u01b0ng t\u1ee5 v\u00e0 bay h\u01a1i ho\u00e0n to\u00e0n b\u1eb1ng \u0111\u1ed3ng<\/li>\n<li><strong>Nh\u1eefng c\u00e1i k\u1ec7:<\/strong> k\u1ec7 th\u00e9p m\u1ea1 crom<\/li>\n<li><strong>C\u1eeda:<\/strong> Hai c\u1eeda k\u00ednh tr\u01b0\u1ee3t ch\u1ed1ng s\u01b0\u01a1ng m\u00f9 c\u00f3 kh\u1ea3 n\u0103ng b\u1ecbt k\u00edn t\u1ed1t<\/li>\n<li><strong>\u00c1nh s\u00e1ng:<\/strong> \u0110\u00e8n LED tr\u1eafng \u1ea5m ho\u1eb7c l\u1ea1nh cho b\u1ea1n l\u1ef1a ch\u1ecdn<\/li>\n<\/ol>\n<p>Vui l\u00f2ng nh\u1ea5p v\u00e0o th\u00f4ng s\u1ed1 k\u1ef9 thu\u1eadt \u0111\u1ec3 ki\u1ec3m tra c\u00e1c k\u00edch c\u1ee1 kh\u00e1c nhau<\/p>\n<p>L\u01b0u \u00fd: M\u00f4i tr\u01b0\u1eddng \u00e1p d\u1ee5ng: Nhi\u1ec7t \u0111\u1ed9 m\u00f4i tr\u01b0\u1eddng xung quanh d\u01b0\u1edbi 32oC<\/p>\n<p>&nbsp;<\/p>\n<p>&nbsp;<\/p>\n<p>&nbsp;<\/p>\n<p>&nbsp;<\/p>\n<p>&nbsp;<\/p>\n<p>&nbsp;<\/p>","protected":false},"excerpt":{"rendered":"<p>\u0110\u01b0\u1ee3c thi\u1ebft k\u1ebf v\u00e0 s\u1ea3n xu\u1ea5t b\u1edfi nh\u00e0 m\u00e1y, l\u00e0m m\u00e1t th\u00f4ng gi\u00f3, v\u1eadt li\u1ec7u th\u00e9p kh\u00f4ng g\u1ec9, k\u00ednh ch\u1ed1ng s\u01b0\u01a1ng m\u00f9, h\u00ecnh d\u1ea1ng v\u00e0 m\u00e0u s\u1eafc c\u00f3 th\u1ec3 \u0111\u01b0\u1ee3c ch\u00fang t\u00f4i t\u00f9y ch\u1ec9nh. b\u00e2y gi\u1edd \u0111\u00e2y l\u00e0 m\u1ed9t m\u00f4 h\u00ecnh phong c\u00e1ch<\/p>","protected":false},"featured_media":5429,"comment_status":"open","ping_status":"closed","template":"","meta":{"_seopress_robots_primary_cat":"none","_seopress_titles_title":"","_seopress_titles_desc":"","_seopress_robots_index":""},"product_cat":[59],"product_tag":[137],"_links":{"self":[{"href":"https:\/\/acenoxkitchenequipment.com\/vi\/wp-json\/wp\/v2\/product\/4727"}],"collection":[{"href":"https:\/\/acenoxkitchenequipment.com\/vi\/wp-json\/wp\/v2\/product"}],"about":[{"href":"https:\/\/acenoxkitchenequipment.com\/vi\/wp-json\/wp\/v2\/types\/product"}],"replies":[{"embeddable":true,"href":"https:\/\/acenoxkitchenequipment.com\/vi\/wp-json\/wp\/v2\/comments?post=4727"}],"version-history":[{"count":0,"href":"https:\/\/acenoxkitchenequipment.com\/vi\/wp-json\/wp\/v2\/product\/4727\/revisions"}],"wp:featuredmedia":[{"embeddable":true,"href":"https:\/\/acenoxkitchenequipment.com\/vi\/wp-json\/wp\/v2\/media\/5429"}],"wp:attachment":[{"href":"https:\/\/acenoxkitchenequipment.com\/vi\/wp-json\/wp\/v2\/media?parent=4727"}],"wp:term":[{"taxonomy":"product_cat","embeddable":true,"href":"https:\/\/acenoxkitchenequipment.com\/vi\/wp-json\/wp\/v2\/product_cat?post=4727"},{"taxonomy":"product_tag","embeddable":true,"href":"https:\/\/acenoxkitchenequipment.com\/vi\/wp-json\/wp\/v2\/product_tag?post=4727"}],"curies":[{"name":"wp","href":"https:\/\/api.w.org\/{rel}","templated":true}]}}