{"id":4725,"date":"2023-04-12T08:54:37","date_gmt":"2023-04-12T00:54:37","guid":{"rendered":"https:\/\/acenoxkitchenequipment.com\/?post_type=product&#038;p=4725"},"modified":"2023-10-18T20:36:20","modified_gmt":"2023-10-18T12:36:20","slug":"countertop-display-refrigerator","status":"publish","type":"product","link":"https:\/\/acenoxkitchenequipment.com\/vi\/san-pham\/countertop-display-refrigerator\/","title":{"rendered":"T\u1ee7 l\u1ea1nh tr\u01b0ng b\u00e0y tr\u00ean m\u1eb7t b\u00e0n cho b\u00e1nh ng\u1ecdt"},"content":{"rendered":"<h3>T\u1ee7 l\u1ea1nh tr\u01b0ng b\u00e0y tr\u00ean m\u1eb7t b\u00e0n cho b\u00e1nh ng\u1ecdt<\/h3>\n<p><strong>\u0110\u1eb7c tr\u01b0ng:<\/strong><\/p>\n<p>H\u1ed9p tr\u01b0ng b\u00e0y l\u00e0m m\u00e1t tr\u00ean qu\u1ea7y nh\u1ecf v\u00e0 chi\u1ebfm \u00edt kh\u00f4ng gian h\u01a1n, h\u00ecnh d\u1ea1ng v\u00e0 m\u00e0u s\u1eafc c\u00f3 th\u1ec3 \u0111\u01b0\u1ee3c ch\u00fang t\u00f4i t\u00f9y ch\u1ec9nh<\/p>\n<p>K\u00ednh cong tr\u00f4ng \u0111\u1eb9p v\u00e0 phong c\u00e1ch. m\u00e0u th\u00e9p kh\u00f4ng g\u1ec9 c\u00f3 th\u1ec3 \u0111\u01b0\u1ee3c t\u00f9y ch\u1ec9nh, ch\u1eb3ng h\u1ea1n nh\u01b0 m\u00e0u v\u00e0ng, m\u00e0u \u0111en, m\u00e0u v\u00e0ng h\u1ed3ng, v.v.<\/p>\n<ol>\n<li><strong>M\u00e1y n\u00e9n:<\/strong> M\u00e1y n\u00e9n Embraco ho\u1eb7c Th\u01b0\u01a1ng hi\u1ec7u Donper \u0111\u1ec3 l\u1ef1a ch\u1ecdn (R134a\/R290)<\/li>\n<li><strong>B\u1ed9 \u0111i\u1ec1u khi\u1ec3n nhi\u1ec7t \u0111\u1ed9:<\/strong> Th\u01b0\u01a1ng hi\u1ec7u Dixell ho\u1eb7c Carel c\u1ee7a \u00dd<\/li>\n<li><strong>T\u1ea7ng h\u1ea7m:<\/strong> T\u1ea7ng h\u1ea7m b\u1eb1ng th\u00e9p kh\u00f4ng g\u1ec9 430 \/ th\u00e9p kh\u00f4ng g\u1ec9 201 c\u00f3 t\u00edch h\u1ee3p b\u1ecdt Cyclopentane b\u00ean trong, m\u00e0u \u0111en<\/li>\n<li><strong>K\u00ednh:<\/strong> K\u00ednh ph\u00e1t x\u1ea1 th\u1ea5p t\u1ef1 \u0111\u1ed9ng n\u00e2ng cao<\/li>\n<li>K\u00ednh c\u01b0\u1eddng l\u1ef1c r\u1ed7ng hai l\u1edbp (K\u00ednh Low-E), ch\u1ed1ng ch\u00e1y n\u1ed5<\/li>\n<li><strong>C\u00e1c y\u1ebfu t\u1ed1 kh\u00e1c:<\/strong> Thi\u1ebft b\u1ecb ng\u01b0ng t\u1ee5 v\u00e0 bay h\u01a1i ho\u00e0n to\u00e0n b\u1eb1ng \u0111\u1ed3ng<\/li>\n<li><strong>Nh\u1eefng c\u00e1i k\u1ec7:<\/strong> Ba l\u1edbp k\u1ec7 ho\u00e0n to\u00e0n b\u1eb1ng th\u00e9p kh\u00f4ng g\u1ec9 + nh\u00f4m<\/li>\n<li><strong>C\u1eeda:<\/strong> Hai c\u1eeda k\u00ednh tr\u01b0\u1ee3t ch\u1ed1ng s\u01b0\u01a1ng m\u00f9 c\u00f3 kh\u1ea3 n\u0103ng b\u1ecbt k\u00edn t\u1ed1t<\/li>\n<li><strong>\u00c1nh s\u00e1ng:<\/strong> \u0110\u00e8n LED tr\u1eafng \u1ea5m ho\u1eb7c l\u1ea1nh cho b\u1ea1n l\u1ef1a ch\u1ecdn<\/li>\n<\/ol>\n<p>Vui l\u00f2ng nh\u1ea5p v\u00e0o th\u00f4ng s\u1ed1 k\u1ef9 thu\u1eadt \u0111\u1ec3 ki\u1ec3m tra c\u00e1c k\u00edch c\u1ee1 kh\u00e1c nhau<\/p>\n<p>L\u01b0u \u00fd: M\u00f4i tr\u01b0\u1eddng \u00e1p d\u1ee5ng: Nhi\u1ec7t \u0111\u1ed9 m\u00f4i tr\u01b0\u1eddng xung quanh d\u01b0\u1edbi 32oC<\/p>\n<p>&nbsp;<\/p>\n<p>&nbsp;<\/p>\n<p>&nbsp;<\/p>\n<p>&nbsp;<\/p>\n<p>&nbsp;<\/p>","protected":false},"excerpt":{"rendered":"<p>H\u1ed9p tr\u01b0ng b\u00e0y l\u00e0m m\u00e1t m\u1eb7t b\u00e0n nh\u1ecf v\u00e0 chi\u1ebfm \u00edt kh\u00f4ng gian h\u01a1n, h\u00ecnh d\u1ea1ng v\u00e0 m\u00e0u s\u1eafc c\u00f3 th\u1ec3 \u0111\u01b0\u1ee3c ch\u00fang t\u00f4i t\u00f9y ch\u1ec9nh. D\u1ecbch v\u1ee5 OEM &amp; ODM c\u00f3 s\u1eb5n.<\/p>","protected":false},"featured_media":6038,"comment_status":"open","ping_status":"closed","template":"","meta":{"_seopress_robots_primary_cat":"none","_seopress_titles_title":"Countertop Display Refrigerator For Cakes %%sitetitle%%","_seopress_titles_desc":"Countertop Display Refrigerator is small and occupy less spaces, shape and color could be customized by us. OEM&amp;ODM service. Delivery by sea from China Port.","_seopress_robots_index":""},"product_cat":[59],"product_tag":[137],"_links":{"self":[{"href":"https:\/\/acenoxkitchenequipment.com\/vi\/wp-json\/wp\/v2\/product\/4725"}],"collection":[{"href":"https:\/\/acenoxkitchenequipment.com\/vi\/wp-json\/wp\/v2\/product"}],"about":[{"href":"https:\/\/acenoxkitchenequipment.com\/vi\/wp-json\/wp\/v2\/types\/product"}],"replies":[{"embeddable":true,"href":"https:\/\/acenoxkitchenequipment.com\/vi\/wp-json\/wp\/v2\/comments?post=4725"}],"version-history":[{"count":0,"href":"https:\/\/acenoxkitchenequipment.com\/vi\/wp-json\/wp\/v2\/product\/4725\/revisions"}],"wp:featuredmedia":[{"embeddable":true,"href":"https:\/\/acenoxkitchenequipment.com\/vi\/wp-json\/wp\/v2\/media\/6038"}],"wp:attachment":[{"href":"https:\/\/acenoxkitchenequipment.com\/vi\/wp-json\/wp\/v2\/media?parent=4725"}],"wp:term":[{"taxonomy":"product_cat","embeddable":true,"href":"https:\/\/acenoxkitchenequipment.com\/vi\/wp-json\/wp\/v2\/product_cat?post=4725"},{"taxonomy":"product_tag","embeddable":true,"href":"https:\/\/acenoxkitchenequipment.com\/vi\/wp-json\/wp\/v2\/product_tag?post=4725"}],"curies":[{"name":"wp","href":"https:\/\/api.w.org\/{rel}","templated":true}]}}