{"id":4723,"date":"2023-04-11T14:23:04","date_gmt":"2023-04-11T06:23:04","guid":{"rendered":"https:\/\/acenoxkitchenequipment.com\/?post_type=product&#038;p=4723"},"modified":"2024-01-29T21:34:13","modified_gmt":"2024-01-29T13:34:13","slug":"counter-top-cake-display-fridge","status":"publish","type":"product","link":"https:\/\/acenoxkitchenequipment.com\/vi\/san-pham\/counter-top-cake-display-fridge\/","title":{"rendered":"T\u1ee7 l\u1ea1nh tr\u01b0ng b\u00e0y b\u00e1nh h\u00e0ng \u0111\u1ea7u"},"content":{"rendered":"<h3>T\u1ee7 l\u1ea1nh tr\u01b0ng b\u00e0y b\u00e1nh m\u1eb7t b\u00e0n<\/h3>\n<p>T\u1ee7 l\u1ea1nh tr\u01b0ng b\u00e0y b\u00e1nh n\u00e0y l\u00e0 m\u1ed9t l\u1ef1a ch\u1ecdn \u0111a n\u0103ng cho doanh nghi\u1ec7p, k\u00edch th\u01b0\u1edbc nh\u1ecf gi\u00fap doanh nghi\u1ec7p c\u00f3 th\u1ec3 \u0111\u1eb7t n\u00f3 tr\u00ean m\u1eb7t b\u00e0n ho\u1eb7c m\u1eb7t b\u00e0n. n\u00f3 gi\u00fap gi\u1eef \u0111\u1ed3 gi\u1ea3i kh\u00e1t, \u0111\u1ed3 ng\u1ecdt, \u0111\u1ed3 u\u1ed1ng v\u00e0 th\u1eadm ch\u00ed c\u1ea3 m\u1ef9 ph\u1ea9m. \u0110\u01a1n gi\u1ea3n chi\u1ebfc t\u1ee7 l\u1ea1nh l\u00e0 c\u00e1ch th\u1ec3 hi\u1ec7n c\u00e1ch th\u1ee9c t\u1ed5 ch\u1ee9c ho\u1ea1t \u0111\u1ed9ng kinh doanh c\u1ee7a b\u1ea1n. Th\u00eam v\u00e0o \u0111\u00f3, t\u1ed5 ch\u1ee9c n\u00e0y l\u00e0m cho t\u1ea5t c\u1ea3 c\u00e1c s\u1ea3n ph\u1ea9m tr\u1edf n\u00ean h\u1ea5p d\u1eabn h\u01a1n \u0111\u1ed1i v\u1edbi ng\u01b0\u1eddi mua.<\/p>\n<p>Ch\u1ee9c n\u0103ng ch\u00ednh c\u1ee7a t\u1ee7 l\u1ea1nh \u0111\u1eb7t b\u00e0n l\u00e0 c\u1ea3i thi\u1ec7n kh\u1ea3 n\u0103ng hi\u1ec3n th\u1ecb c\u1ee7a t\u1ea5t c\u1ea3 c\u00e1c s\u1ea3n ph\u1ea9m. B\u1eb1ng c\u00e1ch n\u00e0y, n\u00f3 c\u1ea3i thi\u1ec7n tr\u1ea3i nghi\u1ec7m mua s\u1eafm c\u1ee7a t\u1ea5t c\u1ea3 kh\u00e1ch h\u00e0ng. K\u1ebft qu\u1ea3 l\u00e0 ng\u00e0nh c\u00f4ng nghi\u1ec7p th\u1ef1c ph\u1ea9m chuy\u1ec3n \u0111\u1ed5i nhi\u1ec1u kh\u00e1ch h\u00e0ng ti\u1ec1m n\u0103ng h\u01a1n th\u00e0nh doanh thu ti\u1ec1m n\u0103ng. V\u1edbi vi\u1ec7c tr\u01b0ng b\u00e0y s\u1ea3n ph\u1ea9m h\u1ea5p d\u1eabn h\u01a1n, doanh nghi\u1ec7p c\u00f3 th\u1ec3 thu h\u00fat \u0111\u01b0\u1ee3c nhi\u1ec1u kh\u00e1ch h\u00e0ng h\u01a1n.<\/p>\n<p>\u0110\u00e2y l\u00e0 m\u1eabu m\u1edbi nh\u1ea5t hi\u1ec7n nay, kh\u1edbp n\u1ed1i k\u00ednh g\u00f3c vu\u00f4ng, tr\u00f4ng r\u1ea5t trang nh\u00e3. m\u00e0u th\u00e9p kh\u00f4ng g\u1ec9 c\u00f3 th\u1ec3 \u0111\u01b0\u1ee3c t\u00f9y ch\u1ec9nh.<\/p>\n<h3><strong>C\u00e1c t\u00ednh n\u0103ng c\u1ee7a t\u1ee7 l\u1ea1nh tr\u01b0ng b\u00e0y b\u00e1nh h\u00e0ng \u0111\u1ea7u:<\/strong><\/h3>\n<ol>\n<li><strong>M\u00e1y n\u00e9n:<\/strong> M\u00e1y n\u00e9n Embraco ho\u1eb7c Th\u01b0\u01a1ng hi\u1ec7u Donper \u0111\u1ec3 l\u1ef1a ch\u1ecdn (R134a\/R290)<\/li>\n<li><strong>B\u1ed9 \u0111i\u1ec1u khi\u1ec3n nhi\u1ec7t \u0111\u1ed9:<\/strong> Th\u01b0\u01a1ng hi\u1ec7u Dixell ho\u1eb7c Carel c\u1ee7a \u00dd<\/li>\n<li><strong>T\u1ea7ng h\u1ea7m:<\/strong> T\u1ea7ng h\u1ea7m b\u1eb1ng th\u00e9p kh\u00f4ng g\u1ec9 430 \/ th\u00e9p kh\u00f4ng g\u1ec9 201 c\u00f3 t\u00edch h\u1ee3p b\u1ecdt Cyclopentane b\u00ean trong, m\u00e0u \u0111en<\/li>\n<li><strong>K\u00ednh:<\/strong> K\u00ednh ph\u00e1t x\u1ea1 th\u1ea5p t\u1ef1 \u0111\u1ed9ng n\u00e2ng cao<\/li>\n<li>K\u00ednh c\u01b0\u1eddng l\u1ef1c r\u1ed7ng hai l\u1edbp (K\u00ednh Low-E), ch\u1ed1ng ch\u00e1y n\u1ed5<\/li>\n<li><strong>C\u00e1c y\u1ebfu t\u1ed1 kh\u00e1c:<\/strong> Thi\u1ebft b\u1ecb ng\u01b0ng t\u1ee5 v\u00e0 bay h\u01a1i ho\u00e0n to\u00e0n b\u1eb1ng \u0111\u1ed3ng<\/li>\n<li><strong>Nh\u1eefng c\u00e1i k\u1ec7:<\/strong> Ba l\u1edbp k\u1ec7 ho\u00e0n to\u00e0n b\u1eb1ng th\u00e9p kh\u00f4ng g\u1ec9 + nh\u00f4m<\/li>\n<li><strong>C\u1eeda:<\/strong> Hai c\u1eeda k\u00ednh tr\u01b0\u1ee3t ch\u1ed1ng s\u01b0\u01a1ng m\u00f9 c\u00f3 kh\u1ea3 n\u0103ng b\u1ecbt k\u00edn t\u1ed1t<\/li>\n<li><strong>\u00c1nh s\u00e1ng:<\/strong> \u0110\u00e8n LED tr\u1eafng \u1ea5m ho\u1eb7c l\u1ea1nh cho b\u1ea1n l\u1ef1a ch\u1ecdn<\/li>\n<\/ol>\n<p>Vui l\u00f2ng nh\u1ea5p v\u00e0o th\u00f4ng s\u1ed1 k\u1ef9 thu\u1eadt \u0111\u1ec3 ki\u1ec3m tra c\u00e1c k\u00edch c\u1ee1 kh\u00e1c nhau<\/p>\n<p>M\u00f4i tr\u01b0\u1eddng \u00e1p d\u1ee5ng: Nhi\u1ec7t \u0111\u1ed9 m\u00f4i tr\u01b0\u1eddng xung quanh d\u01b0\u1edbi 35oC<\/p>\n<h4><strong>Thu\u1eadn l\u1ee3i:<\/strong><\/h4>\n<p>C\u00e1c s\u1ea3n ph\u1ea9m d\u1ec5 ti\u1ebfp c\u1eadn v\u00e0 \u0103n li\u1ec1n mang l\u1ea1i nhi\u1ec1u kh\u00e1ch h\u00e0ng h\u01a1n. Kh\u1ea3 n\u0103ng hi\u1ec3n th\u1ecb s\u1ea3n ph\u1ea9m v\u00e0 t\u1ee7 l\u1ea1nh \u0111\u1eb7t b\u00e0n n\u00e0y c\u0169ng c\u1ea3i thi\u1ec7n h\u00ecnh \u1ea3nh th\u01b0\u01a1ng hi\u1ec7u c\u1ee7a b\u1ea1n. N\u00f3 s\u1ebd gi\u00fap b\u1ea1n \u0111\u1ec3 l\u1ea1i \u1ea5n t\u01b0\u1ee3ng t\u00edch c\u1ef1c v\u1edbi kh\u00e1ch h\u00e0ng v\u00e0 cu\u1ed1i c\u00f9ng c\u1ea3i thi\u1ec7n doanh s\u1ed1 b\u00e1n h\u00e0ng.<\/p>\n<p>C\u1eeda k\u00ednh v\u00e0 k\u1ec7 c\u1ee7a t\u1ee7 l\u1ea1nh n\u00e0y gi\u00fap kh\u00e1ch h\u00e0ng c\u00f3 th\u1ec3 nh\u00ecn th\u1ea5y to\u00e0n b\u1ed9 s\u1ea3n ph\u1ea9m t\u1eeb b\u00ean ngo\u00e0i. V\u00ec v\u1eady, h\u1ecd c\u00f3 \u0111\u01b0\u1ee3c m\u1ed9t \u00fd t\u01b0\u1edfng v\u1ec1 nh\u1eefng g\u00ec h\u1ecd ph\u1ea3i mua. B\u1ea1n kh\u00f4ng bao gi\u1edd n\u00ean b\u1ecf qua gi\u1ea3i ph\u00e1p n\u00e0y \u0111\u1ec3 x\u00e2y d\u1ef1ng m\u1ed1i quan h\u1ec7 kh\u00e1ch h\u00e0ng.<\/p>\n<p>&nbsp;<\/p>\n<p>&nbsp;<\/p>\n<p>&nbsp;<\/p>\n<p>&nbsp;<\/p>\n<p>&nbsp;<\/p>","protected":false},"excerpt":{"rendered":"<p>T\u1ee7 l\u1ea1nh tr\u01b0ng b\u00e0y b\u00e1nh Counter Top nh\u1ecf g\u1ecdn v\u00e0 c\u00f3 th\u1ec3 \u0111\u1eb7t tr\u00ean m\u1eb7t b\u00e0n ho\u1eb7c c\u00e1c b\u1ec1 m\u1eb7t nh\u1ecf h\u01a1n, gi\u00fap t\u1eadn d\u1ee5ng t\u1ed1i \u0111a kh\u00f4ng gian. K\u00edch th\u01b0\u1edbc nh\u1ecf h\u01a1n khi\u1ebfn ch\u00fang tr\u1edf th\u00e0nh m\u1ed9t l\u1ef1a ch\u1ecdn ti\u1ebft ki\u1ec7m chi ph\u00ed cho c\u00e1c doanh nghi\u1ec7p c\u00f3 h\u1ea1n ch\u1ebf v\u1ec1 ng\u00e2n s\u00e1ch<\/p>","protected":false},"featured_media":7722,"comment_status":"open","ping_status":"closed","template":"","meta":{"_seopress_robots_primary_cat":"none","_seopress_titles_title":"Countertop Cake Display Fridge %%sep%%Small Cake Display Fridge","_seopress_titles_desc":"Counter Top Cake Display Fridges are compact and can be placed on countertops or smaller surfaces, space utilization maximized and cost-effective. Factory Supply","_seopress_robots_index":""},"product_cat":[59],"product_tag":[138],"_links":{"self":[{"href":"https:\/\/acenoxkitchenequipment.com\/vi\/wp-json\/wp\/v2\/product\/4723"}],"collection":[{"href":"https:\/\/acenoxkitchenequipment.com\/vi\/wp-json\/wp\/v2\/product"}],"about":[{"href":"https:\/\/acenoxkitchenequipment.com\/vi\/wp-json\/wp\/v2\/types\/product"}],"replies":[{"embeddable":true,"href":"https:\/\/acenoxkitchenequipment.com\/vi\/wp-json\/wp\/v2\/comments?post=4723"}],"version-history":[{"count":0,"href":"https:\/\/acenoxkitchenequipment.com\/vi\/wp-json\/wp\/v2\/product\/4723\/revisions"}],"wp:featuredmedia":[{"embeddable":true,"href":"https:\/\/acenoxkitchenequipment.com\/vi\/wp-json\/wp\/v2\/media\/7722"}],"wp:attachment":[{"href":"https:\/\/acenoxkitchenequipment.com\/vi\/wp-json\/wp\/v2\/media?parent=4723"}],"wp:term":[{"taxonomy":"product_cat","embeddable":true,"href":"https:\/\/acenoxkitchenequipment.com\/vi\/wp-json\/wp\/v2\/product_cat?post=4723"},{"taxonomy":"product_tag","embeddable":true,"href":"https:\/\/acenoxkitchenequipment.com\/vi\/wp-json\/wp\/v2\/product_tag?post=4723"}],"curies":[{"name":"wp","href":"https:\/\/api.w.org\/{rel}","templated":true}]}}