{"id":4624,"date":"2023-02-09T20:48:04","date_gmt":"2023-02-09T12:48:04","guid":{"rendered":"https:\/\/acenoxkitchenequipment.com\/?post_type=product&#038;p=4624"},"modified":"2023-02-09T21:00:01","modified_gmt":"2023-02-09T13:00:01","slug":"wall-type-extraction-canopy-with-grease-filters","status":"publish","type":"product","link":"https:\/\/acenoxkitchenequipment.com\/vi\/san-pham\/wall-type-extraction-canopy-with-grease-filters\/","title":{"rendered":"M\u00e1i che khai th\u00e1c ki\u1ec3u t\u01b0\u1eddng c\u00f3 b\u1ed9 l\u1ecdc m\u1ee1"},"content":{"rendered":"<p>\u0110\u00e2y l\u00e0 lo\u1ea1i t\u00e1n khai th\u00e1c th\u01b0\u01a1ng m\u1ea1i ki\u1ec3u treo t\u01b0\u1eddng, gi\u00fap th\u1ea3i nhi\u1ec7t, kh\u00f3i v\u00e0 d\u1ea7u m\u1ee1 do c\u00e1c thi\u1ebft b\u1ecb n\u1ea5u n\u01b0\u1edbng t\u1ea1o ra.<\/p>\n<p>\u0110\u1eb7c tr\u01b0ng:<\/p>\n<ul>\n<li>V\u1eadt li\u1ec7u: Th\u00e9p kh\u00f4ng g\u1ec9 100% \u0111\u01b0\u1ee3c ch\u1ebf t\u1ea1o, th\u00e9p 304, th\u00e9p 201, th\u00e9p 430 \u0111\u1ec3 l\u1ef1a ch\u1ecdn.<\/li>\n<li>\u0110\u01b0\u1ee3c x\u00e2y d\u1ef1ng ho\u00e0n to\u00e0n b\u1eb1ng th\u00e9p kh\u00f4ng g\u1ec9<\/li>\n<li>K\u00edch th\u01b0\u1edbc \u0111\u01b0\u1ee3c t\u00f9y ch\u1ec9nh<\/li>\n<li>Ki\u1ec3u d\u00e1ng h\u00e0n \u0111\u1eb9p<\/li>\n<li>Bao g\u1ed3m b\u1ed9 l\u1ecdc v\u00e1ch ng\u0103n b\u1eb1ng th\u00e9p kh\u00f4ng g\u1ec9<\/li>\n<li>gi\u00e1 treo<\/li>\n<li>M\u00e1ng v\u00e0 c\u1ed1c \u0111\u1ef1ng m\u1ee1 b\u1eb1ng th\u00e9p kh\u00f4ng g\u1ec9<\/li>\n<li>Bao g\u1ed3m b\u1ed9 l\u1ecdc b\u1eb1ng th\u00e9p kh\u00f4ng g\u1ec9<\/li>\n<\/ul>\n<p>T\u00f9y ch\u1ecdn:<\/p>\n<ul>\n<li>B\u1ed9 \u0111i\u1ec1u khi\u1ec3n qu\u1ea1t v\u00e0 t\u1ed1c \u0111\u1ed9<\/li>\n<li>\u0110i\u1ec7n \u00e1p v\u00e0 ngu\u1ed3n: 220\/240V, 250W. 320W cho chi\u1ec1u d\u00e0i tr\u00ean 2,0 m\u00e9t<\/li>\n<li>V\u1edbi \u0111\u00e8n: \u0111\u00e8n th\u00f4ng th\u01b0\u1eddng ho\u1eb7c \u0111\u00e8n LED \u0111\u1ec3 l\u1ef1a ch\u1ecdn<\/li>\n<\/ul>\n<p>H\u00ecnh d\u1ea1ng \u1ed1ng x\u1ea3 c\u00f3 th\u1ec3 \u0111\u01b0\u1ee3c t\u00f9y ch\u1ec9nh theo th\u1ecb tr\u01b0\u1eddng \u0111\u1ecba ph\u01b0\u01a1ng c\u1ee7a kh\u00e1ch h\u00e0ng.<\/p>","protected":false},"excerpt":{"rendered":"<p>\u0110\u00e2y l\u00e0 lo\u1ea1i t\u00e1n khai th\u00e1c th\u01b0\u01a1ng m\u1ea1i treo t\u01b0\u1eddng, c\u00f3 b\u1ed9 l\u1ecdc, qu\u1ea1t, \u0111\u00e8n LED v\u00e0 \u0111i\u1ec1u khi\u1ec3n t\u1ed1c \u0111\u1ed9. C\u00f4ng su\u1ea5t l\u00e0 250W, v\u1eadt li\u1ec7u c\u00f3 th\u1ec3 \u0111\u01b0\u1ee3c t\u00f9y ch\u1ec9nh<\/p>","protected":false},"featured_media":4625,"comment_status":"closed","ping_status":"closed","template":"","meta":{"_seopress_robots_primary_cat":"none"},"product_cat":[35],"product_tag":[86],"_links":{"self":[{"href":"https:\/\/acenoxkitchenequipment.com\/vi\/wp-json\/wp\/v2\/product\/4624"}],"collection":[{"href":"https:\/\/acenoxkitchenequipment.com\/vi\/wp-json\/wp\/v2\/product"}],"about":[{"href":"https:\/\/acenoxkitchenequipment.com\/vi\/wp-json\/wp\/v2\/types\/product"}],"replies":[{"embeddable":true,"href":"https:\/\/acenoxkitchenequipment.com\/vi\/wp-json\/wp\/v2\/comments?post=4624"}],"version-history":[{"count":0,"href":"https:\/\/acenoxkitchenequipment.com\/vi\/wp-json\/wp\/v2\/product\/4624\/revisions"}],"wp:featuredmedia":[{"embeddable":true,"href":"https:\/\/acenoxkitchenequipment.com\/vi\/wp-json\/wp\/v2\/media\/4625"}],"wp:attachment":[{"href":"https:\/\/acenoxkitchenequipment.com\/vi\/wp-json\/wp\/v2\/media?parent=4624"}],"wp:term":[{"taxonomy":"product_cat","embeddable":true,"href":"https:\/\/acenoxkitchenequipment.com\/vi\/wp-json\/wp\/v2\/product_cat?post=4624"},{"taxonomy":"product_tag","embeddable":true,"href":"https:\/\/acenoxkitchenequipment.com\/vi\/wp-json\/wp\/v2\/product_tag?post=4624"}],"curies":[{"name":"wp","href":"https:\/\/api.w.org\/{rel}","templated":true}]}}