{"id":4603,"date":"2023-01-24T17:17:55","date_gmt":"2023-01-24T09:17:55","guid":{"rendered":"https:\/\/acenoxkitchenequipment.com\/?post_type=product&#038;p=4603"},"modified":"2023-05-31T16:52:17","modified_gmt":"2023-05-31T08:52:17","slug":"knee-operated-hand-wash-sink","status":"publish","type":"product","link":"https:\/\/acenoxkitchenequipment.com\/vi\/san-pham\/knee-operated-hand-wash-sink\/","title":{"rendered":"B\u1ed3n r\u1eeda tay ho\u1ea1t \u0111\u1ed9ng b\u1eb1ng \u0111\u1ea7u g\u1ed1i c\u00f3 v\u00f2i m\u1ea1 cr\u00f4m"},"content":{"rendered":"<p><strong><b>\u0110\u1eb7c tr\u01b0ng:<\/b><\/strong><\/p>\n<p>\u0110\u01b0\u1ee3c l\u00e0m ho\u00e0n to\u00e0n b\u1eb1ng th\u00e9p kh\u00f4ng g\u1ec9. Ch\u1eadu r\u1eeda tay ho\u1ea1t \u0111\u1ed9ng b\u1eb1ng \u0111\u1ea7u g\u1ed1i n\u00e0y c\u00f3 t\u00ednh n\u0103ng v\u1ec7 sinh cao, chi\u1ebfm \u00edt kh\u00f4ng gian v\u1edbi ph\u1ea7n l\u01b0ng cao, r\u1ea3nh tay.<\/p>\n<p>B\u00e1t ch\u00ecm c\u00f3 d\u1ea1ng m\u00f4-\u0111un kh\u00f4ng c\u00f3 v\u1ebft h\u00e0n, h\u00ecnh th\u1ee9c \u0111\u1eb9p.<\/p>\n<p>h\u00ecnh ch\u1eef nh\u1eadt, Inox 304 l\u00e0 s\u1ef1 l\u1ef1a ch\u1ecdn t\u1ed1t h\u01a1n, d\u00e0y 0,8mm.<\/p>\n<p>C\u00f3 m\u1ed9t s\u1ed1 lo\u1ea1i v\u00f2i c\u00f3 ch\u1ea5t l\u01b0\u1ee3ng kh\u00e1c nhau \u0111\u1ec3 b\u1ea1n l\u1ef1a ch\u1ecdn. Chi\u1ec1u cao c\u1ee7a gi\u1eadt g\u00e2n ph\u00eda sau c\u00f3 th\u1ec3 \u0111\u01b0\u1ee3c t\u00f9y ch\u1ec9nh.<\/p>\n<p><strong><b>S\u1ef1 ch\u1ec9 r\u00f5:<\/b><\/strong><br \/>\nCh\u1ea5t li\u1ec7u: th\u00e9p kh\u00f4ng g\u1ec9 304 v\u00e0 201 cho s\u1ef1 l\u1ef1a ch\u1ecdn.<br \/>\nK\u00edch th\u01b0\u1edbc (L \/ W \/ H): 400\u00d7340\u00d7(200+384)mm<br \/>\nHo\u1ea1t \u0111\u1ed9ng: ho\u1ea1t \u0111\u1ed9ng \u0111\u1ea7u g\u1ed1i<\/p>\n<p><strong><b>G\u00f3i bao g\u1ed3m:<\/b><\/strong><br \/>\n1x b\u1ed3n r\u1eeda<br \/>\n1x gi\u00e1 treo t\u01b0\u1eddng<\/p>\n<p>1x van tr\u1ed9n c\u01a1 h\u1ecdc<br \/>\n1x v\u00f2i<br \/>\n1x \u1ed1ng tho\u00e1t n\u01b0\u1edbc b\u1eb1ng th\u00e9p kh\u00f4ng g\u1ec9 v\u00e0 \u1ed1ng nh\u1ef1a<br \/>\n1x van tr\u1ed9n c\u01a1 h\u1ecdc<\/p>\n<p>1x v\u00f2i m\u1ea1 cr\u00f4m, l\u00f5i van b\u1eb1ng \u0111\u1ed3ng<\/p>\n<p><strong><b>S\u1ef1 l\u1ef1a ch\u1ecdn kh\u00e1c: <\/b><\/strong>H\u1ed9p \u0111\u1ef1ng kh\u0103n gi\u1ea5y v\u00e0 x\u00e0 ph\u00f2ng b\u1eb1ng th\u00e9p 304<\/p>\n<p>&nbsp;<\/p>","protected":false},"excerpt":{"rendered":"<p>K\u00edch th\u01b0\u1edbc c\u00f3 th\u1ec3 thay \u0111\u1ed5i, h\u00ecnh d\u1ea1ng c\u0169ng c\u00f3 th\u1ec3 thay \u0111\u1ed5i. K\u00edch th\u01b0\u1edbc t\u00f9y ch\u1ec9nh c\u00f3 s\u1eb5n.<\/p>","protected":false},"featured_media":5405,"comment_status":"closed","ping_status":"closed","template":"","meta":{"_seopress_robots_primary_cat":"none"},"product_cat":[53],"product_tag":[146],"_links":{"self":[{"href":"https:\/\/acenoxkitchenequipment.com\/vi\/wp-json\/wp\/v2\/product\/4603"}],"collection":[{"href":"https:\/\/acenoxkitchenequipment.com\/vi\/wp-json\/wp\/v2\/product"}],"about":[{"href":"https:\/\/acenoxkitchenequipment.com\/vi\/wp-json\/wp\/v2\/types\/product"}],"replies":[{"embeddable":true,"href":"https:\/\/acenoxkitchenequipment.com\/vi\/wp-json\/wp\/v2\/comments?post=4603"}],"version-history":[{"count":0,"href":"https:\/\/acenoxkitchenequipment.com\/vi\/wp-json\/wp\/v2\/product\/4603\/revisions"}],"wp:featuredmedia":[{"embeddable":true,"href":"https:\/\/acenoxkitchenequipment.com\/vi\/wp-json\/wp\/v2\/media\/5405"}],"wp:attachment":[{"href":"https:\/\/acenoxkitchenequipment.com\/vi\/wp-json\/wp\/v2\/media?parent=4603"}],"wp:term":[{"taxonomy":"product_cat","embeddable":true,"href":"https:\/\/acenoxkitchenequipment.com\/vi\/wp-json\/wp\/v2\/product_cat?post=4603"},{"taxonomy":"product_tag","embeddable":true,"href":"https:\/\/acenoxkitchenequipment.com\/vi\/wp-json\/wp\/v2\/product_tag?post=4603"}],"curies":[{"name":"wp","href":"https:\/\/api.w.org\/{rel}","templated":true}]}}