{"id":3965,"date":"2023-01-04T19:52:06","date_gmt":"2023-01-04T11:52:06","guid":{"rendered":"https:\/\/acenoxkitchenequipment.com\/?post_type=product&#038;p=3965"},"modified":"2024-03-07T17:18:57","modified_gmt":"2024-03-07T09:18:57","slug":"commercial-display-refrigerator-with-single-glass-door-2","status":"publish","type":"product","link":"https:\/\/acenoxkitchenequipment.com\/vi\/san-pham\/commercial-display-refrigerator-with-single-glass-door-2\/","title":{"rendered":"T\u1ee7 l\u1ea1nh c\u1eeda k\u00ednh c\u00f3 c\u1eeda \u0111\u01a1n"},"content":{"rendered":"<p><strong>T\u1ee7 l\u1ea1nh tr\u01b0ng b\u00e0y th\u01b0\u01a1ng m\u1ea1i c\u1eeda k\u00ednh \u0111\u01a1n, C\u1eeda b\u1ea3n l\u1ec1 c\u00f3 \u0111\u1ed9 k\u00edn t\u1ed1t<\/strong><\/p>\n<p><strong>\u0110\u1eb7c tr\u01b0ng:<\/strong><\/p>\n<p>Model: VGD-1B<\/p>\n<p>\u25a0 M\u00e0u s\u1eafc: \u0110en<\/p>\n<p>\u25a0 K\u00edch th\u01b0\u1edbc: 620mm\u00d7635mm\u00d71995mm<\/p>\n<p>\u25a0 Ch\u1ea5t li\u1ec7u: Th\u00e9p s\u01a1n<\/p>\n<p>\u25a0 K\u00ednh Low-E, hai l\u1edbp ch\u1ed1ng ch\u00e1y n\u1ed5<\/p>\n<p>\u25a0 220V\/50Hz, +2oC~+8oC,<\/p>\n<p>\u25a0 L\u00e0m m\u00e1t th\u00f4ng gi\u00f3, M\u00e1y n\u00e9n Donper\/ M\u00e1y n\u00e9n Embraco<\/p>\n<p>\u25a0 B\u00ean trong c\u00f3 k\u1ec7 ph\u1ee7 PVC b\u1ed1n l\u1edbp<\/p>\n<p>\u25a0 B\u1ed9 \u0111i\u1ec1u khi\u1ec3n nhi\u1ec7t \u0111\u1ed9 th\u01b0\u01a1ng hi\u1ec7u Hongke (Trung Qu\u1ed1c)\/ Th\u01b0\u01a1ng hi\u1ec7u Carel c\u1ee7a \u00dd<\/p>\n<p>\u25a0 B\u00e1nh xe t\u1eaft ti\u1ebfng, hai b\u00e1nh c\u00f3 phanh<\/p>\n<p>\u25a0 Bao g\u1ed3m d\u1ea3i \u0111\u00e8n LED<\/p>\n<p>\u25a0 \u1ee8ng d\u1ee5ng: nhi\u1ec7t \u0111\u1ed9&lt;32oC, \u0110\u1ed9 \u1ea9m d\u01b0\u1edbi 65%, s\u1ebd kh\u00f4ng c\u00f3 s\u01b0\u01a1ng m\u00f9<\/p>\n<p>V\u1edbi c\u1ea5u h\u00ecnh kh\u00e1c nhau th\u00ec gi\u00e1 th\u00e0nh s\u1ebd ch\u00eanh l\u1ec7ch nhi\u1ec1u.<\/p>\n<p>&nbsp;<\/p>\n<p>&nbsp;<\/p>","protected":false},"excerpt":{"rendered":"<p>N\u00f3 \u0111\u01b0\u1ee3c s\u1eed d\u1ee5ng \u0111\u1ec3 tr\u01b0ng b\u00e0y \u0110\u1ed3 u\u1ed1ng L\u1ea1nh, G\u1ea5u, v.v. Xin l\u01b0u \u00fd, k\u00edch th\u01b0\u1edbc v\u00e0 h\u00ecnh d\u1ea1ng c\u00f3 th\u1ec3 \u0111\u01b0\u1ee3c t\u00f9y ch\u1ec9nh, gi\u1ea5y qu\u1ea3ng c\u00e1o logo c\u00f4ng ty c\u1ee7a b\u1ea1n c\u00f3 th\u1ec3 \u0111\u01b0\u1ee3c in \u0111\u1ec3 \u0111\u1eb7t l\u00ean tr\u00ean m\u00e1y l\u00e0m l\u1ea1nh<\/p>","protected":false},"featured_media":9011,"comment_status":"open","ping_status":"closed","template":"","meta":{"_seopress_robots_primary_cat":"none","_seopress_titles_title":"Glass Door Refrigerator Suppliers %%sep%%Commercial Glass refrigerators","_seopress_titles_desc":"We manufacture various glass door commercial refrigerators, It is used to display Cold Beverages, Bear, etc. Explore cost-effective refrigeration solutions.","_seopress_robots_index":""},"product_cat":[60],"product_tag":[258],"_links":{"self":[{"href":"https:\/\/acenoxkitchenequipment.com\/vi\/wp-json\/wp\/v2\/product\/3965"}],"collection":[{"href":"https:\/\/acenoxkitchenequipment.com\/vi\/wp-json\/wp\/v2\/product"}],"about":[{"href":"https:\/\/acenoxkitchenequipment.com\/vi\/wp-json\/wp\/v2\/types\/product"}],"replies":[{"embeddable":true,"href":"https:\/\/acenoxkitchenequipment.com\/vi\/wp-json\/wp\/v2\/comments?post=3965"}],"version-history":[{"count":0,"href":"https:\/\/acenoxkitchenequipment.com\/vi\/wp-json\/wp\/v2\/product\/3965\/revisions"}],"wp:featuredmedia":[{"embeddable":true,"href":"https:\/\/acenoxkitchenequipment.com\/vi\/wp-json\/wp\/v2\/media\/9011"}],"wp:attachment":[{"href":"https:\/\/acenoxkitchenequipment.com\/vi\/wp-json\/wp\/v2\/media?parent=3965"}],"wp:term":[{"taxonomy":"product_cat","embeddable":true,"href":"https:\/\/acenoxkitchenequipment.com\/vi\/wp-json\/wp\/v2\/product_cat?post=3965"},{"taxonomy":"product_tag","embeddable":true,"href":"https:\/\/acenoxkitchenequipment.com\/vi\/wp-json\/wp\/v2\/product_tag?post=3965"}],"curies":[{"name":"wp","href":"https:\/\/api.w.org\/{rel}","templated":true}]}}