{"id":3964,"date":"2023-01-04T19:17:12","date_gmt":"2023-01-04T11:17:12","guid":{"rendered":"https:\/\/acenoxkitchenequipment.com\/?post_type=product&#038;p=3964"},"modified":"2024-03-21T18:21:33","modified_gmt":"2024-03-21T10:21:33","slug":"commercial-display-refrigerator-with-single-glass-door","status":"publish","type":"product","link":"https:\/\/acenoxkitchenequipment.com\/vi\/san-pham\/commercial-display-refrigerator-with-single-glass-door\/","title":{"rendered":"T\u1ee7 tr\u01b0ng b\u00e0y \u0111\u1ed3 u\u1ed1ng c\u00f3 c\u1eeda k\u00ednh \u0111\u01a1n"},"content":{"rendered":"<h3>T\u1ee7 tr\u01b0ng b\u00e0y \u0111\u1ed3 u\u1ed1ng v\u00e0 t\u1ee7 l\u1ea1nh c\u00f3 c\u1eeda k\u00ednh \u0111\u01a1n<\/h3>\n<p>Thi\u1ebft k\u1ebf \u0111\u01a1n gi\u1ea3n nh\u01b0ng \u0111\u1ea7y phong c\u00e1ch c\u1ee7a chi\u1ebfc t\u1ee7 l\u1ea1nh c\u1eeda k\u00ednh \u0111\u01a1n n\u00e0y \u0111\u01b0\u1ee3c \u01b0a chu\u1ed9ng \u1edf nhi\u1ec1u qu\u1ed1c gia nh\u01b0 Ch\u00e2u \u00c2u, \u00dac v\u00e0 Malaysia, v.v. N\u00f3 \u0111\u01b0\u1ee3c s\u1eed d\u1ee5ng \u0111\u1ec3 tr\u01b0ng b\u00e0y \u0110\u1ed3 u\u1ed1ng L\u1ea1nh, Bia, v.v. Xin l\u01b0u \u00fd, k\u00edch th\u01b0\u1edbc v\u00e0 h\u00ecnh d\u1ea1ng c\u00f3 th\u1ec3 \u0111\u01b0\u1ee3c t\u00f9y ch\u1ec9nh, c\u00f4ng ty c\u1ee7a b\u1ea1n C\u00f3 th\u1ec3 in nh\u00e3n d\u00e1n logo qu\u1ea3ng c\u00e1o \u0111\u1ec3 d\u00e1n tr\u00ean n\u00f3c t\u1ee7 l\u1ea1nh<\/p>\n<p><strong>\u0110\u1eb7c tr\u01b0ng:<\/strong><\/p>\n<p>Model: VGD-1B<\/p>\n<p>\u25a0Khung c\u1eeda b\u1eb1ng h\u1ee3p kim nh\u00f4m, b\u1ec1 m\u1eb7t \u0111\u01b0\u1ee3c \u0111\u00e1nh b\u00f3ng; t\u1ea7ng h\u1ea7m th\u00e9p tr\u00e1ng<\/p>\n<p>\u25a0 C\u1eeda t\u1ef1 \u0111\u00f3ng k\u00edn t\u1ed1t, K\u00ednh Low-E, 2 l\u1edbp ch\u1ed1ng ch\u00e1y n\u1ed5<\/p>\n<p>\u25a0220V\/50Hz, +2oC~+8oC<\/p>\n<p>\u25a0B\u1ed9 \u0111i\u1ec1u khi\u1ec3n nhi\u1ec7t \u0111\u1ed9 k\u1ef9 thu\u1eadt s\u1ed1 th\u01b0\u01a1ng hi\u1ec7u ch\u1ea5t l\u01b0\u1ee3ng cao<\/p>\n<p>\u25a0L\u00e0m m\u00e1t th\u00f4ng gi\u00f3, M\u00e1y n\u00e9n Donper, M\u00e1y n\u00e9n R290\/ Embraco<\/p>\n<p>\u25a0 B\u00ean trong c\u00f3 k\u1ec7 ph\u1ee7 PVC b\u1ed1n l\u1edbp<\/p>\n<p>\u25a0 B\u00e1nh xe t\u1eaft ti\u1ebfng, hai b\u00e1nh c\u00f3 phanh<\/p>\n<p>\u25a0 Bao g\u1ed3m d\u1ea3i \u0111\u00e8n LED s\u00e1ng<\/p>\n<p>\u25a0 T\u1ef1 \u0111\u1ed9ng r\u00e3 \u0111\u00f4ng<\/p>\n<p>\u25a0 \u1ee8ng d\u1ee5ng: nhi\u1ec7t \u0111\u1ed9&lt;32oC, \u0110\u1ed9 \u1ea9m d\u01b0\u1edbi 65%<\/p>\n<p>&nbsp;<\/p>\n<p>&nbsp;<\/p>","protected":false},"excerpt":{"rendered":"<p>T\u1ee7 l\u1ea1nh tr\u01b0ng b\u00e0y m\u1ed9t c\u1eeda n\u00e0y th\u01b0\u1eddng \u0111\u01b0\u1ee3c s\u1eed d\u1ee5ng \u0111\u1ec3 tr\u01b0ng b\u00e0y \u0111\u1ed3 u\u1ed1ng l\u1ea1nh, bia, n\u01b0\u1edbc, v.v.<\/p>","protected":false},"featured_media":9020,"comment_status":"open","ping_status":"closed","template":"","meta":{"_seopress_robots_primary_cat":"none","_seopress_titles_title":"Drinks Display Fridge Refrigerator For Grocery Stores ","_seopress_titles_desc":"Produced by the reliable manufacturer of Acenox, who specialize in producing drinks fridges and all kinds of chillers and freezers, single door and double doors.","_seopress_robots_index":""},"product_cat":[60],"product_tag":[262],"_links":{"self":[{"href":"https:\/\/acenoxkitchenequipment.com\/vi\/wp-json\/wp\/v2\/product\/3964"}],"collection":[{"href":"https:\/\/acenoxkitchenequipment.com\/vi\/wp-json\/wp\/v2\/product"}],"about":[{"href":"https:\/\/acenoxkitchenequipment.com\/vi\/wp-json\/wp\/v2\/types\/product"}],"replies":[{"embeddable":true,"href":"https:\/\/acenoxkitchenequipment.com\/vi\/wp-json\/wp\/v2\/comments?post=3964"}],"version-history":[{"count":0,"href":"https:\/\/acenoxkitchenequipment.com\/vi\/wp-json\/wp\/v2\/product\/3964\/revisions"}],"wp:featuredmedia":[{"embeddable":true,"href":"https:\/\/acenoxkitchenequipment.com\/vi\/wp-json\/wp\/v2\/media\/9020"}],"wp:attachment":[{"href":"https:\/\/acenoxkitchenequipment.com\/vi\/wp-json\/wp\/v2\/media?parent=3964"}],"wp:term":[{"taxonomy":"product_cat","embeddable":true,"href":"https:\/\/acenoxkitchenequipment.com\/vi\/wp-json\/wp\/v2\/product_cat?post=3964"},{"taxonomy":"product_tag","embeddable":true,"href":"https:\/\/acenoxkitchenequipment.com\/vi\/wp-json\/wp\/v2\/product_tag?post=3964"}],"curies":[{"name":"wp","href":"https:\/\/api.w.org\/{rel}","templated":true}]}}