{"id":3953,"date":"2023-01-04T17:07:14","date_gmt":"2023-01-04T09:07:14","guid":{"rendered":"https:\/\/acenoxkitchenequipment.com\/?post_type=product&#038;p=3953"},"modified":"2024-03-09T16:55:12","modified_gmt":"2024-03-09T08:55:12","slug":"commercial-glass-door-display-chiller","status":"publish","type":"product","link":"https:\/\/acenoxkitchenequipment.com\/vi\/san-pham\/commercial-glass-door-display-chiller\/","title":{"rendered":"C\u1eeda k\u00ednh l\u00e0m l\u1ea1nh tr\u01b0ng b\u00e0y"},"content":{"rendered":"<h3>M\u00e1y l\u00e0m l\u1ea1nh tr\u01b0ng b\u00e0y<\/h3>\n<p>M\u00e1y l\u00e0m l\u1ea1nh tr\u01b0ng b\u00e0y c\u1eeda k\u00ednh ki\u1ec3u th\u1eb3ng \u0111\u1ee9ng n\u00e0y th\u01b0\u1eddng \u0111\u01b0\u1ee3c s\u1eed d\u1ee5ng trong c\u00e1c m\u00f4i tr\u01b0\u1eddng kinh doanh kh\u00e1c nhau cho m\u1ee5c \u0111\u00edch l\u00e0m l\u1ea1nh v\u00e0 tr\u01b0ng b\u00e0y.<\/p>\n<p><strong>\u0110\u1eb7c tr\u01b0ng:<\/strong><\/p>\n<p>Model: VGD-3W<\/p>\n<p>\u25a0 Ch\u1ea5t li\u1ec7u: Th\u00e9p s\u01a1n, Khung c\u1eeda nh\u00f4m<\/p>\n<p>\u25a0 K\u00edch th\u01b0\u1edbc: 1880mm\u00d7735mm\u00d72090mm<\/p>\n<p>\u25a0 C\u1eeda t\u1ef1 \u0111\u00f3ng, ch\u1ed1ng ch\u00e1y n\u1ed5 2 l\u1edbp c\u1ee7a K\u00ednh Low-E<\/p>\n<p>\u25a0 220V\/50Hz, +2oC~+8oC<\/p>\n<p>\u25a0 L\u00e0m m\u00e1t th\u00f4ng gi\u00f3, M\u00e1y n\u00e9n Donper\/M\u00e1y n\u00e9n Embraco<\/p>\n<p>\u25a0 B\u00ean trong c\u00f3 k\u1ec7 ph\u1ee7 PVC b\u1ed1n l\u1edbp<\/p>\n<p>\u25a0 B\u1ed9 \u0111i\u1ec1u khi\u1ec3n nhi\u1ec7t \u0111\u1ed9 k\u1ef9 thu\u1eadt s\u1ed1 c\u1ee7a th\u01b0\u01a1ng hi\u1ec7u, cung c\u1ea5p c\u00e0i \u0111\u1eb7t nhi\u1ec7t \u0111\u1ed9 ch\u00ednh x\u00e1c, cho ph\u00e9p ki\u1ec3m so\u00e1t nhi\u1ec7t \u0111\u1ed9 b\u00ean trong t\u1ee7 l\u1ea1nh ch\u00ednh x\u00e1c h\u01a1n. \u0110i\u1ec1u n\u00e0y r\u1ea5t quan tr\u1ecdng \u0111\u1ec3 duy tr\u00ec c\u00e1c \u0111i\u1ec1u ki\u1ec7n t\u1ed1i \u01b0u \u0111\u1ec3 b\u1ea3o qu\u1ea3n \u0111\u1ed3 u\u1ed1ng ho\u1eb7c th\u1ef1c ph\u1ea9m.<\/p>\n<p>\u25a0 B\u00e1nh xe t\u1eaft ti\u1ebfng, hai b\u00e1nh c\u00f3 phanh<\/p>\n<p>\u25a0 M\u1ed7i c\u1eeda c\u00f3 hai d\u1ea3i \u0111\u00e8n LED d\u1ecdc gi\u00fap chi\u1ebfu s\u00e1ng h\u00e0ng h\u00f3a m\u1ed9t c\u00e1ch xu\u1ea5t s\u1eafc<\/p>\n<p>\u25a0 S\u01a1n t\u1ea7ng h\u1ea7m th\u00e9p, chi ph\u00ed kinh t\u1ebf nh\u01b0ng ch\u1ea5t l\u01b0\u1ee3ng b\u1ec1n b\u1ec9<\/p>\n<p>\u25a0 \u1ee8ng d\u1ee5ng: nhi\u1ec7t \u0111\u1ed9&lt;32oC, \u0110\u1ed9 \u1ea9m d\u01b0\u1edbi 65%<\/p>\n<p>L\u01b0u \u00fd: M\u00f4i tr\u01b0\u1eddng \u00e1p d\u1ee5ng: Nhi\u1ec7t \u0111\u1ed9 m\u00f4i tr\u01b0\u1eddng xung quanh d\u01b0\u1edbi 32oC<\/p>\n<p>&nbsp;<\/p>","protected":false},"excerpt":{"rendered":"<p>M\u00e1y l\u00e0m l\u1ea1nh m\u00e0n h\u00ecnh th\u1eb3ng \u0111\u1ee9ng n\u00e0y c\u00f3 ba c\u1eeda k\u00ednh, m\u00e0u s\u1eafc c\u00f3 th\u1ec3 l\u00e0 tr\u1eafng, \u0111en ho\u1eb7c c\u00e1c m\u00e0u t\u00f9y ch\u1ec9nh kh\u00e1c. K\u00edch th\u01b0\u1edbc l\u00fd t\u01b0\u1edfng \u0111\u1ec3 tr\u01b0ng b\u00e0y \u0110\u1ed3 u\u1ed1ng L\u1ea1nh, Bia, v.v. Logo th\u01b0\u01a1ng hi\u1ec7u v\u00e0 nh\u00e3n d\u00e1n qu\u1ea3ng c\u00e1o c\u1ee7a b\u1ea1n c\u00f3 th\u1ec3 \u0111\u01b0\u1ee3c in \u0111\u1ec3 d\u00e1n l\u00ean tr\u00ean m\u00e1y l\u00e0m l\u1ea1nh<\/p>","protected":false},"featured_media":9036,"comment_status":"open","ping_status":"closed","template":"","meta":{"_seopress_robots_primary_cat":"none","_seopress_titles_title":"Display Chiller Manufacturer %%sep%%Glass Door Chiller","_seopress_titles_desc":"A perfect display chiller in retail establishments, including supermarkets, grocery stores, and convenience stores. Order in bulk for exclusive discounts.","_seopress_robots_index":""},"product_cat":[60],"product_tag":[135],"_links":{"self":[{"href":"https:\/\/acenoxkitchenequipment.com\/vi\/wp-json\/wp\/v2\/product\/3953"}],"collection":[{"href":"https:\/\/acenoxkitchenequipment.com\/vi\/wp-json\/wp\/v2\/product"}],"about":[{"href":"https:\/\/acenoxkitchenequipment.com\/vi\/wp-json\/wp\/v2\/types\/product"}],"replies":[{"embeddable":true,"href":"https:\/\/acenoxkitchenequipment.com\/vi\/wp-json\/wp\/v2\/comments?post=3953"}],"version-history":[{"count":0,"href":"https:\/\/acenoxkitchenequipment.com\/vi\/wp-json\/wp\/v2\/product\/3953\/revisions"}],"wp:featuredmedia":[{"embeddable":true,"href":"https:\/\/acenoxkitchenequipment.com\/vi\/wp-json\/wp\/v2\/media\/9036"}],"wp:attachment":[{"href":"https:\/\/acenoxkitchenequipment.com\/vi\/wp-json\/wp\/v2\/media?parent=3953"}],"wp:term":[{"taxonomy":"product_cat","embeddable":true,"href":"https:\/\/acenoxkitchenequipment.com\/vi\/wp-json\/wp\/v2\/product_cat?post=3953"},{"taxonomy":"product_tag","embeddable":true,"href":"https:\/\/acenoxkitchenequipment.com\/vi\/wp-json\/wp\/v2\/product_tag?post=3953"}],"curies":[{"name":"wp","href":"https:\/\/api.w.org\/{rel}","templated":true}]}}