{"id":2531,"date":"2022-10-28T13:24:35","date_gmt":"2022-10-28T05:24:35","guid":{"rendered":"http:\/\/acenoxkitchenequipment.com\/?post_type=product&#038;p=2531"},"modified":"2023-07-05T18:38:52","modified_gmt":"2023-07-05T10:38:52","slug":"janitorial-hand-washing-mop-sink","status":"publish","type":"product","link":"https:\/\/acenoxkitchenequipment.com\/vi\/san-pham\/janitorial-hand-washing-mop-sink\/","title":{"rendered":"B\u1ed3n r\u1eeda tay &amp; lau nh\u00e0"},"content":{"rendered":"<h3>C\u00e1c t\u00ednh n\u0103ng c\u1ee7a b\u1ed3n r\u1eeda tay &amp; lau nh\u00e0 Janitorial:<\/h3>\n<ul>\n<li><strong><span data-preserver-spaces=\"true\">Nguy\u00ean v\u1eadt li\u1ec7u:\u00a0<\/span><\/strong><span data-preserver-spaces=\"true\">ch\u00fang t\u00f4i khuy\u00ean b\u1ea1n n\u00ean s\u1eed d\u1ee5ng th\u00e9p kh\u00f4ng g\u1ec9 304 c\u00f3 kh\u1ea3 n\u0103ng ch\u1ed1ng g\u1ec9 t\u1ed1t ho\u1eb7c th\u00e9p kh\u00f4ng g\u1ec9 201 l\u00e0 lo\u1ea1i kinh t\u1ebf, lo\u1ea1i ch\u1ecbu l\u1ef1c cao, v\u00ec \u0111\u00e2y l\u00e0 b\u1ed3n r\u1eeda l\u00e0m s\u1ea1ch \u0111a ch\u1ee9c n\u0103ng, lo\u1ea1i ch\u1ecbu l\u1ef1c n\u1eb7ng gi\u00fap n\u00f3 \u0111\u1ee7 \u1ed5n \u0111\u1ecbnh.<\/span><\/li>\n<li><strong><span data-preserver-spaces=\"true\">B\u00e1t tr\u00ean c\u00f9ng:\u00a0\u00a0<\/span><\/strong><span data-preserver-spaces=\"true\">390mm\u00d7240mm\u00d7120mm, bao g\u1ed3m c\u1ed1ng.<\/span><\/li>\n<li><strong><span data-preserver-spaces=\"true\">UnderBowl:\u00a0<\/span><\/strong><span data-preserver-spaces=\"true\">400mm\u00d7300mm\u00d7200mm(ti\u00eau chu\u1ea9n), bao g\u1ed3m c\u1ed1ng<\/span><\/li>\n<li><strong><span data-preserver-spaces=\"true\">K\u1ebft c\u1ea5u:\u00a0<\/span><\/strong><span data-preserver-spaces=\"true\">lo\u1ea1i kh\u00f4ng l\u1eafp r\u00e1p, g\u00f3i ph\u1eb3ng.<\/span><\/li>\n<li><strong><span data-preserver-spaces=\"true\">K\u00edch th\u01b0\u1edbc \u0111\u00f3ng g\u00f3i:\u00a0<\/span><\/strong><span data-preserver-spaces=\"true\">\u00a0530mm\u00d7620mm\u00d7620mm<\/span><\/li>\n<li><strong><span data-preserver-spaces=\"true\">C\u00e0i \u0111\u1eb7t:\u00a0<\/span><\/strong><span data-preserver-spaces=\"true\">\u0111\u1ee9ng t\u1ef1 do v\u1edbi b\u1ed1n ch\u00e2n, b\u00e0n ch\u00e2n c\u00f3 th\u1ec3 \u0111i\u1ec1u ch\u1ec9nh \u0111\u01b0\u1ee3c.\u00a0<\/span><\/li>\n<li><strong><span data-preserver-spaces=\"true\">Ng\u01b0\u1eddi kh\u00e1c:\u00a0<\/span><\/strong><span data-preserver-spaces=\"true\">l\u01b0\u1edbi h\u1ed7 tr\u1ee3 \u0111\u01b0\u1ee3c cung c\u1ea5p, n\u00f3 c\u0169ng c\u00f3 th\u1ec3 \u0111\u01b0\u1ee3c g\u1ee1 b\u1ecf.<\/span><\/li>\n<\/ul>","protected":false},"excerpt":{"rendered":"<p>S\u1ef1 k\u1ebft h\u1ee3p b\u1ed3n r\u1eeda v\u1ec7 sinh n\u00e0y c\u00f3 nhi\u1ec1u ch\u1ee9c n\u0103ng, r\u1eeda tay, l\u00e0m s\u1ea1ch x\u00f4 ho\u1eb7c l\u00e0m ch\u1eadu lau nh\u00e0, \u0111\u01b0\u1ee3c l\u00e0m b\u1eb1ng th\u00e9p kh\u00f4ng g\u1ec9 304, h\u00ecnh d\u1ea1ng v\u00e0 k\u00edch th\u01b0\u1edbc c\u00f3 th\u1ec3 \u0111\u01b0\u1ee3c t\u00f9y ch\u1ec9nh.<\/p>","protected":false},"featured_media":5407,"comment_status":"open","ping_status":"closed","template":"","meta":{"_seopress_robots_primary_cat":"none","_seopress_titles_title":"Janitorial Hand Washing &amp; mop Sink %%sep%%Acenox Manufacturing","_seopress_titles_desc":"MOQ: 5 Pcs; This janitorial sink combination has multiple functions, hand washing, bucket cleaning or as a mop sink, made of stainless steel 304.","_seopress_robots_index":""},"product_cat":[53],"product_tag":[181],"_links":{"self":[{"href":"https:\/\/acenoxkitchenequipment.com\/vi\/wp-json\/wp\/v2\/product\/2531"}],"collection":[{"href":"https:\/\/acenoxkitchenequipment.com\/vi\/wp-json\/wp\/v2\/product"}],"about":[{"href":"https:\/\/acenoxkitchenequipment.com\/vi\/wp-json\/wp\/v2\/types\/product"}],"replies":[{"embeddable":true,"href":"https:\/\/acenoxkitchenequipment.com\/vi\/wp-json\/wp\/v2\/comments?post=2531"}],"version-history":[{"count":0,"href":"https:\/\/acenoxkitchenequipment.com\/vi\/wp-json\/wp\/v2\/product\/2531\/revisions"}],"wp:featuredmedia":[{"embeddable":true,"href":"https:\/\/acenoxkitchenequipment.com\/vi\/wp-json\/wp\/v2\/media\/5407"}],"wp:attachment":[{"href":"https:\/\/acenoxkitchenequipment.com\/vi\/wp-json\/wp\/v2\/media?parent=2531"}],"wp:term":[{"taxonomy":"product_cat","embeddable":true,"href":"https:\/\/acenoxkitchenequipment.com\/vi\/wp-json\/wp\/v2\/product_cat?post=2531"},{"taxonomy":"product_tag","embeddable":true,"href":"https:\/\/acenoxkitchenequipment.com\/vi\/wp-json\/wp\/v2\/product_tag?post=2531"}],"curies":[{"name":"wp","href":"https:\/\/api.w.org\/{rel}","templated":true}]}}