{"id":2422,"date":"2022-10-13T15:02:54","date_gmt":"2022-10-13T07:02:54","guid":{"rendered":"http:\/\/acenoxkitchenequipment.com\/?post_type=product&#038;p=2422"},"modified":"2023-07-23T20:33:54","modified_gmt":"2023-07-23T12:33:54","slug":"stainless-steel-hood-filters","status":"publish","type":"product","link":"https:\/\/acenoxkitchenequipment.com\/vi\/san-pham\/stainless-steel-hood-filters\/","title":{"rendered":"B\u1ed9 l\u1ecdc m\u1ee1 lo\u1ea1i v\u00e1ch ng\u0103n"},"content":{"rendered":"<p>B\u1ed9 l\u1ecdc mui xe b\u1eb1ng th\u00e9p kh\u00f4ng g\u1ec9 lo\u1ea1i v\u00e1ch ng\u0103n<\/p>\n<p>V\u00e1ch ng\u0103n \u0111\u01b0\u1ee3c l\u00e0m b\u1eb1ng khu\u00f4n n\u00ean t\u1ea5t c\u1ea3 c\u00e1c v\u00e1ch ng\u0103n \u0111\u1ec1u l\u00e0 lo\u1ea1i ti\u00eau chu\u1ea9n, c\u00f3 h\u00ecnh d\u00e1ng th\u1ed1ng nh\u1ea5t<\/p>\n<p><strong><b>\u0110\u1eb7c tr\u01b0ng:<\/b><\/strong><\/p>\n<ul>\n<li><strong>Nguy\u00ean v\u1eadt li\u1ec7u: <\/strong>l\u00e0m b\u1eb1ng th\u00e9p kh\u00f4ng g\u1ec9 430. K\u1ebft th\u00fac g\u01b0\u01a1ng.<strong><br \/>\n<\/strong><\/li>\n<li><strong><strong>Hi\u1ec7u su\u1ea5t: <\/strong><\/strong>Ch\u1ed1ng g\u1ec9 v\u00e0 b\u1ec1 m\u1eb7t nh\u1eb5n<\/li>\n<li><strong>K\u1ebft c\u1ea5u:<\/strong>N\u00f3 \u0111\u01b0\u1ee3c l\u1eafp r\u00e1p b\u1eb1ng \u0111inh t\u00e1n, kh\u00f4ng c\u00f3 v\u1ebft h\u00e0n b\u00ean ngo\u00e0i<\/li>\n<li><strong>Th\u1ee7 c\u00f4ng: <\/strong>kh\u00f4ng c\u00f3 c\u1ea1nh s\u1eafc, kh\u00f4ng c\u00f3 v\u1ebft tr\u1ea7y x\u01b0\u1edbc<\/li>\n<li>K\u00edch th\u01b0\u1edbc t\u00f9y ch\u1ec9nh c\u00f3 s\u1eb5n<\/li>\n<\/ul>\n<p><strong>MOQ<\/strong><\/p>\n<p>S\u1ed1 l\u01b0\u1ee3ng \u0111\u1eb7t h\u00e0ng t\u1ed1i thi\u1ec3u l\u00e0 50 chi\u1ebfc<\/p>\n<p>M\u1ed9t m\u1eabu mi\u1ec5n ph\u00ed \u0111\u1ec3 b\u1ea1n ki\u1ec3m tra ch\u1ea5t l\u01b0\u1ee3ng c\u1ee7a ch\u00fang t\u00f4i!<\/p>","protected":false},"excerpt":{"rendered":"<p>V\u00e1ch ng\u0103n v\u00e0 khung \u0111\u01b0\u1ee3c l\u00e0m t\u1eeb th\u00e9p kh\u00f4ng g\u1ec9 430 ho\u1eb7c 201. B\u1ec1 m\u1eb7t ho\u00e0n thi\u1ec7n b\u1eb1ng g\u01b0\u01a1ng. B\u1ec1 m\u1eb7t ch\u1ed1ng g\u1ec9 v\u00e0 m\u1ecbn<br \/>\nN\u00f3 \u0111\u01b0\u1ee3c l\u1eafp r\u00e1p b\u1eb1ng \u0111inh t\u00e1n, 6 chi\u1ebfc trong m\u1ed9t th\u00f9ng, Moq: 50 chi\u1ebfc, k\u00edch th\u01b0\u1edbc t\u00f9y ch\u1ec9nh.<\/p>","protected":false},"featured_media":3612,"comment_status":"closed","ping_status":"closed","template":"","meta":{"_seopress_robots_primary_cat":"none","_seopress_titles_title":"","_seopress_titles_desc":"","_seopress_robots_index":""},"product_cat":[35],"product_tag":[86],"_links":{"self":[{"href":"https:\/\/acenoxkitchenequipment.com\/vi\/wp-json\/wp\/v2\/product\/2422"}],"collection":[{"href":"https:\/\/acenoxkitchenequipment.com\/vi\/wp-json\/wp\/v2\/product"}],"about":[{"href":"https:\/\/acenoxkitchenequipment.com\/vi\/wp-json\/wp\/v2\/types\/product"}],"replies":[{"embeddable":true,"href":"https:\/\/acenoxkitchenequipment.com\/vi\/wp-json\/wp\/v2\/comments?post=2422"}],"version-history":[{"count":0,"href":"https:\/\/acenoxkitchenequipment.com\/vi\/wp-json\/wp\/v2\/product\/2422\/revisions"}],"wp:featuredmedia":[{"embeddable":true,"href":"https:\/\/acenoxkitchenequipment.com\/vi\/wp-json\/wp\/v2\/media\/3612"}],"wp:attachment":[{"href":"https:\/\/acenoxkitchenequipment.com\/vi\/wp-json\/wp\/v2\/media?parent=2422"}],"wp:term":[{"taxonomy":"product_cat","embeddable":true,"href":"https:\/\/acenoxkitchenequipment.com\/vi\/wp-json\/wp\/v2\/product_cat?post=2422"},{"taxonomy":"product_tag","embeddable":true,"href":"https:\/\/acenoxkitchenequipment.com\/vi\/wp-json\/wp\/v2\/product_tag?post=2422"}],"curies":[{"name":"wp","href":"https:\/\/api.w.org\/{rel}","templated":true}]}}