{"id":2395,"date":"2022-10-13T10:18:16","date_gmt":"2022-10-13T02:18:16","guid":{"rendered":"http:\/\/acenoxkitchenequipment.com\/?post_type=product&#038;p=2395"},"modified":"2023-02-08T17:09:57","modified_gmt":"2023-02-08T09:09:57","slug":"commercial-exhaust-hood-with-makeup-air","status":"publish","type":"product","link":"https:\/\/acenoxkitchenequipment.com\/vi\/san-pham\/commercial-exhaust-hood-with-makeup-air\/","title":{"rendered":"M\u00e1y h\u00fat kh\u00f3i th\u01b0\u01a1ng m\u1ea1i v\u1edbi kh\u00f4ng kh\u00ed trang \u0111i\u1ec3m"},"content":{"rendered":"<p>Trong nh\u00e0 b\u1ebfp th\u01b0\u01a1ng m\u1ea1i, th\u00f4ng th\u01b0\u1eddng ch\u00fang ta c\u00f3 m\u1ed9t s\u1ed1 m\u00e1y h\u00fat m\u00f9i c\u00f3 th\u1ec3 ho\u1ea1t \u0111\u1ed9ng kh\u00e1c nhau cho c\u00e1c m\u1ee5c \u0111\u00edch kh\u00e1c nhau, nh\u01b0 b\u1ebfp n\u1ea5u, n\u1ed3i h\u1ea5p, m\u00e1y r\u1eeda ch\u00e9n, v.v. B\u1ed9 c\u1ea5p kh\u00ed trang \u0111i\u1ec3m c\u00f3 th\u1ec3 mang l\u1ea1i kh\u00f4ng kh\u00ed m\u1edbi b\u1ed5 sung<\/p>\n<p>\u0110\u1eb7c tr\u01b0ng:<\/p>\n<ul>\n<li>V\u1eadt li\u1ec7u: Th\u00e9p kh\u00f4ng g\u1ec9 100% \u0111\u01b0\u1ee3c ch\u1ebf t\u1ea1o, th\u00e9p 304, th\u00e9p 201, th\u00e9p 430 \u0111\u1ec3 l\u1ef1a ch\u1ecdn.<\/li>\n<li>Ch\u1ee9c n\u0103ng: lo\u1ea1i b\u1ecf d\u1ea7u m\u1ee1 v\u00e0 kh\u00f3i \u0111\u1ed9c h\u1ea1i v\u00e0 th\u1ed5i kh\u00f4ng kh\u00ed trong l\u00e0nh v\u00e0o<\/li>\n<li>Bao g\u1ed3m: 1. Hood 2. B\u1ed9 l\u1ecdc 3. \u0110\u00e8n LED (Kh\u00f4ng bao g\u1ed3m qu\u1ea1t)<\/li>\n<li>B\u1ed9 l\u1ecdc: th\u00f4ng th\u01b0\u1eddng b\u1ed9 l\u1ecdc v\u00e1ch ng\u0103n l\u00e0 lo\u1ea1i ph\u1ed5 bi\u1ebfn h\u01a1n, D\u1ea7u m\u1ee1 \u0111\u01b0\u1ee3c b\u1ed9 l\u1ecdc chi\u1ebft xu\u1ea5t \u0111\u01b0\u1ee3c thu gom v\u00e0o m\u00e1ng \u0111\u1ef1ng m\u1ee1. C\u00f3 nhi\u1ec1u b\u1ed9 l\u1ecdc kh\u00e1c nhau \u0111\u1ec3 l\u1ef1a ch\u1ecdn.<\/li>\n<li>C\u1ea5u tr\u00fac mui xe: m\u1ed9t ph\u1ea7n kh\u00f4ng th\u1ec3 thi\u1ebfu<\/li>\n<li>K\u00edch th\u01b0\u1edbc: chi\u1ec1u d\u00e0i c\u00f3 th\u1ec3 \u0111\u01b0\u1ee3c t\u00f9y ch\u1ec9nh, chi\u1ec1u cao th\u01b0\u1eddng l\u00e0 50 cm, chi\u1ec1u s\u00e2u th\u01b0\u1eddng l\u00e0 90 cm ho\u1eb7c 100 cm.<\/li>\n<\/ul>\n<p>&nbsp;<\/p>","protected":false},"excerpt":{"rendered":"<p>M\u00e1y h\u00fat m\u00f9i th\u01b0\u01a1ng m\u1ea1i n\u00e0y bao g\u1ed3m b\u1ed9 l\u1ecdc, \u0111\u00e8n LED v\u00e0 qu\u1ea1t \u0111\u1ec3 mang l\u1ea1i kh\u00f4ng kh\u00ed trong l\u00e0nh. k\u00edch th\u01b0\u1edbc c\u00f3 th\u1ec3 \u0111\u01b0\u1ee3c t\u00f9y ch\u1ec9nh.<\/p>","protected":false},"featured_media":2398,"comment_status":"closed","ping_status":"closed","template":"","meta":{"_seopress_robots_primary_cat":"none","_seopress_titles_title":"","_seopress_titles_desc":"","_seopress_robots_index":""},"product_cat":[35],"product_tag":[86],"_links":{"self":[{"href":"https:\/\/acenoxkitchenequipment.com\/vi\/wp-json\/wp\/v2\/product\/2395"}],"collection":[{"href":"https:\/\/acenoxkitchenequipment.com\/vi\/wp-json\/wp\/v2\/product"}],"about":[{"href":"https:\/\/acenoxkitchenequipment.com\/vi\/wp-json\/wp\/v2\/types\/product"}],"replies":[{"embeddable":true,"href":"https:\/\/acenoxkitchenequipment.com\/vi\/wp-json\/wp\/v2\/comments?post=2395"}],"version-history":[{"count":0,"href":"https:\/\/acenoxkitchenequipment.com\/vi\/wp-json\/wp\/v2\/product\/2395\/revisions"}],"wp:featuredmedia":[{"embeddable":true,"href":"https:\/\/acenoxkitchenequipment.com\/vi\/wp-json\/wp\/v2\/media\/2398"}],"wp:attachment":[{"href":"https:\/\/acenoxkitchenequipment.com\/vi\/wp-json\/wp\/v2\/media?parent=2395"}],"wp:term":[{"taxonomy":"product_cat","embeddable":true,"href":"https:\/\/acenoxkitchenequipment.com\/vi\/wp-json\/wp\/v2\/product_cat?post=2395"},{"taxonomy":"product_tag","embeddable":true,"href":"https:\/\/acenoxkitchenequipment.com\/vi\/wp-json\/wp\/v2\/product_tag?post=2395"}],"curies":[{"name":"wp","href":"https:\/\/api.w.org\/{rel}","templated":true}]}}