{"id":1559,"date":"2022-08-09T15:38:36","date_gmt":"2022-08-09T07:38:36","guid":{"rendered":"http:\/\/acenoxkitchenequipment.com\/?post_type=product&#038;p=1559"},"modified":"2024-07-03T20:42:14","modified_gmt":"2024-07-03T12:42:14","slug":"curved-refrigerated-cake-display","status":"publish","type":"product","link":"https:\/\/acenoxkitchenequipment.com\/vi\/san-pham\/curved-refrigerated-cake-display\/","title":{"rendered":"M\u00e0n h\u00ecnh b\u00e1nh l\u1ea1nh cong"},"content":{"rendered":"<h3><span class=\"zRhise\"><span class=\"PkjLuf\" title=\"nh\u00e0 cung c\u1ea5p m\u00e0n h\u00ecnh b\u00e1nh k\u00ednh cong th\u01b0\u01a1ng m\u1ea1i\">Nh\u00e0 cung c\u1ea5p m\u00e0n h\u00ecnh b\u00e1nh th\u1ee7y tinh th\u01b0\u01a1ng m\u1ea1i:<\/span><\/span><\/h3>\n<ul>\n<li><strong>K\u00ednh cong:<\/strong><\/li>\n<\/ul>\n<p>M\u00e0n h\u00ecnh hi\u1ec3n th\u1ecb b\u00e1nh l\u1ea1nh cong cung c\u1ea5p c\u00e1i nh\u00ecn to\u00e0n di\u1ec7n v\u00e0 tr\u1ef1c ti\u1ebfp v\u1ec1 c\u00e1c m\u00f3n tr\u00e1ng mi\u1ec7ng v\u00e0 b\u00e1nh ng\u1ecdt b\u00ean trong h\u1ed9p. M\u1ecdi ng\u01b0\u1eddi c\u00f3 th\u1ec3 xem to\u00e0n b\u1ed9 m\u00e0n h\u00ecnh m\u00e0 kh\u00f4ng g\u1eb7p b\u1ea5t k\u1ef3 r\u00e0o c\u1ea3n v\u1eadt l\u00fd n\u00e0o. K\u00ednh cong r\u1ea5t thanh l\u1ecbch v\u00e0 n\u1ed5i b\u1eadt v\u1ec1 m\u1eb7t th\u1ecb gi\u00e1c.<\/p>\n<ul>\n<li><strong>K\u00ednh c\u01b0\u1eddng l\u1ef1c<\/strong><\/li>\n<\/ul>\n<ul>\n<li><strong>Nhi\u1ec7t \u0111\u1ed9: <\/strong><\/li>\n<\/ul>\n<p>Ch\u00fang t\u00f4i \u0111\u1eb7t nhi\u1ec7t \u0111\u1ed9 l\u00e0 +2oC~+8oC. M\u00e1y s\u1ebd ho\u1ea1t \u0111\u1ed9ng v\u00e0 gi\u1eef nhi\u1ec7t \u0111\u1ed9 \u1ed5n \u0111\u1ecbnh trong ph\u1ea1m vi n\u00e0y, r\u1ea5t l\u00fd t\u01b0\u1edfng \u0111\u1ec3 b\u1ea3o qu\u1ea3n b\u00e1nh ng\u1ecdt, kem v\u00e0 c\u00e1c m\u00f3n tr\u00e1ng mi\u1ec7ng kh\u00e1c trong t\u00ecnh tr\u1ea1ng t\u01b0\u01a1i ngon v\u00e0 c\u00f3 h\u01b0\u01a1ng v\u1ecb th\u01a1m ngon.<\/p>\n<ul>\n<li><strong>K\u00ednh ch\u1ed1ng s\u01b0\u01a1ng m\u00f9 Low-E<\/strong><\/li>\n<\/ul>\n<p>Ch\u00fang t\u00f4i s\u1eed d\u1ee5ng k\u00ednh Low-E v\u00e0 ch\u1ee9c n\u0103ng th\u1ed5i kh\u00ed n\u00f3ng \u0111\u1ec3 ng\u0103n ch\u1eb7n s\u01b0\u01a1ng m\u00f9, c\u00f3 th\u1ec3 \u0111\u01b0\u1ee3c s\u1eed d\u1ee5ng trong h\u1ea7u h\u1ebft c\u00e1c tr\u01b0\u1eddng h\u1ee3p. Chi ph\u00ed th\u1ea5p h\u01a1n nhi\u1ec1u so v\u1edbi d\u00e2y s\u01b0\u1edfi k\u00ednh<\/p>\n<p>\u0110i\u1ec1u quan tr\u1ecdng c\u1ea7n l\u01b0u \u00fd l\u00e0 vi\u1ec7c l\u1ef1a ch\u1ecdn gi\u1eefa c\u00e1ch tr\u01b0ng b\u00e0y b\u00e1nh cong hay g\u00f3c vu\u00f4ng cu\u1ed1i c\u00f9ng ph\u1ee5 thu\u1ed9c v\u00e0o c\u00e1c y\u1ebfu t\u1ed1 nh\u01b0 s\u1edf th\u00edch thi\u1ebft k\u1ebf c\u1ee5 th\u1ec3, kh\u00f4ng gian s\u1eb5n c\u00f3 v\u00e0 t\u00ednh th\u1ea9m m\u1ef9 t\u1ed5ng th\u1ec3 c\u1ee7a ti\u1ec7m b\u00e1nh ho\u1eb7c c\u1eeda h\u00e0ng.<\/p>\n<p>L\u00e0 m\u1ed9t nh\u00e0 s\u1ea3n xu\u1ea5t c\u00f3 kinh nghi\u1ec7m, ch\u00fang t\u00f4i cung c\u1ea5p thi\u1ebft k\u1ebf ri\u00eang v\u1ec1 v\u1eadt li\u1ec7u, m\u00e0u s\u1eafc v\u00e0 th\u1eadm ch\u00ed c\u1ea3 h\u00ecnh d\u1ea1ng, c\u1ea5u tr\u00fac, v.v.<\/p>\n<p>&nbsp;<\/p>\n<p>M\u00f4i tr\u01b0\u1eddng \u00e1p d\u1ee5ng: Nhi\u1ec7t \u0111\u1ed9 m\u00f4i tr\u01b0\u1eddng xung quanh t\u1ed1t h\u01a1n d\u01b0\u1edbi 35oC<\/p>\n<p>&nbsp;<\/p>\n<p>&nbsp;<\/p>\n<p>&nbsp;<\/p>\n<p>&nbsp;<\/p>\n<p>&nbsp;<\/p>\n<p>&nbsp;<\/p>\n<p>&nbsp;<\/p>","protected":false},"excerpt":{"rendered":"<ul>\n<li>T\u1ee7 tr\u01b0ng b\u00e0y b\u00e1nh l\u1ea1nh v\u1edbi c\u1eeda s\u1ed5 k\u00ednh cong ph\u00eda tr\u01b0\u1edbc<\/li>\n<li>Ti\u1ebft ki\u1ec7m n\u0103ng l\u01b0\u1ee3ng v\u00e0 c\u00e1ch nhi\u1ec7t tuy\u1ec7t v\u1eddi<\/li>\n<li>N\u00f3 s\u1ebd kh\u00f4ng l\u00e0m cho m\u00f3n tr\u00e1ng mi\u1ec7ng v\u00e0 b\u00e1nh ng\u1ecdt c\u1ee7a b\u1ea1n b\u1ecb kh\u00f4, gi\u1eef \u0111\u1ed9 \u1ea9m b\u00ean trong h\u1ed9p \u0111\u1ef1ng<\/li>\n<li>K\u00ednh Termperd, m\u1ea1nh m\u1ebd h\u01a1n v\u00e0 an to\u00e0n h\u01a1n<\/li>\n<\/ul>","protected":false},"featured_media":0,"comment_status":"closed","ping_status":"closed","template":"","meta":{"_seopress_robots_primary_cat":"none","_seopress_titles_title":"","_seopress_titles_desc":"This refrigerated bakery display case offers a comprehensive and direct view of the deserts and cakes inside the case. Made of stainless steel, Embraco compressor","_seopress_robots_index":""},"product_cat":[59],"product_tag":[182],"_links":{"self":[{"href":"https:\/\/acenoxkitchenequipment.com\/vi\/wp-json\/wp\/v2\/product\/1559"}],"collection":[{"href":"https:\/\/acenoxkitchenequipment.com\/vi\/wp-json\/wp\/v2\/product"}],"about":[{"href":"https:\/\/acenoxkitchenequipment.com\/vi\/wp-json\/wp\/v2\/types\/product"}],"replies":[{"embeddable":true,"href":"https:\/\/acenoxkitchenequipment.com\/vi\/wp-json\/wp\/v2\/comments?post=1559"}],"version-history":[{"count":0,"href":"https:\/\/acenoxkitchenequipment.com\/vi\/wp-json\/wp\/v2\/product\/1559\/revisions"}],"wp:attachment":[{"href":"https:\/\/acenoxkitchenequipment.com\/vi\/wp-json\/wp\/v2\/media?parent=1559"}],"wp:term":[{"taxonomy":"product_cat","embeddable":true,"href":"https:\/\/acenoxkitchenequipment.com\/vi\/wp-json\/wp\/v2\/product_cat?post=1559"},{"taxonomy":"product_tag","embeddable":true,"href":"https:\/\/acenoxkitchenequipment.com\/vi\/wp-json\/wp\/v2\/product_tag?post=1559"}],"curies":[{"name":"wp","href":"https:\/\/api.w.org\/{rel}","templated":true}]}}