{"id":1471,"date":"2022-04-26T16:55:39","date_gmt":"2022-04-26T08:55:39","guid":{"rendered":"http:\/\/acenoxkitchenequipment.com\/?post_type=product&#038;p=1471"},"modified":"2023-06-04T12:12:48","modified_gmt":"2023-06-04T04:12:48","slug":"hand-wash-sink","status":"publish","type":"product","link":"https:\/\/acenoxkitchenequipment.com\/vi\/san-pham\/hand-wash-sink\/","title":{"rendered":"B\u1ed3n r\u1eeda r\u1ea3nh tay th\u01b0\u01a1ng m\u1ea1i"},"content":{"rendered":"<p>B\u1ed3n r\u1eeda r\u1ea3nh tay n\u00e0y chi\u1ebfm r\u1ea5t \u00edt kh\u00f4ng gian. K\u1ebft c\u1ea5u treo t\u01b0\u1eddng r\u1ea5t ch\u1eafc ch\u1eafn v\u00e0 d\u1ec5 l\u1eafp \u0111\u1eb7t.<\/p>\n<p>N\u00f3 r\u1ea5t ph\u1ed5 bi\u1ebfn v\u00e0 \u0111\u01b0\u1ee3c s\u1eed d\u1ee5ng r\u1ed9ng r\u00e3i trong c\u00e1c l\u0129nh v\u1ef1c kh\u00e1c nhau. ho\u00e0n to\u00e0n b\u1eb1ng th\u00e9p kh\u00f4ng g\u1ec9, h\u00ecnh d\u1ea1ng l\u01b0u v\u1ef1c kh\u00e1c nhau c\u00f3 th\u1ec3 \u0111\u01b0\u1ee3c l\u1ef1a ch\u1ecdn, k\u00edch th\u01b0\u1edbc \u0111\u01b0\u1ee3c t\u00f9y ch\u1ec9nh.<\/p>\n<p><strong><b>\u0110\u1eb7c tr\u01b0ng:<\/b><\/strong><\/p>\n<p>\u0110\u00e2y l\u00e0 m\u1ed9t b\u1ed3n r\u1eeda tay ho\u1ea1t \u0111\u1ed9ng b\u1eb1ng \u0111\u1ea7u g\u1ed1i d\u00e0nh cho m\u1ee5c \u0111\u00edch th\u01b0\u01a1ng m\u1ea1i, r\u1ea3nh tay.<\/p>\n<p>B\u00e1t ch\u00ecm c\u00f3 d\u1ea1ng m\u00f4-\u0111un kh\u00f4ng c\u00f3 v\u1ebft h\u00e0n, h\u00ecnh th\u1ee9c \u0111\u1eb9p.<\/p>\n<p><strong><b>S\u1ef1 ch\u1ec9 r\u00f5:<\/b><\/strong><br \/>\nCh\u1ea5t li\u1ec7u: th\u00e9p kh\u00f4ng g\u1ec9 304 cho s\u1ef1 l\u1ef1a ch\u1ecdn cao c\u1ea5p, th\u00e9p kh\u00f4ng g\u1ec9 201 cho s\u1ef1 l\u1ef1a ch\u1ecdn th\u00f4ng th\u01b0\u1eddng<br \/>\nK\u00edch th\u01b0\u1edbc (L\/W\/H): 400*400*240mm<br \/>\nHo\u1ea1t \u0111\u1ed9ng: ho\u1ea1t \u0111\u1ed9ng \u0111\u1ea7u g\u1ed1i<\/p>\n<p><strong><b>Bao b\u00ec bao g\u1ed3m:<\/b><\/strong><br \/>\n1x b\u1ed3n r\u1eeda<br \/>\n1x v\u00f2i<br \/>\n1x c\u1ed1ng v\u00e0 1\u00d7 \u1ed1ng tho\u00e1t n\u01b0\u1edbc<br \/>\n1x \u1ed1ng h\u00fat<br \/>\n1x van tr\u1ed9n c\u01a1 h\u1ecdc<\/p>\n<p><strong><b>T\u00f9y ch\u1ecdn: <\/b><\/strong><\/p>\n<p>v\u00f2i 1x<br \/>\n1x h\u1ed9p \u0111\u1ef1ng x\u00e0 ph\u00f2ng<\/p>\n<p><strong>MOQ<\/strong><\/p>\n<p>S\u1ed1 l\u01b0\u1ee3ng \u0111\u1eb7t h\u00e0ng t\u1ed1i thi\u1ec3u l\u00e0 5 chi\u1ebfc cho m\u1ed7i k\u00edch c\u1ee1<\/p>\n<p>C\u00f3 s\u1eb5n m\u1ed9t m\u1eabu v\u1edbi gi\u00e1 b\u00e1n bu\u00f4n \u0111\u1ec3 b\u1ea1n ki\u1ec3m tra ch\u1ea5t l\u01b0\u1ee3ng c\u1ee7a ch\u00fang t\u00f4i!<\/p>","protected":false},"excerpt":{"rendered":"<p>B\u1ed3n r\u1eeda r\u1ea3nh tay n\u00e0y chi\u1ebfm r\u1ea5t \u00edt kh\u00f4ng gian. K\u1ebft c\u1ea5u treo t\u01b0\u1eddng r\u1ea5t ch\u1eafc ch\u1eafn v\u00e0 d\u1ec5 l\u1eafp \u0111\u1eb7t. N\u00f3 r\u1ea5t ph\u1ed5 bi\u1ebfn v\u00e0 \u0111\u01b0\u1ee3c s\u1eed d\u1ee5ng r\u1ed9ng r\u00e3i trong c\u00e1c l\u0129nh v\u1ef1c kh\u00e1c nhau. ho\u00e0n to\u00e0n b\u1eb1ng th\u00e9p kh\u00f4ng g\u1ec9, h\u00ecnh d\u1ea1ng l\u01b0u v\u1ef1c kh\u00e1c nhau c\u00f3 th\u1ec3 \u0111\u01b0\u1ee3c l\u1ef1a ch\u1ecdn, k\u00edch th\u01b0\u1edbc \u0111\u01b0\u1ee3c t\u00f9y ch\u1ec9nh.<\/p>","protected":false},"featured_media":5420,"comment_status":"closed","ping_status":"closed","template":"","meta":{"_seopress_robots_primary_cat":"none","_seopress_titles_title":"","_seopress_titles_desc":"This hands free sink takes up very little space. Wall mounted structure is very solid and easy to install.","_seopress_robots_index":""},"product_cat":[53],"product_tag":[149],"_links":{"self":[{"href":"https:\/\/acenoxkitchenequipment.com\/vi\/wp-json\/wp\/v2\/product\/1471"}],"collection":[{"href":"https:\/\/acenoxkitchenequipment.com\/vi\/wp-json\/wp\/v2\/product"}],"about":[{"href":"https:\/\/acenoxkitchenequipment.com\/vi\/wp-json\/wp\/v2\/types\/product"}],"replies":[{"embeddable":true,"href":"https:\/\/acenoxkitchenequipment.com\/vi\/wp-json\/wp\/v2\/comments?post=1471"}],"version-history":[{"count":0,"href":"https:\/\/acenoxkitchenequipment.com\/vi\/wp-json\/wp\/v2\/product\/1471\/revisions"}],"wp:featuredmedia":[{"embeddable":true,"href":"https:\/\/acenoxkitchenequipment.com\/vi\/wp-json\/wp\/v2\/media\/5420"}],"wp:attachment":[{"href":"https:\/\/acenoxkitchenequipment.com\/vi\/wp-json\/wp\/v2\/media?parent=1471"}],"wp:term":[{"taxonomy":"product_cat","embeddable":true,"href":"https:\/\/acenoxkitchenequipment.com\/vi\/wp-json\/wp\/v2\/product_cat?post=1471"},{"taxonomy":"product_tag","embeddable":true,"href":"https:\/\/acenoxkitchenequipment.com\/vi\/wp-json\/wp\/v2\/product_tag?post=1471"}],"curies":[{"name":"wp","href":"https:\/\/api.w.org\/{rel}","templated":true}]}}