{"id":1465,"date":"2022-04-26T14:20:52","date_gmt":"2022-04-26T06:20:52","guid":{"rendered":"http:\/\/acenoxkitchenequipment.com\/?post_type=product&#038;p=1465"},"modified":"2023-06-02T12:07:48","modified_gmt":"2023-06-02T04:07:48","slug":"stainless-steel-industrial-sink","status":"publish","type":"product","link":"https:\/\/acenoxkitchenequipment.com\/vi\/san-pham\/stainless-steel-industrial-sink\/","title":{"rendered":"B\u1ed3n r\u1eeda c\u00f4ng nghi\u1ec7p inox"},"content":{"rendered":"<p><strong><b>\u0110\u1eb7c tr\u01b0ng:<\/b><\/strong><\/p>\n<p>Ch\u1eadu r\u1eeda c\u00f4ng nghi\u1ec7p kh\u00e1c v\u1edbi ch\u1eadu r\u1eeda gia \u0111\u00ecnh, n\u00f3 th\u01b0\u1eddng c\u00f3 k\u00edch th\u01b0\u1edbc l\u1edbn h\u01a1n, ch\u1ecbu l\u1ef1c cao h\u01a1n v\u00e0 b\u1ec1n h\u01a1n.<\/p>\n<p>N\u00f3 c\u00f3 th\u1ec3 \u0111\u01b0\u1ee3c s\u1eed d\u1ee5ng trong m\u1ed9t s\u1ed1 nh\u00e0 x\u01b0\u1edfng c\u1ee7a nh\u00e0 m\u00e1y, ph\u00f2ng v\u1ec7 sinh c\u1ee7a b\u1ec7nh vi\u1ec7n, tuy nhi\u00ean, m\u1ee5c \u0111\u00edch s\u1eed d\u1ee5ng ph\u1ed5 bi\u1ebfn nh\u1ea5t c\u1ee7a n\u00f3 l\u00e0 b\u1ebfp \u0103n th\u01b0\u01a1ng m\u1ea1i trong nh\u00e0 h\u00e0ng, kh\u00e1ch s\u1ea1n, tr\u01b0\u1eddng h\u1ecdc hay si\u00eau th\u1ecb, v.v.<\/p>\n<p>M\u1eabu t\u1ee7 n\u00e0y c\u00f3 thi\u1ebft k\u1ebf \u0111\u01a1n gi\u1ea3n, kh\u00f4ng c\u00f3 k\u1ec7 l\u00f3t ho\u1eb7c t\u1ea5m l\u00f3t ph\u1ee5 n\u00ean gi\u00e1 th\u00e0nh r\u1ea5t ti\u1ebft ki\u1ec7m v\u00e0 \u0111\u01b0\u1ee3c nhi\u1ec1u kh\u00e1ch h\u00e0ng l\u1ef1a ch\u1ecdn.<\/p>\n<p>C\u0103n c\u1ee9 v\u00e0o s\u1ed1 l\u01b0\u1ee3ng ch\u1eadu r\u1eeda, ch\u1eadu r\u1eeda \u0111\u01b0\u1ee3c ph\u00e2n th\u00e0nh ch\u1eadu r\u1eeda b\u00e1t \u0111\u01a1n, ch\u1eadu r\u1eeda b\u00e1t \u0111\u00f4i v\u00e0 ch\u1eadu r\u1eeda b\u00e1t ba, c\u0169ng nh\u01b0 lo\u1ea1i ch\u1eadu r\u1eeda c\u00f3 k\u00e8m theo t\u1ea5m tho\u00e1t n\u01b0\u1edbc hay kh\u00f4ng.<\/p>\n<ul>\n<li><strong>L\u00e0m vi\u1ec7c h\u00e0ng \u0111\u1ea7u:<\/strong> th\u01b0\u1eddng d\u00e0y 0,8mm ho\u1eb7c 1,0mm l\u00e0 l\u1ef1a ch\u1ecdn t\u1ed1t h\u01a1n<\/li>\n<li><strong>B\u00e1t ch\u00ecm:<\/strong> k\u00edch th\u01b0\u1edbc l\u00e0 500\u00d7400\u00d7250mm\/ 500\u00d7500\u00d7250mm, v\u1eadt li\u1ec7u kh\u00f4ng g\u1ec9 cao c\u1ea5p, b\u00e1t m\u00f4-\u0111un, \u0111\u00e1nh b\u00f3ng b\u00ean trong s\u1ea1ch s\u1ebd v\u00e0 g\u1ecdn g\u00e0ng, d\u1ec5 b\u1ea3o tr\u00ec, b\u1ec1 ngo\u00e0i \u0111\u1eb9p.<\/li>\n<li><strong>K\u1ec7 d\u01b0\u1edbi: N\/M<\/strong><\/li>\n<li><strong>Ph\u1ea3n \u1ee9ng ng\u01b0\u1ee3c:<\/strong> cao 100mm<\/li>\n<li><strong>Ch\u00e2n:<\/strong> Ch\u00e2n tr\u00f2n v\u1edbi b\u00e0n ch\u00e2n c\u00f3 th\u1ec3 \u0111i\u1ec1u ch\u1ec9nh \u0111\u01b0\u1ee3c<\/li>\n<\/ul>\n<p><strong>MOQ<\/strong><\/p>\n<p>S\u1ed1 l\u01b0\u1ee3ng \u0111\u1eb7t h\u00e0ng t\u1ed1i thi\u1ec3u l\u00e0 5 chi\u1ebfc cho m\u1ed7i k\u00edch c\u1ee1<\/p>","protected":false},"excerpt":{"rendered":"<p>\u0110\u00e2y l\u00e0 b\u1ed3n r\u1eeda c\u00f4ng nghi\u1ec7p d\u00e0nh cho nh\u00e0 b\u1ebfp th\u01b0\u01a1ng m\u1ea1i, c\u00f3 thi\u1ebft k\u1ebf \u0111\u01a1n gi\u1ea3n, kh\u00f4ng c\u00f3 k\u1ec7 d\u01b0\u1edbi ho\u1eb7c t\u1ea5m l\u00f3t b\u1ed5 sung. K\u00edch th\u01b0\u1edbc t\u00f9y ch\u1ec9nh c\u00f3 s\u1eb5n.<\/p>","protected":false},"featured_media":5421,"comment_status":"closed","ping_status":"closed","template":"","meta":{"_seopress_robots_primary_cat":"none","_seopress_titles_title":"","_seopress_titles_desc":"industrial sink for commercial kitchen use, it comes with a simple design without undershelf or extra sheets, economic and widely chosed by customers.","_seopress_robots_index":""},"product_cat":[53],"product_tag":[148],"_links":{"self":[{"href":"https:\/\/acenoxkitchenequipment.com\/vi\/wp-json\/wp\/v2\/product\/1465"}],"collection":[{"href":"https:\/\/acenoxkitchenequipment.com\/vi\/wp-json\/wp\/v2\/product"}],"about":[{"href":"https:\/\/acenoxkitchenequipment.com\/vi\/wp-json\/wp\/v2\/types\/product"}],"replies":[{"embeddable":true,"href":"https:\/\/acenoxkitchenequipment.com\/vi\/wp-json\/wp\/v2\/comments?post=1465"}],"version-history":[{"count":0,"href":"https:\/\/acenoxkitchenequipment.com\/vi\/wp-json\/wp\/v2\/product\/1465\/revisions"}],"wp:featuredmedia":[{"embeddable":true,"href":"https:\/\/acenoxkitchenequipment.com\/vi\/wp-json\/wp\/v2\/media\/5421"}],"wp:attachment":[{"href":"https:\/\/acenoxkitchenequipment.com\/vi\/wp-json\/wp\/v2\/media?parent=1465"}],"wp:term":[{"taxonomy":"product_cat","embeddable":true,"href":"https:\/\/acenoxkitchenequipment.com\/vi\/wp-json\/wp\/v2\/product_cat?post=1465"},{"taxonomy":"product_tag","embeddable":true,"href":"https:\/\/acenoxkitchenequipment.com\/vi\/wp-json\/wp\/v2\/product_tag?post=1465"}],"curies":[{"name":"wp","href":"https:\/\/api.w.org\/{rel}","templated":true}]}}