{"id":1460,"date":"2022-04-20T17:12:54","date_gmt":"2022-04-20T09:12:54","guid":{"rendered":"http:\/\/acenoxkitchenequipment.com\/?post_type=product&#038;p=1460"},"modified":"2023-06-02T15:16:46","modified_gmt":"2023-06-02T07:16:46","slug":"stainless-steel-table-with-sink","status":"publish","type":"product","link":"https:\/\/acenoxkitchenequipment.com\/vi\/san-pham\/stainless-steel-table-with-sink\/","title":{"rendered":"B\u00e0n inox c\u00f3 b\u1ed3n r\u1eeda"},"content":{"rendered":"<p>N\u00f3 c\u00f3 m\u1ed9t t\u1ea5m tho\u00e1t n\u01b0\u1edbc v\u00e0 m\u1ed9t k\u1ec7 d\u01b0\u1edbi, k\u1ec7 d\u01b0\u1edbi c\u00f3 th\u1ec3 \u0111\u01b0\u1ee3c h\u1ea1 xu\u1ed1ng.<\/p>\n<p>Th\u00e9p 304 ho\u1eb7c th\u00e9p 201 \u0111\u1ec1u c\u00f3 s\u1eb5n.<\/p>\n<p><strong><b>\u0110\u1eb7c tr\u01b0ng:<\/b><\/strong><\/p>\n<ul>\n<li>Chi\u1ebfc b\u00e0n inox n\u00e0y c\u00f3 b\u1ed3n r\u1eeda \u1edf b\u00ean tr\u00e1i ho\u1eb7c b\u00ean ph\u1ea3i, thu\u1eadn ti\u1ec7n cho vi\u1ec7c r\u1eeda tay ho\u1eb7c lau ch\u00f9i \u0111\u1ed3 \u0111\u1ea1c.<\/li>\n<li>N\u00f3 c\u0169ng c\u00f3 m\u1ed9t k\u1ec7 d\u01b0\u1edbi, c\u00f3 th\u1ec3 \u0111\u01b0\u1ee3c s\u1eed d\u1ee5ng \u0111\u1ec3 \u0111\u1eb7t n\u1ed3i v\u00e0 ch\u1ea3o l\u00ean \u0111\u00f3.<\/li>\n<li>T\u1ea5m tho\u00e1t n\u01b0\u1edbc \u0111\u01b0\u1ee3c thi\u1ebft k\u1ebf ph\u1eb3ng, b\u1ea1n c\u00f3 th\u1ec3 l\u00e0m vi\u1ec7c tr\u00ean \u0111\u00f3 \u0111\u1ec3 chu\u1ea9n b\u1ecb, \u0111\u1eb7t \u0111\u0129a ho\u1eb7c l\u00e0m m\u1ed9t s\u1ed1 c\u00f4ng vi\u1ec7c r\u1eeda ch\u00e9n<\/li>\n<li>Ch\u00e2n tr\u00f2n, \u0111\u01b0\u1eddng k\u00ednh. 38mm ho\u1eb7c 42mm l\u00e0 s\u1ef1 l\u1ef1a ch\u1ecdn t\u1ed1t.<\/li>\n<li>C\u1ea5u tr\u00fac kh\u00f4ng l\u1eafp r\u00e1p, g\u00f3i nh\u1ecf v\u00e0 ph\u1eb3ng, ti\u1ebft ki\u1ec7m nhi\u1ec1u chi ph\u00ed giao h\u00e0ng v\u00e0 v\u1eadn chuy\u1ec3n<\/li>\n<li>C\u1ea5u tr\u00fac r\u1ea5t ch\u1eafc ch\u1eafn, ch\u00fang t\u00f4i s\u1eed d\u1ee5ng c\u00e1c ph\u1ee5 ki\u1ec7n ch\u1ecbu l\u1ef1c cao \u0111\u1ec3 l\u1eafp r\u00e1p m\u1ecdi b\u1ed9 ph\u1eadn, \u0111\u1ed9 ch\u1eafc ch\u1eafn gi\u1ed1ng nh\u01b0 m\u1ed1i h\u00e0n.<\/li>\n<li>B\u00e1t c\u00f3 th\u1ec3 \u0111\u01b0\u1ee3c ch\u1ebf t\u1ea1o theo m\u00f4-\u0111un ho\u1eb7c b\u00e1t h\u00e0n, c\u1ea3 hai lo\u1ea1i \u0111\u1ec1u c\u00f3 th\u1ec3 \u0111\u01b0\u1ee3c cung c\u1ea5p b\u1edfi ch\u00fang t\u00f4i.<\/li>\n<li>b\u00e1t \u0111\u01a1n, b\u00e1t \u0111\u00f4i ho\u1eb7c b\u00e1t ba \u0111\u1ec3 \u0111\u00e1p \u1ee9ng c\u00e1c y\u00eau c\u1ea7u kh\u00e1c nhau v\u1ec1 k\u00edch c\u1ee1<\/li>\n<\/ul>\n<p>&nbsp;<\/p>","protected":false},"excerpt":{"rendered":"<p>Chi\u1ebfc b\u00e0n inox n\u00e0y c\u00f3 b\u1ed3n r\u1eeda \u1edf b\u00ean tr\u00e1i ho\u1eb7c b\u00ean ph\u1ea3i, thu\u1eadn ti\u1ec7n cho vi\u1ec7c r\u1eeda tay ho\u1eb7c lau ch\u00f9i \u0111\u1ed3 \u0111\u1ea1c. Th\u00e9p 304 ho\u1eb7c th\u00e9p 201 \u0111\u1ec1u c\u00f3 s\u1eb5n<\/p>","protected":false},"featured_media":5419,"comment_status":"closed","ping_status":"closed","template":"","meta":{"_seopress_robots_primary_cat":"none","_seopress_titles_title":"Stainless Steel Table With Sink %%sep%%China Manufacturer %%sep%%Acenox","_seopress_titles_desc":"This stainless steel table comes with an sink bowl in left or right, which is convenient to wash hands or cleaning stuff. 304 steel or 201 steel are all avaliable","_seopress_robots_index":""},"product_cat":[53],"product_tag":[153],"_links":{"self":[{"href":"https:\/\/acenoxkitchenequipment.com\/vi\/wp-json\/wp\/v2\/product\/1460"}],"collection":[{"href":"https:\/\/acenoxkitchenequipment.com\/vi\/wp-json\/wp\/v2\/product"}],"about":[{"href":"https:\/\/acenoxkitchenequipment.com\/vi\/wp-json\/wp\/v2\/types\/product"}],"replies":[{"embeddable":true,"href":"https:\/\/acenoxkitchenequipment.com\/vi\/wp-json\/wp\/v2\/comments?post=1460"}],"version-history":[{"count":0,"href":"https:\/\/acenoxkitchenequipment.com\/vi\/wp-json\/wp\/v2\/product\/1460\/revisions"}],"wp:featuredmedia":[{"embeddable":true,"href":"https:\/\/acenoxkitchenequipment.com\/vi\/wp-json\/wp\/v2\/media\/5419"}],"wp:attachment":[{"href":"https:\/\/acenoxkitchenequipment.com\/vi\/wp-json\/wp\/v2\/media?parent=1460"}],"wp:term":[{"taxonomy":"product_cat","embeddable":true,"href":"https:\/\/acenoxkitchenequipment.com\/vi\/wp-json\/wp\/v2\/product_cat?post=1460"},{"taxonomy":"product_tag","embeddable":true,"href":"https:\/\/acenoxkitchenequipment.com\/vi\/wp-json\/wp\/v2\/product_tag?post=1460"}],"curies":[{"name":"wp","href":"https:\/\/api.w.org\/{rel}","templated":true}]}}