{"id":1455,"date":"2022-04-20T10:50:44","date_gmt":"2022-04-20T02:50:44","guid":{"rendered":"http:\/\/acenoxkitchenequipment.com\/?post_type=product&#038;p=1455"},"modified":"2023-06-02T13:28:45","modified_gmt":"2023-06-02T05:28:45","slug":"double-sink-bench-with-washing-basin","status":"publish","type":"product","link":"https:\/\/acenoxkitchenequipment.com\/vi\/san-pham\/double-sink-bench-with-washing-basin\/","title":{"rendered":"Gh\u1ebf ch\u1eadu r\u1eeda \u0111\u00f4i c\u00f3 ch\u1eadu r\u1eeda"},"content":{"rendered":"<p>B\u0103ng gh\u1ebf ch\u1eadu r\u1eeda n\u00e0y c\u00f3 hai b\u00e1t l\u1edbn v\u00e0 m\u1ed9t ch\u1eadu r\u1eeda tay, \u0111\u01b0\u1ee3c l\u00e0m b\u1eb1ng th\u00e9p kh\u00f4ng g\u1ec9 304, lo\u1ea1i 18\/8 ch\u1ea5t l\u01b0\u1ee3ng t\u1ed1t, kh\u00f4ng d\u1ec5 b\u1ecb r\u1ec9 s\u00e9t trong \u0111i\u1ec1u ki\u1ec7n kh\u1eafc nghi\u1ec7t.<\/p>\n<p>Hi\u1ec7n nay n\u00f3 l\u00e0 m\u00f4 h\u00ecnh ph\u1ed5 bi\u1ebfn \u1edf \u00dac. N\u00f3 c\u00f3 t\u00ednh n\u0103ng ch\u1ecbu t\u1ea3i n\u1eb7ng v\u00e0 ch\u1ed1ng g\u1ec9 hi\u1ec7u qu\u1ea3 cao, \u0111\u1eb7c bi\u1ec7t si\u00eau th\u00edch h\u1ee3p cho c\u00e1c khu v\u1ef1c ven bi\u1ec3n.<\/p>\n<p>Th\u00e9p 201 c\u0169ng c\u00f3 s\u1eb5n<\/p>\n<p><strong><b>\u0110\u1eb7c tr\u01b0ng:<\/b><\/strong><\/p>\n<ul>\n<li><strong>L\u00e0m vi\u1ec7c h\u00e0ng \u0111\u1ea7u:<\/strong> th\u01b0\u1eddng 1.0mm l\u00e0 s\u1ef1 l\u1ef1a ch\u1ecdn t\u1ed1t h\u01a1n.<\/li>\n<li><strong>B\u00e1t ch\u00ecm:<\/strong> 500\u00d7400\u00d7300mm\/ 450\u00d7450\u00d7300mm, v\u1eadt li\u1ec7u kh\u00f4ng g\u1ec9 cao c\u1ea5p, b\u00e1t \u0111\u01b0\u1ee3c h\u00e0n ho\u00e0n to\u00e0n v\u1edbi b\u1ec1 m\u1eb7t b\u00ean trong \u0111\u01b0\u1ee3c \u0111\u00e1nh b\u00f3ng s\u1ea1ch s\u1ebd v\u00e0 g\u1ecdn g\u00e0ng, d\u1ec5 b\u1ea3o tr\u00ec, b\u1ec1 ngo\u00e0i \u0111\u1eb9p.<\/li>\n<li><strong>K\u1ec7 d\u01b0\u1edbi:<\/strong> k\u1ec7 t\u1ea5m ph\u1eb3ng ho\u1eb7c \u1ed1ng<\/li>\n<li><strong>Ph\u1ea3n \u1ee9ng ng\u01b0\u1ee3c:<\/strong> cao 150mm<\/li>\n<li><strong>Ch\u00e2n:<\/strong> \u0110\u01b0\u1eddng k\u00ednh ch\u00e2n tr\u00f2n 38mm ho\u1eb7c 42mm l\u00e0 s\u1ef1 l\u1ef1a ch\u1ecdn ph\u1ed5 bi\u1ebfn<\/li>\n<li><strong>B\u1ed3n r\u1eeda:<\/strong> Ch\u1eadu tr\u00f2n \u0111\u01b0\u1eddng k\u00ednh 320mm<\/li>\n<\/ul>\n<p><strong>Th\u00f4ng tin c\u01a1 b\u1ea3n:<\/strong><\/p>\n<div class=\"wptb-table-container wptb-table-5020\"><div class=\"wptb-table-container-matrix\" id=\"wptb-table-id-5020\" data-wptb-version=\"1.4.14\" data-wptb-pro-status=\"false\"><table class=\"wptb-preview-table wptb-element-main-table_setting-5020 edit-active\" data-wptb-adaptive-table=\"0\" data-wptb-cells-width-auto-count=\"7\" data-wptb-table-tds-sum-max-width=\"916.4000000000001\" style=\"border-style: solid; border-width: 1px;\" data-table-columns=\"7\" data-reconstraction=\"1\" data-wptb-horizontal-scroll-status=\"false\" data-wptb-extra-styles=\"LyogRW50ZXIgeW91ciBjdXN0b20gQ1NTIHJ1bGVzIGhlcmUgKi8=\" role=\"table\"><tbody><tr class=\"wptb-row\"><td class=\"wptb-cell\" data-wptb-css-td-auto-width=\"true\" data-x-index=\"0\" data-y-index=\"0\" style=\"padding: 15px; border-style: solid; border-width: 1px;\"><div class=\"wptb-text-container wptb-ph-element wptb-element-text-1\"><div class=\"\" style=\"position: relative;\"><p>NG\u01af\u1edcI M\u1eaaU<\/p><\/div><\/div><\/td><td class=\"wptb-cell\" data-wptb-css-td-auto-width=\"true\" data-x-index=\"1\" data-y-index=\"0\" style=\"padding: 15px; border-style: solid; border-width: 1px;\"><div class=\"wptb-text-container wptb-ph-element wptb-element-text-2\"><div class=\"\" style=\"position: relative;\"><p>T\u00caN<\/p><\/div><\/div><\/td><td class=\"wptb-cell\" data-wptb-css-td-auto-width=\"true\" data-x-index=\"2\" data-y-index=\"0\" style=\"padding: 15px; border-style: solid; border-width: 1px;\"><div class=\"wptb-text-container wptb-ph-element wptb-element-text-3\"><div><p>V\u1ecb tr\u00ed gh\u1ebf d\u1ef1 b\u1ecb<\/p><\/div><\/div><\/td><td class=\"wptb-cell\" data-wptb-css-td-auto-width=\"true\" data-x-index=\"3\" data-y-index=\"0\" style=\"padding: 15px; border-style: solid; border-width: 1px;\"><div class=\"wptb-text-container wptb-ph-element wptb-element-text-4\"><div class=\"\" style=\"position: relative;\"><p>TR\u1ede L\u1ea0I<\/p><\/div><\/div><\/td><td class=\"wptb-cell\" data-wptb-css-td-auto-width=\"true\" data-x-index=\"4\" data-y-index=\"0\" style=\"padding: 15px; border-style: solid; border-width: 1px;\"><div class=\"wptb-text-container wptb-ph-element wptb-element-text-5\"><div class=\"\" style=\"position: relative;\"><p>CHI\u1ec0U S\u00c2U<\/p><\/div><\/div><\/td><td class=\"wptb-cell\" data-wptb-css-td-auto-width=\"true\" data-x-index=\"5\" data-y-index=\"0\" style=\"padding: 15px; border-style: solid; border-width: 1px;\"><div class=\"wptb-text-container wptb-ph-element wptb-element-text-6\"><div><p>L\u1edaP<\/p><\/div><\/div><\/td><td class=\"wptb-cell\" data-wptb-css-td-auto-width=\"true\" data-x-index=\"6\" data-y-index=\"0\" style=\"padding: 15px; border-style: solid; border-width: 1px;\"><div class=\"wptb-text-container wptb-ph-element wptb-element-text-7\"><div><p>H\u00ccNH \u1ea2NH<\/p><\/div><\/div><\/td><\/tr><tr class=\"wptb-row\"><td class=\"wptb-cell\" data-wptb-css-td-auto-width=\"true\" data-x-index=\"0\" data-y-index=\"1\" style=\"padding: 15px; border-style: solid; border-width: 1px;\"><div class=\"wptb-text-container wptb-ph-element wptb-element-text-8\" style=\"color: rgb(74, 85, 104); font-size: 15px;\"><div class=\"\" style=\"position: relative;\"><p>AU1S<\/p><\/div><\/div><\/td><td class=\"wptb-cell\" data-wptb-css-td-auto-width=\"true\" data-x-index=\"1\" data-y-index=\"1\" style=\"padding: 15px; border-style: solid; border-width: 1px;\"><div class=\"wptb-text-container wptb-ph-element wptb-element-text-9\"><div class=\"\" style=\"position: relative;\"><p>B\u1ed3n r\u1eeda \u0111\u01a1n kh\u00f4ng g\u1ec9<\/p><\/div><\/div><\/td><td class=\"wptb-cell\" data-wptb-css-td-auto-width=\"true\" data-x-index=\"2\" data-y-index=\"1\" style=\"padding: 15px; border-style: solid; border-width: 1px;\"><div class=\"wptb-text-container wptb-ph-element wptb-element-text-10\"><div class=\"\" style=\"position: relative;\"><p>N\/M<\/p><\/div><\/div><\/td><td class=\"wptb-cell\" data-wptb-css-td-auto-width=\"true\" data-x-index=\"3\" data-y-index=\"1\" style=\"padding: 15px; border-style: solid; border-width: 1px;\"><div class=\"wptb-text-container wptb-ph-element wptb-element-text-11\"><div><p>150mm<\/p><\/div><\/div><\/td><td class=\"wptb-cell\" data-wptb-css-td-auto-width=\"true\" data-x-index=\"4\" data-y-index=\"1\" style=\"padding: 15px; border-style: solid; border-width: 1px;\"><div class=\"wptb-text-container wptb-ph-element wptb-element-text-12\"><div><p>600\/700mm<\/p><\/div><\/div><\/td><td class=\"wptb-cell\" data-wptb-css-td-auto-width=\"true\" data-x-index=\"5\" data-y-index=\"1\" style=\"padding: 15px; border-style: solid; border-width: 1px;\"><div class=\"wptb-text-container wptb-ph-element wptb-element-text-13\"><div><p>2<\/p><\/div><\/div><\/td><td class=\"wptb-cell\" data-wptb-css-td-auto-width=\"true\" data-x-index=\"6\" data-y-index=\"1\" style=\"padding: 15px; border-style: solid; border-width: 1px;\"><div class=\"wptb-image-container wptb-ph-element wptb-element-image-1\"><div class=\"wptb-image-wrapper\"><a style=\"display: block;\" target=\"_blank\" rel=\"nofollow\" class=\"wptb-link-target\"><img src=\"http:\/\/acenoxkitchenequipment.com\/wp-content\/uploads\/2022\/04\/Single-sink-scaled-e1650360250721-109x150.jpg\" alt=\"\" width=\"109\" height=\"150\" style=\"width: 100%;\" class=\"wptb-image-element-target\"><\/a><\/div><\/div><\/td><\/tr><tr class=\"wptb-row\"><td class=\"wptb-cell\" data-wptb-css-td-auto-width=\"true\" data-x-index=\"0\" data-y-index=\"2\" style=\"padding: 15px; border-style: solid; border-width: 1px;\"><div class=\"wptb-text-container wptb-ph-element wptb-element-text-14\" style=\"color: rgb(74, 85, 104); font-size: 15px;\"><div class=\"\" style=\"position: relative;\"><p>AU1SR<\/p><\/div><\/div><\/td><td class=\"wptb-cell\" data-wptb-css-td-auto-width=\"true\" data-x-index=\"1\" data-y-index=\"2\" style=\"padding: 15px; border-style: solid; border-width: 1px;\"><div class=\"wptb-text-container wptb-ph-element wptb-element-text-15\"><div class=\"\" style=\"position: relative;\"><p>B\u0103ng gh\u1ebf ch\u00ecm \u0111\u01a1n kh\u00f4ng g\u1ec9<\/p><\/div><\/div><\/td><td class=\"wptb-cell\" data-wptb-css-td-auto-width=\"true\" data-x-index=\"2\" data-y-index=\"2\" style=\"padding: 15px; border-style: solid; border-width: 1px;\"><div class=\"wptb-text-container wptb-ph-element wptb-element-text-16\"><div class=\"\" style=\"position: relative;\"><p>Tr\u00e1i ph\u1ea3i<\/p><\/div><\/div><\/td><td class=\"wptb-cell\" data-wptb-css-td-auto-width=\"true\" data-x-index=\"3\" data-y-index=\"2\" style=\"padding: 15px; border-style: solid; border-width: 1px;\"><div class=\"wptb-text-container wptb-ph-element wptb-element-text-17\"><div><p>150mm<\/p><\/div><\/div><\/td><td class=\"wptb-cell\" data-wptb-css-td-auto-width=\"true\" data-x-index=\"4\" data-y-index=\"2\" style=\"padding: 15px; border-style: solid; border-width: 1px;\"><div class=\"wptb-text-container wptb-ph-element wptb-element-text-18\"><div><p>600\/700mm<\/p><\/div><\/div><\/td><td class=\"wptb-cell\" data-wptb-css-td-auto-width=\"true\" data-x-index=\"5\" data-y-index=\"2\" style=\"padding: 15px; border-style: solid; border-width: 1px;\"><div class=\"wptb-text-container wptb-ph-element wptb-element-text-19\"><div class=\"\" style=\"position: relative;\"><p>2<\/p><\/div><\/div><\/td><td class=\"wptb-cell\" data-wptb-css-td-auto-width=\"true\" data-x-index=\"6\" data-y-index=\"2\" style=\"padding: 15px; border-style: solid; border-width: 1px;\"><div class=\"wptb-image-container wptb-ph-element wptb-element-image-2\"><div class=\"wptb-image-wrapper\"><a style=\"display: block;\" target=\"_blank\" rel=\"nofollow\" class=\"wptb-link-target\"><img src=\"http:\/\/acenoxkitchenequipment.com\/wp-content\/uploads\/2022\/04\/single-sink-bench-150x150.png\" alt=\"\" width=\"150\" height=\"150\" style=\"width: 100%;\" class=\"wptb-image-element-target\"><\/a><\/div><\/div><\/td><\/tr><tr class=\"wptb-row\"><td class=\"wptb-cell\" data-wptb-css-td-auto-width=\"true\" data-x-index=\"0\" data-y-index=\"3\" style=\"padding: 15px; border-style: solid; border-width: 1px;\"><div class=\"wptb-text-container wptb-ph-element wptb-element-text-40\" style=\"color: rgb(74, 85, 104); font-size: 15px;\"><div class=\"\" style=\"position: relative;\"><p>AU2S<\/p><\/div><\/div><\/td><td class=\"wptb-cell\" data-wptb-css-td-auto-width=\"true\" data-x-index=\"1\" data-y-index=\"3\" style=\"padding: 15px; border-style: solid; border-width: 1px;\"><div class=\"wptb-text-container wptb-ph-element wptb-element-text-20\"><div class=\"\" style=\"position: relative;\"><p>B\u1ed3n r\u1eeda \u0111\u00f4i kh\u00f4ng g\u1ec9<\/p><\/div><\/div><\/td><td class=\"wptb-cell\" data-wptb-css-td-auto-width=\"true\" data-x-index=\"2\" data-y-index=\"3\" style=\"padding: 15px; border-style: solid; border-width: 1px;\"><div class=\"wptb-text-container wptb-ph-element wptb-element-text-21\"><div class=\"\" style=\"position: relative;\"><p>N\/M<\/p><\/div><\/div><\/td><td class=\"wptb-cell\" data-wptb-css-td-auto-width=\"true\" data-x-index=\"3\" data-y-index=\"3\" style=\"padding: 15px; border-style: solid; border-width: 1px;\"><div class=\"wptb-text-container wptb-ph-element wptb-element-text-22\"><div class=\"\" style=\"position: relative;\"><p>150mm<\/p><\/div><\/div><\/td><td class=\"wptb-cell\" data-wptb-css-td-auto-width=\"true\" data-x-index=\"4\" data-y-index=\"3\" style=\"padding: 15px; border-style: solid; border-width: 1px;\"><div class=\"wptb-text-container wptb-ph-element wptb-element-text-23\"><div class=\"\" style=\"position: relative;\"><p>600\/700mm<\/p><\/div><\/div><\/td><td class=\"wptb-cell\" data-wptb-css-td-auto-width=\"true\" data-x-index=\"5\" data-y-index=\"3\" style=\"padding: 15px; border-style: solid; border-width: 1px;\"><div class=\"wptb-text-container wptb-ph-element wptb-element-text-24\"><div><p>2<\/p><\/div><\/div><\/td><td class=\"wptb-cell\" data-wptb-css-td-auto-width=\"true\" data-x-index=\"6\" data-y-index=\"3\" style=\"padding: 15px; border-style: solid; border-width: 1px;\"><div class=\"wptb-image-container wptb-ph-element wptb-element-image-3\"><div class=\"wptb-image-wrapper\"><a style=\"display: block;\" target=\"_blank\" rel=\"nofollow\" class=\"wptb-link-target\"><img src=\"http:\/\/acenoxkitchenequipment.com\/wp-content\/uploads\/2022\/04\/single-sink-benchees-150x150.png\" alt=\"\" width=\"150\" height=\"150\" style=\"width: 100%;\" class=\"wptb-image-element-target\"><\/a><\/div><\/div><\/td><\/tr><tr class=\"wptb-row\"><td class=\"wptb-cell\" data-wptb-css-td-auto-width=\"true\" data-x-index=\"0\" data-y-index=\"4\" style=\"padding: 15px; border-style: solid; border-width: 1px;\"><div class=\"wptb-text-container wptb-ph-element wptb-element-text-41\" style=\"color: rgb(74, 85, 104); font-size: 15px;\"><div class=\"\" style=\"position: relative;\"><p>AU2SL<\/p><\/div><\/div><\/td><td class=\"wptb-cell wptb-ondragenter\" data-wptb-css-td-auto-width=\"true\" data-x-index=\"1\" data-y-index=\"4\" style=\"padding: 15px; border-style: solid; border-width: 1px;\"><div class=\"wptb-text-container wptb-ph-element wptb-element-text-25 wptb-ondragenter\"><div class=\"\" style=\"position: relative;\"><p>B\u0103ng gh\u1ebf ch\u00ecm \u0111\u00f4i kh\u00f4ng g\u1ec9<\/p><\/div><\/div><\/td><td class=\"wptb-cell wptb-ondragenter\" data-wptb-css-td-auto-width=\"true\" data-x-index=\"2\" data-y-index=\"4\" style=\"padding: 15px; border-style: solid; border-width: 1px;\"><div class=\"wptb-text-container wptb-ph-element wptb-element-text-26 wptb-ondragenter\"><div><p>Tr\u00e1i ph\u1ea3i<\/p><\/div><\/div><\/td><td class=\"wptb-cell wptb-ondragenter\" data-wptb-css-td-auto-width=\"true\" data-x-index=\"3\" data-y-index=\"4\" style=\"padding: 15px; border-style: solid; border-width: 1px;\"><div class=\"wptb-text-container wptb-ph-element wptb-element-text-27\"><div class=\"\" style=\"position: relative;\"><p>150mm<\/p><\/div><\/div><\/td><td class=\"wptb-cell\" data-wptb-css-td-auto-width=\"true\" data-x-index=\"4\" data-y-index=\"4\" style=\"padding: 15px; border-style: solid; border-width: 1px;\"><div class=\"wptb-text-container wptb-ph-element wptb-element-text-28\"><div class=\"\" style=\"position: relative;\"><p>600\/700mm<\/p><\/div><\/div><\/td><td class=\"wptb-cell\" data-wptb-css-td-auto-width=\"true\" data-x-index=\"5\" data-y-index=\"4\" style=\"padding: 15px; border-style: solid; border-width: 1px;\"><div class=\"wptb-text-container wptb-ph-element wptb-element-text-29\"><div class=\"\" style=\"position: relative;\"><p>2<\/p><\/div><\/div><\/td><td class=\"wptb-cell\" data-wptb-css-td-auto-width=\"true\" data-x-index=\"6\" data-y-index=\"4\" style=\"padding: 15px; border-style: solid; border-width: 1px;\"><div class=\"wptb-image-container wptb-ph-element wptb-element-image-7\" data-wptb-image-alignment=\"center\"><div class=\"wptb-image-wrapper\">            <span class=\"wptb-link-target\" style=\"float: none;\">                                <img class=\"wptb-image-element-target\" height=\"857\" width=\"1000\" src=\"\/\/acenoxkitchenequipment.com\/wp-content\/uploads\/2023\/05\/doube-sink-bench.jpg\" style=\"width: 100%;\">            <\/span>        <\/div><\/div><\/td><\/tr><tr class=\"wptb-row\"><td class=\"wptb-cell\" data-wptb-css-td-auto-width=\"true\" data-x-index=\"0\" data-y-index=\"5\" style=\"padding: 15px; border-style: solid; border-width: 1px;\"><div class=\"wptb-text-container wptb-ph-element wptb-element-text-42\" style=\"color: rgb(74, 85, 104); font-size: 15px;\"><div class=\"\" style=\"position: relative;\"><p>AU2SLR<\/p><\/div><\/div><\/td><td class=\"wptb-cell wptb-ondragenter\" data-wptb-css-td-auto-width=\"true\" data-x-index=\"1\" data-y-index=\"5\" style=\"padding: 15px; border-style: solid; border-width: 1px;\"><div class=\"wptb-text-container wptb-ph-element wptb-element-text-30 wptb-ondragenter\"><div class=\"\" style=\"position: relative;\"><p>Ch\u1eadu r\u1eeda \u0111\u00f4i b\u1eb1ng th\u00e9p kh\u00f4ng g\u1ec9 c\u00f3 b\u0103ng gh\u1ebf tr\u00e1i v\u00e0 ph\u1ea3i<\/p><\/div><\/div><\/td><td class=\"wptb-cell wptb-ondragenter\" data-wptb-css-td-auto-width=\"true\" data-x-index=\"2\" data-y-index=\"5\" style=\"padding: 15px; border-style: solid; border-width: 1px;\"><div class=\"wptb-text-container wptb-ph-element wptb-element-text-31\"><div class=\"\" style=\"position: relative;\"><p>Tr\u00e1i + Ph\u1ea3i<\/p><\/div><\/div><\/td><td class=\"wptb-cell\" data-wptb-css-td-auto-width=\"true\" data-x-index=\"3\" data-y-index=\"5\" style=\"padding: 15px; border-style: solid; border-width: 1px;\"><div class=\"wptb-text-container wptb-ph-element wptb-element-text-32\"><div><p>150mm<\/p><\/div><\/div><\/td><td class=\"wptb-cell\" data-wptb-css-td-auto-width=\"true\" data-x-index=\"4\" data-y-index=\"5\" style=\"padding: 15px; border-style: solid; border-width: 1px;\"><div class=\"wptb-text-container wptb-ph-element wptb-element-text-33\"><div class=\"\" style=\"position: relative;\"><p>600\/700mm<\/p><\/div><\/div><\/td><td class=\"wptb-cell\" data-wptb-css-td-auto-width=\"true\" data-x-index=\"5\" data-y-index=\"5\" style=\"padding: 15px; border-style: solid; border-width: 1px;\"><div class=\"wptb-text-container wptb-ph-element wptb-element-text-34\"><div class=\"\" style=\"position: relative;\"><p>2<\/p><\/div><\/div><\/td><td class=\"wptb-cell\" data-wptb-css-td-auto-width=\"true\" data-x-index=\"6\" data-y-index=\"5\" style=\"padding: 15px; border-style: solid; border-width: 1px;\"><div class=\"wptb-image-container wptb-ph-element wptb-element-image-5\"><div class=\"wptb-image-wrapper\"><a style=\"display: block;\" target=\"_blank\" rel=\"nofollow\" class=\"wptb-link-target\"><img src=\"http:\/\/acenoxkitchenequipment.com\/wp-content\/uploads\/2022\/04\/Double-Sink-Bench-scaled-e1650360172697-150x96.jpg\" alt=\"\" width=\"150\" height=\"96\" style=\"width: 100%;\" class=\"wptb-image-element-target\"><\/a><\/div><\/div><\/td><\/tr><tr class=\"wptb-row\"><td class=\"wptb-cell\" data-wptb-css-td-auto-width=\"true\" data-x-index=\"0\" data-y-index=\"6\" style=\"padding: 15px; border-style: solid; border-width: 1px;\"><div class=\"wptb-text-container wptb-ph-element wptb-element-text-43\" style=\"color: rgb(74, 85, 104); font-size: 15px;\"><div class=\"\" style=\"position: relative;\"><p>AU2SB<\/p><\/div><\/div><\/td><td class=\"wptb-cell\" data-wptb-css-td-auto-width=\"true\" data-x-index=\"1\" data-y-index=\"6\" style=\"padding: 15px; border-style: solid; border-width: 1px;\"><div class=\"wptb-text-container wptb-ph-element wptb-element-text-35\"><div class=\"\" style=\"position: relative;\"><p>B\u0103ng gh\u1ebf ch\u00ecm \u0111\u00f4i b\u1eb1ng th\u00e9p kh\u00f4ng g\u1ec9 c\u00f3 ch\u1eadu r\u1eeda<\/p><\/div><\/div><\/td><td class=\"wptb-cell\" data-wptb-css-td-auto-width=\"true\" data-x-index=\"2\" data-y-index=\"6\" style=\"padding: 15px; border-style: solid; border-width: 1px;\"><div class=\"wptb-text-container wptb-ph-element wptb-element-text-36\"><div><p>N\/M<\/p><\/div><\/div><\/td><td class=\"wptb-cell\" data-wptb-css-td-auto-width=\"true\" data-x-index=\"3\" data-y-index=\"6\" style=\"padding: 15px; border-style: solid; border-width: 1px;\"><div class=\"wptb-text-container wptb-ph-element wptb-element-text-37\"><div class=\"\" style=\"position: relative;\"><p>150mm<\/p><\/div><\/div><\/td><td class=\"wptb-cell\" data-wptb-css-td-auto-width=\"true\" data-x-index=\"4\" data-y-index=\"6\" style=\"padding: 15px; border-style: solid; border-width: 1px;\"><div class=\"wptb-text-container wptb-ph-element wptb-element-text-38\"><div class=\"\" style=\"position: relative;\"><p>600\/700mm<\/p><\/div><\/div><\/td><td class=\"wptb-cell\" data-wptb-css-td-auto-width=\"true\" data-x-index=\"5\" data-y-index=\"6\" style=\"padding: 15px; border-style: solid; border-width: 1px;\"><div class=\"wptb-text-container wptb-ph-element wptb-element-text-39\"><div class=\"\" style=\"position: relative;\"><p>2<\/p><\/div><\/div><\/td><td class=\"wptb-cell\" data-wptb-css-td-auto-width=\"true\" data-x-index=\"6\" data-y-index=\"6\" style=\"padding: 15px; border-style: solid; border-width: 1px;\"><div class=\"wptb-image-container wptb-ph-element wptb-element-image-6\" data-wptb-image-alignment=\"center\"><div class=\"wptb-image-wrapper\">            <span class=\"wptb-link-target\" style=\"float: none;\">                                <img class=\"wptb-image-element-target\" height=\"857\" width=\"1000\" src=\"\/\/acenoxkitchenequipment.com\/wp-content\/uploads\/2023\/05\/Stainless-sink-with-washing-basin.jpg\" style=\"width: 100%;\">            <\/span>        <\/div><\/div><\/td><\/tr><\/tbody><\/table><\/div><\/div>\n\n<p>&nbsp;<\/p>\n<p>&nbsp;<\/p>","protected":false},"excerpt":{"rendered":"<p>B\u0103ng gh\u1ebf ch\u1eadu r\u1eeda n\u00e0y c\u00f3 hai ch\u1eadu l\u1edbn v\u00e0 m\u1ed9t ch\u1eadu r\u1eeda tay, \u0111\u01b0\u1ee3c l\u00e0m b\u1eb1ng th\u00e9p kh\u00f4ng g\u1ec9 304, lo\u1ea1i 18\/8 ch\u1ea5t l\u01b0\u1ee3ng t\u1ed1t, kh\u00f4ng d\u1ec5 b\u1ecb r\u1ec9 s\u00e9t trong \u0111i\u1ec1u ki\u1ec7n kh\u1eafc nghi\u1ec7t.<\/p>","protected":false},"featured_media":6488,"comment_status":"closed","ping_status":"closed","template":"","meta":{"_seopress_robots_primary_cat":"none","_seopress_titles_title":"Stainless Steel Double Sink Bench With Washing Basin %%sep%%304 Steel Kitchen Sink %%sep%%","_seopress_titles_desc":"This sink bench has two large bowls and one hand washing basin, it is made of good quality of stainless 304, 18\/8 grade, which is not easily get rusted under harsh conditions.","_seopress_robots_index":""},"product_cat":[53],"product_tag":[150],"_links":{"self":[{"href":"https:\/\/acenoxkitchenequipment.com\/vi\/wp-json\/wp\/v2\/product\/1455"}],"collection":[{"href":"https:\/\/acenoxkitchenequipment.com\/vi\/wp-json\/wp\/v2\/product"}],"about":[{"href":"https:\/\/acenoxkitchenequipment.com\/vi\/wp-json\/wp\/v2\/types\/product"}],"replies":[{"embeddable":true,"href":"https:\/\/acenoxkitchenequipment.com\/vi\/wp-json\/wp\/v2\/comments?post=1455"}],"version-history":[{"count":0,"href":"https:\/\/acenoxkitchenequipment.com\/vi\/wp-json\/wp\/v2\/product\/1455\/revisions"}],"wp:featuredmedia":[{"embeddable":true,"href":"https:\/\/acenoxkitchenequipment.com\/vi\/wp-json\/wp\/v2\/media\/6488"}],"wp:attachment":[{"href":"https:\/\/acenoxkitchenequipment.com\/vi\/wp-json\/wp\/v2\/media?parent=1455"}],"wp:term":[{"taxonomy":"product_cat","embeddable":true,"href":"https:\/\/acenoxkitchenequipment.com\/vi\/wp-json\/wp\/v2\/product_cat?post=1455"},{"taxonomy":"product_tag","embeddable":true,"href":"https:\/\/acenoxkitchenequipment.com\/vi\/wp-json\/wp\/v2\/product_tag?post=1455"}],"curies":[{"name":"wp","href":"https:\/\/api.w.org\/{rel}","templated":true}]}}