{"id":1430,"date":"2022-04-18T11:00:27","date_gmt":"2022-04-18T03:00:27","guid":{"rendered":"http:\/\/acenoxkitchenequipment.com\/?post_type=product&#038;p=1430"},"modified":"2023-06-02T13:55:57","modified_gmt":"2023-06-02T05:55:57","slug":"stainless-sink-bench","status":"publish","type":"product","link":"https:\/\/acenoxkitchenequipment.com\/vi\/san-pham\/stainless-sink-bench\/","title":{"rendered":"B\u0103ng gh\u1ebf ch\u00ecm kh\u00f4ng g\u1ec9"},"content":{"rendered":"<p><strong><b>\u0110\u1eb7c tr\u01b0ng:<\/b><\/strong><\/p>\n<ul>\n<li>B\u0103ng gh\u1ebf ch\u00ecm b\u1eb1ng th\u00e9p kh\u00f4ng g\u1ec9 n\u00e0y c\u00f3 hai b\u00e1t h\u00e0n v\u00e0 m\u1ed9t \u1ed1ng d\u01b0\u1edbi k\u1ec7, cung c\u1ea5p kh\u00f4ng gian r\u1ed9ng l\u1edbn \u0111\u1ec3 l\u01b0u tr\u1eef ch\u1ea3o v\u00e0 n\u1ed3i b\u00ean d\u01b0\u1edbi<\/li>\n<li>C\u1ea5u tr\u00fac kh\u00f4ng l\u1eafp r\u00e1p c\u1ee7a n\u00f3 cung c\u1ea5p kh\u1ed1i l\u01b0\u1ee3ng \u0111\u00f3ng g\u00f3i r\u1ea5t nh\u1ecf, tuy nhi\u00ean, ph\u01b0\u01a1ng ph\u00e1p l\u1eafp r\u00e1p d\u1ec5 d\u00e0ng v\u00e0 \u1ed5n \u0111\u1ecbnh khi\u1ebfn n\u00f3 tr\u1edf n\u00ean ph\u1ed5 bi\u1ebfn h\u01a1n \u1edf th\u1ecb tr\u01b0\u1eddng n\u01b0\u1edbc ngo\u00e0i.<\/li>\n<li>\u0110\u01b0\u1ee3c l\u00e0m b\u1eb1ng ch\u1ea5t l\u01b0\u1ee3ng t\u1ed1t c\u1ee7a th\u00e9p kh\u00f4ng g\u1ec9 304 18\/8, n\u00f3 c\u00f3 hi\u1ec7u su\u1ea5t ch\u1ed1ng g\u1ec9 t\u1ed1t d\u1eabn \u0111\u1ebfn ch\u1ea5t l\u01b0\u1ee3ng cao c\u1ea5p<\/li>\n<li>Ch\u00fang t\u00f4i cung c\u1ea5p thi\u1ebft k\u1ebf t\u00f9y ch\u1ec9nh, nh\u01b0 k\u00edch th\u01b0\u1edbc, h\u00ecnh d\u1ea1ng b\u00e1t v\u00e0 c\u00e1c gi\u00e1 \u0111\u1ee1 kh\u00e1c nhau, v.v.<\/li>\n<\/ul>\n<p><strong>Th\u00f4ng tin k\u1ef9 thu\u1eadt:<\/strong><\/p>\n<div class=\"wptb-table-container wptb-table-5020\"><div class=\"wptb-table-container-matrix\" id=\"wptb-table-id-5020\" data-wptb-version=\"1.4.14\" data-wptb-pro-status=\"false\"><table class=\"wptb-preview-table wptb-element-main-table_setting-5020 edit-active\" data-wptb-adaptive-table=\"0\" data-wptb-cells-width-auto-count=\"7\" data-wptb-table-tds-sum-max-width=\"916.4000000000001\" style=\"border-style: solid; border-width: 1px;\" data-table-columns=\"7\" data-reconstraction=\"1\" data-wptb-horizontal-scroll-status=\"false\" data-wptb-extra-styles=\"LyogRW50ZXIgeW91ciBjdXN0b20gQ1NTIHJ1bGVzIGhlcmUgKi8=\" role=\"table\"><tbody><tr class=\"wptb-row\"><td class=\"wptb-cell\" data-wptb-css-td-auto-width=\"true\" data-x-index=\"0\" data-y-index=\"0\" style=\"padding: 15px; border-style: solid; border-width: 1px;\"><div class=\"wptb-text-container wptb-ph-element wptb-element-text-1\"><div class=\"\" style=\"position: relative;\"><p>NG\u01af\u1edcI M\u1eaaU<\/p><\/div><\/div><\/td><td class=\"wptb-cell\" data-wptb-css-td-auto-width=\"true\" data-x-index=\"1\" data-y-index=\"0\" style=\"padding: 15px; border-style: solid; border-width: 1px;\"><div class=\"wptb-text-container wptb-ph-element wptb-element-text-2\"><div class=\"\" style=\"position: relative;\"><p>T\u00caN<\/p><\/div><\/div><\/td><td class=\"wptb-cell\" data-wptb-css-td-auto-width=\"true\" data-x-index=\"2\" data-y-index=\"0\" style=\"padding: 15px; border-style: solid; border-width: 1px;\"><div class=\"wptb-text-container wptb-ph-element wptb-element-text-3\"><div><p>V\u1ecb tr\u00ed gh\u1ebf d\u1ef1 b\u1ecb<\/p><\/div><\/div><\/td><td class=\"wptb-cell\" data-wptb-css-td-auto-width=\"true\" data-x-index=\"3\" data-y-index=\"0\" style=\"padding: 15px; border-style: solid; border-width: 1px;\"><div class=\"wptb-text-container wptb-ph-element wptb-element-text-4\"><div class=\"\" style=\"position: relative;\"><p>TR\u1ede L\u1ea0I<\/p><\/div><\/div><\/td><td class=\"wptb-cell\" data-wptb-css-td-auto-width=\"true\" data-x-index=\"4\" data-y-index=\"0\" style=\"padding: 15px; border-style: solid; border-width: 1px;\"><div class=\"wptb-text-container wptb-ph-element wptb-element-text-5\"><div class=\"\" style=\"position: relative;\"><p>CHI\u1ec0U S\u00c2U<\/p><\/div><\/div><\/td><td class=\"wptb-cell\" data-wptb-css-td-auto-width=\"true\" data-x-index=\"5\" data-y-index=\"0\" style=\"padding: 15px; border-style: solid; border-width: 1px;\"><div class=\"wptb-text-container wptb-ph-element wptb-element-text-6\"><div><p>L\u1edaP<\/p><\/div><\/div><\/td><td class=\"wptb-cell\" data-wptb-css-td-auto-width=\"true\" data-x-index=\"6\" data-y-index=\"0\" style=\"padding: 15px; border-style: solid; border-width: 1px;\"><div class=\"wptb-text-container wptb-ph-element wptb-element-text-7\"><div><p>H\u00ccNH \u1ea2NH<\/p><\/div><\/div><\/td><\/tr><tr class=\"wptb-row\"><td class=\"wptb-cell\" data-wptb-css-td-auto-width=\"true\" data-x-index=\"0\" data-y-index=\"1\" style=\"padding: 15px; border-style: solid; border-width: 1px;\"><div class=\"wptb-text-container wptb-ph-element wptb-element-text-8\" style=\"color: rgb(74, 85, 104); font-size: 15px;\"><div class=\"\" style=\"position: relative;\"><p>AU1S<\/p><\/div><\/div><\/td><td class=\"wptb-cell\" data-wptb-css-td-auto-width=\"true\" data-x-index=\"1\" data-y-index=\"1\" style=\"padding: 15px; border-style: solid; border-width: 1px;\"><div class=\"wptb-text-container wptb-ph-element wptb-element-text-9\"><div class=\"\" style=\"position: relative;\"><p>B\u1ed3n r\u1eeda \u0111\u01a1n kh\u00f4ng g\u1ec9<\/p><\/div><\/div><\/td><td class=\"wptb-cell\" data-wptb-css-td-auto-width=\"true\" data-x-index=\"2\" data-y-index=\"1\" style=\"padding: 15px; border-style: solid; border-width: 1px;\"><div class=\"wptb-text-container wptb-ph-element wptb-element-text-10\"><div class=\"\" style=\"position: relative;\"><p>N\/M<\/p><\/div><\/div><\/td><td class=\"wptb-cell\" data-wptb-css-td-auto-width=\"true\" data-x-index=\"3\" data-y-index=\"1\" style=\"padding: 15px; border-style: solid; border-width: 1px;\"><div class=\"wptb-text-container wptb-ph-element wptb-element-text-11\"><div><p>150mm<\/p><\/div><\/div><\/td><td class=\"wptb-cell\" data-wptb-css-td-auto-width=\"true\" data-x-index=\"4\" data-y-index=\"1\" style=\"padding: 15px; border-style: solid; border-width: 1px;\"><div class=\"wptb-text-container wptb-ph-element wptb-element-text-12\"><div><p>600\/700mm<\/p><\/div><\/div><\/td><td class=\"wptb-cell\" data-wptb-css-td-auto-width=\"true\" data-x-index=\"5\" data-y-index=\"1\" style=\"padding: 15px; border-style: solid; border-width: 1px;\"><div class=\"wptb-text-container wptb-ph-element wptb-element-text-13\"><div><p>2<\/p><\/div><\/div><\/td><td class=\"wptb-cell\" data-wptb-css-td-auto-width=\"true\" data-x-index=\"6\" data-y-index=\"1\" style=\"padding: 15px; border-style: solid; border-width: 1px;\"><div class=\"wptb-image-container wptb-ph-element wptb-element-image-1\"><div class=\"wptb-image-wrapper\"><a style=\"display: block;\" target=\"_blank\" rel=\"nofollow\" class=\"wptb-link-target\"><img src=\"http:\/\/acenoxkitchenequipment.com\/wp-content\/uploads\/2022\/04\/Single-sink-scaled-e1650360250721-109x150.jpg\" alt=\"\" width=\"109\" height=\"150\" style=\"width: 100%;\" class=\"wptb-image-element-target\"><\/a><\/div><\/div><\/td><\/tr><tr class=\"wptb-row\"><td class=\"wptb-cell\" data-wptb-css-td-auto-width=\"true\" data-x-index=\"0\" data-y-index=\"2\" style=\"padding: 15px; border-style: solid; border-width: 1px;\"><div class=\"wptb-text-container wptb-ph-element wptb-element-text-14\" style=\"color: rgb(74, 85, 104); font-size: 15px;\"><div class=\"\" style=\"position: relative;\"><p>AU1SR<\/p><\/div><\/div><\/td><td class=\"wptb-cell\" data-wptb-css-td-auto-width=\"true\" data-x-index=\"1\" data-y-index=\"2\" style=\"padding: 15px; border-style: solid; border-width: 1px;\"><div class=\"wptb-text-container wptb-ph-element wptb-element-text-15\"><div class=\"\" style=\"position: relative;\"><p>B\u0103ng gh\u1ebf ch\u00ecm \u0111\u01a1n kh\u00f4ng g\u1ec9<\/p><\/div><\/div><\/td><td class=\"wptb-cell\" data-wptb-css-td-auto-width=\"true\" data-x-index=\"2\" data-y-index=\"2\" style=\"padding: 15px; border-style: solid; border-width: 1px;\"><div class=\"wptb-text-container wptb-ph-element wptb-element-text-16\"><div class=\"\" style=\"position: relative;\"><p>Tr\u00e1i ph\u1ea3i<\/p><\/div><\/div><\/td><td class=\"wptb-cell\" data-wptb-css-td-auto-width=\"true\" data-x-index=\"3\" data-y-index=\"2\" style=\"padding: 15px; border-style: solid; border-width: 1px;\"><div class=\"wptb-text-container wptb-ph-element wptb-element-text-17\"><div><p>150mm<\/p><\/div><\/div><\/td><td class=\"wptb-cell\" data-wptb-css-td-auto-width=\"true\" data-x-index=\"4\" data-y-index=\"2\" style=\"padding: 15px; border-style: solid; border-width: 1px;\"><div class=\"wptb-text-container wptb-ph-element wptb-element-text-18\"><div><p>600\/700mm<\/p><\/div><\/div><\/td><td class=\"wptb-cell\" data-wptb-css-td-auto-width=\"true\" data-x-index=\"5\" data-y-index=\"2\" style=\"padding: 15px; border-style: solid; border-width: 1px;\"><div class=\"wptb-text-container wptb-ph-element wptb-element-text-19\"><div class=\"\" style=\"position: relative;\"><p>2<\/p><\/div><\/div><\/td><td class=\"wptb-cell\" data-wptb-css-td-auto-width=\"true\" data-x-index=\"6\" data-y-index=\"2\" style=\"padding: 15px; border-style: solid; border-width: 1px;\"><div class=\"wptb-image-container wptb-ph-element wptb-element-image-2\"><div class=\"wptb-image-wrapper\"><a style=\"display: block;\" target=\"_blank\" rel=\"nofollow\" class=\"wptb-link-target\"><img src=\"http:\/\/acenoxkitchenequipment.com\/wp-content\/uploads\/2022\/04\/single-sink-bench-150x150.png\" alt=\"\" width=\"150\" height=\"150\" style=\"width: 100%;\" class=\"wptb-image-element-target\"><\/a><\/div><\/div><\/td><\/tr><tr class=\"wptb-row\"><td class=\"wptb-cell\" data-wptb-css-td-auto-width=\"true\" data-x-index=\"0\" data-y-index=\"3\" style=\"padding: 15px; border-style: solid; border-width: 1px;\"><div class=\"wptb-text-container wptb-ph-element wptb-element-text-40\" style=\"color: rgb(74, 85, 104); font-size: 15px;\"><div class=\"\" style=\"position: relative;\"><p>AU2S<\/p><\/div><\/div><\/td><td class=\"wptb-cell\" data-wptb-css-td-auto-width=\"true\" data-x-index=\"1\" data-y-index=\"3\" style=\"padding: 15px; border-style: solid; border-width: 1px;\"><div class=\"wptb-text-container wptb-ph-element wptb-element-text-20\"><div class=\"\" style=\"position: relative;\"><p>B\u1ed3n r\u1eeda \u0111\u00f4i kh\u00f4ng g\u1ec9<\/p><\/div><\/div><\/td><td class=\"wptb-cell\" data-wptb-css-td-auto-width=\"true\" data-x-index=\"2\" data-y-index=\"3\" style=\"padding: 15px; border-style: solid; border-width: 1px;\"><div class=\"wptb-text-container wptb-ph-element wptb-element-text-21\"><div class=\"\" style=\"position: relative;\"><p>N\/M<\/p><\/div><\/div><\/td><td class=\"wptb-cell\" data-wptb-css-td-auto-width=\"true\" data-x-index=\"3\" data-y-index=\"3\" style=\"padding: 15px; border-style: solid; border-width: 1px;\"><div class=\"wptb-text-container wptb-ph-element wptb-element-text-22\"><div class=\"\" style=\"position: relative;\"><p>150mm<\/p><\/div><\/div><\/td><td class=\"wptb-cell\" data-wptb-css-td-auto-width=\"true\" data-x-index=\"4\" data-y-index=\"3\" style=\"padding: 15px; border-style: solid; border-width: 1px;\"><div class=\"wptb-text-container wptb-ph-element wptb-element-text-23\"><div class=\"\" style=\"position: relative;\"><p>600\/700mm<\/p><\/div><\/div><\/td><td class=\"wptb-cell\" data-wptb-css-td-auto-width=\"true\" data-x-index=\"5\" data-y-index=\"3\" style=\"padding: 15px; border-style: solid; border-width: 1px;\"><div class=\"wptb-text-container wptb-ph-element wptb-element-text-24\"><div><p>2<\/p><\/div><\/div><\/td><td class=\"wptb-cell\" data-wptb-css-td-auto-width=\"true\" data-x-index=\"6\" data-y-index=\"3\" style=\"padding: 15px; border-style: solid; border-width: 1px;\"><div class=\"wptb-image-container wptb-ph-element wptb-element-image-3\"><div class=\"wptb-image-wrapper\"><a style=\"display: block;\" target=\"_blank\" rel=\"nofollow\" class=\"wptb-link-target\"><img src=\"http:\/\/acenoxkitchenequipment.com\/wp-content\/uploads\/2022\/04\/single-sink-benchees-150x150.png\" alt=\"\" width=\"150\" height=\"150\" style=\"width: 100%;\" class=\"wptb-image-element-target\"><\/a><\/div><\/div><\/td><\/tr><tr class=\"wptb-row\"><td class=\"wptb-cell\" data-wptb-css-td-auto-width=\"true\" data-x-index=\"0\" data-y-index=\"4\" style=\"padding: 15px; border-style: solid; border-width: 1px;\"><div class=\"wptb-text-container wptb-ph-element wptb-element-text-41\" style=\"color: rgb(74, 85, 104); font-size: 15px;\"><div class=\"\" style=\"position: relative;\"><p>AU2SL<\/p><\/div><\/div><\/td><td class=\"wptb-cell wptb-ondragenter\" data-wptb-css-td-auto-width=\"true\" data-x-index=\"1\" data-y-index=\"4\" style=\"padding: 15px; border-style: solid; border-width: 1px;\"><div class=\"wptb-text-container wptb-ph-element wptb-element-text-25 wptb-ondragenter\"><div class=\"\" style=\"position: relative;\"><p>B\u0103ng gh\u1ebf ch\u00ecm \u0111\u00f4i kh\u00f4ng g\u1ec9<\/p><\/div><\/div><\/td><td class=\"wptb-cell wptb-ondragenter\" data-wptb-css-td-auto-width=\"true\" data-x-index=\"2\" data-y-index=\"4\" style=\"padding: 15px; border-style: solid; border-width: 1px;\"><div class=\"wptb-text-container wptb-ph-element wptb-element-text-26 wptb-ondragenter\"><div><p>Tr\u00e1i ph\u1ea3i<\/p><\/div><\/div><\/td><td class=\"wptb-cell wptb-ondragenter\" data-wptb-css-td-auto-width=\"true\" data-x-index=\"3\" data-y-index=\"4\" style=\"padding: 15px; border-style: solid; border-width: 1px;\"><div class=\"wptb-text-container wptb-ph-element wptb-element-text-27\"><div class=\"\" style=\"position: relative;\"><p>150mm<\/p><\/div><\/div><\/td><td class=\"wptb-cell\" data-wptb-css-td-auto-width=\"true\" data-x-index=\"4\" data-y-index=\"4\" style=\"padding: 15px; border-style: solid; border-width: 1px;\"><div class=\"wptb-text-container wptb-ph-element wptb-element-text-28\"><div class=\"\" style=\"position: relative;\"><p>600\/700mm<\/p><\/div><\/div><\/td><td class=\"wptb-cell\" data-wptb-css-td-auto-width=\"true\" data-x-index=\"5\" data-y-index=\"4\" style=\"padding: 15px; border-style: solid; border-width: 1px;\"><div class=\"wptb-text-container wptb-ph-element wptb-element-text-29\"><div class=\"\" style=\"position: relative;\"><p>2<\/p><\/div><\/div><\/td><td class=\"wptb-cell\" data-wptb-css-td-auto-width=\"true\" data-x-index=\"6\" data-y-index=\"4\" style=\"padding: 15px; border-style: solid; border-width: 1px;\"><div class=\"wptb-image-container wptb-ph-element wptb-element-image-7\" data-wptb-image-alignment=\"center\"><div class=\"wptb-image-wrapper\">            <span class=\"wptb-link-target\" style=\"float: none;\">                                <img class=\"wptb-image-element-target\" height=\"857\" width=\"1000\" src=\"\/\/acenoxkitchenequipment.com\/wp-content\/uploads\/2023\/05\/doube-sink-bench.jpg\" style=\"width: 100%;\">            <\/span>        <\/div><\/div><\/td><\/tr><tr class=\"wptb-row\"><td class=\"wptb-cell\" data-wptb-css-td-auto-width=\"true\" data-x-index=\"0\" data-y-index=\"5\" style=\"padding: 15px; border-style: solid; border-width: 1px;\"><div class=\"wptb-text-container wptb-ph-element wptb-element-text-42\" style=\"color: rgb(74, 85, 104); font-size: 15px;\"><div class=\"\" style=\"position: relative;\"><p>AU2SLR<\/p><\/div><\/div><\/td><td class=\"wptb-cell wptb-ondragenter\" data-wptb-css-td-auto-width=\"true\" data-x-index=\"1\" data-y-index=\"5\" style=\"padding: 15px; border-style: solid; border-width: 1px;\"><div class=\"wptb-text-container wptb-ph-element wptb-element-text-30 wptb-ondragenter\"><div class=\"\" style=\"position: relative;\"><p>Ch\u1eadu r\u1eeda \u0111\u00f4i b\u1eb1ng th\u00e9p kh\u00f4ng g\u1ec9 c\u00f3 b\u0103ng gh\u1ebf tr\u00e1i v\u00e0 ph\u1ea3i<\/p><\/div><\/div><\/td><td class=\"wptb-cell wptb-ondragenter\" data-wptb-css-td-auto-width=\"true\" data-x-index=\"2\" data-y-index=\"5\" style=\"padding: 15px; border-style: solid; border-width: 1px;\"><div class=\"wptb-text-container wptb-ph-element wptb-element-text-31\"><div class=\"\" style=\"position: relative;\"><p>Tr\u00e1i + Ph\u1ea3i<\/p><\/div><\/div><\/td><td class=\"wptb-cell\" data-wptb-css-td-auto-width=\"true\" data-x-index=\"3\" data-y-index=\"5\" style=\"padding: 15px; border-style: solid; border-width: 1px;\"><div class=\"wptb-text-container wptb-ph-element wptb-element-text-32\"><div><p>150mm<\/p><\/div><\/div><\/td><td class=\"wptb-cell\" data-wptb-css-td-auto-width=\"true\" data-x-index=\"4\" data-y-index=\"5\" style=\"padding: 15px; border-style: solid; border-width: 1px;\"><div class=\"wptb-text-container wptb-ph-element wptb-element-text-33\"><div class=\"\" style=\"position: relative;\"><p>600\/700mm<\/p><\/div><\/div><\/td><td class=\"wptb-cell\" data-wptb-css-td-auto-width=\"true\" data-x-index=\"5\" data-y-index=\"5\" style=\"padding: 15px; border-style: solid; border-width: 1px;\"><div class=\"wptb-text-container wptb-ph-element wptb-element-text-34\"><div class=\"\" style=\"position: relative;\"><p>2<\/p><\/div><\/div><\/td><td class=\"wptb-cell\" data-wptb-css-td-auto-width=\"true\" data-x-index=\"6\" data-y-index=\"5\" style=\"padding: 15px; border-style: solid; border-width: 1px;\"><div class=\"wptb-image-container wptb-ph-element wptb-element-image-5\"><div class=\"wptb-image-wrapper\"><a style=\"display: block;\" target=\"_blank\" rel=\"nofollow\" class=\"wptb-link-target\"><img src=\"http:\/\/acenoxkitchenequipment.com\/wp-content\/uploads\/2022\/04\/Double-Sink-Bench-scaled-e1650360172697-150x96.jpg\" alt=\"\" width=\"150\" height=\"96\" style=\"width: 100%;\" class=\"wptb-image-element-target\"><\/a><\/div><\/div><\/td><\/tr><tr class=\"wptb-row\"><td class=\"wptb-cell\" data-wptb-css-td-auto-width=\"true\" data-x-index=\"0\" data-y-index=\"6\" style=\"padding: 15px; border-style: solid; border-width: 1px;\"><div class=\"wptb-text-container wptb-ph-element wptb-element-text-43\" style=\"color: rgb(74, 85, 104); font-size: 15px;\"><div class=\"\" style=\"position: relative;\"><p>AU2SB<\/p><\/div><\/div><\/td><td class=\"wptb-cell\" data-wptb-css-td-auto-width=\"true\" data-x-index=\"1\" data-y-index=\"6\" style=\"padding: 15px; border-style: solid; border-width: 1px;\"><div class=\"wptb-text-container wptb-ph-element wptb-element-text-35\"><div class=\"\" style=\"position: relative;\"><p>B\u0103ng gh\u1ebf ch\u00ecm \u0111\u00f4i b\u1eb1ng th\u00e9p kh\u00f4ng g\u1ec9 c\u00f3 ch\u1eadu r\u1eeda<\/p><\/div><\/div><\/td><td class=\"wptb-cell\" data-wptb-css-td-auto-width=\"true\" data-x-index=\"2\" data-y-index=\"6\" style=\"padding: 15px; border-style: solid; border-width: 1px;\"><div class=\"wptb-text-container wptb-ph-element wptb-element-text-36\"><div><p>N\/M<\/p><\/div><\/div><\/td><td class=\"wptb-cell\" data-wptb-css-td-auto-width=\"true\" data-x-index=\"3\" data-y-index=\"6\" style=\"padding: 15px; border-style: solid; border-width: 1px;\"><div class=\"wptb-text-container wptb-ph-element wptb-element-text-37\"><div class=\"\" style=\"position: relative;\"><p>150mm<\/p><\/div><\/div><\/td><td class=\"wptb-cell\" data-wptb-css-td-auto-width=\"true\" data-x-index=\"4\" data-y-index=\"6\" style=\"padding: 15px; border-style: solid; border-width: 1px;\"><div class=\"wptb-text-container wptb-ph-element wptb-element-text-38\"><div class=\"\" style=\"position: relative;\"><p>600\/700mm<\/p><\/div><\/div><\/td><td class=\"wptb-cell\" data-wptb-css-td-auto-width=\"true\" data-x-index=\"5\" data-y-index=\"6\" style=\"padding: 15px; border-style: solid; border-width: 1px;\"><div class=\"wptb-text-container wptb-ph-element wptb-element-text-39\"><div class=\"\" style=\"position: relative;\"><p>2<\/p><\/div><\/div><\/td><td class=\"wptb-cell\" data-wptb-css-td-auto-width=\"true\" data-x-index=\"6\" data-y-index=\"6\" style=\"padding: 15px; border-style: solid; border-width: 1px;\"><div class=\"wptb-image-container wptb-ph-element wptb-element-image-6\" data-wptb-image-alignment=\"center\"><div class=\"wptb-image-wrapper\">            <span class=\"wptb-link-target\" style=\"float: none;\">                                <img class=\"wptb-image-element-target\" height=\"857\" width=\"1000\" src=\"\/\/acenoxkitchenequipment.com\/wp-content\/uploads\/2023\/05\/Stainless-sink-with-washing-basin.jpg\" style=\"width: 100%;\">            <\/span>        <\/div><\/div><\/td><\/tr><\/tbody><\/table><\/div><\/div>\n\n<p>&nbsp;<\/p>","protected":false},"excerpt":{"rendered":"<p>b\u0103ng gh\u1ebf ch\u1eadu r\u1eeda ch\u00e9n \u0111\u00f4i c\u00f3 r\u00e3nh tho\u00e1t n\u01b0\u1edbc \u1edf hai b\u00ean, \u0111\u01b0\u1ee3c l\u00e0m b\u1eb1ng th\u00e9p kh\u00f4ng g\u1ec9 304 ch\u1ea5t l\u01b0\u1ee3ng cao, b\u0103ng gh\u1ebf r\u1eeda ch\u00e9n n\u00e0y c\u00f3 hi\u1ec7u su\u1ea5t ch\u1ed1ng g\u1ec9 t\u1ed1t<\/p>","protected":false},"featured_media":1431,"comment_status":"closed","ping_status":"closed","template":"","meta":{"_seopress_robots_primary_cat":"none","_seopress_titles_title":"Stainless Sink Bench %%sep%%Factory In China %%sep%%OEM&amp;ODM%%sep%%Acenox","_seopress_titles_desc":"its&#039; non-assemble structure provide a very small packing volume, however, its easy and steady assembly method make it more popular in Australia maket.","_seopress_robots_index":""},"product_cat":[53],"product_tag":[151],"_links":{"self":[{"href":"https:\/\/acenoxkitchenequipment.com\/vi\/wp-json\/wp\/v2\/product\/1430"}],"collection":[{"href":"https:\/\/acenoxkitchenequipment.com\/vi\/wp-json\/wp\/v2\/product"}],"about":[{"href":"https:\/\/acenoxkitchenequipment.com\/vi\/wp-json\/wp\/v2\/types\/product"}],"replies":[{"embeddable":true,"href":"https:\/\/acenoxkitchenequipment.com\/vi\/wp-json\/wp\/v2\/comments?post=1430"}],"version-history":[{"count":0,"href":"https:\/\/acenoxkitchenequipment.com\/vi\/wp-json\/wp\/v2\/product\/1430\/revisions"}],"wp:featuredmedia":[{"embeddable":true,"href":"https:\/\/acenoxkitchenequipment.com\/vi\/wp-json\/wp\/v2\/media\/1431"}],"wp:attachment":[{"href":"https:\/\/acenoxkitchenequipment.com\/vi\/wp-json\/wp\/v2\/media?parent=1430"}],"wp:term":[{"taxonomy":"product_cat","embeddable":true,"href":"https:\/\/acenoxkitchenequipment.com\/vi\/wp-json\/wp\/v2\/product_cat?post=1430"},{"taxonomy":"product_tag","embeddable":true,"href":"https:\/\/acenoxkitchenequipment.com\/vi\/wp-json\/wp\/v2\/product_tag?post=1430"}],"curies":[{"name":"wp","href":"https:\/\/api.w.org\/{rel}","templated":true}]}}