{"id":10532,"date":"2024-09-13T11:40:12","date_gmt":"2024-09-13T03:40:12","guid":{"rendered":"https:\/\/acenoxkitchenequipment.com\/?post_type=product&#038;p=10532"},"modified":"2024-09-13T13:24:26","modified_gmt":"2024-09-13T05:24:26","slug":"hot-food-display","status":"publish","type":"product","link":"https:\/\/acenoxkitchenequipment.com\/vi\/san-pham\/hot-food-display\/","title":{"rendered":"Hot Food Display"},"content":{"rendered":"<h3>Features of Hot Food Display<\/h3>\n<ul>\n<li>What is Hot Food Display<\/li>\n<\/ul>\n<p>A hot food display is used to showcase and keep food items warm in various settings such as restaurants, bakeries, cafes, delis, and buffets. It is a commercial hot food display, these displays are designed to maintain the temperature at 30\u2103~ 60\u2103 based on different food like <b>sandwiches, pizzas, pastries, and pies<\/b>.<\/p>\n<ul>\n<li>K\u00ednh c\u01b0\u1eddng l\u1ef1c<\/li>\n<\/ul>\n<p>K\u00ednh c\u01b0\u1eddng l\u1ef1c c\u00f3 \u0111\u1ed9 b\u1ec1n cao h\u01a1n nhi\u1ec1u so v\u1edbi k\u00ednh th\u00f4ng th\u01b0\u1eddng. K\u00ednh c\u01b0\u1eddng l\u1ef1c c\u00f3 th\u1ec3 ch\u1ecbu \u0111\u01b0\u1ee3c nhi\u1ec7t \u0111\u1ed9 cao h\u01a1n k\u00ednh th\u01b0\u1eddng. \u0110i\u1ec1u n\u00e0y l\u00e0m cho n\u00f3 ph\u00f9 h\u1ee3p cho c\u00e1c \u1ee9ng d\u1ee5ng nh\u01b0 c\u1eeda l\u00f2, m\u1eb7t b\u1ebfp v\u00e0 m\u00e0n h\u00ecnh h\u00e2m n\u00f3ng th\u1ee9c \u0103n b\u1eb1ng th\u1ee7y tinh.<\/p>\n<ul>\n<li>30\u2103~70\u2103<\/li>\n<\/ul>\n<p>M\u00e0n h\u00ecnh gi\u1eef \u1ea5m n\u00e0y c\u00f3 th\u1ec3 gi\u1eef th\u1ef1c ph\u1ea9m v\u1edbi c\u00e1c t\u00f9y ch\u1ecdn t\u1eeb 30oC ~ 60oC, c\u00e1c b\u1ed9 ph\u1eadn l\u00e0m n\u00f3ng b\u1eb1ng \u0111i\u1ec7n ch\u1ea5t l\u01b0\u1ee3ng b\u1ec1n b\u1ec9 c\u00f3 tu\u1ed5i th\u1ecd cao tr\u00ean 5 n\u0103m v\u00e0 c\u00f3 th\u1ec3 thay th\u1ebf d\u1ec5 d\u00e0ng. Ch\u00fang t\u00f4i cung c\u1ea5p<\/p>\n<ul>\n<li>Ch\u1ea5t l\u01b0\u1ee3ng b\u1ec1n b\u1ec9<\/li>\n<\/ul>\n<p>Kh\u00f4ng gi\u1ed1ng nh\u01b0 c\u00e1c qu\u1ea7y tr\u01b0ng b\u00e0y th\u1ef1c ph\u1ea9m k\u00e9m ch\u1ea5t l\u01b0\u1ee3ng kh\u00e1c, s\u1ebd ng\u1eebng ho\u1ea1t \u0111\u1ed9ng sau m\u1ed9t v\u00e0i l\u1ea7n, ch\u00fang t\u00f4i c\u00f3 th\u1ec3 \u0111\u1ea3m b\u1ea3o ch\u1ea5t l\u01b0\u1ee3ng 1 n\u0103m, ngo\u1ea1i tr\u1eeb k\u00ednh (k\u00ednh s\u1ebd b\u1ecb v\u1ee1 n\u1ebfu b\u1ea1n d\u00f9ng d\u1ee5ng c\u1ee5 n\u1eb7ng \u0111\u1eadp v\u00e0o). Cho d\u00f9 b\u1ea1n b\u1eadt n\u00f3 bao nhi\u00eau l\u1ea7n th\u00ec \u0111\u00e8n LED hay ch\u1ee9c n\u0103ng s\u01b0\u1edfi \u1ea5m v\u1eabn ho\u1ea1t \u0111\u1ed9ng \u0111\u01b0\u1ee3c. Tuy nhi\u00ean, kh\u00f4ng ai c\u00f3 th\u1ec3 \u0111\u1ea3m b\u1ea3o s\u1ea3n ph\u1ea9m 100% ho\u00e0n h\u1ea3o, m\u1ed9t khi c\u00f3 b\u1ed9 ph\u1eadn n\u00e0o b\u1ecb h\u01b0 h\u1ecfng, ch\u00fang t\u00f4i s\u1ebd cung c\u1ea5p c\u00e1c b\u1ed9 ph\u1eadn mi\u1ec5n ph\u00ed trong th\u1eddi gian b\u1ea3o h\u00e0nh<\/p>\n<ul>\n<li>Cung c\u1ea5p k\u1ec7 ho\u00e0n to\u00e0n b\u1eb1ng th\u00e9p kh\u00f4ng g\u1ec9<\/li>\n<\/ul>\n<p>T\u1ea5t c\u1ea3 s\u1ea3n xu\u1ea5t b\u1eb1ng th\u00e9p kh\u00f4ng g\u1ec9, ph\u00f9 h\u1ee3p v\u1edbi ti\u00eau chu\u1ea9n v\u1ec7 sinh th\u1ef1c ph\u1ea9m.<\/p>\n<p>&nbsp;<\/p>\n<h3>Photos Of Hot Food Display:<\/h3>\n<p><img fetchpriority=\"high\" decoding=\"async\" class=\"alignnone  wp-image-10534\" src=\"https:\/\/acenoxkitchenequipment.com\/wp-content\/uploads\/2024\/09\/shelf-of-the-hot-food-display.webp\" alt=\"hot food display\" width=\"699\" height=\"524\" srcset=\"https:\/\/acenoxkitchenequipment.com\/wp-content\/uploads\/2024\/09\/shelf-of-the-hot-food-display.webp 800w, https:\/\/acenoxkitchenequipment.com\/wp-content\/uploads\/2024\/09\/shelf-of-the-hot-food-display-300x225.webp 300w, https:\/\/acenoxkitchenequipment.com\/wp-content\/uploads\/2024\/09\/shelf-of-the-hot-food-display-768x576.webp 768w, https:\/\/acenoxkitchenequipment.com\/wp-content\/uploads\/2024\/09\/shelf-of-the-hot-food-display-16x12.webp 16w, https:\/\/acenoxkitchenequipment.com\/wp-content\/uploads\/2024\/09\/shelf-of-the-hot-food-display-600x450.webp 600w\" sizes=\"(max-width: 699px) 100vw, 699px\" \/><\/p>\n<p><img decoding=\"async\" class=\"alignnone  wp-image-10535\" src=\"https:\/\/acenoxkitchenequipment.com\/wp-content\/uploads\/2024\/09\/commercial-hot-food-display.webp\" alt=\"hot food display\" width=\"698\" height=\"523\" srcset=\"https:\/\/acenoxkitchenequipment.com\/wp-content\/uploads\/2024\/09\/commercial-hot-food-display.webp 800w, https:\/\/acenoxkitchenequipment.com\/wp-content\/uploads\/2024\/09\/commercial-hot-food-display-300x225.webp 300w, https:\/\/acenoxkitchenequipment.com\/wp-content\/uploads\/2024\/09\/commercial-hot-food-display-768x576.webp 768w, https:\/\/acenoxkitchenequipment.com\/wp-content\/uploads\/2024\/09\/commercial-hot-food-display-16x12.webp 16w, https:\/\/acenoxkitchenequipment.com\/wp-content\/uploads\/2024\/09\/commercial-hot-food-display-600x450.webp 600w\" sizes=\"(max-width: 698px) 100vw, 698px\" \/><\/p>\n<p>&nbsp;<\/p>\n<p>&nbsp;<\/p>","protected":false},"excerpt":{"rendered":"<p>Three stainless steel wire shelves, strong and large display volume<\/p>","protected":false},"featured_media":10536,"comment_status":"closed","ping_status":"closed","template":"","meta":{"_seopress_robots_primary_cat":"none","_seopress_titles_title":"Hot Food Display For Pastry For Sale %%sep%%Heavy-duty Stainless","_seopress_titles_desc":"Hot Food Display for Sale, $ 2100.00 for 900mm wide on sale, Get a bottom price from direct manufacturer based at Melbourne,Australia,18 months warranty!","_seopress_robots_index":""},"product_cat":[59],"product_tag":[],"_links":{"self":[{"href":"https:\/\/acenoxkitchenequipment.com\/vi\/wp-json\/wp\/v2\/product\/10532"}],"collection":[{"href":"https:\/\/acenoxkitchenequipment.com\/vi\/wp-json\/wp\/v2\/product"}],"about":[{"href":"https:\/\/acenoxkitchenequipment.com\/vi\/wp-json\/wp\/v2\/types\/product"}],"replies":[{"embeddable":true,"href":"https:\/\/acenoxkitchenequipment.com\/vi\/wp-json\/wp\/v2\/comments?post=10532"}],"version-history":[{"count":0,"href":"https:\/\/acenoxkitchenequipment.com\/vi\/wp-json\/wp\/v2\/product\/10532\/revisions"}],"wp:featuredmedia":[{"embeddable":true,"href":"https:\/\/acenoxkitchenequipment.com\/vi\/wp-json\/wp\/v2\/media\/10536"}],"wp:attachment":[{"href":"https:\/\/acenoxkitchenequipment.com\/vi\/wp-json\/wp\/v2\/media?parent=10532"}],"wp:term":[{"taxonomy":"product_cat","embeddable":true,"href":"https:\/\/acenoxkitchenequipment.com\/vi\/wp-json\/wp\/v2\/product_cat?post=10532"},{"taxonomy":"product_tag","embeddable":true,"href":"https:\/\/acenoxkitchenequipment.com\/vi\/wp-json\/wp\/v2\/product_tag?post=10532"}],"curies":[{"name":"wp","href":"https:\/\/api.w.org\/{rel}","templated":true}]}}