{"id":10450,"date":"2024-08-08T12:02:56","date_gmt":"2024-08-08T04:02:56","guid":{"rendered":"https:\/\/acenoxkitchenequipment.com\/?post_type=product&#038;p=10450"},"modified":"2024-08-08T20:58:17","modified_gmt":"2024-08-08T12:58:17","slug":"pizza-prep-table","status":"publish","type":"product","link":"https:\/\/acenoxkitchenequipment.com\/vi\/san-pham\/pizza-prep-table\/","title":{"rendered":"Pizza Prep Table with Granite Top"},"content":{"rendered":"<h3>Pizza Prep Table with Granite Top<\/h3>\n<p><img decoding=\"async\" class=\"wp-image-10455 alignright\" src=\"https:\/\/acenoxkitchenequipment.com\/wp-content\/uploads\/2024\/08\/CE.png\" alt=\"pizza prep table with granite top\" width=\"139\" height=\"103\" srcset=\"https:\/\/acenoxkitchenequipment.com\/wp-content\/uploads\/2024\/08\/CE.png 214w, https:\/\/acenoxkitchenequipment.com\/wp-content\/uploads\/2024\/08\/CE-16x12.png 16w\" sizes=\"(max-width: 139px) 100vw, 139px\" \/><\/p>\n<div class=\"q-click-wrapper qu-display--block qu-tapHighlight--white qu-cursor--pointer qu-hover--textDecoration--underline ClickWrapper___StyledClickWrapperBox-zoqi4f-0 iyYUZT\" tabindex=\"0\">\n<div class=\"q-flex qu-flexDirection--row\">\n<div class=\"q-inline qu-flexWrap--wrap\">\n<div class=\"QuestionTitle___StyledText-exj38m-0 chNUqN puppeteer_test_question_title\">Our prep table is built to withstand frenquent daily use for many years. It comes with a sleep and professional appearance that&#8217;s easy to clean and maintain.<\/div>\n<\/div>\n<\/div>\n<\/div>\n<p>As a direct manufacturer, we offer different stainless steel for customization! No matter you run a small restaurant or high end hotel, we have different budget to meet your demands.<\/p>\n<p><strong>Standard Features:<\/strong><\/p>\n<ul>\n<li>Interior and Exterior are all stainless steel<\/li>\n<li>Th\u00e9p kh\u00f4ng g\u1ec9 kh\u00f4ng \u0111\u1ec3 l\u1ea1i d\u1ea5u v\u00e2n tay gi\u00fap duy tr\u00ec b\u1ec1 m\u1eb7t s\u1ea1ch h\u01a1n, \u0111i\u1ec1u n\u00e0y r\u1ea5t quan tr\u1ecdng \u0111\u1ed1i v\u1edbi v\u1ea5n \u0111\u1ec1 v\u1ec7 sinh. N\u00f3 gi\u1eef cho t\u1ee7 l\u1ea1nh tr\u00f4ng b\u00f3ng b\u1ea9y v\u00e0 ho\u00e0n thi\u1ec7n t\u1ed1t.<\/li>\n<li>Three Self-closing doors<\/li>\n<li>T\u00f9y ch\u1ecdn m\u00e1y n\u00e9n: Cubigel\/ Embraco\/ Secop<\/li>\n<li>L\u00e0m m\u00e1t th\u00f4ng gi\u00f3<\/li>\n<li>The smooth and durable granite top provides an ideal surface for pizza preparation, ensuring dough can be handled with precision while adding a touch of elegance to your kitchen.<\/li>\n<li>Every electrical part is reputable brand like EBM Fans, Embraco\/Secop Compressor, Italy digital temperature controller, etc.<\/li>\n<li>T\u00f9y ch\u1ecdn 1 v\u1ec1 \u0111i\u1ec1u ki\u1ec7n l\u00e0m vi\u1ec7c: 32oC, \u0111\u1ed9 \u1ea9m 65%<\/li>\n<li>T\u00f9y ch\u1ecdn 2 v\u1ec1 \u0111i\u1ec1u ki\u1ec7n l\u00e0m vi\u1ec7c: 38oC, \u0111\u1ed9 \u1ea9m 65%<\/li>\n<\/ul>\n<h3>Specifications of Pizza Prep Table<\/h3>\n<div class=\"wptb-table-container wptb-table-10457\"><div class=\"wptb-table-container-matrix\" id=\"wptb-table-id-10457\" data-wptb-version=\"1.4.14\" data-wptb-pro-status=\"false\"><table class=\"wptb-preview-table wptb-element-main-table_setting-5987\" data-wptb-adaptive-table=\"0\" data-wptb-cells-width-auto-count=\"2\" data-wptb-table-tds-sum-max-width=\"263.33333\" style=\"border-style: solid; border-width: 1px;\" data-table-columns=\"2\" data-reconstraction=\"1\" data-wptb-horizontal-scroll-status=\"false\" data-wptb-extra-styles=\"LyogRW50ZXIgeW91ciBjdXN0b20gQ1NTIHJ1bGVzIGhlcmUgKi8=\" role=\"table\" data-wptb-even-row-background-color=\"#FFFFFFFF\" data-wptb-odd-row-background-color=\"#FFFFFFFF\" data-wptb-header-background-color=\"#FFFCFCFF\"><tbody><tr class=\"wptb-row\" style=\"background-color: rgb(255, 252, 252);\"><td class=\"wptb-cell\" data-wptb-css-td-auto-width=\"true\" data-x-index=\"0\" data-y-index=\"0\" style=\"padding: 15px; border-style: solid; border-width: 1px; height: 31px;\"><div class=\"wptb-text-container wptb-ph-element wptb-element-text-1\" style=\"color: rgb(74, 85, 104); font-size: 19px;\"><div class=\"\" style=\"position: relative;\"><p><strong>T\u00ean<\/strong><\/p><\/div><\/div><\/td><td class=\"wptb-cell\" style=\"padding: 15px; border-style: solid; border-width: 1px; height: 31px;\" data-x-index=\"1\" data-y-index=\"0\" data-wptb-css-td-auto-width=\"true\"><div class=\"wptb-text-container wptb-ph-element wptb-element-text-54\" style=\"color: rgb(74, 85, 104); font-size: 19px;\"><div class=\"\" style=\"position: relative;\"><p>Pizza prep table<\/p><\/div><\/div><\/td><\/tr><tr class=\"wptb-row\" style=\"background-color: rgb(255, 255, 255); --hover-bg-color: undefined;\"><td class=\"wptb-cell\" style=\"padding: 15px; border-style: solid; border-width: 1px;\" data-x-index=\"0\" data-y-index=\"1\" data-wptb-css-td-auto-width=\"true\"><div class=\"wptb-text-container wptb-ph-element wptb-element-text-96\" style=\"color: rgb(0, 0, 0); font-size: 15px;\"><div class=\"\" style=\"position: relative;\"><p>Ng\u01b0\u1eddi m\u1eabu<\/p><\/div><\/div><\/td><td class=\"wptb-cell\" style=\"padding: 15px; border-style: solid; border-width: 1px;\" data-x-index=\"1\" data-y-index=\"1\" data-wptb-css-td-auto-width=\"true\"><div class=\"wptb-text-container wptb-ph-element wptb-element-text-97\" style=\"color: rgb(0, 0, 0); font-size: 15px;\"><div class=\"\" style=\"position: relative;\"><p>PZ-2025TN<\/p><\/div><\/div><\/td><\/tr><tr class=\"wptb-row\" style=\"--hover-bg-color: undefined; background-color: rgb(255, 255, 255);\"><td class=\"wptb-cell\" data-wptb-css-td-auto-width=\"true\" data-x-index=\"0\" data-y-index=\"2\" style=\"padding: 15px; border-style: solid; border-width: 1px;\"><div class=\"wptb-text-container wptb-ph-element wptb-element-text-7\" style=\"color: rgb(74, 85, 104); font-size: 15px;\"><div class=\"\" style=\"position: relative;\"><p>Dung t\u00edch:<\/p><\/div><\/div><\/td><td class=\"wptb-cell\" style=\"padding: 15px; border-style: solid; border-width: 1px;\" data-x-index=\"1\" data-y-index=\"2\" data-wptb-css-td-auto-width=\"true\"><div class=\"wptb-text-container wptb-ph-element wptb-element-text-85\" style=\"color: rgb(0, 0, 0); font-size: 15px;\"><div class=\"\" style=\"position: relative;\"><p>580L<\/p><p><\/p><\/div><\/div><\/td><\/tr><tr class=\"wptb-row\" style=\"background-color: rgb(255, 255, 255); --hover-bg-color: undefined;\"><td class=\"wptb-cell\" style=\"padding: 15px; border-style: solid; border-width: 1px;\" data-x-index=\"0\" data-y-index=\"3\" data-wptb-css-td-auto-width=\"true\"><div class=\"wptb-text-container wptb-ph-element wptb-element-text-86\" style=\"color: rgb(0, 0, 0); font-size: 15px;\"><div class=\"\" style=\"position: relative;\"><p>K\u00edch th\u01b0\u1edbc (W\u00d7D\u00d7H)<\/p><\/div><\/div><\/td><td class=\"wptb-cell\" style=\"padding: 15px; border-style: solid; border-width: 1px;\" data-x-index=\"1\" data-y-index=\"3\" data-wptb-css-td-auto-width=\"true\"><div class=\"wptb-text-container wptb-ph-element wptb-element-text-87\" style=\"color: rgb(0, 0, 0); font-size: 15px;\"><div class=\"\" style=\"position: relative;\"><p>2025 &times; 800 &times; 1000<\/p><\/div><\/div><\/td><\/tr><tr class=\"wptb-row\" style=\"--hover-bg-color: undefined; background-color: rgb(255, 255, 255);\"><td class=\"wptb-cell\" data-wptb-css-td-auto-width=\"true\" data-x-index=\"0\" data-y-index=\"4\" style=\"padding: 15px; border-style: solid; border-width: 1px;\"><div class=\"wptb-text-container wptb-ph-element wptb-element-text-13\" style=\"color: rgb(74, 74, 74); font-size: 15px;\"><div class=\"\" style=\"position: relative;\"><p>Nhi\u1ec7t \u0111\u1ed9(\u2109)<\/p><p><\/p><\/div><\/div><\/td><td class=\"wptb-cell\" style=\"padding: 15px; border-style: solid; border-width: 1px;\" data-x-index=\"1\" data-y-index=\"4\" data-wptb-css-td-auto-width=\"true\"><div class=\"wptb-text-container wptb-ph-element wptb-element-text-62\" style=\"color: rgb(74, 85, 104); font-size: 15px;\"><div class=\"\" style=\"position: relative;\"><p>0-10&#8451;<\/p><\/div><\/div><\/td><\/tr><tr class=\"wptb-row\" style=\"background-color: rgb(255, 255, 255); --hover-bg-color: undefined;\"><td class=\"wptb-cell\" style=\"padding: 15px; border-style: solid; border-width: 1px;\" data-x-index=\"0\" data-y-index=\"5\" data-wptb-css-td-auto-width=\"true\"><div class=\"wptb-text-container wptb-ph-element wptb-element-text-92\" style=\"color: rgb(0, 0, 0); font-size: 15px;\"><div class=\"\" style=\"position: relative;\"><p>Quy\u1ec1n l\u1ef1c<\/p><\/div><\/div><\/td><td class=\"wptb-cell\" style=\"padding: 15px; border-style: solid; border-width: 1px;\" data-x-index=\"1\" data-y-index=\"5\" data-wptb-css-td-auto-width=\"true\"><div class=\"wptb-text-container wptb-ph-element wptb-element-text-93\" style=\"color: rgb(0, 0, 0); font-size: 15px;\"><div class=\"\" style=\"position: relative;\"><p>W<\/p><\/div><\/div><\/td><\/tr><tr class=\"wptb-row\" style=\"background-color: rgb(255, 255, 255); --hover-bg-color: undefined;\"><td class=\"wptb-cell\" style=\"padding: 15px; border-style: solid; border-width: 1px;\" data-x-index=\"0\" data-y-index=\"6\" data-wptb-css-td-auto-width=\"true\"><div class=\"wptb-text-container wptb-ph-element wptb-element-text-90\" style=\"color: rgb(0, 0, 0); font-size: 15px;\"><div class=\"\" style=\"position: relative;\"><p>ch\u1ea5t l\u00e0m l\u1ea1nh<\/p><\/div><\/div><\/td><td class=\"wptb-cell\" style=\"padding: 15px; border-style: solid; border-width: 1px;\" data-x-index=\"1\" data-y-index=\"6\" data-wptb-css-td-auto-width=\"true\"><div class=\"wptb-text-container wptb-ph-element wptb-element-text-91\" style=\"color: rgb(0, 0, 0); font-size: 15px;\"><div class=\"\" style=\"position: relative;\"><p>R290<\/p><\/div><\/div><\/td><\/tr><tr class=\"wptb-row\" style=\"background-color: rgb(255, 255, 255); --hover-bg-color: undefined;\"><td class=\"wptb-cell\" style=\"padding: 15px; border-style: solid; border-width: 1px;\" data-x-index=\"0\" data-y-index=\"7\" data-wptb-css-td-auto-width=\"true\"><div class=\"wptb-text-container wptb-ph-element wptb-element-text-94\" style=\"color: rgb(0, 0, 0); font-size: 15px;\"><div class=\"\" style=\"position: relative;\"><p>T\u1ea7n s\u1ed1 \u0111i\u1ec7n \u00e1p<\/p><\/div><\/div><\/td><td class=\"wptb-cell\" style=\"padding: 15px; border-style: solid; border-width: 1px;\" data-x-index=\"1\" data-y-index=\"7\" data-wptb-css-td-auto-width=\"true\"><div class=\"wptb-text-container wptb-ph-element wptb-element-text-95\" style=\"color: rgb(0, 0, 0); font-size: 15px;\"><div class=\"\" style=\"position: relative;\"><p>220V50HZ or \/110V\/60HZ<\/p><\/div><\/div><\/td><\/tr><tr class=\"wptb-row\" style=\"background-color: rgb(255, 255, 255); --hover-bg-color: undefined;\"><td class=\"wptb-cell\" style=\"padding: 15px; border-style: solid; border-width: 1px;\" data-x-index=\"0\" data-y-index=\"8\" data-wptb-css-td-auto-width=\"true\"><div class=\"wptb-text-container wptb-ph-element wptb-element-text-88\" style=\"color: rgb(0, 0, 0); font-size: 15px;\"><div class=\"\" style=\"position: relative;\"><p>M\u00e1y n\u00e9n<\/p><\/div><\/div><\/td><td class=\"wptb-cell\" style=\"padding: 15px; border-style: solid; border-width: 1px;\" data-x-index=\"1\" data-y-index=\"8\" data-wptb-css-td-auto-width=\"true\"><div class=\"wptb-text-container wptb-ph-element wptb-element-text-89\" style=\"color: rgb(0, 0, 0); font-size: 15px;\"><div class=\"\" style=\"position: relative;\"><p>Th\u01b0\u01a1ng hi\u1ec7u<\/p><\/div><\/div><\/td><\/tr><tr class=\"wptb-row\" style=\"--hover-bg-color: undefined; background-color: rgb(255, 255, 255);\"><td class=\"wptb-cell\" style=\"padding: 15px; border-style: solid; border-width: 1px;\" data-x-index=\"0\" data-y-index=\"9\" data-wptb-css-td-auto-width=\"true\"><div class=\"wptb-text-container wptb-ph-element wptb-element-text-71\" style=\"color: rgb(74, 85, 104); font-size: 15px;\"><div class=\"\" style=\"position: relative;\"><p>R\u00e3 \u0111\u00f4ng<\/p><\/div><\/div><\/td><td class=\"wptb-cell\" style=\"padding: 15px; border-style: solid; border-width: 1px;\" data-x-index=\"1\" data-y-index=\"9\" data-wptb-css-td-auto-width=\"true\"><div class=\"wptb-text-container wptb-ph-element wptb-element-text-73\" style=\"color: rgb(74, 85, 104); font-size: 15px;\"><div class=\"\" style=\"position: relative;\"><p>T\u1ef1 \u0111\u1ed9ng<\/p><p><\/p><\/div><\/div><\/td><\/tr><tr class=\"wptb-row\" style=\"--hover-bg-color: undefined; background-color: rgb(255, 255, 255);\"><td class=\"wptb-cell\" style=\"padding: 15px; border-style: solid; border-width: 1px;\" data-x-index=\"0\" data-y-index=\"10\" data-wptb-css-td-auto-width=\"true\"><div class=\"wptb-text-container wptb-ph-element wptb-element-text-76\" style=\"color: rgb(74, 85, 104); font-size: 15px;\"><div class=\"\" style=\"position: relative;\"><p>M\u00e1y \u0111i\u1ec1u nhi\u1ec7t<\/p><p><\/p><\/div><\/div><\/td><td class=\"wptb-cell\" style=\"padding: 15px; border-style: solid; border-width: 1px;\" data-x-index=\"1\" data-y-index=\"10\" data-wptb-css-td-auto-width=\"true\"><div class=\"wptb-text-container wptb-ph-element wptb-element-text-78\" style=\"color: rgb(74, 85, 104); font-size: 15px;\"><div class=\"\" style=\"position: relative;\"><p>K\u1ef9 thu\u1eadt s\u1ed1, Th\u01b0\u01a1ng hi\u1ec7u \u00dd<\/p><\/div><\/div><\/td><\/tr><\/tbody><\/table><\/div><\/div>\n\n<h3>H\u00ecnh \u1ea3nh T\u1ee7 L\u1ea1nh Th\u01b0\u01a1ng M\u1ea1i<\/h3>\n<p><img fetchpriority=\"high\" decoding=\"async\" class=\"alignnone size-full wp-image-10459\" src=\"https:\/\/acenoxkitchenequipment.com\/wp-content\/uploads\/2024\/08\/granite-pizza-table.webp\" alt=\"pizza prep table with granite top\" width=\"800\" height=\"600\" srcset=\"https:\/\/acenoxkitchenequipment.com\/wp-content\/uploads\/2024\/08\/granite-pizza-table.webp 800w, https:\/\/acenoxkitchenequipment.com\/wp-content\/uploads\/2024\/08\/granite-pizza-table-300x225.webp 300w, https:\/\/acenoxkitchenequipment.com\/wp-content\/uploads\/2024\/08\/granite-pizza-table-768x576.webp 768w, https:\/\/acenoxkitchenequipment.com\/wp-content\/uploads\/2024\/08\/granite-pizza-table-16x12.webp 16w, https:\/\/acenoxkitchenequipment.com\/wp-content\/uploads\/2024\/08\/granite-pizza-table-600x450.webp 600w\" sizes=\"(max-width: 800px) 100vw, 800px\" \/><\/p>\n<p>&nbsp;<\/p>\n<h3><\/h3>\n<h3>What advanced craft we have?<\/h3>\n<ul>\n<li>We <span data-preserver-spaces=\"true\">use Salvagnini automatic machine, which <\/span><span data-preserver-spaces=\"true\">is designed<\/span><span data-preserver-spaces=\"true\"> to minimize human error and enhance the accuracy and whole quality of the machine from the beginning process.<\/span><\/li>\n<li>Conform to CE and ETL standard.<\/li>\n<li>High frequency laser welding is an advanced manufacturing technology used in our workshop for precision welding of the copper pipes of the compressors<\/li>\n<li>High density of foaming.<\/li>\n<\/ul>\n<p>&nbsp;<\/p>\n<p>&nbsp;<\/p>\n<p>&nbsp;<\/p>\n<p>&nbsp;<\/p>\n<p>&nbsp;<\/p>\n<p>&nbsp;<\/p>\n<p>&nbsp;<\/p>\n<p>&nbsp;<\/p>","protected":false},"excerpt":{"rendered":"<p>Ventilated cooling; Two doors, custom compressor brand, and custom configuration for wholesale commercial fridges, premium craft from reputable factory.<\/p>","protected":false},"featured_media":10460,"comment_status":"open","ping_status":"closed","template":"","meta":{"_seopress_robots_primary_cat":"none","_seopress_titles_title":"Pizza Prep Table with Granite Top %%sep%%Prep Counter Fridges","_seopress_titles_desc":"Acenox produce the high quality standard pizza prep table counters and fridges;The combination of a granite prep surface and a robust stainless steel body makes it a valuable addition to any kitchen.","_seopress_robots_index":""},"product_cat":[242],"product_tag":[],"_links":{"self":[{"href":"https:\/\/acenoxkitchenequipment.com\/vi\/wp-json\/wp\/v2\/product\/10450"}],"collection":[{"href":"https:\/\/acenoxkitchenequipment.com\/vi\/wp-json\/wp\/v2\/product"}],"about":[{"href":"https:\/\/acenoxkitchenequipment.com\/vi\/wp-json\/wp\/v2\/types\/product"}],"replies":[{"embeddable":true,"href":"https:\/\/acenoxkitchenequipment.com\/vi\/wp-json\/wp\/v2\/comments?post=10450"}],"version-history":[{"count":0,"href":"https:\/\/acenoxkitchenequipment.com\/vi\/wp-json\/wp\/v2\/product\/10450\/revisions"}],"wp:featuredmedia":[{"embeddable":true,"href":"https:\/\/acenoxkitchenequipment.com\/vi\/wp-json\/wp\/v2\/media\/10460"}],"wp:attachment":[{"href":"https:\/\/acenoxkitchenequipment.com\/vi\/wp-json\/wp\/v2\/media?parent=10450"}],"wp:term":[{"taxonomy":"product_cat","embeddable":true,"href":"https:\/\/acenoxkitchenequipment.com\/vi\/wp-json\/wp\/v2\/product_cat?post=10450"},{"taxonomy":"product_tag","embeddable":true,"href":"https:\/\/acenoxkitchenequipment.com\/vi\/wp-json\/wp\/v2\/product_tag?post=10450"}],"curies":[{"name":"wp","href":"https:\/\/api.w.org\/{rel}","templated":true}]}}