{"id":10050,"date":"2024-07-27T22:46:53","date_gmt":"2024-07-27T14:46:53","guid":{"rendered":"https:\/\/acenoxkitchenequipment.com\/?post_type=product&#038;p=10050"},"modified":"2024-07-28T15:33:35","modified_gmt":"2024-07-28T07:33:35","slug":"commercial-reach-in-refrigerator","status":"publish","type":"product","link":"https:\/\/acenoxkitchenequipment.com\/vi\/san-pham\/commercial-reach-in-refrigerator\/","title":{"rendered":"Ti\u1ebfp c\u1eadn th\u01b0\u01a1ng m\u1ea1i trong t\u1ee7 l\u1ea1nh"},"content":{"rendered":"<h3>Ti\u1ebfp c\u1eadn th\u01b0\u01a1ng m\u1ea1i trong t\u1ee7 l\u1ea1nh<br \/>\n<img decoding=\"async\" class=\"size-full wp-image-10046 alignright\" src=\"https:\/\/acenoxkitchenequipment.com\/wp-content\/uploads\/2024\/07\/etl.png\" alt=\"commerial fridge\" width=\"177\" height=\"186\" srcset=\"https:\/\/acenoxkitchenequipment.com\/wp-content\/uploads\/2024\/07\/etl.png 177w, https:\/\/acenoxkitchenequipment.com\/wp-content\/uploads\/2024\/07\/etl-11x12.png 11w\" sizes=\"(max-width: 177px) 100vw, 177px\" \/><\/h3>\n<div class=\"q-click-wrapper qu-display--block qu-tapHighlight--white qu-cursor--pointer qu-hover--textDecoration--underline ClickWrapper___StyledClickWrapperBox-zoqi4f-0 iyYUZT\" tabindex=\"0\">\n<div class=\"q-flex qu-flexDirection--row\">\n<div class=\"q-inline qu-flexWrap--wrap\">\n<div class=\"QuestionTitle___StyledText-exj38m-0 chNUqN puppeteer_test_question_title\"><span class=\"q-box qu-userSelect--text\">C\u00e1c b\u1ed9 ph\u1eadn l\u00e0m l\u1ea1nh \u0111\u01b0\u1ee3c \u0111\u1eb7t \u1edf d\u01b0\u1edbi c\u00f9ng c\u1ee7a t\u1ee7 l\u1ea1nh<\/span><\/div>\n<\/div>\n<\/div>\n<\/div>\n<p>\u0110\u00e2y l\u00e0 t\u1ee7 l\u1ea1nh th\u01b0\u01a1ng m\u1ea1i m\u1ed9t c\u1eeda d\u00e0nh cho m\u1ee5c \u0111\u00edch th\u01b0\u01a1ng m\u1ea1i, k\u00edch th\u01b0\u1edbc nh\u1ecf khi\u1ebfn n\u00f3 tr\u1edf th\u00e0nh l\u1ef1a ch\u1ecdn l\u00fd t\u01b0\u1edfng cho c\u00e1c nh\u00e0 b\u1ebfp th\u01b0\u01a1ng m\u1ea1i nh\u1ecf<\/p>\n<p><strong>\u0110\u1eb7c tr\u01b0ng:<\/strong><\/p>\n<ul>\n<li>Ch\u00fang t\u00f4i khuy\u00ean d\u00f9ng m\u00e1y n\u00e9n Secop n\u1ebfu \u0111i\u1ec1u n\u00e0y ph\u00f9 h\u1ee3p v\u1edbi b\u1ea1n, m\u00e1y n\u00e9n Secop \u0111\u1ebfn t\u1eeb \u0110\u1ee9c l\u00e0 th\u01b0\u01a1ng hi\u1ec7u n\u1ed5i ti\u1ebfng v\u00e0 uy t\u00edn v\u1edbi l\u1ecbch s\u1eed 60 n\u0103m.<\/li>\n<li>Th\u00e9p kh\u00f4ng g\u1ec9 kh\u00f4ng \u0111\u1ec3 l\u1ea1i d\u1ea5u v\u00e2n tay gi\u00fap duy tr\u00ec b\u1ec1 m\u1eb7t s\u1ea1ch h\u01a1n, \u0111i\u1ec1u n\u00e0y r\u1ea5t quan tr\u1ecdng \u0111\u1ed1i v\u1edbi v\u1ea5n \u0111\u1ec1 v\u1ec7 sinh. N\u00f3 gi\u1eef cho t\u1ee7 l\u1ea1nh tr\u00f4ng b\u00f3ng b\u1ea9y v\u00e0 ho\u00e0n thi\u1ec7n t\u1ed1t.<\/li>\n<li>Ba c\u1eeda t\u1ef1 \u0111\u00f3ng<\/li>\n<li>T\u00f9y ch\u1ecdn m\u00e1y n\u00e9n: Cubigel\/ Embraco\/ Secop<\/li>\n<li>T\u00f9y ch\u1ecdn 1 v\u1ec1 \u0111i\u1ec1u ki\u1ec7n l\u00e0m vi\u1ec7c: 32oC, \u0111\u1ed9 \u1ea9m 65%<\/li>\n<li>T\u00f9y ch\u1ecdn 2 v\u1ec1 \u0111i\u1ec1u ki\u1ec7n l\u00e0m vi\u1ec7c: 38oC, \u0111\u1ed9 \u1ea9m 65%<\/li>\n<\/ul>\n<h3>Th\u00f4ng s\u1ed1 k\u1ef9 thu\u1eadt c\u1ee7a ph\u1ea1m vi th\u01b0\u01a1ng m\u1ea1i trong t\u1ee7 l\u1ea1nh<\/h3>\n<p>&nbsp;<\/p>\n<h3>H\u00ecnh \u1ea3nh T\u1ee7 L\u1ea1nh Th\u01b0\u01a1ng M\u1ea1i<\/h3>\n<p><img fetchpriority=\"high\" decoding=\"async\" class=\"alignnone wp-image-10049\" src=\"https:\/\/acenoxkitchenequipment.com\/wp-content\/uploads\/2024\/02\/digital-controller-of-reach-in-refrigerators.webp\" alt=\"single door commerial fridge\" width=\"727\" height=\"546\" srcset=\"https:\/\/acenoxkitchenequipment.com\/wp-content\/uploads\/2024\/02\/digital-controller-of-reach-in-refrigerators.webp 1000w, https:\/\/acenoxkitchenequipment.com\/wp-content\/uploads\/2024\/02\/digital-controller-of-reach-in-refrigerators-300x225.webp 300w, https:\/\/acenoxkitchenequipment.com\/wp-content\/uploads\/2024\/02\/digital-controller-of-reach-in-refrigerators-768x576.webp 768w, https:\/\/acenoxkitchenequipment.com\/wp-content\/uploads\/2024\/02\/digital-controller-of-reach-in-refrigerators-16x12.webp 16w, https:\/\/acenoxkitchenequipment.com\/wp-content\/uploads\/2024\/02\/digital-controller-of-reach-in-refrigerators-600x450.webp 600w\" sizes=\"(max-width: 727px) 100vw, 727px\" \/><\/p>\n<p><img decoding=\"async\" class=\"alignnone wp-image-9754\" src=\"https:\/\/acenoxkitchenequipment.com\/wp-content\/uploads\/2024\/07\/reach-in-refrigerators.webp\" alt=\"reach in refrigerator\" width=\"728\" height=\"546\" srcset=\"https:\/\/acenoxkitchenequipment.com\/wp-content\/uploads\/2024\/07\/reach-in-refrigerators.webp 900w, https:\/\/acenoxkitchenequipment.com\/wp-content\/uploads\/2024\/07\/reach-in-refrigerators-300x225.webp 300w, https:\/\/acenoxkitchenequipment.com\/wp-content\/uploads\/2024\/07\/reach-in-refrigerators-768x576.webp 768w, https:\/\/acenoxkitchenequipment.com\/wp-content\/uploads\/2024\/07\/reach-in-refrigerators-16x12.webp 16w, https:\/\/acenoxkitchenequipment.com\/wp-content\/uploads\/2024\/07\/reach-in-refrigerators-600x450.webp 600w\" sizes=\"(max-width: 728px) 100vw, 728px\" \/><\/p>\n<h3>T\u00f9y ch\u1ec9nh ph\u1ea1m vi ti\u1ebfp c\u1eadn th\u01b0\u01a1ng m\u1ea1i trong t\u1ee7 l\u1ea1nh<\/h3>\n<h3>C\u00e2u h\u1ecfi th\u01b0\u1eddng g\u1eb7p<\/h3>\n<p>&nbsp;<\/p>\n<p>&nbsp;<\/p>\n<p>&nbsp;<\/p>\n<p>&nbsp;<\/p>\n<p>&nbsp;<\/p>\n<p>&nbsp;<\/p>","protected":false},"excerpt":{"rendered":"<p>L\u00e0m m\u00e1t th\u00f4ng gi\u00f3; Ba c\u1eeda, nh\u00e3n hi\u1ec7u m\u00e1y n\u00e9n t\u00f9y ch\u1ec9nh v\u00e0 c\u1ea5u h\u00ecnh t\u00f9y ch\u1ec9nh cho t\u1ee7 l\u1ea1nh th\u01b0\u01a1ng m\u1ea1i b\u00e1n bu\u00f4n, th\u1ee7 c\u00f4ng cao c\u1ea5p t\u1eeb nh\u00e0 m\u00e1y uy t\u00edn.<\/p>","protected":false},"featured_media":10051,"comment_status":"open","ping_status":"closed","template":"","meta":{"_seopress_robots_primary_cat":"none","_seopress_titles_title":"Commercial Reach In Refrigerator %%sep%% Custom Design Available","_seopress_titles_desc":"Buy Commercial Reach In Refrigerator at wholesale price from us online, ETL certificated, temperature 33\u2109~ 41\u2109, customization is available.","_seopress_robots_index":""},"product_cat":[242],"product_tag":[293],"_links":{"self":[{"href":"https:\/\/acenoxkitchenequipment.com\/vi\/wp-json\/wp\/v2\/product\/10050"}],"collection":[{"href":"https:\/\/acenoxkitchenequipment.com\/vi\/wp-json\/wp\/v2\/product"}],"about":[{"href":"https:\/\/acenoxkitchenequipment.com\/vi\/wp-json\/wp\/v2\/types\/product"}],"replies":[{"embeddable":true,"href":"https:\/\/acenoxkitchenequipment.com\/vi\/wp-json\/wp\/v2\/comments?post=10050"}],"version-history":[{"count":0,"href":"https:\/\/acenoxkitchenequipment.com\/vi\/wp-json\/wp\/v2\/product\/10050\/revisions"}],"wp:featuredmedia":[{"embeddable":true,"href":"https:\/\/acenoxkitchenequipment.com\/vi\/wp-json\/wp\/v2\/media\/10051"}],"wp:attachment":[{"href":"https:\/\/acenoxkitchenequipment.com\/vi\/wp-json\/wp\/v2\/media?parent=10050"}],"wp:term":[{"taxonomy":"product_cat","embeddable":true,"href":"https:\/\/acenoxkitchenequipment.com\/vi\/wp-json\/wp\/v2\/product_cat?post=10050"},{"taxonomy":"product_tag","embeddable":true,"href":"https:\/\/acenoxkitchenequipment.com\/vi\/wp-json\/wp\/v2\/product_tag?post=10050"}],"curies":[{"name":"wp","href":"https:\/\/api.w.org\/{rel}","templated":true}]}}