{"id":10039,"date":"2024-07-27T20:11:34","date_gmt":"2024-07-27T12:11:34","guid":{"rendered":"https:\/\/acenoxkitchenequipment.com\/?post_type=product&#038;p=10039"},"modified":"2024-07-27T22:15:23","modified_gmt":"2024-07-27T14:15:23","slug":"commerial-fridge","status":"publish","type":"product","link":"https:\/\/acenoxkitchenequipment.com\/vi\/san-pham\/commerial-fridge\/","title":{"rendered":"T\u1ee7 l\u1ea1nh th\u01b0\u01a1ng m\u1ea1i"},"content":{"rendered":"<h3>T\u1ee7 l\u1ea1nh th\u01b0\u01a1ng m\u1ea1i <img decoding=\"async\" class=\"size-full wp-image-10046 alignright\" src=\"https:\/\/acenoxkitchenequipment.com\/wp-content\/uploads\/2024\/07\/etl.png\" alt=\"commerial fridge\" width=\"177\" height=\"186\" srcset=\"https:\/\/acenoxkitchenequipment.com\/wp-content\/uploads\/2024\/07\/etl.png 177w, https:\/\/acenoxkitchenequipment.com\/wp-content\/uploads\/2024\/07\/etl-11x12.png 11w\" sizes=\"(max-width: 177px) 100vw, 177px\" \/><\/h3>\n<div class=\"q-click-wrapper qu-display--block qu-tapHighlight--white qu-cursor--pointer qu-hover--textDecoration--underline ClickWrapper___StyledClickWrapperBox-zoqi4f-0 iyYUZT\" tabindex=\"0\">\n<div class=\"q-flex qu-flexDirection--row\">\n<div class=\"q-inline qu-flexWrap--wrap\">\n<div class=\"QuestionTitle___StyledText-exj38m-0 chNUqN puppeteer_test_question_title\"><span class=\"q-box qu-userSelect--text\">C\u00e1c b\u1ed9 ph\u1eadn l\u00e0m l\u1ea1nh \u0111\u01b0\u1ee3c \u0111\u1eb7t \u1edf d\u01b0\u1edbi c\u00f9ng c\u1ee7a t\u1ee7 l\u1ea1nh<\/span><\/div>\n<\/div>\n<\/div>\n<\/div>\n<p>\u0110\u00e2y l\u00e0 t\u1ee7 l\u1ea1nh th\u01b0\u01a1ng m\u1ea1i m\u1ed9t c\u1eeda d\u00e0nh cho m\u1ee5c \u0111\u00edch th\u01b0\u01a1ng m\u1ea1i, k\u00edch th\u01b0\u1edbc nh\u1ecf khi\u1ebfn n\u00f3 tr\u1edf th\u00e0nh l\u1ef1a ch\u1ecdn l\u00fd t\u01b0\u1edfng cho c\u00e1c nh\u00e0 b\u1ebfp th\u01b0\u01a1ng m\u1ea1i nh\u1ecf<\/p>\n<p><strong>\u0110\u1eb7c tr\u01b0ng:<\/strong><\/p>\n<ul>\n<li>C\u1eeda \u0111\u01a1n ch\u1eafc ch\u1eafn<\/li>\n<li>S\u1eed d\u1ee5ng t\u1ea5m th\u00e9p kh\u00f4ng g\u1ec9 ch\u1ea5t l\u01b0\u1ee3ng cao v\u00e0 ch\u1ecbu l\u1ef1c cao, thi\u1ebft k\u1ebf mang t\u00ednh th\u1ea9m m\u1ef9, sang tr\u1ecdng v\u00e0 k\u1ebft h\u1ee3p ki\u1ec3u d\u00e1ng c\u00f4ng nghi\u1ec7p th\u00e2n thi\u1ec7n v\u1edbi m\u00f4i tr\u01b0\u1eddng.<\/li>\n<li>V\u1edbi l\u1edbp l\u00f3t b\u00ean trong \u0111\u01b0\u1ee3c \u0111\u00fac s\u1eb5n, \u0111\u1ea3m b\u1ea3o l\u00e0m s\u1ea1ch d\u1ec5 d\u00e0ng v\u00e0 k\u1ef9 l\u01b0\u1ee1ng.<\/li>\n<li>To\u00e0n b\u1ed9 thi\u1ebft b\u1ecb \u0111\u01b0\u1ee3c l\u00e0m b\u1eb1ng v\u1eadt li\u1ec7u c\u00e1ch nhi\u1ec7t b\u1eb1ng b\u1ecdt cyclopentane m\u1eadt \u0111\u1ed9 cao, c\u00f3 \u0111\u1ed9 d\u00e0y 6cm~7cm \u0111\u1ec3 mang l\u1ea1i hi\u1ec7u qu\u1ea3 s\u1eed d\u1ee5ng n\u0103ng l\u01b0\u1ee3ng cao h\u01a1n v\u00e0 ti\u1ebft ki\u1ec7m n\u0103ng l\u01b0\u1ee3ng. L\u1edbp c\u00e1ch nhi\u1ec7t d\u00e0y gi\u00fap gi\u1ea3m thi\u1ec3u s\u1ef1 truy\u1ec1n nhi\u1ec7t gi\u1eefa b\u00ean trong v\u00e0 b\u00ean ngo\u00e0i t\u1ee7 l\u1ea1nh, gi\u1ea3m kh\u1ed1i l\u01b0\u1ee3ng c\u00f4ng vi\u1ec7c cho h\u1ec7 th\u1ed1ng l\u1ea1nh.<\/li>\n<li>\u0110\u01b0\u1ee3c trang b\u1ecb b\u1ed9 \u0111i\u1ec1u khi\u1ec3n nhi\u1ec7t \u0111\u1ed9 k\u1ef9 thu\u1eadt s\u1ed1 th\u01b0\u01a1ng hi\u1ec7u n\u1ed5i ti\u1ebfng v\u00e0 m\u00e1y n\u00e9n th\u01b0\u01a1ng hi\u1ec7u ch\u1ea5t l\u01b0\u1ee3ng cao.<\/li>\n<li>H\u01a1n 10 n\u0103m kinh nghi\u1ec7m s\u1ea3n xu\u1ea5t v\u00e0 s\u1eed d\u1ee5ng c\u1ee7a kh\u00e1ch h\u00e0ng tr\u00ean 20 qu\u1ed1c gia<\/li>\n<li>C\u1eeda t\u1ef1 \u0111\u00f3ng t\u1ef1 \u0111\u1ed9ng.<\/li>\n<li>S\u1eed d\u1ee5ng \u1ed1ng th\u00e9p ho\u00e0n to\u00e0n b\u1eb1ng \u0111\u1ed3ng, \u0111\u1ea3m b\u1ea3o kh\u00f4ng r\u00f2 r\u1ec9 v\u00e0 l\u01b0u th\u00f4ng t\u1ed1t<\/li>\n<li>B\u00e1nh xe t\u00edch h\u1ee3p v\u1edbi ch\u00e2n c\u00f3 th\u1ec3 \u0111i\u1ec1u ch\u1ec9nh \u0111\u1ec3 d\u1ec5 d\u00e0ng di chuy\u1ec3n.<\/li>\n<li>Mi\u1ebfng \u0111\u1ec7m c\u00f3 th\u1ec3 thay th\u1ebf, d\u1ec5 d\u00e0ng thay th\u1ebf<\/li>\n<li>T\u00f9y ch\u1ecdn 1 v\u1ec1 \u0111i\u1ec1u ki\u1ec7n l\u00e0m vi\u1ec7c: 32oC, \u0111\u1ed9 \u1ea9m 65%<\/li>\n<li>T\u00f9y ch\u1ecdn 2 v\u1ec1 \u0111i\u1ec1u ki\u1ec7n l\u00e0m vi\u1ec7c: 38oC, \u0111\u1ed9 \u1ea9m 65%<\/li>\n<\/ul>\n<h3>Th\u00f4ng s\u1ed1 k\u1ef9 thu\u1eadt c\u1ee7a t\u1ee7 l\u1ea1nh th\u01b0\u01a1ng m\u1ea1i<\/h3>\n<div class=\"wptb-table-container wptb-table-10044\"><div class=\"wptb-table-container-matrix\" id=\"wptb-table-id-10044\" data-wptb-version=\"1.4.14\" data-wptb-pro-status=\"false\"><table class=\"wptb-preview-table wptb-element-main-table_setting-5987\" data-wptb-adaptive-table=\"0\" data-wptb-cells-width-auto-count=\"2\" data-wptb-table-tds-sum-max-width=\"263.33333\" style=\"border-style: solid; border-width: 1px;\" data-table-columns=\"2\" data-reconstraction=\"1\" data-wptb-horizontal-scroll-status=\"false\" data-wptb-extra-styles=\"LyogRW50ZXIgeW91ciBjdXN0b20gQ1NTIHJ1bGVzIGhlcmUgKi8=\" role=\"table\" data-wptb-even-row-background-color=\"#FFFFFFFF\" data-wptb-odd-row-background-color=\"#FFFFFFFF\" data-wptb-header-background-color=\"#FFFCFCFF\"><tbody><tr class=\"wptb-row\" style=\"background-color: rgb(255, 252, 252);\"><td class=\"wptb-cell\" data-wptb-css-td-auto-width=\"true\" data-x-index=\"0\" data-y-index=\"0\" style=\"padding: 15px; border-style: solid; border-width: 1px; height: 31px;\"><div class=\"wptb-text-container wptb-ph-element wptb-element-text-1\" style=\"color: rgb(74, 85, 104); font-size: 19px;\"><div class=\"\" style=\"position: relative;\"><p><strong>T\u00ean<\/strong><\/p><\/div><\/div><\/td><td class=\"wptb-cell\" style=\"padding: 15px; border-style: solid; border-width: 1px; height: 31px;\" data-x-index=\"1\" data-y-index=\"0\" data-wptb-css-td-auto-width=\"true\"><div class=\"wptb-text-container wptb-ph-element wptb-element-text-54\" style=\"color: rgb(74, 85, 104); font-size: 19px;\"><div class=\"\" style=\"position: relative;\"><p>Ti\u1ebfp c\u1eadn trong t\u1ee7 l\u1ea1nh<\/p><\/div><\/div><\/td><\/tr><tr class=\"wptb-row\" style=\"background-color: rgb(255, 255, 255); --hover-bg-color: undefined;\"><td class=\"wptb-cell\" style=\"padding: 15px; border-style: solid; border-width: 1px;\" data-x-index=\"0\" data-y-index=\"1\" data-wptb-css-td-auto-width=\"true\"><div class=\"wptb-text-container wptb-ph-element wptb-element-text-96\" style=\"color: rgb(0, 0, 0); font-size: 15px;\"><div class=\"\" style=\"position: relative;\"><p>Ng\u01b0\u1eddi m\u1eabu<\/p><\/div><\/div><\/td><td class=\"wptb-cell\" style=\"padding: 15px; border-style: solid; border-width: 1px;\" data-x-index=\"1\" data-y-index=\"1\" data-wptb-css-td-auto-width=\"true\"><div class=\"wptb-text-container wptb-ph-element wptb-element-text-97\" style=\"color: rgb(0, 0, 0); font-size: 15px;\"><div class=\"\" style=\"position: relative;\"><p>AM-23BR<\/p><\/div><\/div><\/td><\/tr><tr class=\"wptb-row\" style=\"--hover-bg-color: undefined; background-color: rgb(255, 255, 255);\"><td class=\"wptb-cell\" data-wptb-css-td-auto-width=\"true\" data-x-index=\"0\" data-y-index=\"2\" style=\"padding: 15px; border-style: solid; border-width: 1px;\"><div class=\"wptb-text-container wptb-ph-element wptb-element-text-7\" style=\"color: rgb(74, 85, 104); font-size: 15px;\"><div class=\"\" style=\"position: relative;\"><p>Dung t\u00edch:<\/p><\/div><\/div><\/td><td class=\"wptb-cell\" style=\"padding: 15px; border-style: solid; border-width: 1px;\" data-x-index=\"1\" data-y-index=\"2\" data-wptb-css-td-auto-width=\"true\"><div class=\"wptb-text-container wptb-ph-element wptb-element-text-85\" style=\"color: rgb(0, 0, 0); font-size: 15px;\"><div class=\"\" style=\"position: relative;\"><p>23 CFT<\/p><p><\/p><\/div><\/div><\/td><\/tr><tr class=\"wptb-row\" style=\"background-color: rgb(255, 255, 255); --hover-bg-color: undefined;\"><td class=\"wptb-cell\" style=\"padding: 15px; border-style: solid; border-width: 1px;\" data-x-index=\"0\" data-y-index=\"3\" data-wptb-css-td-auto-width=\"true\"><div class=\"wptb-text-container wptb-ph-element wptb-element-text-86\" style=\"color: rgb(0, 0, 0); font-size: 15px;\"><div class=\"\" style=\"position: relative;\"><p>K\u00edch th\u01b0\u1edbc (W\u00d7D\u00d7H)<\/p><\/div><\/div><\/td><td class=\"wptb-cell\" style=\"padding: 15px; border-style: solid; border-width: 1px;\" data-x-index=\"1\" data-y-index=\"3\" data-wptb-css-td-auto-width=\"true\"><div class=\"wptb-text-container wptb-ph-element wptb-element-text-87\" style=\"color: rgb(0, 0, 0); font-size: 15px;\"><div class=\"\" style=\"position: relative;\"><p>27 inch \u00d7 32 inch \u00d7 83,5<\/p><\/div><\/div><\/td><\/tr><tr class=\"wptb-row\" style=\"--hover-bg-color: undefined; background-color: rgb(255, 255, 255);\"><td class=\"wptb-cell\" data-wptb-css-td-auto-width=\"true\" data-x-index=\"0\" data-y-index=\"4\" style=\"padding: 15px; border-style: solid; border-width: 1px;\"><div class=\"wptb-text-container wptb-ph-element wptb-element-text-13\" style=\"color: rgb(74, 74, 74); font-size: 15px;\"><div class=\"\" style=\"position: relative;\"><p>Nhi\u1ec7t \u0111\u1ed9(\u2109)<\/p><p><\/p><\/div><\/div><\/td><td class=\"wptb-cell\" style=\"padding: 15px; border-style: solid; border-width: 1px;\" data-x-index=\"1\" data-y-index=\"4\" data-wptb-css-td-auto-width=\"true\"><div class=\"wptb-text-container wptb-ph-element wptb-element-text-62\" style=\"color: rgb(74, 85, 104); font-size: 15px;\"><div class=\"\" style=\"position: relative;\"><p>33 ~ 41&#8457;<\/p><\/div><\/div><\/td><\/tr><tr class=\"wptb-row\" style=\"background-color: rgb(255, 255, 255); --hover-bg-color: undefined;\"><td class=\"wptb-cell\" style=\"padding: 15px; border-style: solid; border-width: 1px;\" data-x-index=\"0\" data-y-index=\"5\" data-wptb-css-td-auto-width=\"true\"><div class=\"wptb-text-container wptb-ph-element wptb-element-text-92\" style=\"color: rgb(0, 0, 0); font-size: 15px;\"><div class=\"\" style=\"position: relative;\"><p>Quy\u1ec1n l\u1ef1c<\/p><\/div><\/div><\/td><td class=\"wptb-cell\" style=\"padding: 15px; border-style: solid; border-width: 1px;\" data-x-index=\"1\" data-y-index=\"5\" data-wptb-css-td-auto-width=\"true\"><div class=\"wptb-text-container wptb-ph-element wptb-element-text-93\" style=\"color: rgb(0, 0, 0); font-size: 15px;\"><div class=\"\" style=\"position: relative;\"><p>W<\/p><\/div><\/div><\/td><\/tr><tr class=\"wptb-row\" style=\"background-color: rgb(255, 255, 255); --hover-bg-color: undefined;\"><td class=\"wptb-cell\" style=\"padding: 15px; border-style: solid; border-width: 1px;\" data-x-index=\"0\" data-y-index=\"6\" data-wptb-css-td-auto-width=\"true\"><div class=\"wptb-text-container wptb-ph-element wptb-element-text-90\" style=\"color: rgb(0, 0, 0); font-size: 15px;\"><div class=\"\" style=\"position: relative;\"><p>ch\u1ea5t l\u00e0m l\u1ea1nh<\/p><\/div><\/div><\/td><td class=\"wptb-cell\" style=\"padding: 15px; border-style: solid; border-width: 1px;\" data-x-index=\"1\" data-y-index=\"6\" data-wptb-css-td-auto-width=\"true\"><div class=\"wptb-text-container wptb-ph-element wptb-element-text-91\" style=\"color: rgb(0, 0, 0); font-size: 15px;\"><div class=\"\" style=\"position: relative;\"><p>R290<\/p><\/div><\/div><\/td><\/tr><tr class=\"wptb-row\" style=\"background-color: rgb(255, 255, 255); --hover-bg-color: undefined;\"><td class=\"wptb-cell\" style=\"padding: 15px; border-style: solid; border-width: 1px;\" data-x-index=\"0\" data-y-index=\"7\" data-wptb-css-td-auto-width=\"true\"><div class=\"wptb-text-container wptb-ph-element wptb-element-text-94\" style=\"color: rgb(0, 0, 0); font-size: 15px;\"><div class=\"\" style=\"position: relative;\"><p>T\u1ea7n s\u1ed1 \u0111i\u1ec7n \u00e1p<\/p><\/div><\/div><\/td><td class=\"wptb-cell\" style=\"padding: 15px; border-style: solid; border-width: 1px;\" data-x-index=\"1\" data-y-index=\"7\" data-wptb-css-td-auto-width=\"true\"><div class=\"wptb-text-container wptb-ph-element wptb-element-text-95\" style=\"color: rgb(0, 0, 0); font-size: 15px;\"><div class=\"\" style=\"position: relative;\"><p>115V\/60HZ<\/p><\/div><\/div><\/td><\/tr><tr class=\"wptb-row\" style=\"background-color: rgb(255, 255, 255); --hover-bg-color: undefined;\"><td class=\"wptb-cell\" style=\"padding: 15px; border-style: solid; border-width: 1px;\" data-x-index=\"0\" data-y-index=\"8\" data-wptb-css-td-auto-width=\"true\"><div class=\"wptb-text-container wptb-ph-element wptb-element-text-88\" style=\"color: rgb(0, 0, 0); font-size: 15px;\"><div class=\"\" style=\"position: relative;\"><p>M\u00e1y n\u00e9n<\/p><\/div><\/div><\/td><td class=\"wptb-cell\" style=\"padding: 15px; border-style: solid; border-width: 1px;\" data-x-index=\"1\" data-y-index=\"8\" data-wptb-css-td-auto-width=\"true\"><div class=\"wptb-text-container wptb-ph-element wptb-element-text-89\" style=\"color: rgb(0, 0, 0); font-size: 15px;\"><div class=\"\" style=\"position: relative;\"><p>Th\u01b0\u01a1ng hi\u1ec7u<\/p><\/div><\/div><\/td><\/tr><tr class=\"wptb-row\" style=\"--hover-bg-color: undefined; background-color: rgb(255, 255, 255);\"><td class=\"wptb-cell\" style=\"padding: 15px; border-style: solid; border-width: 1px;\" data-x-index=\"0\" data-y-index=\"9\" data-wptb-css-td-auto-width=\"true\"><div class=\"wptb-text-container wptb-ph-element wptb-element-text-71\" style=\"color: rgb(74, 85, 104); font-size: 15px;\"><div class=\"\" style=\"position: relative;\"><p>R\u00e3 \u0111\u00f4ng<\/p><\/div><\/div><\/td><td class=\"wptb-cell\" style=\"padding: 15px; border-style: solid; border-width: 1px;\" data-x-index=\"1\" data-y-index=\"9\" data-wptb-css-td-auto-width=\"true\"><div class=\"wptb-text-container wptb-ph-element wptb-element-text-73\" style=\"color: rgb(74, 85, 104); font-size: 15px;\"><div class=\"\" style=\"position: relative;\"><p>T\u1ef1 \u0111\u1ed9ng<\/p><p><\/p><\/div><\/div><\/td><\/tr><tr class=\"wptb-row\" style=\"--hover-bg-color: undefined; background-color: rgb(255, 255, 255);\"><td class=\"wptb-cell\" style=\"padding: 15px; border-style: solid; border-width: 1px;\" data-x-index=\"0\" data-y-index=\"10\" data-wptb-css-td-auto-width=\"true\"><div class=\"wptb-text-container wptb-ph-element wptb-element-text-76\" style=\"color: rgb(74, 85, 104); font-size: 15px;\"><div class=\"\" style=\"position: relative;\"><p>M\u00e1y \u0111i\u1ec1u nhi\u1ec7t<\/p><p><\/p><\/div><\/div><\/td><td class=\"wptb-cell\" style=\"padding: 15px; border-style: solid; border-width: 1px;\" data-x-index=\"1\" data-y-index=\"10\" data-wptb-css-td-auto-width=\"true\"><div class=\"wptb-text-container wptb-ph-element wptb-element-text-78\" style=\"color: rgb(74, 85, 104); font-size: 15px;\"><div class=\"\" style=\"position: relative;\"><p>K\u1ef9 thu\u1eadt s\u1ed1, Th\u01b0\u01a1ng hi\u1ec7u \u00dd<\/p><\/div><\/div><\/td><\/tr><\/tbody><\/table><\/div><\/div>\n\n<h3>H\u00ecnh \u1ea3nh T\u1ee7 L\u1ea1nh Th\u01b0\u01a1ng M\u1ea1i<\/h3>\n<p><img fetchpriority=\"high\" decoding=\"async\" class=\"alignnone wp-image-10040\" src=\"https:\/\/acenoxkitchenequipment.com\/wp-content\/uploads\/2024\/07\/commercial-fridge-solid-door.webp\" alt=\"commerial fridge\" width=\"798\" height=\"698\" srcset=\"https:\/\/acenoxkitchenequipment.com\/wp-content\/uploads\/2024\/07\/commercial-fridge-solid-door.webp 1000w, https:\/\/acenoxkitchenequipment.com\/wp-content\/uploads\/2024\/07\/commercial-fridge-solid-door-300x262.webp 300w, https:\/\/acenoxkitchenequipment.com\/wp-content\/uploads\/2024\/07\/commercial-fridge-solid-door-768x671.webp 768w, https:\/\/acenoxkitchenequipment.com\/wp-content\/uploads\/2024\/07\/commercial-fridge-solid-door-14x12.webp 14w, https:\/\/acenoxkitchenequipment.com\/wp-content\/uploads\/2024\/07\/commercial-fridge-solid-door-600x524.webp 600w\" sizes=\"(max-width: 798px) 100vw, 798px\" \/><\/p>\n<p><img decoding=\"async\" class=\"alignnone size-large wp-image-10041\" src=\"https:\/\/acenoxkitchenequipment.com\/wp-content\/uploads\/2024\/07\/commercial-fridge-single-door.webp\" alt=\"commerial fridge\" width=\"800\" height=\"776\" srcset=\"https:\/\/acenoxkitchenequipment.com\/wp-content\/uploads\/2024\/07\/commercial-fridge-single-door.webp 1000w, https:\/\/acenoxkitchenequipment.com\/wp-content\/uploads\/2024\/07\/commercial-fridge-single-door-300x291.webp 300w, https:\/\/acenoxkitchenequipment.com\/wp-content\/uploads\/2024\/07\/commercial-fridge-single-door-768x745.webp 768w, https:\/\/acenoxkitchenequipment.com\/wp-content\/uploads\/2024\/07\/commercial-fridge-single-door-12x12.webp 12w, https:\/\/acenoxkitchenequipment.com\/wp-content\/uploads\/2024\/07\/commercial-fridge-single-door-600x582.webp 600w\" sizes=\"(max-width: 800px) 100vw, 800px\" \/><\/p>\n<p>&nbsp;<\/p>","protected":false},"excerpt":{"rendered":"<p>L\u00e0m m\u00e1t th\u00f4ng gi\u00f3; M\u1ed9t c\u1eeda, nh\u00e3n hi\u1ec7u m\u00e1y n\u00e9n t\u00f9y ch\u1ec9nh v\u00e0 c\u1ea5u h\u00ecnh t\u00f9y ch\u1ec9nh cho t\u1ee7 l\u1ea1nh th\u01b0\u01a1ng m\u1ea1i b\u00e1n bu\u00f4n, th\u1ee7 c\u00f4ng cao c\u1ea5p t\u1eeb nh\u00e0 m\u00e1y uy t\u00edn.<\/p>","protected":false},"featured_media":10042,"comment_status":"open","ping_status":"closed","template":"","meta":{"_seopress_robots_primary_cat":"none","_seopress_titles_title":"Commercial Fridge Suppliers %%sep%% Solid Door Commercial Fridge","_seopress_titles_desc":"Commercial fridge and freezer supplier who provide Heavy-duty stainless steel, famous brand compressor and digital temperature controller","_seopress_robots_index":""},"product_cat":[242],"product_tag":[250],"_links":{"self":[{"href":"https:\/\/acenoxkitchenequipment.com\/vi\/wp-json\/wp\/v2\/product\/10039"}],"collection":[{"href":"https:\/\/acenoxkitchenequipment.com\/vi\/wp-json\/wp\/v2\/product"}],"about":[{"href":"https:\/\/acenoxkitchenequipment.com\/vi\/wp-json\/wp\/v2\/types\/product"}],"replies":[{"embeddable":true,"href":"https:\/\/acenoxkitchenequipment.com\/vi\/wp-json\/wp\/v2\/comments?post=10039"}],"version-history":[{"count":0,"href":"https:\/\/acenoxkitchenequipment.com\/vi\/wp-json\/wp\/v2\/product\/10039\/revisions"}],"wp:featuredmedia":[{"embeddable":true,"href":"https:\/\/acenoxkitchenequipment.com\/vi\/wp-json\/wp\/v2\/media\/10042"}],"wp:attachment":[{"href":"https:\/\/acenoxkitchenequipment.com\/vi\/wp-json\/wp\/v2\/media?parent=10039"}],"wp:term":[{"taxonomy":"product_cat","embeddable":true,"href":"https:\/\/acenoxkitchenequipment.com\/vi\/wp-json\/wp\/v2\/product_cat?post=10039"},{"taxonomy":"product_tag","embeddable":true,"href":"https:\/\/acenoxkitchenequipment.com\/vi\/wp-json\/wp\/v2\/product_tag?post=10039"}],"curies":[{"name":"wp","href":"https:\/\/api.w.org\/{rel}","templated":true}]}}