{"id":10021,"date":"2024-07-25T15:22:43","date_gmt":"2024-07-25T07:22:43","guid":{"rendered":"https:\/\/acenoxkitchenequipment.com\/?post_type=product&#038;p=10021"},"modified":"2024-07-30T00:07:29","modified_gmt":"2024-07-29T16:07:29","slug":"cake-fridge","status":"publish","type":"product","link":"https:\/\/acenoxkitchenequipment.com\/vi\/san-pham\/cake-fridge\/","title":{"rendered":"T\u1ee7 L\u1ea1nh B\u00e1nh Thi\u1ebft K\u1ebf Hi\u1ec7n \u0110\u1ea1i"},"content":{"rendered":"<h3>T\u00ednh n\u0103ng c\u1ee7a t\u1ee7 l\u1ea1nh b\u00e1nh<\/h3>\n<ul>\n<li><strong>T\u1ee7 L\u1ea1nh B\u00e1nh Kh\u00f4ng C\u1ea1nh Thi\u1ebft K\u1ebf Hi\u1ec7n \u0110\u1ea1i<\/strong><\/li>\n<\/ul>\n<p>C\u00e1c kh\u1edbp n\u1ed1i b\u1eb1ng k\u00ednh li\u1ec1n m\u1ea1ch mang \u0111\u1ebfn t\u1ea7m nh\u00ecn kh\u00f4ng b\u1ecb c\u1ea3n tr\u1edf v\u1ec1 nh\u1eefng chi\u1ebfc b\u00e1nh t\u1eeb m\u1ecdi g\u00f3c \u0111\u1ed9, khi\u1ebfn cho vi\u1ec7c tr\u01b0ng b\u00e0y tr\u1edf n\u00ean c\u1ef1c k\u1ef3 h\u1ea5p d\u1eabn! V\u1edbi \u00edt v\u1eadt c\u1ea3n h\u01a1n, \u00e1nh s\u00e1ng c\u00f3 th\u1ec3 \u0111\u01b0\u1ee3c ph\u00e2n b\u1ed5 hi\u1ec7u qu\u1ea3 h\u01a1n kh\u1eafp n\u01a1i tr\u01b0ng b\u00e0y, l\u00e0m n\u1ed5i b\u1eadt nh\u1eefng chi\u1ebfc b\u00e1nh m\u1ed9t c\u00e1ch \u0111\u1eb9p m\u1eaft.<\/p>\n<ul>\n<li><strong>T\u00f9y ch\u1ec9nh c\u00e0i \u0111\u1eb7t m\u00e1y t\u1ea1o \u0111\u1ed9 \u1ea9m<\/strong><\/li>\n<\/ul>\n<div class=\"JlqpRe\"><span class=\"JCzEY tNxQIb\"><span class=\"CSkcDe\">L\u00e0m th\u1ebf n\u00e0o \u0111\u1ec3 b\u00e1nh kh\u00f4ng b\u1ecb kh\u00f4 khi \u0111\u1ec3 trong t\u1ee7 l\u1ea1nh tr\u01b0ng b\u00e0y? T\u1ee7 l\u1ea1nh tr\u01b0ng b\u00e0y b\u00e1nh \u0111\u01b0\u1ee3c l\u00e0m m\u00e1t th\u00f4ng gi\u00f3 b\u1eb1ng qu\u1ea1t \u0111\u1ec3 l\u01b0u th\u00f4ng kh\u00f4ng kh\u00ed, \u0111i\u1ec1u n\u00e0y c\u00f3 th\u1ec3 khi\u1ebfn b\u00e1nh ng\u1ecdt b\u1ecb kh\u00f4 sau th\u1eddi gian d\u00e0i th\u1ed5i n\u1ebfu \u0111\u1ed9 k\u00edn c\u1ee7a t\u1ee7 l\u1ea1nh kh\u00f4ng t\u1ed1t.<\/span><\/span><\/div>\n<div>Ch\u00fang t\u00f4i \u0111\u00e3 l\u1eafp \u0111\u1eb7t m\u00e1y t\u1ea1o \u0111\u1ed9 \u1ea9m trong t\u1ee7 tr\u01b0ng b\u00e0y b\u00e1nh ng\u1ecdt n\u00e0y \u0111\u1ec3 ng\u0103n b\u00e1nh v\u00e0 m\u00f3n tr\u00e1ng mi\u1ec7ng b\u1ecb kh\u00f4. B\u1ea1n s\u1ebd kh\u00f4ng bao gi\u1edd ph\u1ea3i lo l\u1eafng v\u1ec1 v\u1ea5n \u0111\u1ec1 s\u1ea5y kh\u00f4 n\u00e0y!<\/div>\n<ul>\n<li><strong>Hai ho\u1eb7c ba k\u1ec7 th\u00e9p kh\u00f4ng g\u1ec9 \u0111\u1ec3 l\u1ef1a ch\u1ecdn<\/strong><\/li>\n<\/ul>\n<p>S\u1ed1 l\u01b0\u1ee3ng k\u1ec7 c\u00f3 th\u1ec3 \u0111\u01b0\u1ee3c t\u00f9y ch\u1ec9nh, chi\u1ec1u cao c\u00f3 th\u1ec3 \u0111\u01b0\u1ee3c t\u00f9y ch\u1ec9nh.<\/p>\n<ul>\n<li><strong>K\u00ednh c\u00f3 h\u1ec7 th\u1ed1ng ch\u1ed1ng s\u01b0\u01a1ng m\u00f9<\/strong><\/li>\n<\/ul>\n<p>Ba m\u1eb7t k\u00ednh c\u00f3 ch\u1ee9c n\u0103ng l\u00e0m n\u00f3ng, \u0111\u1ea3m b\u1ea3o lu\u00f4n hi\u1ec3n th\u1ecb ho\u00e0n h\u1ea3o<\/p>\n<h3>Th\u00f4ng s\u1ed1 k\u1ef9 thu\u1eadt c\u1ee7a t\u1ee7 l\u1ea1nh b\u00e1nh:<\/h3>\n<h3>H\u00ecnh \u1ea3nh T\u1ee7 L\u1ea1nh B\u00e1nh:<\/h3>\n<p><img fetchpriority=\"high\" decoding=\"async\" class=\"alignnone  wp-image-10074\" src=\"https:\/\/acenoxkitchenequipment.com\/wp-content\/uploads\/2024\/07\/New-design-cake-fridge.webp\" alt=\"cake fridge modern design\" width=\"647\" height=\"448\" srcset=\"https:\/\/acenoxkitchenequipment.com\/wp-content\/uploads\/2024\/07\/New-design-cake-fridge.webp 679w, https:\/\/acenoxkitchenequipment.com\/wp-content\/uploads\/2024\/07\/New-design-cake-fridge-300x208.webp 300w, https:\/\/acenoxkitchenequipment.com\/wp-content\/uploads\/2024\/07\/New-design-cake-fridge-18x12.webp 18w, https:\/\/acenoxkitchenequipment.com\/wp-content\/uploads\/2024\/07\/New-design-cake-fridge-600x415.webp 600w\" sizes=\"(max-width: 647px) 100vw, 647px\" \/><\/p>\n<p><img decoding=\"async\" class=\"alignnone  wp-image-10075\" src=\"https:\/\/acenoxkitchenequipment.com\/wp-content\/uploads\/2024\/07\/New-design-cake-fridge-2.webp\" alt=\"cake fridge modern design\" width=\"650\" height=\"448\" srcset=\"https:\/\/acenoxkitchenequipment.com\/wp-content\/uploads\/2024\/07\/New-design-cake-fridge-2.webp 680w, https:\/\/acenoxkitchenequipment.com\/wp-content\/uploads\/2024\/07\/New-design-cake-fridge-2-300x207.webp 300w, https:\/\/acenoxkitchenequipment.com\/wp-content\/uploads\/2024\/07\/New-design-cake-fridge-2-18x12.webp 18w, https:\/\/acenoxkitchenequipment.com\/wp-content\/uploads\/2024\/07\/New-design-cake-fridge-2-600x414.webp 600w\" sizes=\"(max-width: 650px) 100vw, 650px\" \/><\/p>\n<p><img decoding=\"async\" class=\"alignnone wp-image-10063\" src=\"https:\/\/acenoxkitchenequipment.com\/wp-content\/uploads\/2024\/07\/modern-cake-displays.webp\" alt=\"modern cake fridge\" width=\"651\" height=\"488\" srcset=\"https:\/\/acenoxkitchenequipment.com\/wp-content\/uploads\/2024\/07\/modern-cake-displays.webp 800w, https:\/\/acenoxkitchenequipment.com\/wp-content\/uploads\/2024\/07\/modern-cake-displays-300x225.webp 300w, https:\/\/acenoxkitchenequipment.com\/wp-content\/uploads\/2024\/07\/modern-cake-displays-768x576.webp 768w, https:\/\/acenoxkitchenequipment.com\/wp-content\/uploads\/2024\/07\/modern-cake-displays-16x12.webp 16w, https:\/\/acenoxkitchenequipment.com\/wp-content\/uploads\/2024\/07\/modern-cake-displays-600x450.webp 600w\" sizes=\"(max-width: 651px) 100vw, 651px\" \/><\/p>\n<p><img loading=\"lazy\" decoding=\"async\" class=\"alignnone wp-image-10066\" src=\"https:\/\/acenoxkitchenequipment.com\/wp-content\/uploads\/2024\/07\/pastry-cake-fridge.webp\" alt=\"cake fridge modern design\" width=\"655\" height=\"489\" srcset=\"https:\/\/acenoxkitchenequipment.com\/wp-content\/uploads\/2024\/07\/pastry-cake-fridge.webp 752w, https:\/\/acenoxkitchenequipment.com\/wp-content\/uploads\/2024\/07\/pastry-cake-fridge-300x224.webp 300w, https:\/\/acenoxkitchenequipment.com\/wp-content\/uploads\/2024\/07\/pastry-cake-fridge-16x12.webp 16w, https:\/\/acenoxkitchenequipment.com\/wp-content\/uploads\/2024\/07\/pastry-cake-fridge-600x448.webp 600w\" sizes=\"(max-width: 655px) 100vw, 655px\" \/><\/p>\n<p>&nbsp;<\/p>\n<p><img loading=\"lazy\" decoding=\"async\" class=\"wp-image-10064\" src=\"https:\/\/acenoxkitchenequipment.com\/wp-content\/uploads\/2024\/07\/cake-fridge-for-bakery.webp\" alt=\"cake fridge\" width=\"701\" height=\"701\" srcset=\"https:\/\/acenoxkitchenequipment.com\/wp-content\/uploads\/2024\/07\/cake-fridge-for-bakery.webp 800w, https:\/\/acenoxkitchenequipment.com\/wp-content\/uploads\/2024\/07\/cake-fridge-for-bakery-300x300.webp 300w, https:\/\/acenoxkitchenequipment.com\/wp-content\/uploads\/2024\/07\/cake-fridge-for-bakery-150x150.webp 150w, https:\/\/acenoxkitchenequipment.com\/wp-content\/uploads\/2024\/07\/cake-fridge-for-bakery-768x768.webp 768w, https:\/\/acenoxkitchenequipment.com\/wp-content\/uploads\/2024\/07\/cake-fridge-for-bakery-12x12.webp 12w, https:\/\/acenoxkitchenequipment.com\/wp-content\/uploads\/2024\/07\/cake-fridge-for-bakery-600x600.webp 600w, https:\/\/acenoxkitchenequipment.com\/wp-content\/uploads\/2024\/07\/cake-fridge-for-bakery-100x100.webp 100w\" sizes=\"(max-width: 701px) 100vw, 701px\" \/><\/p>\n<p>&nbsp;<\/p>\n<p>&nbsp;<\/p>\n<p>&nbsp;<\/p>","protected":false},"excerpt":{"rendered":"<ul>\n<li>Th\u1ea9m m\u1ef9 hi\u1ec7n \u0111\u1ea1i<\/li>\n<li>K\u00ednh si\u00eau trong su\u1ed1t v\u1edbi t\u1ea7m nh\u00ecn ho\u00e0n h\u1ea3o<\/li>\n<li>M\u00e0n h\u00ecnh s\u00e1ng v\u00e0 s\u1ed1ng \u0111\u1ed9ng<\/li>\n<li>S\u1ef1 b\u1ed5 sung \u1ea5n t\u01b0\u1ee3ng v\u00e0 hi\u1ec7u qu\u1ea3 cho ti\u1ec7m b\u00e1nh ho\u1eb7c qu\u00e1n c\u00e0 ph\u00ea<\/li>\n<\/ul>","protected":false},"featured_media":10060,"comment_status":"closed","ping_status":"closed","template":"","meta":{"_seopress_robots_primary_cat":"none","_seopress_titles_title":"Cake Fridge Display %%sep%%Sleek and Modern Design","_seopress_titles_desc":"Buy our lastest design of cake fridge and glass display fridge for your coffee shop or pastry store, we provide wholesale price with one year&#039;s qualiity guarantee","_seopress_robots_index":""},"product_cat":[59],"product_tag":[295],"_links":{"self":[{"href":"https:\/\/acenoxkitchenequipment.com\/vi\/wp-json\/wp\/v2\/product\/10021"}],"collection":[{"href":"https:\/\/acenoxkitchenequipment.com\/vi\/wp-json\/wp\/v2\/product"}],"about":[{"href":"https:\/\/acenoxkitchenequipment.com\/vi\/wp-json\/wp\/v2\/types\/product"}],"replies":[{"embeddable":true,"href":"https:\/\/acenoxkitchenequipment.com\/vi\/wp-json\/wp\/v2\/comments?post=10021"}],"version-history":[{"count":0,"href":"https:\/\/acenoxkitchenequipment.com\/vi\/wp-json\/wp\/v2\/product\/10021\/revisions"}],"wp:featuredmedia":[{"embeddable":true,"href":"https:\/\/acenoxkitchenequipment.com\/vi\/wp-json\/wp\/v2\/media\/10060"}],"wp:attachment":[{"href":"https:\/\/acenoxkitchenequipment.com\/vi\/wp-json\/wp\/v2\/media?parent=10021"}],"wp:term":[{"taxonomy":"product_cat","embeddable":true,"href":"https:\/\/acenoxkitchenequipment.com\/vi\/wp-json\/wp\/v2\/product_cat?post=10021"},{"taxonomy":"product_tag","embeddable":true,"href":"https:\/\/acenoxkitchenequipment.com\/vi\/wp-json\/wp\/v2\/product_tag?post=10021"}],"curies":[{"name":"wp","href":"https:\/\/api.w.org\/{rel}","templated":true}]}}