{"id":10011,"date":"2024-07-22T14:45:16","date_gmt":"2024-07-22T06:45:16","guid":{"rendered":"https:\/\/acenoxkitchenequipment.com\/?post_type=product&#038;p=10011"},"modified":"2024-07-25T21:35:04","modified_gmt":"2024-07-25T13:35:04","slug":"food-warmer-display","status":"publish","type":"product","link":"https:\/\/acenoxkitchenequipment.com\/vi\/san-pham\/food-warmer-display\/","title":{"rendered":"M\u1eb7t b\u00e0n tr\u01b0ng b\u00e0y h\u00e2m n\u00f3ng th\u1ee9c \u0103n"},"content":{"rendered":"<h3>\u0110\u1eb7c \u0111i\u1ec3m c\u1ee7a m\u1eb7t b\u00e0n h\u00e2m n\u00f3ng th\u1ee9c \u0103n<\/h3>\n<ul>\n<li>M\u00e0n h\u00ecnh h\u00e2m n\u00f3ng th\u1ee9c \u0103n l\u00e0 g\u00ec<\/li>\n<\/ul>\n<p>T\u1ee7 tr\u01b0ng b\u00e0y h\u00e2m n\u00f3ng th\u1ee9c \u0103n \u0111\u01b0\u1ee3c s\u1eed d\u1ee5ng \u0111\u1ec3 tr\u01b0ng b\u00e0y v\u00e0 gi\u1eef \u1ea5m c\u00e1c m\u00f3n \u0103n \u1edf nhi\u1ec1u kh\u00f4ng gian kh\u00e1c nhau nh\u01b0 nh\u00e0 h\u00e0ng, ti\u1ec7m b\u00e1nh, qu\u00e1n c\u00e0 ph\u00ea, qu\u00e1n \u0103n nhanh v\u00e0 ti\u1ec7c t\u1ef1 ch\u1ecdn. Nh\u1eefng m\u00e0n h\u00ecnh n\u00e0y \u0111\u01b0\u1ee3c thi\u1ebft k\u1ebf \u0111\u1ec3 duy tr\u00ec nhi\u1ec7t \u0111\u1ed9 \u1edf m\u1ee9c 30oC ~ 60oC d\u1ef1a tr\u00ean c\u00e1c lo\u1ea1i th\u1ef1c ph\u1ea9m kh\u00e1c nhau.<\/p>\n<ul>\n<li>K\u00ednh c\u01b0\u1eddng l\u1ef1c<\/li>\n<\/ul>\n<p>K\u00ednh c\u01b0\u1eddng l\u1ef1c c\u00f3 \u0111\u1ed9 b\u1ec1n cao h\u01a1n nhi\u1ec1u so v\u1edbi k\u00ednh th\u00f4ng th\u01b0\u1eddng. K\u00ednh c\u01b0\u1eddng l\u1ef1c c\u00f3 th\u1ec3 ch\u1ecbu \u0111\u01b0\u1ee3c nhi\u1ec7t \u0111\u1ed9 cao h\u01a1n k\u00ednh th\u01b0\u1eddng. \u0110i\u1ec1u n\u00e0y l\u00e0m cho n\u00f3 ph\u00f9 h\u1ee3p cho c\u00e1c \u1ee9ng d\u1ee5ng nh\u01b0 c\u1eeda l\u00f2, m\u1eb7t b\u1ebfp v\u00e0 m\u00e0n h\u00ecnh h\u00e2m n\u00f3ng th\u1ee9c \u0103n b\u1eb1ng th\u1ee7y tinh.<\/p>\n<ul>\n<li>30oC ~ 60oC<\/li>\n<\/ul>\n<p>M\u00e0n h\u00ecnh gi\u1eef \u1ea5m n\u00e0y c\u00f3 th\u1ec3 gi\u1eef th\u1ef1c ph\u1ea9m v\u1edbi c\u00e1c t\u00f9y ch\u1ecdn t\u1eeb 30oC ~ 60oC, c\u00e1c b\u1ed9 ph\u1eadn l\u00e0m n\u00f3ng b\u1eb1ng \u0111i\u1ec7n ch\u1ea5t l\u01b0\u1ee3ng b\u1ec1n b\u1ec9 c\u00f3 tu\u1ed5i th\u1ecd cao tr\u00ean 5 n\u0103m v\u00e0 c\u00f3 th\u1ec3 thay th\u1ebf d\u1ec5 d\u00e0ng. Ch\u00fang t\u00f4i cung c\u1ea5p<\/p>\n<ul>\n<li>Ch\u1ea5t l\u01b0\u1ee3ng b\u1ec1n b\u1ec9<\/li>\n<\/ul>\n<p>Kh\u00f4ng gi\u1ed1ng nh\u01b0 c\u00e1c qu\u1ea7y tr\u01b0ng b\u00e0y th\u1ef1c ph\u1ea9m k\u00e9m ch\u1ea5t l\u01b0\u1ee3ng kh\u00e1c, s\u1ebd ng\u1eebng ho\u1ea1t \u0111\u1ed9ng sau m\u1ed9t v\u00e0i l\u1ea7n, ch\u00fang t\u00f4i c\u00f3 th\u1ec3 \u0111\u1ea3m b\u1ea3o ch\u1ea5t l\u01b0\u1ee3ng 1 n\u0103m, ngo\u1ea1i tr\u1eeb k\u00ednh (k\u00ednh s\u1ebd b\u1ecb v\u1ee1 n\u1ebfu b\u1ea1n d\u00f9ng d\u1ee5ng c\u1ee5 n\u1eb7ng \u0111\u1eadp v\u00e0o). Cho d\u00f9 b\u1ea1n b\u1eadt n\u00f3 bao nhi\u00eau l\u1ea7n th\u00ec \u0111\u00e8n LED hay ch\u1ee9c n\u0103ng s\u01b0\u1edfi \u1ea5m v\u1eabn ho\u1ea1t \u0111\u1ed9ng \u0111\u01b0\u1ee3c. Tuy nhi\u00ean, kh\u00f4ng ai c\u00f3 th\u1ec3 \u0111\u1ea3m b\u1ea3o s\u1ea3n ph\u1ea9m 100% ho\u00e0n h\u1ea3o, m\u1ed9t khi c\u00f3 b\u1ed9 ph\u1eadn n\u00e0o b\u1ecb h\u01b0 h\u1ecfng, ch\u00fang t\u00f4i s\u1ebd cung c\u1ea5p c\u00e1c b\u1ed9 ph\u1eadn mi\u1ec5n ph\u00ed trong th\u1eddi gian b\u1ea3o h\u00e0nh<\/p>\n<ul>\n<li>Cung c\u1ea5p k\u1ec7 ho\u00e0n to\u00e0n b\u1eb1ng th\u00e9p kh\u00f4ng g\u1ec9<\/li>\n<\/ul>\n<p>T\u1ea5t c\u1ea3 s\u1ea3n xu\u1ea5t b\u1eb1ng th\u00e9p kh\u00f4ng g\u1ec9, ph\u00f9 h\u1ee3p v\u1edbi ti\u00eau chu\u1ea9n v\u1ec7 sinh th\u1ef1c ph\u1ea9m.<\/p>\n<p>&nbsp;<\/p>\n<h3>H\u00ecnh \u1ea3nh c\u1ee7a m\u00e0n h\u00ecnh h\u00e2m n\u00f3ng th\u1ee9c \u0103n:<\/h3>\n<figure id=\"attachment_10019\" aria-describedby=\"caption-attachment-10019\" style=\"width: 800px\" class=\"wp-caption alignnone\"><img fetchpriority=\"high\" decoding=\"async\" class=\"size-full wp-image-10019\" src=\"https:\/\/acenoxkitchenequipment.com\/wp-content\/uploads\/2024\/07\/application-of-food-warmer-display.webp\" alt=\"food warmer display countertop\" width=\"800\" height=\"800\" srcset=\"https:\/\/acenoxkitchenequipment.com\/wp-content\/uploads\/2024\/07\/application-of-food-warmer-display.webp 800w, https:\/\/acenoxkitchenequipment.com\/wp-content\/uploads\/2024\/07\/application-of-food-warmer-display-300x300.webp 300w, https:\/\/acenoxkitchenequipment.com\/wp-content\/uploads\/2024\/07\/application-of-food-warmer-display-150x150.webp 150w, https:\/\/acenoxkitchenequipment.com\/wp-content\/uploads\/2024\/07\/application-of-food-warmer-display-768x768.webp 768w, https:\/\/acenoxkitchenequipment.com\/wp-content\/uploads\/2024\/07\/application-of-food-warmer-display-12x12.webp 12w, https:\/\/acenoxkitchenequipment.com\/wp-content\/uploads\/2024\/07\/application-of-food-warmer-display-600x600.webp 600w, https:\/\/acenoxkitchenequipment.com\/wp-content\/uploads\/2024\/07\/application-of-food-warmer-display-100x100.webp 100w\" sizes=\"(max-width: 800px) 100vw, 800px\" \/><figcaption id=\"caption-attachment-10019\" class=\"wp-caption-text\">m\u1eb7t b\u00e0n tr\u01b0ng b\u00e0y h\u00e2m n\u00f3ng th\u1ee9c \u0103n<\/figcaption><\/figure>\n<p>&nbsp;<\/p>\n<p>&nbsp;<\/p>\n<p>&nbsp;<\/p>","protected":false},"excerpt":{"rendered":"<p>C\u1ea5u tr\u00fac ch\u1eafc ch\u1eafn v\u00e0 an to\u00e0n \u0111\u1ea3m b\u1ea3o m\u00e0n h\u00ecnh n\u00e0y c\u00f3 tu\u1ed5i th\u1ecd cao, \u0111\u1ea3m b\u1ea3o ch\u1ea5t l\u01b0\u1ee3ng 1 n\u0103m<\/p>","protected":false},"featured_media":10018,"comment_status":"closed","ping_status":"closed","template":"","meta":{"_seopress_robots_primary_cat":"none","_seopress_titles_title":"Food Warmer Display Showcase Countertop Type","_seopress_titles_desc":"Made of tempered glasses and stainless steel, this food warmer display showcase can be widely placed on counters to get impulse sales, it keeps food warm at 30\u2103~60\u2103","_seopress_robots_index":""},"product_cat":[59],"product_tag":[287],"_links":{"self":[{"href":"https:\/\/acenoxkitchenequipment.com\/vi\/wp-json\/wp\/v2\/product\/10011"}],"collection":[{"href":"https:\/\/acenoxkitchenequipment.com\/vi\/wp-json\/wp\/v2\/product"}],"about":[{"href":"https:\/\/acenoxkitchenequipment.com\/vi\/wp-json\/wp\/v2\/types\/product"}],"replies":[{"embeddable":true,"href":"https:\/\/acenoxkitchenequipment.com\/vi\/wp-json\/wp\/v2\/comments?post=10011"}],"version-history":[{"count":0,"href":"https:\/\/acenoxkitchenequipment.com\/vi\/wp-json\/wp\/v2\/product\/10011\/revisions"}],"wp:featuredmedia":[{"embeddable":true,"href":"https:\/\/acenoxkitchenequipment.com\/vi\/wp-json\/wp\/v2\/media\/10018"}],"wp:attachment":[{"href":"https:\/\/acenoxkitchenequipment.com\/vi\/wp-json\/wp\/v2\/media?parent=10011"}],"wp:term":[{"taxonomy":"product_cat","embeddable":true,"href":"https:\/\/acenoxkitchenequipment.com\/vi\/wp-json\/wp\/v2\/product_cat?post=10011"},{"taxonomy":"product_tag","embeddable":true,"href":"https:\/\/acenoxkitchenequipment.com\/vi\/wp-json\/wp\/v2\/product_tag?post=10011"}],"curies":[{"name":"wp","href":"https:\/\/api.w.org\/{rel}","templated":true}]}}