{"id":40,"date":"2021-07-12T11:05:10","date_gmt":"2021-07-12T03:05:10","guid":{"rendered":"http:\/\/acenoxkitchenequipment.com\/?page_id=40"},"modified":"2024-07-21T00:03:57","modified_gmt":"2024-07-20T16:03:57","slug":"product","status":"publish","type":"page","link":"https:\/\/acenoxkitchenequipment.com\/vi\/product\/","title":{"rendered":"S\u1ea3n ph\u1ea9m"},"content":{"rendered":"<div data-elementor-type=\"wp-page\" data-elementor-id=\"40\" class=\"elementor elementor-40\" data-elementor-post-type=\"page\">\n\t\t\t\t\t\t<section class=\"elementor-section elementor-top-section elementor-element elementor-element-txplns6 elementor-section-height-min-height elementor-section-boxed elementor-section-height-default elementor-section-items-middle\" data-id=\"txplns6\" data-element_type=\"section\" data-settings=\"{&quot;background_background&quot;:&quot;classic&quot;}\">\n\t\t\t\t\t\t\t<div class=\"elementor-background-overlay\"><\/div>\n\t\t\t\t\t\t\t<div class=\"elementor-container elementor-column-gap-no\">\n\t\t\t\t\t<div class=\"elementor-column elementor-col-100 elementor-top-column elementor-element elementor-element-4c6db26\" data-id=\"4c6db26\" data-element_type=\"column\">\n\t\t\t<div class=\"elementor-widget-wrap elementor-element-populated\">\n\t\t\t\t\t\t<div class=\"elementor-element elementor-element-558ce53 elementor-widget__width-initial elementor-widget elementor-widget-heading\" data-id=\"558ce53\" data-element_type=\"widget\" data-widget_type=\"heading.default\">\n\t\t\t\t<div class=\"elementor-widget-container\">\n\t\t\t<h1 class=\"elementor-heading-title elementor-size-default\">Nh\u00e0 s\u1ea3n xu\u1ea5t thi\u1ebft b\u1ecb \u0111i\u1ec7n l\u1ea1nh th\u01b0\u01a1ng m\u1ea1i<\/h1>\t\t<\/div>\n\t\t\t\t<\/div>\n\t\t\t\t<div class=\"elementor-element elementor-element-b6c2875 elementor-widget elementor-widget-text-editor\" data-id=\"b6c2875\" data-element_type=\"widget\" data-widget_type=\"text-editor.default\">\n\t\t\t\t<div class=\"elementor-widget-container\">\n\t\t\t\t\t\t\t<p>Email: info@acenoxkitchenequipment.com<\/p>\t\t\t\t\t\t<\/div>\n\t\t\t\t<\/div>\n\t\t\t\t\t<\/div>\n\t\t<\/div>\n\t\t\t\t\t<\/div>\n\t\t<\/section>\n\t\t\t\t<section class=\"elementor-section elementor-top-section elementor-element elementor-element-5f2ceb2 elementor-section-boxed elementor-section-height-default elementor-section-height-default\" data-id=\"5f2ceb2\" data-element_type=\"section\">\n\t\t\t\t\t\t<div class=\"elementor-container elementor-column-gap-default\">\n\t\t\t\t\t<div class=\"elementor-column elementor-col-100 elementor-top-column elementor-element elementor-element-c4a9d41\" data-id=\"c4a9d41\" data-element_type=\"column\">\n\t\t\t<div class=\"elementor-widget-wrap elementor-element-populated\">\n\t\t\t\t\t\t<div class=\"elementor-element elementor-element-1637f027 elementor-widget elementor-widget-heading\" data-id=\"1637f027\" data-element_type=\"widget\" data-widget_type=\"heading.default\">\n\t\t\t\t<div class=\"elementor-widget-container\">\n\t\t\t<h2 class=\"elementor-heading-title elementor-size-default\">Nh\u1eefng g\u00ec ch\u00fang t\u00f4i x\u00e1c \u0111\u1ecbnh s\u1ea3n ph\u1ea9m c\u1ee7a ch\u00fang t\u00f4i<\/h2>\t\t<\/div>\n\t\t\t\t<\/div>\n\t\t\t\t<section class=\"elementor-section elementor-inner-section elementor-element elementor-element-695ca6f elementor-section-boxed elementor-section-height-default elementor-section-height-default\" data-id=\"695ca6f\" data-element_type=\"section\">\n\t\t\t\t\t\t<div class=\"elementor-container elementor-column-gap-default\">\n\t\t\t\t\t<div class=\"elementor-column elementor-col-33 elementor-inner-column elementor-element elementor-element-7fc9116\" data-id=\"7fc9116\" data-element_type=\"column\">\n\t\t\t<div class=\"elementor-widget-wrap elementor-element-populated\">\n\t\t\t\t\t\t<div class=\"elementor-element elementor-element-400d28e elementor-grid-1 elementor-grid-tablet-3 elementor-grid-mobile-2 elementor-products-grid elementor-wc-products elementor-widget elementor-widget-wc-categories\" data-id=\"400d28e\" data-element_type=\"widget\" data-widget_type=\"wc-categories.default\">\n\t\t\t\t<div class=\"elementor-widget-container\">\n\t\t\t<div class=\"woocommerce columns-1\"><ul class=\"products elementor-grid columns-1\">\n<li class=\"product-category product first\">\n\t<\/li>\n<\/ul>\n<\/div>\t\t<\/div>\n\t\t\t\t<\/div>\n\t\t\t\t\t<\/div>\n\t\t<\/div>\n\t\t\t\t<div class=\"elementor-column elementor-col-33 elementor-inner-column elementor-element elementor-element-0860004\" data-id=\"0860004\" data-element_type=\"column\">\n\t\t\t<div class=\"elementor-widget-wrap elementor-element-populated\">\n\t\t\t\t\t\t<div class=\"elementor-element elementor-element-80d8f31 elementor-grid-1 elementor-grid-tablet-3 elementor-grid-mobile-2 elementor-products-grid elementor-wc-products elementor-widget elementor-widget-wc-categories\" data-id=\"80d8f31\" data-element_type=\"widget\" data-widget_type=\"wc-categories.default\">\n\t\t\t\t<div class=\"elementor-widget-container\">\n\t\t\t<div class=\"woocommerce columns-1\"><ul class=\"products elementor-grid columns-1\">\n<li class=\"product-category product first\">\n\t<\/li>\n<\/ul>\n<\/div>\t\t<\/div>\n\t\t\t\t<\/div>\n\t\t\t\t\t<\/div>\n\t\t<\/div>\n\t\t\t\t<div class=\"elementor-column elementor-col-33 elementor-inner-column elementor-element elementor-element-dbaa85b\" data-id=\"dbaa85b\" data-element_type=\"column\">\n\t\t\t<div class=\"elementor-widget-wrap elementor-element-populated\">\n\t\t\t\t\t\t<div class=\"elementor-element elementor-element-0fe3434 elementor-grid-1 elementor-grid-tablet-3 elementor-grid-mobile-2 elementor-products-grid elementor-wc-products elementor-widget elementor-widget-wc-categories\" data-id=\"0fe3434\" data-element_type=\"widget\" data-widget_type=\"wc-categories.default\">\n\t\t\t\t<div class=\"elementor-widget-container\">\n\t\t\t<div class=\"woocommerce columns-1\"><ul class=\"products elementor-grid columns-1\">\n<li class=\"product-category product first\">\n\t<\/li>\n<\/ul>\n<\/div>\t\t<\/div>\n\t\t\t\t<\/div>\n\t\t\t\t\t<\/div>\n\t\t<\/div>\n\t\t\t\t\t<\/div>\n\t\t<\/section>\n\t\t\t\t\t<\/div>\n\t\t<\/div>\n\t\t\t\t\t<\/div>\n\t\t<\/section>\n\t\t\t\t<section class=\"elementor-section elementor-top-section elementor-element elementor-element-616f0f16 elementor-section-boxed elementor-section-height-default elementor-section-height-default\" data-id=\"616f0f16\" data-element_type=\"section\">\n\t\t\t\t\t\t<div class=\"elementor-container elementor-column-gap-default\">\n\t\t\t\t\t<div class=\"elementor-column elementor-col-100 elementor-top-column elementor-element elementor-element-4bed1488\" data-id=\"4bed1488\" data-element_type=\"column\">\n\t\t\t<div class=\"elementor-widget-wrap elementor-element-populated\">\n\t\t\t\t\t\t<div class=\"elementor-element elementor-element-4eaed742 elementor-widget elementor-widget-spacer\" data-id=\"4eaed742\" data-element_type=\"widget\" data-widget_type=\"spacer.default\">\n\t\t\t\t<div class=\"elementor-widget-container\">\n\t\t\t\t\t<div class=\"elementor-spacer\">\n\t\t\t<div class=\"elementor-spacer-inner\"><\/div>\n\t\t<\/div>\n\t\t\t\t<\/div>\n\t\t\t\t<\/div>\n\t\t\t\t<div class=\"elementor-element elementor-element-3f88ffd1 elementor-widget elementor-widget-heading\" data-id=\"3f88ffd1\" data-element_type=\"widget\" data-widget_type=\"heading.default\">\n\t\t\t\t<div class=\"elementor-widget-container\">\n\t\t\t<h2 class=\"elementor-heading-title elementor-size-default\">Thi\u1ebft b\u1ecb \u0111i\u1ec7n l\u1ea1nh th\u01b0\u01a1ng m\u1ea1i<\/h2>\t\t<\/div>\n\t\t\t\t<\/div>\n\t\t\t\t<div class=\"elementor-element elementor-element-12c35836 elementor-widget elementor-widget-spacer\" data-id=\"12c35836\" data-element_type=\"widget\" data-widget_type=\"spacer.default\">\n\t\t\t\t<div class=\"elementor-widget-container\">\n\t\t\t\t\t<div class=\"elementor-spacer\">\n\t\t\t<div class=\"elementor-spacer-inner\"><\/div>\n\t\t<\/div>\n\t\t\t\t<\/div>\n\t\t\t\t<\/div>\n\t\t\t\t<div class=\"elementor-element elementor-element-40b6f55e elementor-widget elementor-widget-text-editor\" data-id=\"40b6f55e\" data-element_type=\"widget\" data-widget_type=\"text-editor.default\">\n\t\t\t\t<div class=\"elementor-widget-container\">\n\t\t\t\t\t\t\t<p>Ch\u00fang t\u00f4i ch\u1ee7 y\u1ebfu t\u1eadp trung v\u00e0o s\u1ea3n xu\u1ea5t Thi\u1ebft b\u1ecb ch\u1ebf t\u1ea1o th\u00e9p kh\u00f4ng g\u1ec9 v\u00e0 Thi\u1ebft b\u1ecb \u0111i\u1ec7n l\u1ea1nh th\u01b0\u01a1ng m\u1ea1i.<\/p><p>Thi\u1ebft b\u1ecb l\u00e0m l\u1ea1nh th\u01b0\u01a1ng m\u1ea1i l\u00e0 t\u1ee7 \u0111\u00f4ng ho\u1eb7c m\u00e1y l\u00e0m m\u00e1t \u0111\u01b0\u1ee3c s\u1eed d\u1ee5ng trong m\u00f4i tr\u01b0\u1eddng th\u01b0\u01a1ng m\u1ea1i. N\u00f3 d\u00e0nh cho kho l\u1ea1nh trong c\u00e1c doanh nghi\u1ec7p c\u1ea7n l\u00e0m l\u1ea1nh ho\u1eb7c b\u1ea3o qu\u1ea3n th\u1ef1c ph\u1ea9m, ch\u1eb3ng h\u1ea1n nh\u01b0 si\u00eau th\u1ecb, nh\u00e0 h\u00e0ng v\u00e0 c\u1eeda h\u00e0ng d\u1ecbch v\u1ee5 \u0103n u\u1ed1ng.<\/p><ul><li><h3><span data-preserver-spaces=\"true\">C\u00e1c lo\u1ea1i \u0111i\u1ec7n l\u1ea1nh th\u01b0\u01a1ng m\u1ea1i\u00a0<\/span><\/h3><\/li><\/ul><p><span data-preserver-spaces=\"true\">M\u1eb7c d\u00f9 t\u1ee7 l\u1ea1nh th\u01b0\u01a1ng m\u1ea1i \u0111\u01b0\u1ee3c s\u1ea3n xu\u1ea5t v\u1edbi nhi\u1ec1u k\u00edch c\u1ee1 v\u00e0 c\u1ea5u h\u00ecnh kh\u00e1c nhau nh\u01b0ng ch\u00fang c\u0169ng c\u00f3 nhi\u1ec1u lo\u1ea1i kh\u00e1c nhau v\u00e0 l\u1ef1a ch\u1ecdn t\u1ed1t nh\u1ea5t cho doanh nghi\u1ec7p c\u1ee7a b\u1ea1n ph\u1ee5 thu\u1ed9c v\u00e0o lo\u1ea1i n\u00e0o \u0111\u00e1p \u1ee9ng nhu c\u1ea7u c\u1ee7a b\u1ea1n.\u00a0<\/span><\/p><p>D\u01b0\u1edbi \u0111\u00e2y l\u00e0 c\u00e1c thi\u1ebft b\u1ecb l\u00e0m l\u1ea1nh th\u01b0\u01a1ng m\u1ea1i ph\u1ed5 bi\u1ebfn nh\u1ea5t \u1edf c\u00e1c c\u01a1 s\u1edf kh\u00e1c nhau:<\/p><ol><li><h5><strong>T\u1ee7 l\u1ea1nh v\u00e0 t\u1ee7 \u0111\u00f4ng<\/strong><\/h5><\/li><\/ol><p>Ch\u00fang th\u01b0\u1eddng \u0111\u01b0\u1ee3c s\u1eed d\u1ee5ng trong nh\u00e0 b\u1ebfp th\u01b0\u01a1ng m\u1ea1i, c\u1eeda h\u00e0ng t\u1ea1p h\u00f3a v\u00e0 c\u1eeda h\u00e0ng ti\u1ec7n l\u1ee3i.<\/p><h5><strong>\u00a0 \u00a0 2. M\u00e1y l\u00e0m m\u00e1t v\u00e0 t\u1ee7 \u0111\u00f4ng kh\u00f4ng c\u1eeda ng\u0103n<\/strong><\/h5><p>T\u1ee7 \u0111\u00f4ng kh\u00f4ng c\u1eeda ng\u0103n l\u00e0 thi\u1ebft b\u1ecb l\u00e0m l\u1ea1nh ph\u1ed5 bi\u1ebfn \u0111\u01b0\u1ee3c t\u00ecm th\u1ea5y trong kho nh\u01b0 nh\u00e0 h\u00e0ng v\u00e0 si\u00eau th\u1ecb. Lo\u1ea1i t\u1ee7 l\u1ea1nh n\u00e0y l\u00fd t\u01b0\u1edfng cho c\u00e1c doanh nghi\u1ec7p b\u1ea3o qu\u1ea3n s\u1ed1 l\u01b0\u1ee3ng l\u1edbn th\u1ef1c ph\u1ea9m v\u00ec t\u1ee7 \u0111\u00f4ng c\u00f3 nhi\u1ec1u kh\u00f4ng gian.\u00a0<\/p><h5><strong>\u00a0 \u00a03. T\u1ee7 tr\u01b0ng b\u00e0y t\u1ee7 l\u1ea1nh<\/strong><\/h5><p><span data-preserver-spaces=\"true\">T\u1ee7 l\u1ea1nh tr\u01b0ng b\u00e0y c\u00f3 th\u1ec3 l\u00e0 t\u1ea5t c\u1ea3 nh\u1eefng g\u00ec b\u1ea1n c\u1ea7n n\u1ebfu doanh nghi\u1ec7p c\u1ee7a b\u1ea1n y\u00eau c\u1ea7u l\u00e0m l\u1ea1nh v\u00e0 tr\u01b0ng b\u00e0y th\u1ef1c ph\u1ea9m ho\u1eb7c b\u00e1nh ng\u1ecdt.\u00a0<\/span><a class=\"editor-rtfLink\" href=\"https:\/\/acenoxkitchenequipment.com\/vi\/danh-muc-san-pham\/commercial-display-refrigerator\/\" target=\"_blank\" rel=\"noopener\"><span data-preserver-spaces=\"true\">H\u1ed9p tr\u01b0ng b\u00e0y<\/span><\/a><span data-preserver-spaces=\"true\">\u00a0cung c\u1ea5p c\u00e1c ch\u1ee9c n\u0103ng tr\u01b0ng b\u00e0y v\u00e0 b\u1ea3o qu\u1ea3n c\u00e1c m\u1eb7t h\u00e0ng th\u1ef1c ph\u1ea9m.\u00a0<\/span><\/p><p><span data-preserver-spaces=\"true\">M\u1ed9t \u0111\u1eb7c \u0111i\u1ec3m n\u1ed5i b\u1eadt c\u1ee7a\u00a0<\/span><span data-preserver-spaces=\"true\">t\u1ee7 tr\u01b0ng b\u00e0y l\u00e0 c\u1eeda k\u00ednh c\u1ee7a h\u1ecd<\/span><span data-preserver-spaces=\"true\">, cho ph\u00e9p kh\u00e1ch h\u00e0ng nh\u00ecn xuy\u00ean qua ch\u00fang. Ngo\u00e0i ra, m\u1ed9t s\u1ed1 m\u1eabu t\u1ee7 tr\u01b0ng b\u00e0y kh\u00f4ng c\u00f3 c\u1eeda.<\/span><\/p><h5><span data-preserver-spaces=\"true\">\u00a0 \u00a0 4. M\u00e1y l\u00e0m m\u00e1t \u0111\u1ed3 u\u1ed1ng<\/span><\/h5><p><span data-preserver-spaces=\"true\">\u0110\u00fang nh\u01b0 t\u00ean g\u1ecdi, m\u00e1y l\u00e0m m\u00e1t \u0111\u1ed3 u\u1ed1ng \u0111\u01b0\u1ee3c s\u1ea3n xu\u1ea5t d\u00e0nh ri\u00eang cho \u0111\u1ed3 u\u1ed1ng. H\u1ecd gi\u1eef \u0111\u1ed3 u\u1ed1ng l\u1ea1nh \u1edf m\u1ed9t ph\u1ea1m vi nhi\u1ec7t \u0111\u1ed9 \u0111\u1ecbnh s\u1eb5n. M\u00e1y l\u00e0m m\u00e1t \u0111\u1ed3 u\u1ed1ng th\u01b0\u01a1ng m\u1ea1i c\u00f3 nhi\u1ec1u k\u00edch c\u1ee1 v\u00e0 c\u1ea5u h\u00ecnh kh\u00e1c nhau t\u00f9y thu\u1ed9c v\u00e0o nhu c\u1ea7u kinh doanh c\u1ee7a b\u1ea1n. V\u00ed d\u1ee5: trong khi b\u1ea1n c\u00f3 th\u1ec3 \u0111\u1eb7t mua t\u00f9y ch\u1ecdn m\u1eb7t b\u00e0n, b\u1ea1n c\u00f3 th\u1ec3 \u0111\u1ea7u t\u01b0 v\u00e0o m\u1ed9t thi\u1ebft b\u1ecb l\u1edbn c\u00f3 nhi\u1ec1u kh\u00f4ng gian \u0111\u1ec3 l\u01b0u tr\u1eef nhi\u1ec1u \u0111\u1ed3 u\u1ed1ng.\u00a0<\/span><\/p><h5><strong><span data-preserver-spaces=\"true\">\u00a0 \u00a0 5. M\u00e1y l\u00e0m \u0111\u00e1: <\/span><\/strong><\/h5><p><span data-preserver-spaces=\"true\">\u00a0Nh\u1eefng m\u00e1y n\u00e0y s\u1ea3n xu\u1ea5t v\u00e0 l\u01b0u tr\u1eef \u0111\u00e1 cho nhi\u1ec1u m\u1ee5c \u0111\u00edch s\u1eed d\u1ee5ng kh\u00e1c nhau, ch\u1eb3ng h\u1ea1n nh\u01b0 l\u00e0m l\u1ea1nh \u0111\u1ed3 u\u1ed1ng ho\u1eb7c tr\u01b0ng b\u00e0y h\u1ea3i s\u1ea3n v\u00e0 n\u00f4ng s\u1ea3n. Ch\u00fang c\u00f3 nhi\u1ec1u k\u00edch c\u1ee1 v\u00e0 ch\u1ee7ng lo\u1ea1i, bao g\u1ed3m c\u00e1c m\u00f4 h\u00ecnh m\u00f4-\u0111un, d\u01b0\u1edbi qu\u1ea7y v\u00e0 tr\u00ean m\u1eb7t b\u00e0n.<\/span><\/p><h5><span data-preserver-spaces=\"true\">\u00a0 \u00a0 6. thi\u1ebft b\u1ecb \u0111i\u1ec7n l\u1ea1nh si\u00eau th\u1ecb<\/span><\/h5><p><span data-preserver-spaces=\"true\">\u00a0<\/span><span data-preserver-spaces=\"true\">Ch\u1ee7 y\u1ebfu bao g\u1ed3m t\u1ee7 tr\u01b0ng b\u00e0y m\u1edf, t\u1ee7 \u0111\u00f4ng \u0111\u1ea3o v\u00e0 t\u1ee7 \u0111\u00f4ng ng\u1ef1c v\u1edbi k\u00edch th\u01b0\u1edbc l\u1edbn.<\/span><\/p><h5><span data-preserver-spaces=\"true\">\u00a0 \u00a0 7. <\/span><span data-preserver-spaces=\"true\">M\u00e1y l\u00e0m m\u00e1t qu\u1ea7y bar th\u01b0\u01a1ng m\u1ea1i<\/span><\/h5><p><span data-preserver-spaces=\"true\">M\u00e1y l\u00e0m m\u00e1t qu\u1ea7y bar ph\u00eda sau l\u00e0 thi\u1ebft b\u1ecb l\u00e0m l\u1ea1nh chuy\u00ean d\u1ee5ng th\u01b0\u1eddng \u0111\u01b0\u1ee3c s\u1eed d\u1ee5ng trong ng\u00e0nh kh\u00e1ch s\u1ea1n, \u0111\u1eb7c bi\u1ec7t l\u00e0 trong c\u00e1c qu\u00e1n bar v\u00e0 nh\u00e0 h\u00e0ng. Ch\u00fang \u0111\u01b0\u1ee3c thi\u1ebft k\u1ebf \u0111\u1ec3 v\u1eeba v\u1edbi khu v\u1ef1c qu\u1ea7y bar ph\u00eda sau, th\u01b0\u1eddng l\u00e0 khu v\u1ef1c ph\u00eda sau qu\u1ea7y bar.<\/span><\/p><h1>\u00a0<\/h1>\t\t\t\t\t\t<\/div>\n\t\t\t\t<\/div>\n\t\t\t\t<div class=\"elementor-element elementor-element-3b752f5f elementor-widget elementor-widget-spacer\" data-id=\"3b752f5f\" data-element_type=\"widget\" data-widget_type=\"spacer.default\">\n\t\t\t\t<div class=\"elementor-widget-container\">\n\t\t\t\t\t<div class=\"elementor-spacer\">\n\t\t\t<div class=\"elementor-spacer-inner\"><\/div>\n\t\t<\/div>\n\t\t\t\t<\/div>\n\t\t\t\t<\/div>\n\t\t\t\t\t<\/div>\n\t\t<\/div>\n\t\t\t\t\t<\/div>\n\t\t<\/section>\n\t\t\t\t<section class=\"elementor-section elementor-top-section elementor-element elementor-element-b628a4f elementor-section-boxed elementor-section-height-default elementor-section-height-default\" data-id=\"b628a4f\" data-element_type=\"section\">\n\t\t\t\t\t\t<div class=\"elementor-container elementor-column-gap-default\">\n\t\t\t\t\t<div class=\"elementor-column elementor-col-100 elementor-top-column elementor-element elementor-element-25e7bbf\" data-id=\"25e7bbf\" data-element_type=\"column\">\n\t\t\t<div class=\"elementor-widget-wrap elementor-element-populated\">\n\t\t\t\t\t\t\t<\/div>\n\t\t<\/div>\n\t\t\t\t\t<\/div>\n\t\t<\/section>\n\t\t\t\t<section class=\"elementor-section elementor-top-section elementor-element elementor-element-49f1a703 elementor-section-boxed elementor-section-height-default elementor-section-height-default\" data-id=\"49f1a703\" data-element_type=\"section\">\n\t\t\t\t\t\t<div class=\"elementor-container elementor-column-gap-default\">\n\t\t\t\t\t<div class=\"elementor-column elementor-col-50 elementor-top-column elementor-element elementor-element-3b11d41c\" data-id=\"3b11d41c\" data-element_type=\"column\">\n\t\t\t<div class=\"elementor-widget-wrap elementor-element-populated\">\n\t\t\t\t\t\t<div class=\"elementor-element elementor-element-24074632 elementor-widget elementor-widget-heading\" data-id=\"24074632\" data-element_type=\"widget\" data-widget_type=\"heading.default\">\n\t\t\t\t<div class=\"elementor-widget-container\">\n\t\t\t<h5 class=\"elementor-heading-title elementor-size-default\">Ch\u00fang t\u00f4i mu\u1ed1n l\u00e0m vi\u1ec7c v\u1edbi b\u1ea1n\n<\/h5>\t\t<\/div>\n\t\t\t\t<\/div>\n\t\t\t\t<div class=\"elementor-element elementor-element-554f80f6 elementor-widget elementor-widget-text-editor\" data-id=\"554f80f6\" data-element_type=\"widget\" data-widget_type=\"text-editor.default\">\n\t\t\t\t<div class=\"elementor-widget-container\">\n\t\t\t\t\t\t\t<p>G\u1eedi tin nh\u1eafn cho ch\u00fang t\u00f4i n\u1ebfu b\u1ea1n c\u00f3 th\u1eafc m\u1eafc ho\u1eb7c y\u00eau c\u1ea7u b\u00e1o gi\u00e1. C\u00e1c chuy\u00ean gia c\u1ee7a ch\u00fang t\u00f4i s\u1ebd tr\u1ea3 l\u1eddi b\u1ea1n trong v\u00f2ng 24 gi\u1edd.<\/p>\t\t\t\t\t\t<\/div>\n\t\t\t\t<\/div>\n\t\t\t\t<div class=\"elementor-element elementor-element-7d4d920d elementor-icon-list--layout-traditional elementor-list-item-link-full_width elementor-widget elementor-widget-icon-list\" data-id=\"7d4d920d\" data-element_type=\"widget\" data-widget_type=\"icon-list.default\">\n\t\t\t\t<div class=\"elementor-widget-container\">\n\t\t\t\t\t<ul class=\"elementor-icon-list-items\">\n\t\t\t\t\t\t\t<li class=\"elementor-icon-list-item\">\n\t\t\t\t\t\t\t\t\t\t\t<span class=\"elementor-icon-list-icon\">\n\t\t\t\t\t\t\t<i aria-hidden=\"true\" class=\"fas fa-phone-square-alt\"><\/i>\t\t\t\t\t\t<\/span>\n\t\t\t\t\t\t\t\t\t\t<span class=\"elementor-icon-list-text\">+86 13053321900<\/span>\n\t\t\t\t\t\t\t\t\t<\/li>\n\t\t\t\t\t\t\t\t<li class=\"elementor-icon-list-item\">\n\t\t\t\t\t\t\t\t\t\t\t<span class=\"elementor-icon-list-icon\">\n\t\t\t\t\t\t\t<i aria-hidden=\"true\" class=\"fas fa-mail-bulk\"><\/i>\t\t\t\t\t\t<\/span>\n\t\t\t\t\t\t\t\t\t\t<span class=\"elementor-icon-list-text\">info@acenoxkitchenequipment.com<\/span>\n\t\t\t\t\t\t\t\t\t<\/li>\n\t\t\t\t\t\t<\/ul>\n\t\t\t\t<\/div>\n\t\t\t\t<\/div>\n\t\t\t\t\t<\/div>\n\t\t<\/div>\n\t\t\t\t<div class=\"elementor-column elementor-col-50 elementor-top-column elementor-element elementor-element-34f0bf09\" data-id=\"34f0bf09\" data-element_type=\"column\" data-settings=\"{&quot;background_background&quot;:&quot;classic&quot;}\">\n\t\t\t<div class=\"elementor-widget-wrap elementor-element-populated\">\n\t\t\t\t\t\t<div class=\"elementor-element elementor-element-7d0d29d4 elementor-button-align-center elementor-widget elementor-widget-form\" data-id=\"7d0d29d4\" data-element_type=\"widget\" data-settings=\"{&quot;step_next_label&quot;:&quot;\\u4e0b\\u4e00\\u4e2a&quot;,&quot;step_previous_label&quot;:&quot;\\u4e0a\\u4e00\\u4e2a&quot;,&quot;button_width&quot;:&quot;100&quot;,&quot;step_type&quot;:&quot;number_text&quot;,&quot;step_icon_shape&quot;:&quot;circle&quot;}\" data-widget_type=\"form.default\">\n\t\t\t\t<div class=\"elementor-widget-container\">\n\t\t\t\t\t<form class=\"elementor-form\" method=\"post\" name=\"\u65b0\u8868\u5355\" action=\"\">\n\t\t\t<input type=\"hidden\" name=\"post_id\" value=\"40\"\/>\n\t\t\t<input type=\"hidden\" name=\"form_id\" value=\"7d0d29d4\"\/>\n\t\t\t<input type=\"hidden\" name=\"referer_title\" value=\"\" \/>\n\n\t\t\t\n\t\t\t<div class=\"elementor-form-fields-wrapper elementor-labels-above\">\n\t\t\t\t\t\t\t\t<div class=\"elementor-field-type-text elementor-field-group elementor-column elementor-field-group-name elementor-col-100\">\n\t\t\t\t\t\t\t\t\t\t\t\t<label for=\"form-field-name\" class=\"elementor-field-label\">\n\t\t\t\t\t\t\t\tT\u00ean\t\t\t\t\t\t\t<\/label>\n\t\t\t\t\t\t\t\t\t\t\t\t\t\t<input size=\"1\" type=\"text\" name=\"form_fields[name]\" id=\"form-field-name\" class=\"elementor-field elementor-size-sm  elementor-field-textual\">\n\t\t\t\t\t\t\t\t\t\t\t<\/div>\n\t\t\t\t\t\t\t\t<div class=\"elementor-field-type-email elementor-field-group elementor-column elementor-field-group-email elementor-col-100 elementor-field-required\">\n\t\t\t\t\t\t\t\t\t\t\t\t<label for=\"form-field-email\" class=\"elementor-field-label\">\n\t\t\t\t\t\t\t\tE-mail\t\t\t\t\t\t\t<\/label>\n\t\t\t\t\t\t\t\t\t\t\t\t\t\t<input size=\"1\" type=\"email\" name=\"form_fields[email]\" id=\"form-field-email\" class=\"elementor-field elementor-size-sm  elementor-field-textual\" required=\"required\" aria-required=\"true\">\n\t\t\t\t\t\t\t\t\t\t\t<\/div>\n\t\t\t\t\t\t\t\t<div class=\"elementor-field-type-textarea elementor-field-group elementor-column elementor-field-group-message elementor-col-100\">\n\t\t\t\t\t\t\t\t\t\t\t\t<label for=\"form-field-message\" class=\"elementor-field-label\">\n\t\t\t\t\t\t\t\tTin nh\u1eafn\t\t\t\t\t\t\t<\/label>\n\t\t\t\t\t\t<textarea class=\"elementor-field-textual elementor-field  elementor-size-sm\" name=\"form_fields[message]\" id=\"form-field-message\" rows=\"4\"><\/textarea>\t\t\t\t<\/div>\n\t\t\t\t\t\t\t\t<div class=\"elementor-field-group elementor-column elementor-field-type-submit elementor-col-100 e-form__buttons\">\n\t\t\t\t\t<button class=\"elementor-button elementor-size-sm\" type=\"submit\">\n\t\t\t\t\t\t<span class=\"elementor-button-content-wrapper\">\n\t\t\t\t\t\t\t\t\t\t\t\t\t\t\t\t\t\t\t\t\t\t<span class=\"elementor-button-text\">G\u1eedi tin nh\u1eafn<\/span>\n\t\t\t\t\t\t\t\t\t\t\t\t\t<\/span>\n\t\t\t\t\t<\/button>\n\t\t\t\t<\/div>\n\t\t\t<\/div>\n\t\t<input type=\"hidden\" name=\"trp-form-language\" value=\"vi\"\/><\/form>\n\t\t\t\t<\/div>\n\t\t\t\t<\/div>\n\t\t\t\t\t<\/div>\n\t\t<\/div>\n\t\t\t\t\t<\/div>\n\t\t<\/section>\n\t\t\t\t<\/div>","protected":false},"excerpt":{"rendered":"<p>Commercial Refrigeration Equipment Manufacturer Email: info@acenoxkitchenequipment.com What We Define Our Products Commercial Refrigeration Equipment We mainly focus on producing Stainless Steel Fabrication Equipment and Commercial Refrigeration Equipment. Commercial refrigeration equipment is a freezer or cooler used in commercial settings. It is for cold storage in businesses where food chilling or preservation is necessary, such as [&hellip;]<\/p>","protected":false},"author":1,"featured_media":0,"parent":0,"menu_order":0,"comment_status":"closed","ping_status":"closed","template":"","meta":{"_seopress_robots_primary_cat":"","_seopress_titles_title":"Product - Commercial Refrigeration Equipment Manufacturer and Supplier","_seopress_titles_desc":"Commercial Refrigeration Equipment, Cake Display Fridges, Refrigerated Display cases, Commercial Refrigerators and Freezers Mnaufacturer and Supplier in China","_seopress_robots_index":""},"_links":{"self":[{"href":"https:\/\/acenoxkitchenequipment.com\/vi\/wp-json\/wp\/v2\/pages\/40"}],"collection":[{"href":"https:\/\/acenoxkitchenequipment.com\/vi\/wp-json\/wp\/v2\/pages"}],"about":[{"href":"https:\/\/acenoxkitchenequipment.com\/vi\/wp-json\/wp\/v2\/types\/page"}],"author":[{"embeddable":true,"href":"https:\/\/acenoxkitchenequipment.com\/vi\/wp-json\/wp\/v2\/users\/1"}],"replies":[{"embeddable":true,"href":"https:\/\/acenoxkitchenequipment.com\/vi\/wp-json\/wp\/v2\/comments?post=40"}],"version-history":[{"count":0,"href":"https:\/\/acenoxkitchenequipment.com\/vi\/wp-json\/wp\/v2\/pages\/40\/revisions"}],"wp:attachment":[{"href":"https:\/\/acenoxkitchenequipment.com\/vi\/wp-json\/wp\/v2\/media?parent=40"}],"curies":[{"name":"wp","href":"https:\/\/api.w.org\/{rel}","templated":true}]}}