{"id":8832,"date":"2024-02-17T12:56:57","date_gmt":"2024-02-17T04:56:57","guid":{"rendered":"https:\/\/acenoxkitchenequipment.com\/?post_type=product&#038;p=8832"},"modified":"2024-03-28T22:58:33","modified_gmt":"2024-03-28T14:58:33","slug":"small-cake-display-fridge","status":"publish","type":"product","link":"https:\/\/acenoxkitchenequipment.com\/pt\/produto\/small-cake-display-fridge\/","title":{"rendered":"Geladeira Expositora para Bolo Pequeno"},"content":{"rendered":"<h3>Geladeira Expositora para Bolo Pequeno<\/h3>\n<p>Este pequeno refrigerador expositor para bolos \u00e9 um pequeno refrigerador expositor para bolos de bancada, o tamanho pequeno permite que as empresas o mantenham em uma bancada ou mesa. \u00e9 usado para exibir algum ambiente ou petiscos frescos. Principalmente no ver\u00e3o, ajuda muito a manter os alimentos frescos, al\u00e9m disso, sua luz LED brilhante atrair\u00e1 mais olhares que passam. Dessa forma, melhora a experi\u00eancia de compra de todos os clientes.<\/p>\n<h3><strong>Caracter\u00edsticas do refrigerador pequeno para bolo:<\/strong><\/h3>\n<ol>\n<li><strong>Tamanho: <\/strong>900\u00d7530\u00d7730mm<\/li>\n<li><strong>Compressor:<\/strong> Compressor Secop ou marca Donper para escolha (R134a\/R290)<\/li>\n<li><strong>Termostato:<\/strong> Termostato digital, marca It\u00e1lia Dixell ou Carel ou marca China<\/li>\n<li><strong>Materiais:<\/strong> Por\u00e3o em a\u00e7o inoxid\u00e1vel 430 \/ a\u00e7o inoxid\u00e1vel 201 com espuma de ciclopentano integral no interior, cor preta<\/li>\n<li><strong>Copos:<\/strong> \u00f3culos antiemba\u00e7antes<\/li>\n<li>Vidro temperado oco de camada dupla (vidro Low-E), \u00e0 prova de explos\u00e3o<\/li>\n<li><strong>Outros elementos:<\/strong> Condensado e evaporador completamente cuperos<\/li>\n<li><strong>Prateleiras:<\/strong> Duas prateleiras cromadas, total de tr\u00eas prateleiras mais fundo<\/li>\n<li><strong>Portas:<\/strong> Duas portas de vidro deslizantes antiemba\u00e7antes com boa propriedade de veda\u00e7\u00e3o<\/li>\n<li><strong>Luz:<\/strong> Luz LED branca quente ou fria para escolha<\/li>\n<\/ol>\n<p>Por favor, clique na especifica\u00e7\u00e3o para verificar os v\u00e1rios tamanhos<\/p>\n<p>Ambiente aplic\u00e1vel: Temperatura ambiente abaixo de 35\u00b0C ou abaixo de 40\u00b0C<\/p>\n<h4><strong>Aos Distribuidores de geladeiras para bolos:<\/strong><\/h4>\n<p>Este modelo \u00e9 um dos nossos modelos populares. De acordo com diferentes or\u00e7amentos e ambientes, as configura\u00e7\u00f5es podem variar. Entre em contato conosco para discutir os detalhes e podemos personalizar com base nas condi\u00e7\u00f5es do mercado local.<\/p>\n<h4>Dimens\u00f5es do refrigerador expositor para bolo pequeno:<\/h4>\n<p><img fetchpriority=\"high\" decoding=\"async\" class=\"alignnone size-full wp-image-8836\" src=\"https:\/\/acenoxkitchenequipment.com\/wp-content\/uploads\/2024\/02\/small-cake-fridge.png\" alt=\"small cake display fridge\" width=\"520\" height=\"201\" srcset=\"https:\/\/acenoxkitchenequipment.com\/wp-content\/uploads\/2024\/02\/small-cake-fridge.png 520w, https:\/\/acenoxkitchenequipment.com\/wp-content\/uploads\/2024\/02\/small-cake-fridge-300x116.png 300w\" sizes=\"(max-width: 520px) 100vw, 520px\" \/><\/p>\n<p>&nbsp;<\/p>\n<p>&nbsp;<\/p>\n<p>&nbsp;<\/p>\n<p>&nbsp;<\/p>","protected":false},"excerpt":{"rendered":"<p>Refrigerador pequeno para exibi\u00e7\u00e3o de bolo, mini refrigerador para exibi\u00e7\u00e3o de bolo, temperatura: 0 \u2103 ~ 8 \u2103<\/p>","protected":false},"featured_media":8833,"comment_status":"open","ping_status":"closed","template":"","meta":{"_seopress_robots_primary_cat":"none","_seopress_titles_title":"Small Cake Display Fridge %%sep%%Mini Cake Display Fridge Vendor","_seopress_titles_desc":"This mini cake display fridge is small countertop display fridge, the small size allows businesses to keep it on a countertop or table. ","_seopress_robots_index":""},"product_cat":[59],"product_tag":[244],"_links":{"self":[{"href":"https:\/\/acenoxkitchenequipment.com\/pt\/wp-json\/wp\/v2\/product\/8832"}],"collection":[{"href":"https:\/\/acenoxkitchenequipment.com\/pt\/wp-json\/wp\/v2\/product"}],"about":[{"href":"https:\/\/acenoxkitchenequipment.com\/pt\/wp-json\/wp\/v2\/types\/product"}],"replies":[{"embeddable":true,"href":"https:\/\/acenoxkitchenequipment.com\/pt\/wp-json\/wp\/v2\/comments?post=8832"}],"version-history":[{"count":0,"href":"https:\/\/acenoxkitchenequipment.com\/pt\/wp-json\/wp\/v2\/product\/8832\/revisions"}],"wp:featuredmedia":[{"embeddable":true,"href":"https:\/\/acenoxkitchenequipment.com\/pt\/wp-json\/wp\/v2\/media\/8833"}],"wp:attachment":[{"href":"https:\/\/acenoxkitchenequipment.com\/pt\/wp-json\/wp\/v2\/media?parent=8832"}],"wp:term":[{"taxonomy":"product_cat","embeddable":true,"href":"https:\/\/acenoxkitchenequipment.com\/pt\/wp-json\/wp\/v2\/product_cat?post=8832"},{"taxonomy":"product_tag","embeddable":true,"href":"https:\/\/acenoxkitchenequipment.com\/pt\/wp-json\/wp\/v2\/product_tag?post=8832"}],"curies":[{"name":"wp","href":"https:\/\/api.w.org\/{rel}","templated":true}]}}