{"id":8588,"date":"2023-11-10T17:37:00","date_gmt":"2023-11-10T09:37:00","guid":{"rendered":"https:\/\/acenoxkitchenequipment.com\/?post_type=product&#038;p=8588"},"modified":"2024-09-13T22:39:26","modified_gmt":"2024-09-13T14:39:26","slug":"sweet-counter","status":"publish","type":"product","link":"https:\/\/acenoxkitchenequipment.com\/pt\/produto\/sweet-counter\/","title":{"rendered":"Contador de exibi\u00e7\u00e3o doce"},"content":{"rendered":"<h3>Fabricante de contador de exibi\u00e7\u00e3o doce:<\/h3>\n<p>O balc\u00e3o de exibi\u00e7\u00e3o de doces \u00e9 um balc\u00e3o de exibi\u00e7\u00e3o refrigerado.<\/p>\n<p>Para que \u00e9 usado o contador de exibi\u00e7\u00e3o de doces? Geralmente \u00e9 utilizado para expor sobremesas, doces, chocolates, bolos ou sorvetes.<\/p>\n<p>Como fabricante de expositores de doces, oferecemos muitos designs:<\/p>\n<ul>\n<li>Cor: cor de a\u00e7o inoxid\u00e1vel\/cor preta\/cor dourada\/cor branca<\/li>\n<li>Materiais: a\u00e7o revestido\/a\u00e7o inoxid\u00e1vel\/m\u00e1rmore<\/li>\n<li>Prateleiras: 2 camadas\/3 camadas<\/li>\n<li>Temperatura: 0 ~ 8 \u2103<\/li>\n<li>Unidades de refrigera\u00e7\u00e3o: Compressores Embraco (marca Brasil)\/Secop (marca Alemanha) \/Donper (china) para op\u00e7\u00f5es<\/li>\n<li>Controlador de temperatura digital: temos tr\u00eas op\u00e7\u00f5es: marca Angle (marca famosa da China)\/It\u00e1lia Dixell\/It\u00e1lia Carel. Todos esses controladores digitais de temperatura possuem qualidade dur\u00e1vel, fabricados por fornecedores conceituados, que fornecer\u00e3o instru\u00e7\u00f5es claras e detalhadas e servi\u00e7o p\u00f3s-venda.<\/li>\n<li>Comprimento: 900mm\/1000mm\/1200mm\/1500mm\/1800mm\/2000mm<\/li>\n<li>Profundidade: 700 mm<\/li>\n<li>Altura: 1270 mm<\/li>\n<\/ul>\n<p>Al\u00e9m dos designs acima, oferecemos v\u00e1rios designs da fun\u00e7\u00e3o do contador de exibi\u00e7\u00e3o de doces. V\u00e1rios designs personalizados est\u00e3o dispon\u00edveis aqui.<\/p>\n<h3>Fotos do contador de exibi\u00e7\u00e3o doce:<\/h3>\n<p><img fetchpriority=\"high\" decoding=\"async\" class=\"alignnone wp-image-9995\" src=\"https:\/\/acenoxkitchenequipment.com\/wp-content\/uploads\/2023\/11\/sweet-display-counter-supplier.webp\" alt=\"sweet display counter\" width=\"710\" height=\"532\" srcset=\"https:\/\/acenoxkitchenequipment.com\/wp-content\/uploads\/2023\/11\/sweet-display-counter-supplier.webp 1000w, https:\/\/acenoxkitchenequipment.com\/wp-content\/uploads\/2023\/11\/sweet-display-counter-supplier-300x225.webp 300w, https:\/\/acenoxkitchenequipment.com\/wp-content\/uploads\/2023\/11\/sweet-display-counter-supplier-768x576.webp 768w, https:\/\/acenoxkitchenequipment.com\/wp-content\/uploads\/2023\/11\/sweet-display-counter-supplier-16x12.webp 16w, https:\/\/acenoxkitchenequipment.com\/wp-content\/uploads\/2023\/11\/sweet-display-counter-supplier-600x450.webp 600w\" sizes=\"(max-width: 710px) 100vw, 710px\" \/><\/p>\n<p><img decoding=\"async\" class=\"alignnone wp-image-9996\" src=\"https:\/\/acenoxkitchenequipment.com\/wp-content\/uploads\/2023\/11\/display-counter-fridges.webp\" alt=\"sweet display counter\" width=\"706\" height=\"529\" srcset=\"https:\/\/acenoxkitchenequipment.com\/wp-content\/uploads\/2023\/11\/display-counter-fridges.webp 1000w, https:\/\/acenoxkitchenequipment.com\/wp-content\/uploads\/2023\/11\/display-counter-fridges-300x225.webp 300w, https:\/\/acenoxkitchenequipment.com\/wp-content\/uploads\/2023\/11\/display-counter-fridges-768x576.webp 768w, https:\/\/acenoxkitchenequipment.com\/wp-content\/uploads\/2023\/11\/display-counter-fridges-16x12.webp 16w, https:\/\/acenoxkitchenequipment.com\/wp-content\/uploads\/2023\/11\/display-counter-fridges-600x450.webp 600w\" sizes=\"(max-width: 706px) 100vw, 706px\" \/><\/p>\n<p><img decoding=\"async\" class=\"alignnone wp-image-9997\" src=\"https:\/\/acenoxkitchenequipment.com\/wp-content\/uploads\/2023\/11\/sweet-display-counter-design.webp\" alt=\"sweet display counter\" width=\"707\" height=\"610\" srcset=\"https:\/\/acenoxkitchenequipment.com\/wp-content\/uploads\/2023\/11\/sweet-display-counter-design.webp 1000w, https:\/\/acenoxkitchenequipment.com\/wp-content\/uploads\/2023\/11\/sweet-display-counter-design-300x259.webp 300w, https:\/\/acenoxkitchenequipment.com\/wp-content\/uploads\/2023\/11\/sweet-display-counter-design-768x663.webp 768w, https:\/\/acenoxkitchenequipment.com\/wp-content\/uploads\/2023\/11\/sweet-display-counter-design-14x12.webp 14w, https:\/\/acenoxkitchenequipment.com\/wp-content\/uploads\/2023\/11\/sweet-display-counter-design-600x518.webp 600w\" sizes=\"(max-width: 707px) 100vw, 707px\" \/><\/p>\n<p>&nbsp;<\/p>\n<p>&nbsp;<\/p>\n<p>&nbsp;<\/p>\n<p>&nbsp;<\/p>\n<p>&nbsp;<\/p>","protected":false},"excerpt":{"rendered":"<p>Este \u00e9 um contador de exibi\u00e7\u00e3o doce em formato chanfrado. os vidros chanfrados frontais proporcionam uma vis\u00e3o melhor e nova aos clientes, ajudam a atrair mais visualiza\u00e7\u00f5es e a m\u00e1xima exposi\u00e7\u00e3o dos displays<\/p>","protected":false},"featured_media":10520,"comment_status":"closed","ping_status":"closed","template":"","meta":{"_seopress_robots_primary_cat":"none","_seopress_titles_title":"Sweet Display Counter Manufacturer %%sep%%Wholesale Price","_seopress_titles_desc":"Chhose Acenox As your Supplier of Sweet Display counter, We are the manufacturer for large distributors in India and South Asia,etc. Very Competitive Price Durable Quality","_seopress_robots_index":""},"product_cat":[59],"product_tag":[],"_links":{"self":[{"href":"https:\/\/acenoxkitchenequipment.com\/pt\/wp-json\/wp\/v2\/product\/8588"}],"collection":[{"href":"https:\/\/acenoxkitchenequipment.com\/pt\/wp-json\/wp\/v2\/product"}],"about":[{"href":"https:\/\/acenoxkitchenequipment.com\/pt\/wp-json\/wp\/v2\/types\/product"}],"replies":[{"embeddable":true,"href":"https:\/\/acenoxkitchenequipment.com\/pt\/wp-json\/wp\/v2\/comments?post=8588"}],"version-history":[{"count":0,"href":"https:\/\/acenoxkitchenequipment.com\/pt\/wp-json\/wp\/v2\/product\/8588\/revisions"}],"wp:featuredmedia":[{"embeddable":true,"href":"https:\/\/acenoxkitchenequipment.com\/pt\/wp-json\/wp\/v2\/media\/10520"}],"wp:attachment":[{"href":"https:\/\/acenoxkitchenequipment.com\/pt\/wp-json\/wp\/v2\/media?parent=8588"}],"wp:term":[{"taxonomy":"product_cat","embeddable":true,"href":"https:\/\/acenoxkitchenequipment.com\/pt\/wp-json\/wp\/v2\/product_cat?post=8588"},{"taxonomy":"product_tag","embeddable":true,"href":"https:\/\/acenoxkitchenequipment.com\/pt\/wp-json\/wp\/v2\/product_tag?post=8588"}],"curies":[{"name":"wp","href":"https:\/\/api.w.org\/{rel}","templated":true}]}}