{"id":8567,"date":"2023-10-24T21:45:09","date_gmt":"2023-10-24T13:45:09","guid":{"rendered":"https:\/\/acenoxkitchenequipment.com\/?post_type=product&#038;p=8567"},"modified":"2024-07-14T16:01:40","modified_gmt":"2024-07-14T08:01:40","slug":"bakery-display-counter","status":"publish","type":"product","link":"https:\/\/acenoxkitchenequipment.com\/pt\/produto\/bakery-display-counter\/","title":{"rendered":"Balc\u00e3o de exposi\u00e7\u00e3o de padaria"},"content":{"rendered":"<h3><strong>Caracter\u00edsticas dos balc\u00f5es de exibi\u00e7\u00e3o de padaria:<\/strong><\/h3>\n<p>Como fabricante profissional de balc\u00f5es de padaria, fizemos um design simples deste modelo.<\/p>\n<p>\u00c9 um balc\u00e3o de padaria para apresentar pastelaria em diversos estabelecimentos.<\/p>\n<p>Este balc\u00e3o de padaria tem laterais pretas feitas de vidro temperado, fica lindo e uniforme visto de lado.<\/p>\n<ul>\n<li>Dimens\u00f5es dos balc\u00f5es de exposi\u00e7\u00e3o da padaria<\/li>\n<li>Normalmente, as profundidades do balc\u00e3o de exposi\u00e7\u00e3o da padaria variam de 600 mm a 750 mm e comprimentos de 900 mm a 2.200 mm.<\/li>\n<li>O por\u00e3o do balc\u00e3o da padaria \u00e9 feito em molde, espumado por m\u00e1quina autom\u00e1tica.<\/li>\n<li>A vantagem deste balc\u00e3o expositor \u00e9 a boa veda\u00e7\u00e3o, que pode manter uma temperatura interna baixa e evitar a fuga de ar frio, conseguindo assim um excelente efeito de economia de energia.<\/li>\n<li>Os pre\u00e7os dos expositores de padaria variam muito, principalmente devido \u00e0s diferen\u00e7as nos materiais utilizados e nos componentes el\u00e9tricos. Por exemplo, factores como a espessura do material, a capacidade de refrigera\u00e7\u00e3o e a marca do sistema de refrigera\u00e7\u00e3o desempenham um papel significativo na determina\u00e7\u00e3o do pre\u00e7o.<\/li>\n<li>Este balc\u00e3o de padaria que fabricamos tem como foco a economia de energia ao longo dos anos.<\/li>\n<\/ul>\n<h3>Especifica\u00e7\u00f5es do balc\u00e3o de exibi\u00e7\u00e3o de padaria:<\/h3>\n<p><img fetchpriority=\"high\" decoding=\"async\" class=\"alignnone size-full wp-image-9130\" src=\"https:\/\/acenoxkitchenequipment.com\/wp-content\/uploads\/2023\/10\/specifications-of-bakery-display-counter.png\" alt=\"bakery display counter\" width=\"815\" height=\"279\" srcset=\"https:\/\/acenoxkitchenequipment.com\/wp-content\/uploads\/2023\/10\/specifications-of-bakery-display-counter.png 815w, https:\/\/acenoxkitchenequipment.com\/wp-content\/uploads\/2023\/10\/specifications-of-bakery-display-counter-300x103.png 300w, https:\/\/acenoxkitchenequipment.com\/wp-content\/uploads\/2023\/10\/specifications-of-bakery-display-counter-768x263.png 768w, https:\/\/acenoxkitchenequipment.com\/wp-content\/uploads\/2023\/10\/specifications-of-bakery-display-counter-600x205.png 600w\" sizes=\"(max-width: 815px) 100vw, 815px\" \/><\/p>\n<h3>Fotos do balc\u00e3o de exibi\u00e7\u00e3o da padaria:<\/h3>\n<p><img decoding=\"async\" class=\"alignnone  wp-image-4720\" src=\"https:\/\/acenoxkitchenequipment.com\/wp-content\/uploads\/2022\/04\/Commercial-Bakery-Cabinet-1024x768.jpg\" alt=\"refrigerated cake display right angel\" width=\"611\" height=\"458\" srcset=\"https:\/\/acenoxkitchenequipment.com\/wp-content\/uploads\/2022\/04\/Commercial-Bakery-Cabinet-1024x768.jpg 1024w, https:\/\/acenoxkitchenequipment.com\/wp-content\/uploads\/2022\/04\/Commercial-Bakery-Cabinet-300x225.jpg 300w, https:\/\/acenoxkitchenequipment.com\/wp-content\/uploads\/2022\/04\/Commercial-Bakery-Cabinet-768x576.jpg 768w, https:\/\/acenoxkitchenequipment.com\/wp-content\/uploads\/2022\/04\/Commercial-Bakery-Cabinet-1536x1152.jpg 1536w, https:\/\/acenoxkitchenequipment.com\/wp-content\/uploads\/2022\/04\/Commercial-Bakery-Cabinet-600x450.jpg 600w, https:\/\/acenoxkitchenequipment.com\/wp-content\/uploads\/2022\/04\/Commercial-Bakery-Cabinet.jpg 2000w\" sizes=\"(max-width: 611px) 100vw, 611px\" \/><\/p>\n<p><img decoding=\"async\" class=\"alignnone wp-image-6569\" src=\"https:\/\/acenoxkitchenequipment.com\/wp-content\/uploads\/2023\/05\/cake-display-refrigerator03-e1692243841962-300x200.jpg\" alt=\"cake display refrigerator03\" width=\"608\" height=\"406\" srcset=\"https:\/\/acenoxkitchenequipment.com\/wp-content\/uploads\/2023\/05\/cake-display-refrigerator03-e1692243841962-300x200.jpg 300w, https:\/\/acenoxkitchenequipment.com\/wp-content\/uploads\/2023\/05\/cake-display-refrigerator03-e1692243841962-768x512.jpg 768w, https:\/\/acenoxkitchenequipment.com\/wp-content\/uploads\/2023\/05\/cake-display-refrigerator03-e1692243841962-600x400.jpg 600w, https:\/\/acenoxkitchenequipment.com\/wp-content\/uploads\/2023\/05\/cake-display-refrigerator03-e1692243841962.jpg 800w\" sizes=\"(max-width: 608px) 100vw, 608px\" \/><\/p>\n<p>&nbsp;<\/p>\n<p>&nbsp;<\/p>","protected":false},"excerpt":{"rendered":"<p>Este balc\u00e3o de exposi\u00e7\u00e3o de padaria \u00e9 o equipamento de padaria essencial necess\u00e1rio \u00e0s padarias. Possui laterais pretas feitas de vidro temperado, fica lindo e uniforme visto de lado. Configura\u00e7\u00e3o dur\u00e1vel, alto volume de exibi\u00e7\u00e3o, temperatura constante 2\u2103~8\u2103<\/p>","protected":false},"featured_media":8568,"comment_status":"closed","ping_status":"closed","template":"","meta":{"_seopress_robots_primary_cat":"none","_seopress_titles_title":"Bakery Display Counter Manufacturer %%sep%%Affordable Price","_seopress_titles_desc":"Bakery display counter price and specifications: made of premium Stainless Steel, black color, tempered glasses, three shelves, competitive price from manufacturer","_seopress_robots_index":""},"product_cat":[59],"product_tag":[235],"_links":{"self":[{"href":"https:\/\/acenoxkitchenequipment.com\/pt\/wp-json\/wp\/v2\/product\/8567"}],"collection":[{"href":"https:\/\/acenoxkitchenequipment.com\/pt\/wp-json\/wp\/v2\/product"}],"about":[{"href":"https:\/\/acenoxkitchenequipment.com\/pt\/wp-json\/wp\/v2\/types\/product"}],"replies":[{"embeddable":true,"href":"https:\/\/acenoxkitchenequipment.com\/pt\/wp-json\/wp\/v2\/comments?post=8567"}],"version-history":[{"count":0,"href":"https:\/\/acenoxkitchenequipment.com\/pt\/wp-json\/wp\/v2\/product\/8567\/revisions"}],"wp:featuredmedia":[{"embeddable":true,"href":"https:\/\/acenoxkitchenequipment.com\/pt\/wp-json\/wp\/v2\/media\/8568"}],"wp:attachment":[{"href":"https:\/\/acenoxkitchenequipment.com\/pt\/wp-json\/wp\/v2\/media?parent=8567"}],"wp:term":[{"taxonomy":"product_cat","embeddable":true,"href":"https:\/\/acenoxkitchenequipment.com\/pt\/wp-json\/wp\/v2\/product_cat?post=8567"},{"taxonomy":"product_tag","embeddable":true,"href":"https:\/\/acenoxkitchenequipment.com\/pt\/wp-json\/wp\/v2\/product_tag?post=8567"}],"curies":[{"name":"wp","href":"https:\/\/api.w.org\/{rel}","templated":true}]}}