{"id":8463,"date":"2023-10-08T14:38:20","date_gmt":"2023-10-08T06:38:20","guid":{"rendered":"https:\/\/acenoxkitchenequipment.com\/?post_type=product&#038;p=8463"},"modified":"2023-10-08T15:20:56","modified_gmt":"2023-10-08T07:20:56","slug":"countertop-ice-cream-freezer","status":"publish","type":"product","link":"https:\/\/acenoxkitchenequipment.com\/pt\/produto\/countertop-ice-cream-freezer\/","title":{"rendered":"Congelador de sorvete de bancada"},"content":{"rendered":"<h2>Congelador de sorvete de bancada<\/h2>\n<p>O freezer de bancada para sorvete vem em um tamanho compacto e com menor custo do que um grande freezer comercial para sorvete.<\/p>\n<p>\u00c9 ideal para pequenas empresas e pode ser port\u00e1til para ser utilizado em alguns eventos para impulsionar o seu neg\u00f3cio.<\/p>\n<p>M\u00faltiplas aplica\u00e7\u00f5es como iogurte congelado, picol\u00e9 de gelo, gelato ou alguma sobremesa com chocolate.<\/p>\n<p>\u00c9 facilmente acess\u00edvel para atender muitos clientes<\/p>\n<p><strong>Caracter\u00edsticas:<\/strong><\/p>\n<p>\u25a0<strong> Tamanho:<\/strong> 670 mm (C) \u00d7 750 mm (P) \u00d7 360 mm (A)<\/p>\n<p>\u25a0<strong> Copos:<\/strong> Portas de vidro suspensas, fio de aquecimento el\u00e9trico, sem emba\u00e7amento<\/p>\n<p>\u25a0<strong> Boa propriedade de isolamento: <\/strong>espuma de ciclopentano, ecol\u00f3gica.<\/p>\n<p>\u25a0<strong> Refrigera\u00e7\u00e3o:<\/strong> Est\u00e1tico, refrigerante R290, condensado completamente cuperoso e evaporador.<\/p>\n<p>\u25a0<strong>Temperatura:<\/strong> -22\u2103 ~ -16\u2103<\/p>\n<p>\u25a0<strong> Descongelamento Autom\u00e1tico: <\/strong>Descongelamento de ciclo reverso<\/p>\n<p>\u25a0 <strong>Panelas:<\/strong> vem com 3 unidades de panelas GN 1\/3 ou caixas de acr\u00edlico para escolha<\/p>\n<p>\u25a0 <strong>Luzes LED:<\/strong> Tiras de luz LED de boa qualidade para iluminar o Gelato de forma excelente<\/p>\n<p>Aceitamos design de imagem de apar\u00eancia personalizada<\/p>\n<figure id=\"attachment_8465\" aria-describedby=\"caption-attachment-8465\" style=\"width: 638px\" class=\"wp-caption alignnone\"><img fetchpriority=\"high\" decoding=\"async\" class=\"wp-image-8465\" src=\"https:\/\/acenoxkitchenequipment.com\/wp-content\/uploads\/2023\/10\/countertop-ice-cream-freezer-for-sale.jpg\" alt=\"countertop ice cream freezer\" width=\"638\" height=\"478\" srcset=\"https:\/\/acenoxkitchenequipment.com\/wp-content\/uploads\/2023\/10\/countertop-ice-cream-freezer-for-sale.jpg 900w, https:\/\/acenoxkitchenequipment.com\/wp-content\/uploads\/2023\/10\/countertop-ice-cream-freezer-for-sale-300x225.jpg 300w, https:\/\/acenoxkitchenequipment.com\/wp-content\/uploads\/2023\/10\/countertop-ice-cream-freezer-for-sale-768x576.jpg 768w, https:\/\/acenoxkitchenequipment.com\/wp-content\/uploads\/2023\/10\/countertop-ice-cream-freezer-for-sale-600x450.jpg 600w\" sizes=\"(max-width: 638px) 100vw, 638px\" \/><figcaption id=\"caption-attachment-8465\" class=\"wp-caption-text\">Vendo freezer de sorvete de bancada<\/figcaption><\/figure>\n<p>&nbsp;<\/p>\n<p>&nbsp;<\/p>\n<p>&nbsp;<\/p>","protected":false},"excerpt":{"rendered":"<p>Tamanho: 670 mm (C) \u00d7 750 mm (P) \u00d7 360 mm (A); O expositor de sorvetes \u00e9 composto por diversas partes, como vidros, isolamento, sistema de refrigera\u00e7\u00e3o, controlador de temperatura, luzes, etc. Quantidade m\u00ednima: 2 unidades; pre\u00e7o de atacado: 550usd ~ 650USD, fale conosco por um pre\u00e7o favor\u00e1vel!<\/p>","protected":false},"featured_media":8464,"comment_status":"open","ping_status":"closed","template":"","meta":{"_seopress_robots_primary_cat":"none","_seopress_titles_title":"Countertop Ice Cream Freezer%%sep%%ice cream freezer","_seopress_titles_desc":"Countertop ice cream freezer comes in a compact size with less cost than a large commercial stand ice cream freezer.temperature: -22\u2103 ~ -16\u2103","_seopress_robots_index":""},"product_cat":[142],"product_tag":[233],"_links":{"self":[{"href":"https:\/\/acenoxkitchenequipment.com\/pt\/wp-json\/wp\/v2\/product\/8463"}],"collection":[{"href":"https:\/\/acenoxkitchenequipment.com\/pt\/wp-json\/wp\/v2\/product"}],"about":[{"href":"https:\/\/acenoxkitchenequipment.com\/pt\/wp-json\/wp\/v2\/types\/product"}],"replies":[{"embeddable":true,"href":"https:\/\/acenoxkitchenequipment.com\/pt\/wp-json\/wp\/v2\/comments?post=8463"}],"version-history":[{"count":0,"href":"https:\/\/acenoxkitchenequipment.com\/pt\/wp-json\/wp\/v2\/product\/8463\/revisions"}],"wp:featuredmedia":[{"embeddable":true,"href":"https:\/\/acenoxkitchenequipment.com\/pt\/wp-json\/wp\/v2\/media\/8464"}],"wp:attachment":[{"href":"https:\/\/acenoxkitchenequipment.com\/pt\/wp-json\/wp\/v2\/media?parent=8463"}],"wp:term":[{"taxonomy":"product_cat","embeddable":true,"href":"https:\/\/acenoxkitchenequipment.com\/pt\/wp-json\/wp\/v2\/product_cat?post=8463"},{"taxonomy":"product_tag","embeddable":true,"href":"https:\/\/acenoxkitchenequipment.com\/pt\/wp-json\/wp\/v2\/product_tag?post=8463"}],"curies":[{"name":"wp","href":"https:\/\/api.w.org\/{rel}","templated":true}]}}